{"id":95435,"date":"2023-09-22T11:22:55","date_gmt":"2023-09-22T09:22:55","guid":{"rendered":"https:\/\/univet.hu\/?page_id=95435"},"modified":"2026-02-10T03:54:37","modified_gmt":"2026-02-10T02:54:37","slug":"arany-zita","status":"publish","type":"page","link":"https:\/\/univet.hu\/hu\/egyetem\/munkatarsak\/arany-zita\/","title":{"rendered":"Arany Zita"},"content":{"rendered":"<p>Tanulm\u00e1nyi \u00fcgyint\u00e9z\u0151<\/p> <p>Angol 1. \u00e9s 2. \u00e9vfolyam, valamint 1. \u00e9s 2. \u00e9v ut\u00e1ni inakt\u00edv hallgat\u00f3k<\/p>","protected":false},"excerpt":{"rendered":"<p>Tanulm\u00e1nyi \u00fcgyint\u00e9z\u0151 Angol 1. \u00e9s 2. \u00e9vfolyam, valamint 1. \u00e9s 2. \u00e9v ut\u00e1ni inakt\u00edv hallgat\u00f3k<\/p>\n","protected":false},"author":5824,"featured_media":0,"parent":858,"menu_order":0,"comment_status":"open","ping_status":"open","template":"","meta":{"_acf_changed":false,"footnotes":""},"categories":[],"tags":[],"class_list":["post-95435","page","type-page","status-publish","hentry"],"acf":[],"_links":{"self":[{"href":"https:\/\/univet.hu\/hu\/wp-json\/wp\/v2\/pages\/95435","targetHints":{"allow":["GET"]}}],"collection":[{"href":"https:\/\/univet.hu\/hu\/wp-json\/wp\/v2\/pages"}],"about":[{"href":"https:\/\/univet.hu\/hu\/wp-json\/wp\/v2\/types\/page"}],"author":[{"embeddable":true,"href":"https:\/\/univet.hu\/hu\/wp-json\/wp\/v2\/users\/5824"}],"replies":[{"embeddable":true,"href":"https:\/\/univet.hu\/hu\/wp-json\/wp\/v2\/comments?post=95435"}],"version-history":[{"count":5,"href":"https:\/\/univet.hu\/hu\/wp-json\/wp\/v2\/pages\/95435\/revisions"}],"predecessor-version":[{"id":197495,"href":"https:\/\/univet.hu\/hu\/wp-json\/wp\/v2\/pages\/95435\/revisions\/197495"}],"up":[{"embeddable":true,"href":"https:\/\/univet.hu\/hu\/wp-json\/wp\/v2\/pages\/858"}],"wp:attachment":[{"href":"https:\/\/univet.hu\/hu\/wp-json\/wp\/v2\/media?parent=95435"}],"wp:term":[{"taxonomy":"category","embeddable":true,"href":"https:\/\/univet.hu\/hu\/wp-json\/wp\/v2\/categories?post=95435"},{"taxonomy":"post_tag","embeddable":true,"href":"https:\/\/univet.hu\/hu\/wp-json\/wp\/v2\/tags?post=95435"}],"curies":[{"name":"wp","href":"https:\/\/api.w.org\/{rel}","templated":true}]}}