{"id":956,"date":"2017-06-27T15:58:00","date_gmt":"2017-06-27T13:58:00","guid":{"rendered":"http:\/\/univet.hu\/egyetem\/kutatas\/kutatocsoportok\/takarmanyozastani-kutatocsoport\/"},"modified":"2018-02-22T09:45:17","modified_gmt":"2018-02-22T08:45:17","slug":"takarmanyozastani-kutatocsoport","status":"publish","type":"page","link":"https:\/\/univet.hu\/hu\/kutatas\/kutatocsoportok\/takarmanyozastani-kutatocsoport\/","title":{"rendered":"Takarm\u00e1nyoz\u00e1stani Kutat\u00f3csoport"},"content":{"rendered":"<p><strong>KUTAT&Oacute;CSOPORT-VEZET\u0150:<\/strong>&nbsp;Dr. Hull&aacute;r Istv&aacute;n egyetemi docens<\/p> <p><strong>EL&Eacute;RHET\u0150S&Eacute;G:<\/strong>&nbsp;<a class=\"decrypt\" rel=\"ivmmbs\/jtuwboAvojwfu\/iv\" href=\"javascript:void(0);\">[Kattintson az emailc\u00edmhez]<\/a><\/p> <p><strong>A KUTAT&Oacute;CSOPORT TAGJAI:<\/strong><br \/>  Professor emeritus: Dr. Szab&oacute; J&oacute;zsef<br \/>  Egyetemi docens: Dr. Hull&aacute;r Istv&aacute;n, Dr. Korbacska-Kutasi Orsolya<\/p> <p>Tudom&aacute;nyos f\u0151munkat&aacute;rs: Dr. Cenkv&aacute;ri &Eacute;va<\/p> <p>Egyetemi adjunktus: Dr. Bers&eacute;nyi Andr&aacute;s<\/p> <p>PhD-hallgat&oacute;: Dr. Het&eacute;nyi Nikoletta tansz&eacute;ki &aacute;llatorvos, Dr. Jo&oacute; Kinga &aacute;llatorvos, Dr. Boh&aacute;k Zs&oacute;fia &aacute;llatorvos<\/p> <p>Tansz&eacute;ki m&eacute;rn&ouml;k: Andr&aacute;sofszky Emese okl. vegy&eacute;szm&eacute;rn&ouml;k, Krizs&aacute;n Judit mez\u0151gazdas&aacute;gi m&eacute;rn&ouml;k (BSc), &eacute;lelmiszer-anal&iacute;tikai technikus<\/p> <p>Technikus: Lozs&aacute;din&eacute; Szira &Eacute;va &eacute;lelmiszer-anal&iacute;tikai technikus<\/p> <p>&nbsp;<\/p> <p><strong>KUTAT&Aacute;SI TER&Uuml;LETEK<\/strong><\/p> <p>Term&eacute;szetes eredet\u0171 takarm&aacute;ny-kieg&eacute;sz&iacute;t\u0151k, n&ouml;v&eacute;nyi kivonatok hat&aacute;s&aacute;nak vizsg&aacute;lata a baromfi termel&eacute;si param&eacute;tereire &eacute;s immunv&aacute;lasz-k&eacute;szs&eacute;g&eacute;re, valamint a sport- &eacute;s versenylovak teljes&iacute;tm&eacute;ny&eacute;re.<\/p> <p>Lovak legel\u0151i sav&oacute;s patairha-gyullad&aacute;s&aacute;nak vizsg&aacute;lata. Egy&eacute;b legel\u0151i m&eacute;rgez&eacute;sek lovakban.<\/p> <p>Sport- &eacute;s versenylovak teljes&iacute;tm&eacute;nyvizsg&aacute;lata, teljes&iacute;tm&eacute;nycs&ouml;kken&eacute;s okainak felt&aacute;r&aacute;sa.<\/p> <p>A ny&uacute;l, mint modell&aacute;llat lehets&eacute;ges felhaszn&aacute;l&aacute;sa l&oacute;-em&eacute;szt&eacute;s&eacute;lettani &eacute;s k&uuml;l&ouml;nb&ouml;z\u0151 takarm&aacute;nyoz&aacute;stani vizsg&aacute;latokban.<\/p> <p>Kutya- &eacute;s macskat&aacute;pok pr&oacute;baetet&eacute;se, vizsg&aacute;lata preferenciateszttel, a t&aacute;pl&aacute;l&oacute;anyagok em&eacute;szthet\u0151s&eacute;g&eacute;nek meghat&aacute;roz&aacute;sa.<\/p> <p>H&uuml;ll\u0151k metabolikus csontbetegs&eacute;g&eacute;nek megel\u0151z&eacute;se. Sz&aacute;razf&ouml;ldi tekn\u0151s&ouml;k em&eacute;szt&eacute;s-&eacute;lettani vizsg&aacute;latai. H&uuml;ll\u0151k sz&aacute;m&aacute;ra gy&aacute;rtott vitamin- &eacute;s &aacute;sv&aacute;nyianyag-kieg&eacute;sz&iacute;t\u0151k, pellet&aacute;lt t&aacute;pok &eacute;rt&eacute;kel&eacute;se. &Iacute;zeltl&aacute;b&uacute; eles&eacute;g&aacute;llatok beltartalmi &eacute;rt&eacute;keinek meghat&aacute;roz&aacute;sa &eacute;s m&oacute;dos&iacute;t&aacute;sa k&uuml;l&ouml;nb&ouml;z\u0151 takarm&aacute;nyokkal.<\/p> <p>A fulvosav &eacute;s a huminsav biol&oacute;giai hat&aacute;sainak vizsg&aacute;lata laborat&oacute;riumi patk&aacute;nyokkal.<\/p> <p>K&uuml;l&ouml;nb&ouml;z\u0151 monoszaharidok termel&eacute;si param&eacute;terekre, zs&iacute;ranyagcser&eacute;re &eacute;s az immunv&aacute;lasz-k&eacute;szs&eacute;gre kifejtett hat&aacute;sainak tanulm&aacute;nyoz&aacute;sa laborat&oacute;riumi patk&aacute;nyokkal.<\/p> <p>&nbsp;<\/p> <p><strong>SZAKMAI SZERVEZETI TAGS&Aacute;G<\/strong><br \/>  Magyar &Eacute;lelmiszer-tudom&aacute;nyi &eacute;s Technol&oacute;giai Egyes&uuml;let,<\/p> <p>World Rabbit Science Association, Magyar Tagozat,<\/p> <p>MTA Mikroelem Munkabizotts&aacute;g,<\/p> <p>Magyar L&oacute;gy&oacute;gy&aacute;sz &Aacute;llatorvosok Egyes&uuml;lete,<\/p> <p>Magyar Labor&aacute;llat-tudom&aacute;nyi Egyes&uuml;let,<\/p> <p>Magyar &Aacute;llatv&eacute;delmi &eacute;s &Aacute;llatj&oacute;ll&eacute;ti T&aacute;rsas&aacute;g<\/p> <p>Society of Nutrition Physiology, G&ouml;ttingen (N&eacute;metorsz&aacute;g),<\/p> <p>Federation of European Equine Veterinary Associations,<\/p> <p>College of Equine Internal Medicine,<\/p> <p>European Society of Veterinary and Comparative Nutrition.<\/p> <p>&nbsp;<\/p> <p>&nbsp;<\/p> <p>&nbsp;<\/p> <p>&nbsp;<\/p> <p><strong>HOSSZ&Uacute; T&Aacute;V&Uacute; EGY&Uuml;TTM\u0170K&Ouml;D&Eacute;SEK<\/strong><\/p> <p style=\"margin-left:9.0pt\">N&Eacute;BIH &Eacute;lelmiszerbiztons&aacute;gi Kock&aacute;zat&eacute;rt&eacute;kel&eacute;si Igazgat&oacute;s&aacute;g,<\/p> <p style=\"margin-left:9.0pt\">Kaposv&aacute;ri Egyetem, Agr&aacute;r- &eacute;s K&ouml;rnyezettudom&aacute;nyi Kar,<\/p> <p style=\"margin-left:9.0pt\">N&Eacute;BIH &Eacute;lelmiszer- &eacute;s Takarm&aacute;nybiztons&aacute;gi Igazgat&oacute;s&aacute;g,<\/p> <p style=\"margin-left:9.0pt\">N&Eacute;BIH, &Aacute;llateg&eacute;szs&eacute;g&uuml;gyi Diagnosztikai Igazgat&oacute;s&aacute;g,<\/p> <p style=\"margin-left:9.0pt\">NAIK &Aacute;llatteny&eacute;szt&eacute;si, Takarm&aacute;nyoz&aacute;si &eacute;s H&uacute;sipari Kutat&oacute;int&eacute;zet,<\/p> <p style=\"margin-left:9.0pt\">&Aacute;T Kft.,<\/p> <p style=\"margin-left:9.0pt\">Europharmavet Kft.,<\/p> <p>Phytobiotics Futterzusatzstoffe GmbH, N&eacute;metorsz&aacute;g,<\/p> <p>B&eacute;csi &Aacute;llatorvostudom&aacute;nyi Egyetem.<\/p> <p>  <strong>IG&Eacute;NYELHET\u0150 SZOLG&Aacute;LTAT&Aacute;SOK:<\/strong><\/p> <p style=\"margin-left:9.0pt\">Takarm&aacute;nyanalitika<\/p> <p style=\"margin-left:9.0pt\">Em&eacute;szt&eacute;s-&eacute;lettani &eacute;s takarm&aacute;ny-v&aacute;logat&aacute;si tesztek k&uuml;l&ouml;nb&ouml;z\u0151 &aacute;llatfajokon<\/p> <p>Baromfi-hizlal&aacute;si &eacute;s toj&aacute;stermel&eacute;si modellk&iacute;s&eacute;rletek<\/p> <p>Takarm&aacute;ny-kieg&eacute;sz&iacute;t\u0151k antibakteri&aacute;lis hat&aacute;s&aacute;nak vizsg&aacute;lata<\/p> <p style=\"margin-left:9.0pt\">Dietetikai szaktan&aacute;csad&aacute;s<\/p> <p style=\"margin-left:9.0pt\">Takarm&aacute;nyoz&aacute;si eredet\u0171 betegs&eacute;gek felder&iacute;t&eacute;se<\/p> <p style=\"margin-left:9.0pt\">Lovak teljes&iacute;tm&eacute;nyvizsg&aacute;lata &eacute;s teljes&iacute;tm&eacute;nycs&ouml;kken&eacute;s&eacute;nek kivizsg&aacute;l&aacute;sa<\/p> <p>&nbsp;<\/p> <table border=\"0\" cellpadding=\"0\" cellspacing=\"0\" style=\"width:602px\"> <tbody> <tr> <td> <p>&nbsp;<\/p> <\/td> <td> <p><strong>P&Aacute;LY&Aacute;ZATOK:<\/strong><\/p> <\/td> <td> <p>&nbsp;<\/p> <\/td> <td> <p>&nbsp;<\/p> <\/td> <\/tr> <tr> <td colspan=\"2\" style=\"height:63px; width:128px\"> <p><strong>T&aacute;mogat&oacute; szervezet \/forr&aacute;s megnevez&eacute;se<\/strong><\/p> <\/td> <td style=\"height:63px; width:346px\"> <p><strong>P&aacute;ly&aacute;zati projekt c&iacute;me &eacute;s t&eacute;m&aacute;ja <\/strong><\/p> <\/td> <td style=\"height:63px; width:128px\"> <p><strong>T&aacute;mogat&aacute;s &ouml;sszege (Ft-ban)<\/strong><\/p> <\/td> <\/tr> <tr> <td colspan=\"2\" style=\"height:63px; width:128px\"> <p>EMMI Kutat&oacute;kar<\/p> <p>&Uacute;j kutat&aacute;si t&eacute;ma<\/p> <\/td> <td style=\"height:63px; width:346px\"> <p><em>A mesters&eacute;ges UV-B-sug&aacute;rz&aacute;s &eacute;s sz&aacute;jon &aacute;t adagolt D3-vitamin hat&aacute;sa g&ouml;r&ouml;g tekn\u0151s&ouml;k &eacute;s szak&aacute;llas ag&aacute;m&aacute;k D-vitamin-ell&aacute;t&aacute;s&aacute;ra &eacute;s fontosabb v&eacute;rparam&eacute;tereire (2014)<\/em><\/p> <\/td> <td style=\"height:63px; width:128px\"> <p>&nbsp;<\/p> <p>&nbsp;<\/p> <p>1.900.000<\/p> <\/td> <\/tr> <tr> <td colspan=\"2\" style=\"height:63px; width:128px\"> <p>NKB 2014<\/p> <\/td> <td style=\"height:63px; width:346px\"> <p>K&uuml;l&ouml;nb&ouml;z\u0151 t&aacute;pl&aacute;l&eacute;kforr&aacute;sok hat&aacute;sa a h&uuml;ll\u0151knek sz&aacute;nt eles&eacute;g-&aacute;llatok test&ouml;sszet&eacute;tel&eacute;re<\/p> <\/td> <td style=\"height:63px; width:128px\"> <p>325.000<\/p> <\/td> <\/tr> <tr> <td colspan=\"2\" style=\"height:42px; width:128px\"> <p>NKB 2013<\/p> <\/td> <td style=\"height:42px; width:346px\"> <p>N&ouml;v&eacute;nyi eredet\u0171 h&uuml;ll\u0151eles&eacute;gek t&aacute;pl&aacute;l&oacute;anyag-tartalm&aacute;nak vizsg&aacute;lata. H&uuml;ll\u0151k sz&aacute;m&aacute;ra gy&aacute;rtott UV-l&aacute;mp&aacute;k vizsg&aacute;lata.<\/p> <\/td> <td style=\"height:42px; width:128px\"> <p>208.000<\/p> <\/td> <\/tr> <tr> <td colspan=\"2\" style=\"height:42px; width:128px\"> <p>NKB 2012<\/p> <\/td> <td style=\"height:42px; width:346px\"> <p>Em&eacute;szt&eacute;s-&eacute;lettani vizsg&aacute;latok &eacute;s a kereskedelmi forgalomban kaphat&oacute; h&uuml;ll\u0151eles&eacute;gek beltartalmi &eacute;rt&eacute;kei.<\/p> <\/td> <td style=\"height:42px; width:128px\"> <p>270.000<\/p> <\/td> <\/tr> <tr> <td colspan=\"2\" style=\"height:42px; width:128px\"> <p>NKB 2011<\/p> <\/td> <td style=\"height:42px; width:346px\"> <p>G&ouml;r&ouml;g tekn\u0151s&ouml;k <em>(Testudo hermanni)<\/em> fontosabb v&eacute;rparam&eacute;terei. K&uuml;l&ouml;nb&ouml;z\u0151 t&aacute;pl&aacute;l&eacute;k&aacute;llatok t&aacute;pl&aacute;l&oacute;- &eacute;s &aacute;sv&aacute;nyianyag-tartalma.<\/p> <\/td> <td style=\"height:42px; width:128px\"> <p>491.000<\/p> <\/td> <\/tr> <tr> <td colspan=\"2\" style=\"height:42px; width:128px\"> <p>NKB 2010<\/p> <\/td> <td style=\"height:42px; width:346px\"> <p>Szak&aacute;llas ag&aacute;m&aacute;k (Pogona vitticeps) n&ouml;veked&eacute;si &uuml;tem&eacute;nek &eacute;s v&eacute;rparam&eacute;tereinek v&aacute;ltoz&aacute;sa n&eacute;gy k&uuml;l&ouml;nb&ouml;z\u0151 takarm&aacute;ny-kieg&eacute;sz&iacute;t\u0151 alkalmaz&aacute;sakor.<\/p> <\/td> <td style=\"height:42px; width:128px\"> <p>259.000<\/p> <\/td> <\/tr> <tr> <td>&nbsp;<\/td> <td>&nbsp;<\/td> <td>&nbsp;<\/td> <td>&nbsp;<\/td> <\/tr> <\/tbody> <\/table> <p>&nbsp;<\/p> <p>&nbsp;<\/p> <p>&nbsp;<\/p> <p><strong>MEGB&Iacute;Z&Aacute;SOK:<\/strong><\/p> <p style=\"margin-left:9.0pt\">Investigation of Sangrovit and SangrovitExtra&reg;in chicken pullets and laying hens for reducing the infections of roundworms (<em>Ascaridia galli<\/em>). Megb&iacute;z&oacute;: Phytobiotics Futterzusatzstoffe GmbH, Germany, 2011.<\/p> <p style=\"margin-left:9.0pt\">The effect of Sangrovit&reg; on the tryptophane, kynurenine, kynurenic acid, and serotonin concentration of blood in dogs. Megb&iacute;z&oacute;: Phytobiotics Futterzusatzstoffe GmbH, Germany, 2012.<\/p> <p style=\"margin-left:9.0pt\">Effect of dietary Plexomin-Zn vs ZnSO4 supplementations on the bioavailability of Zn in broiler chicks. Megb&iacute;z&oacute;: Phytobiotics Futterzusatzstoffe GmbH, Germany, 2012.<\/p> <p style=\"margin-left:9.0pt\">Effect of Sangrovit<em>&reg;<\/em> and Sangrovit Extra<em>&reg;<\/em> Megb&iacute;z&oacute;: Phytobiotics Futterzusatzstoffe GmbH, Germany, 2012.<\/p> <p>Ny&uacute;lanyagcsere-k&iacute;s&eacute;rlet a Mela-Dry em&eacute;szt&eacute;si egy&uuml;tthat&oacute;kra kifejtett hat&aacute;s&aacute;nak meg&aacute;llap&iacute;t&aacute;s&aacute;ra. Megb&iacute;z&oacute;: Adexgo Kft., 2013.<\/p> <p>&nbsp;<\/p> <p>&nbsp;<\/p>","protected":false},"excerpt":{"rendered":"<p>KUTAT&Oacute;CSOPORT-VEZET\u0150:&nbsp;Dr. Hull&aacute;r Istv&aacute;n egyetemi docens EL&Eacute;RHET\u0150S&Eacute;G:&nbsp;[Kattintson az emailc\u00edmhez] A KUTAT&Oacute;CSOPORT TAGJAI: Professor emeritus: Dr. Szab&oacute; J&oacute;zsef Egyetemi docens: Dr. Hull&aacute;r Istv&aacute;n, Dr. Korbacska-Kutasi Orsolya Tudom&aacute;nyos f\u0151munkat&aacute;rs: Dr. Cenkv&aacute;ri &Eacute;va Egyetemi adjunktus: Dr. Bers&eacute;nyi Andr&aacute;s PhD-hallgat&oacute;: Dr. Het&eacute;nyi Nikoletta tansz&eacute;ki &aacute;llatorvos, Dr. Jo&oacute; Kinga &aacute;llatorvos, Dr. Boh&aacute;k Zs&oacute;fia &aacute;llatorvos Tansz&eacute;ki m&eacute;rn&ouml;k: Andr&aacute;sofszky Emese okl. vegy&eacute;szm&eacute;rn&ouml;k, Krizs&aacute;n<\/p>\n","protected":false},"author":1,"featured_media":0,"parent":870,"menu_order":228,"comment_status":"closed","ping_status":"closed","template":"","meta":{"_acf_changed":false,"footnotes":""},"categories":[],"tags":[],"class_list":["post-956","page","type-page","status-publish","hentry"],"acf":[],"_links":{"self":[{"href":"https:\/\/univet.hu\/hu\/wp-json\/wp\/v2\/pages\/956","targetHints":{"allow":["GET"]}}],"collection":[{"href":"https:\/\/univet.hu\/hu\/wp-json\/wp\/v2\/pages"}],"about":[{"href":"https:\/\/univet.hu\/hu\/wp-json\/wp\/v2\/types\/page"}],"author":[{"embeddable":true,"href":"https:\/\/univet.hu\/hu\/wp-json\/wp\/v2\/users\/1"}],"replies":[{"embeddable":true,"href":"https:\/\/univet.hu\/hu\/wp-json\/wp\/v2\/comments?post=956"}],"version-history":[{"count":0,"href":"https:\/\/univet.hu\/hu\/wp-json\/wp\/v2\/pages\/956\/revisions"}],"up":[{"embeddable":true,"href":"https:\/\/univet.hu\/hu\/wp-json\/wp\/v2\/pages\/870"}],"wp:attachment":[{"href":"https:\/\/univet.hu\/hu\/wp-json\/wp\/v2\/media?parent=956"}],"wp:term":[{"taxonomy":"category","embeddable":true,"href":"https:\/\/univet.hu\/hu\/wp-json\/wp\/v2\/categories?post=956"},{"taxonomy":"post_tag","embeddable":true,"href":"https:\/\/univet.hu\/hu\/wp-json\/wp\/v2\/tags?post=956"}],"curies":[{"name":"wp","href":"https:\/\/api.w.org\/{rel}","templated":true}]}}