{"id":958,"date":"2017-06-27T16:01:00","date_gmt":"2017-06-27T14:01:00","guid":{"rendered":"http:\/\/univet.hu\/egyetem\/kutatas\/kutatocsoportok\/virologiai-kutatocsoport\/"},"modified":"2018-02-22T09:45:20","modified_gmt":"2018-02-22T08:45:20","slug":"virologiai-kutatocsoport","status":"publish","type":"page","link":"https:\/\/univet.hu\/hu\/kutatas\/kutatocsoportok\/virologiai-kutatocsoport\/","title":{"rendered":"Virol\u00f3giai Kutat\u00f3csoport"},"content":{"rendered":"<p><strong>KUTAT&Oacute;CSOPORT-VEZET\u0150:<\/strong> Dr. Bakonyi Tam&aacute;s, egyetemi tan&aacute;r<\/p> <p><strong>EL&Eacute;RHET\u0150S&Eacute;G:<\/strong> <a class=\"decrypt\" rel=\"cblpozj\/ubnbtAvojwfu\/iv\" href=\"javascript:void(0);\">[Kattintson az emailc\u00edmhez]<\/a><\/p> <p><strong>A KUTAT&Oacute;CSOPORT TAGJAI:<\/strong><\/p> <p>Egyetemi tan&aacute;r: Dr. Bakonyi Tam&aacute;s<\/p> <p>Egyetemi adjunktus: Dr. Forg&aacute;ch Petra<\/p> <p>Tansz&eacute;ki munkat&aacute;rs: Dr. Bercic Rebeka Lucijana<\/p> <p>Asszisztens: Hofbauer Gy&ouml;ngyi, Bakonyi Gy\u0151z\u0151<\/p> <p>PhD hallgat&oacute;: Somhegyin&eacute; Barna M&oacute;nika, Dr. Szentp&aacute;li-Gavall&eacute;r Katalin, Dr. Stoll&aacute;r Katalin, Dr. Marosi Andr&aacute;s<\/p> <p>&nbsp;<\/p> <p><strong>KUTAT&Aacute;SI TER&Uuml;LETEK:<\/strong><\/p> <p>&Aacute;llat- &eacute;s k&ouml;zeg&eacute;szs&eacute;g&uuml;gyi virol&oacute;gia, j&aacute;rv&aacute;nytan, fert\u0151z\u0151 betegs&eacute;gek, arthropod-borne k&oacute;rokoz&oacute;k, zoon&oacute;zisok, molekul&aacute;ris evol&uacute;ci&oacute;, molekul&aacute;ris markerek &eacute;s azonos&iacute;t&aacute;suk, virol&oacute;giai diagnosztika, mikrobiol&oacute;giai diagnosztikai m&oacute;dszerek fejleszt&eacute;se.<\/p> <p>&nbsp;<\/p> <p><strong>SZAKMAI SZERVEZETI TAGS&Aacute;G:<\/strong><\/p> <p>Magyar Mikrobiol&oacute;gia T&aacute;rsas&aacute;g<\/p> <p>Magyar Zoonozis T&aacute;rsas&aacute;g<\/p> <p>European Society for Veterinary Virology<\/p> <p>&nbsp;<\/p> <p><strong>HOSSZ&Uacute;T&Aacute;V&Uacute; EGY&Uuml;TTM\u0170K&Ouml;D&Eacute;SEK:<\/strong><\/p> <p>Nemzeti &Eacute;lelmiszerl&aacute;nc Biztons&aacute;gi Hivatal<\/p> <p>MTA &Aacute;llatorvos-tudom&aacute;nyi Kutat&oacute;int&eacute;zet<\/p> <p>Orsz&aacute;gos Epidemiol&oacute;giai K&ouml;zpont<\/p> <p>E&ouml;tv&ouml;s Lor&aacute;nd Tudom&aacute;nyegyetem TTK<\/p> <p>B&eacute;csi &Aacute;llatorvos-tudom&aacute;nyi Egyetem (Ausztria)<\/p> <p>Maribori Egyetem (Szlov&eacute;nia)<\/p> <p>&nbsp;<\/p> <p><strong>IG&Eacute;NYELHET\u0150 SZOLG&Aacute;LTAT&Aacute;SOK:<\/strong><\/p> <p>Virol&oacute;giai diagnosztika<\/p> <p>V&iacute;rusok elleni specifikus v&eacute;dekez&eacute;si &eacute;s mentes&iacute;t&eacute;si elj&aacute;r&aacute;sok kidolgoz&aacute;sa<\/p> <p>&nbsp;<\/p> <p><strong>P&Aacute;LY&Aacute;ZATOK:<\/strong><\/p> <table border=\"0\" cellpadding=\"0\" cellspacing=\"0\" style=\"width:602px\"> <tbody> <tr> <td style=\"height:63px; width:128px\"> <p><strong>T&aacute;mogat&oacute; szervezet \/forr&aacute;s megnevez&eacute;se<\/strong><\/p> <\/td> <td style=\"height:63px; width:346px\"> <p><strong>P&aacute;ly&aacute;zati projekt c&iacute;me &eacute;s t&eacute;m&aacute;ja <\/strong><\/p> <\/td> <td style=\"height:63px; width:128px\"> <p><strong>T&aacute;mogat&aacute;s &ouml;sszege (Ft-ban)<\/strong><\/p> <\/td> <\/tr> <tr> <td style=\"height:63px; width:128px\"> <p>NKFIH K112730<\/p> <\/td> <td style=\"height:63px; width:346px\"> <p>A hepatitis E v&iacute;rus &aacute;llat-eg&eacute;szs&eacute;g&uuml;gyi &eacute;s &eacute;lelmiszer-biztons&aacute;gi jelent\u0151s&eacute;ge sert&eacute;sben &eacute;s ny&uacute;lban<\/p> <\/td> <td style=\"height:63px; width:128px\"> <p>&nbsp;18.120.000<\/p> <\/td> <\/tr> <tr> <td style=\"height:42px; width:128px\"> <p>NKFIH SNN116993<\/p> <\/td> <td style=\"height:42px; width:346px\"> <p>R&eacute;gi, magyarorsz&aacute;gi &eacute;s szlov&eacute;niai helyi feh&eacute;r eperfa (<em>Morus alba<\/em> L.) genot&iacute;pusok levelei etet&eacute;s&eacute;nek hat&aacute;sa selyemlepke (<em>Bombyx mori<\/em> L.) hibridek l&aacute;rv&aacute;inak fejl\u0151d&eacute;s&eacute;re &eacute;s eg&eacute;szs&eacute;gi &aacute;llapot&aacute;ra<\/p> <\/td> <td style=\"height:42px; width:128px\"> <p>&nbsp;24.430.000<\/p> <\/td> <\/tr> <tr> <td style=\"height:21px; width:128px\"> <p>NKFIH K120118<\/p> <\/td> <td style=\"height:21px; width:346px\"> <p>&Uacute;j diagnosztikai m&oacute;dszerek kifejleszt&eacute;se &eacute;s alkalmaz&aacute;sa a K&aacute;rp&aacute;t-medenc&eacute;ben felbukkan&oacute; vagy honos arbov&iacute;rusok kimutat&aacute;s&aacute;ra &eacute;s jellemz&eacute;s&eacute;re<\/p> <\/td> <td style=\"height:21px; width:128px\"> <p>&nbsp;46.128.000<\/p> <\/td> <\/tr> <\/tbody> <\/table> <p>&nbsp;<\/p> <p><strong>MEGB&Iacute;Z&Aacute;SOK:<\/strong><\/p> <p>&quot;Vegyi anyag rendelkezik-e kimutathat&oacute; <em>in vitro<\/em> v&iacute;rusellenes hat&aacute;ssal&rdquo; elnevez&eacute;s\u0171 kutat&aacute;s a S&oacute;-Medicina Kft. megb&iacute;z&aacute;s&aacute;b&oacute;l.<\/p> <p>&nbsp;<\/p> <p>&nbsp;<\/p> <p>&nbsp;<\/p> <p><a href=\"http:\/\/kutatocsoportok.szie.hu\/sites\/default\/files\/styles\/large\/public\/Kep31d.jpg?itok=8KaW1m1x\" rel=\"lightbox[field_image][]\" title=\"\"><img decoding=\"async\" src=\"http:\/\/kutatocsoportok.szie.hu\/sites\/default\/files\/styles\/thumbnail\/public\/Kep31d.jpg?itok=IWk-sk8o\" data-replaced=\"true\" style=\"height:72px; width:100px\" \/><\/a><\/p> <p><a href=\"http:\/\/kutatocsoportok.szie.hu\/sites\/default\/files\/styles\/large\/public\/Kep31a.jpg?itok=X7muXJdD\" rel=\"lightbox[field_image][]\" title=\"\"><img decoding=\"async\" src=\"http:\/\/kutatocsoportok.szie.hu\/sites\/default\/files\/styles\/thumbnail\/public\/Kep31a.jpg?itok=8tKwp4Lg\" data-replaced=\"true\" style=\"height:97px; width:100px\" \/><\/a><\/p> <p><a href=\"http:\/\/kutatocsoportok.szie.hu\/sites\/default\/files\/styles\/large\/public\/Kep31b.jpg?itok=FMebDELh\" rel=\"lightbox[field_image][]\" title=\"\"><img decoding=\"async\" src=\"http:\/\/kutatocsoportok.szie.hu\/sites\/default\/files\/styles\/thumbnail\/public\/Kep31b.jpg?itok=d0Ymjjg0\" data-replaced=\"true\" style=\"height:100px; width:71px\" \/><\/a><\/p> <p><a href=\"http:\/\/kutatocsoportok.szie.hu\/sites\/default\/files\/styles\/large\/public\/Kep31c.jpg?itok=mGdiNunX\" rel=\"lightbox[field_image][]\" title=\"\"><img decoding=\"async\" src=\"http:\/\/kutatocsoportok.szie.hu\/sites\/default\/files\/styles\/thumbnail\/public\/Kep31c.jpg?itok=LMZ16-i4\" data-replaced=\"true\" style=\"height:68px; width:100px\" \/><\/a><\/p>","protected":false},"excerpt":{"rendered":"<p>KUTAT&Oacute;CSOPORT-VEZET\u0150: Dr. Bakonyi Tam&aacute;s, egyetemi tan&aacute;r EL&Eacute;RHET\u0150S&Eacute;G: [Kattintson az emailc\u00edmhez] A KUTAT&Oacute;CSOPORT TAGJAI: Egyetemi tan&aacute;r: Dr. Bakonyi Tam&aacute;s Egyetemi adjunktus: Dr. Forg&aacute;ch Petra Tansz&eacute;ki munkat&aacute;rs: Dr. Bercic Rebeka Lucijana Asszisztens: Hofbauer Gy&ouml;ngyi, Bakonyi Gy\u0151z\u0151 PhD hallgat&oacute;: Somhegyin&eacute; Barna M&oacute;nika, Dr. Szentp&aacute;li-Gavall&eacute;r Katalin, Dr. Stoll&aacute;r Katalin, Dr. Marosi Andr&aacute;s &nbsp; KUTAT&Aacute;SI TER&Uuml;LETEK: &Aacute;llat- &eacute;s k&ouml;zeg&eacute;szs&eacute;g&uuml;gyi virol&oacute;gia,<\/p>\n","protected":false},"author":1,"featured_media":0,"parent":870,"menu_order":228,"comment_status":"closed","ping_status":"closed","template":"","meta":{"_acf_changed":false,"footnotes":""},"categories":[],"tags":[],"class_list":["post-958","page","type-page","status-publish","hentry"],"acf":[],"_links":{"self":[{"href":"https:\/\/univet.hu\/hu\/wp-json\/wp\/v2\/pages\/958","targetHints":{"allow":["GET"]}}],"collection":[{"href":"https:\/\/univet.hu\/hu\/wp-json\/wp\/v2\/pages"}],"about":[{"href":"https:\/\/univet.hu\/hu\/wp-json\/wp\/v2\/types\/page"}],"author":[{"embeddable":true,"href":"https:\/\/univet.hu\/hu\/wp-json\/wp\/v2\/users\/1"}],"replies":[{"embeddable":true,"href":"https:\/\/univet.hu\/hu\/wp-json\/wp\/v2\/comments?post=958"}],"version-history":[{"count":0,"href":"https:\/\/univet.hu\/hu\/wp-json\/wp\/v2\/pages\/958\/revisions"}],"up":[{"embeddable":true,"href":"https:\/\/univet.hu\/hu\/wp-json\/wp\/v2\/pages\/870"}],"wp:attachment":[{"href":"https:\/\/univet.hu\/hu\/wp-json\/wp\/v2\/media?parent=958"}],"wp:term":[{"taxonomy":"category","embeddable":true,"href":"https:\/\/univet.hu\/hu\/wp-json\/wp\/v2\/categories?post=958"},{"taxonomy":"post_tag","embeddable":true,"href":"https:\/\/univet.hu\/hu\/wp-json\/wp\/v2\/tags?post=958"}],"curies":[{"name":"wp","href":"https:\/\/api.w.org\/{rel}","templated":true}]}}