{"id":95902,"date":"2023-10-09T14:40:08","date_gmt":"2023-10-09T12:40:08","guid":{"rendered":"https:\/\/univet.hu\/hu\/alapdokumentumok\/name\/"},"modified":"2024-09-26T08:57:40","modified_gmt":"2024-09-26T06:57:40","slug":"strategia","status":"publish","type":"page","link":"https:\/\/univet.hu\/hu\/alapdokumentumok\/strategia\/","title":{"rendered":"Strat\u00e9gia"},"content":{"rendered":"<p>Az \u00c1llatorvostudom\u00e1nyi Egyetem 1787-es alap\u00edt\u00e1sa \u00f3ta t\u00f6rekszik arra, hogy az eur\u00f3pai norm\u00e1khoz igazod\u00f3, nemzeti \u00e9rt\u00e9krendet szem el\u0151tt tart\u00f3 szellemis\u00e9g\u0171 \u00e9rtelmis\u00e9get k\u00e9pezzen, amely nyitott \u00e9s fog\u00e9kony m\u00e1s diszcipl\u00edn\u00e1k, a kult\u00fara \u00e9s a t\u00e1rsadalom k\u00e9rd\u00e9sei ir\u00e1nt, azokban megfontolt, el\u0151remutat\u00f3 v\u00e9lem\u00e9ny kialak\u00edt\u00e1s\u00e1ra k\u00e9pes, \u00e9s a k\u00f6z\u00e9let k\u00e9rd\u00e9seinek megold\u00e1s\u00e1ban akt\u00edv tenni akar\u00e1s jellemzi. Int\u00e9zm\u00e9ny\u00fcnk b\u00fcszke arra, hogy mint Magyarorsz\u00e1g egyetlen \u00e1llatorvosk\u00e9pz\u0151 int\u00e9zm\u00e9nye, a k\u00f6vetkez\u0151 \u00e9vtizedek \u00e1llatorvosait k\u00e9pzi, ahol egyszerre van jelen a hagyom\u00e1nyok tisztelete \u00e9s a j\u00f6v\u0151 kih\u00edv\u00e1sainak val\u00f3 megfelel\u00e9s.<\/p> <p><a href=\"https:\/\/univet.hu\/wp-content\/uploads\/2023\/10\/portre_1.jpg\"><img loading=\"lazy\" decoding=\"async\" class=\"alignleft wp-image-95977\" src=\"https:\/\/univet.hu\/wp-content\/uploads\/2023\/10\/portre_1-275x320.jpg\" alt=\"\" width=\"250\" height=\"291\" srcset=\"https:\/\/univet.hu\/wp-content\/uploads\/2023\/10\/portre_1-275x320.jpg 275w, https:\/\/univet.hu\/wp-content\/uploads\/2023\/10\/portre_1-768x895.jpg 768w, https:\/\/univet.hu\/wp-content\/uploads\/2023\/10\/portre_1-824x960.jpg 824w, https:\/\/univet.hu\/wp-content\/uploads\/2023\/10\/portre_1.jpg 1795w\" sizes=\"auto, (max-width: 250px) 100vw, 250px\" \/><\/a>Az \u00c1llatorvostudom\u00e1nyi Egyetem a t\u00f6bb sz\u00e1z \u00e9ves hagyom\u00e1nyainak \u00e9s elk\u00f6telezett munkat\u00e1rsainak k\u00f6sz\u00f6nhet\u0151en olyan er\u0151s k\u00f6z\u00f6ss\u00e9g, amely mindig a fenntarthat\u00f3 fejl\u0151d\u00e9sre t\u00f6rekszik. Az Int\u00e9zm\u00e9ny strat\u00e9gi\u00e1ja \u2013 szem el\u0151tt tartva a k\u00fcldet\u00e9s\u00fcnket \u2013 a folyamatos meg\u00fajul\u00e1son alapszik a 2022-2028 k\u00f6z\u00f6tti id\u0151szakban is.<\/p> <p>K\u00fcldet\u00e9s\u00fcnk \u00e9s strat\u00e9gi\u00e1nk megval\u00f3s\u00edt\u00e1s\u00e1hoz az Egyetem minden polg\u00e1r\u00e1nak akt\u00edv k\u00f6zrem\u0171k\u00f6d\u00e9s\u00e9re sz\u00e1m\u00edtok. K\u00f6sz\u00f6n\u00f6m mindenkinek az eddig elv\u00e9gzett \u00e1ldozatos munk\u00e1j\u00e1t \u00e9s a k\u00f6vetkez\u0151 \u00e9vekben is sz\u00e1m\u00edtok arra az er\u0151s \u00f6sszefog\u00e1sra \u00e9s kiv\u00e1l\u00f3 szakmais\u00e1gra, ami Egyetem\u00fcnket mindig is jellemezte.<\/p> <p>&nbsp;<\/p> <p>&nbsp;<\/p> <p style=\"text-align: right;\"><strong>Dr. S\u00f3tonyi P\u00e9ter<\/strong><br \/> Rektor<\/p>","protected":false},"excerpt":{"rendered":"<p>Az \u00c1llatorvostudom\u00e1nyi Egyetem 1787-es alap\u00edt\u00e1sa \u00f3ta t\u00f6rekszik arra, hogy az eur\u00f3pai norm\u00e1khoz igazod\u00f3, nemzeti \u00e9rt\u00e9krendet szem el\u0151tt tart\u00f3 szellemis\u00e9g\u0171 \u00e9rtelmis\u00e9get k\u00e9pezzen, amely nyitott \u00e9s fog\u00e9kony m\u00e1s diszcipl\u00edn\u00e1k, a kult\u00fara \u00e9s a t\u00e1rsadalom k\u00e9rd\u00e9sei ir\u00e1nt, azokban megfontolt, el\u0151remutat\u00f3 v\u00e9lem\u00e9ny kialak\u00edt\u00e1s\u00e1ra k\u00e9pes, \u00e9s a k\u00f6z\u00e9let k\u00e9rd\u00e9seinek megold\u00e1s\u00e1ban akt\u00edv tenni akar\u00e1s jellemzi. Int\u00e9zm\u00e9ny\u00fcnk b\u00fcszke arra, hogy mint Magyarorsz\u00e1g<\/p>\n","protected":false},"author":3837,"featured_media":0,"parent":95900,"menu_order":0,"comment_status":"open","ping_status":"open","template":"","meta":{"_acf_changed":false,"footnotes":""},"categories":[],"tags":[],"class_list":["post-95902","page","type-page","status-publish","hentry"],"acf":[],"_links":{"self":[{"href":"https:\/\/univet.hu\/hu\/wp-json\/wp\/v2\/pages\/95902","targetHints":{"allow":["GET"]}}],"collection":[{"href":"https:\/\/univet.hu\/hu\/wp-json\/wp\/v2\/pages"}],"about":[{"href":"https:\/\/univet.hu\/hu\/wp-json\/wp\/v2\/types\/page"}],"author":[{"embeddable":true,"href":"https:\/\/univet.hu\/hu\/wp-json\/wp\/v2\/users\/3837"}],"replies":[{"embeddable":true,"href":"https:\/\/univet.hu\/hu\/wp-json\/wp\/v2\/comments?post=95902"}],"version-history":[{"count":0,"href":"https:\/\/univet.hu\/hu\/wp-json\/wp\/v2\/pages\/95902\/revisions"}],"up":[{"embeddable":true,"href":"https:\/\/univet.hu\/hu\/wp-json\/wp\/v2\/pages\/95900"}],"wp:attachment":[{"href":"https:\/\/univet.hu\/hu\/wp-json\/wp\/v2\/media?parent=95902"}],"wp:term":[{"taxonomy":"category","embeddable":true,"href":"https:\/\/univet.hu\/hu\/wp-json\/wp\/v2\/categories?post=95902"},{"taxonomy":"post_tag","embeddable":true,"href":"https:\/\/univet.hu\/hu\/wp-json\/wp\/v2\/tags?post=95902"}],"curies":[{"name":"wp","href":"https:\/\/api.w.org\/{rel}","templated":true}]}}