{"id":95924,"date":"2023-10-10T13:37:22","date_gmt":"2023-10-10T11:37:22","guid":{"rendered":"https:\/\/univet.hu\/hu\/alapdokumentumok\/strategia\/name\/"},"modified":"2023-10-10T19:58:14","modified_gmt":"2023-10-10T17:58:14","slug":"humaneroforras-strategia","status":"publish","type":"page","link":"https:\/\/univet.hu\/hu\/alapdokumentumok\/strategia\/humaneroforras-strategia\/","title":{"rendered":"4. Hum\u00e1ner\u0151forr\u00e1s strat\u00e9gia"},"content":{"rendered":"<p><a href=\"https:\/\/univet.hu\/wp-content\/uploads\/2023\/10\/HR-strate\u0301gia_A\u0301TE_20220912.pdf\">Hum\u00e1ner\u0151forr\u00e1s strat\u00e9gia<\/a><\/p>","protected":false},"excerpt":{"rendered":"<p>Hum\u00e1ner\u0151forr\u00e1s strat\u00e9gia<\/p>\n","protected":false},"author":3837,"featured_media":0,"parent":95902,"menu_order":0,"comment_status":"open","ping_status":"open","template":"","meta":{"_acf_changed":false,"footnotes":""},"categories":[],"tags":[],"class_list":["post-95924","page","type-page","status-publish","hentry"],"acf":[],"_links":{"self":[{"href":"https:\/\/univet.hu\/hu\/wp-json\/wp\/v2\/pages\/95924","targetHints":{"allow":["GET"]}}],"collection":[{"href":"https:\/\/univet.hu\/hu\/wp-json\/wp\/v2\/pages"}],"about":[{"href":"https:\/\/univet.hu\/hu\/wp-json\/wp\/v2\/types\/page"}],"author":[{"embeddable":true,"href":"https:\/\/univet.hu\/hu\/wp-json\/wp\/v2\/users\/3837"}],"replies":[{"embeddable":true,"href":"https:\/\/univet.hu\/hu\/wp-json\/wp\/v2\/comments?post=95924"}],"version-history":[{"count":0,"href":"https:\/\/univet.hu\/hu\/wp-json\/wp\/v2\/pages\/95924\/revisions"}],"up":[{"embeddable":true,"href":"https:\/\/univet.hu\/hu\/wp-json\/wp\/v2\/pages\/95902"}],"wp:attachment":[{"href":"https:\/\/univet.hu\/hu\/wp-json\/wp\/v2\/media?parent=95924"}],"wp:term":[{"taxonomy":"category","embeddable":true,"href":"https:\/\/univet.hu\/hu\/wp-json\/wp\/v2\/categories?post=95924"},{"taxonomy":"post_tag","embeddable":true,"href":"https:\/\/univet.hu\/hu\/wp-json\/wp\/v2\/tags?post=95924"}],"curies":[{"name":"wp","href":"https:\/\/api.w.org\/{rel}","templated":true}]}}