{"id":95927,"date":"2023-10-10T13:38:39","date_gmt":"2023-10-10T11:38:39","guid":{"rendered":"https:\/\/univet.hu\/hu\/alapdokumentumok\/strategia\/name\/"},"modified":"2023-10-10T19:59:44","modified_gmt":"2023-10-10T17:59:44","slug":"kommunikacios-strategia","status":"publish","type":"page","link":"https:\/\/univet.hu\/hu\/alapdokumentumok\/strategia\/kommunikacios-strategia\/","title":{"rendered":"5. Kommunik\u00e1ci\u00f3s strat\u00e9gia"},"content":{"rendered":"<p><a href=\"https:\/\/univet.hu\/wp-content\/uploads\/2023\/10\/Kommunika\u0301cio\u0301s-strate\u0301gia_ATE.pdf\">Kommunika\u0301cio\u0301s strate\u0301gia<\/a><\/p>","protected":false},"excerpt":{"rendered":"<p>Kommunika\u0301cio\u0301s strate\u0301gia<\/p>\n","protected":false},"author":3837,"featured_media":0,"parent":95902,"menu_order":0,"comment_status":"open","ping_status":"open","template":"","meta":{"_acf_changed":false,"footnotes":""},"categories":[],"tags":[],"class_list":["post-95927","page","type-page","status-publish","hentry"],"acf":[],"_links":{"self":[{"href":"https:\/\/univet.hu\/hu\/wp-json\/wp\/v2\/pages\/95927","targetHints":{"allow":["GET"]}}],"collection":[{"href":"https:\/\/univet.hu\/hu\/wp-json\/wp\/v2\/pages"}],"about":[{"href":"https:\/\/univet.hu\/hu\/wp-json\/wp\/v2\/types\/page"}],"author":[{"embeddable":true,"href":"https:\/\/univet.hu\/hu\/wp-json\/wp\/v2\/users\/3837"}],"replies":[{"embeddable":true,"href":"https:\/\/univet.hu\/hu\/wp-json\/wp\/v2\/comments?post=95927"}],"version-history":[{"count":0,"href":"https:\/\/univet.hu\/hu\/wp-json\/wp\/v2\/pages\/95927\/revisions"}],"up":[{"embeddable":true,"href":"https:\/\/univet.hu\/hu\/wp-json\/wp\/v2\/pages\/95902"}],"wp:attachment":[{"href":"https:\/\/univet.hu\/hu\/wp-json\/wp\/v2\/media?parent=95927"}],"wp:term":[{"taxonomy":"category","embeddable":true,"href":"https:\/\/univet.hu\/hu\/wp-json\/wp\/v2\/categories?post=95927"},{"taxonomy":"post_tag","embeddable":true,"href":"https:\/\/univet.hu\/hu\/wp-json\/wp\/v2\/tags?post=95927"}],"curies":[{"name":"wp","href":"https:\/\/api.w.org\/{rel}","templated":true}]}}