{"id":95930,"date":"2023-10-10T13:40:14","date_gmt":"2023-10-10T11:40:14","guid":{"rendered":"https:\/\/univet.hu\/hu\/alapdokumentumok\/strategia\/name\/"},"modified":"2023-10-10T20:01:30","modified_gmt":"2023-10-10T18:01:30","slug":"nemzetkozi-strategia","status":"publish","type":"page","link":"https:\/\/univet.hu\/hu\/alapdokumentumok\/strategia\/nemzetkozi-strategia\/","title":{"rendered":"6. Nemzetk\u00f6zi strat\u00e9gia"},"content":{"rendered":"<p><a href=\"https:\/\/univet.hu\/wp-content\/uploads\/2023\/10\/Nemzetkozi-strategia_A\u0301TE_2023.pdf\">Nemzetk\u00f6zi piacszerz\u00e9si \u00e9s -megtart\u00e1si strat\u00e9gia<\/a><\/p>","protected":false},"excerpt":{"rendered":"<p>Nemzetk\u00f6zi piacszerz\u00e9si \u00e9s -megtart\u00e1si strat\u00e9gia<\/p>\n","protected":false},"author":3837,"featured_media":0,"parent":95902,"menu_order":0,"comment_status":"open","ping_status":"open","template":"","meta":{"_acf_changed":false,"footnotes":""},"categories":[],"tags":[],"class_list":["post-95930","page","type-page","status-publish","hentry"],"acf":[],"_links":{"self":[{"href":"https:\/\/univet.hu\/hu\/wp-json\/wp\/v2\/pages\/95930","targetHints":{"allow":["GET"]}}],"collection":[{"href":"https:\/\/univet.hu\/hu\/wp-json\/wp\/v2\/pages"}],"about":[{"href":"https:\/\/univet.hu\/hu\/wp-json\/wp\/v2\/types\/page"}],"author":[{"embeddable":true,"href":"https:\/\/univet.hu\/hu\/wp-json\/wp\/v2\/users\/3837"}],"replies":[{"embeddable":true,"href":"https:\/\/univet.hu\/hu\/wp-json\/wp\/v2\/comments?post=95930"}],"version-history":[{"count":0,"href":"https:\/\/univet.hu\/hu\/wp-json\/wp\/v2\/pages\/95930\/revisions"}],"up":[{"embeddable":true,"href":"https:\/\/univet.hu\/hu\/wp-json\/wp\/v2\/pages\/95902"}],"wp:attachment":[{"href":"https:\/\/univet.hu\/hu\/wp-json\/wp\/v2\/media?parent=95930"}],"wp:term":[{"taxonomy":"category","embeddable":true,"href":"https:\/\/univet.hu\/hu\/wp-json\/wp\/v2\/categories?post=95930"},{"taxonomy":"post_tag","embeddable":true,"href":"https:\/\/univet.hu\/hu\/wp-json\/wp\/v2\/tags?post=95930"}],"curies":[{"name":"wp","href":"https:\/\/api.w.org\/{rel}","templated":true}]}}