{"id":95933,"date":"2023-10-10T13:41:41","date_gmt":"2023-10-10T11:41:41","guid":{"rendered":"https:\/\/univet.hu\/hu\/alapdokumentumok\/strategia\/name\/"},"modified":"2023-10-10T19:55:05","modified_gmt":"2023-10-10T17:55:05","slug":"oktatasfejlesztesi-strategia","status":"publish","type":"page","link":"https:\/\/univet.hu\/hu\/alapdokumentumok\/strategia\/oktatasfejlesztesi-strategia\/","title":{"rendered":"2. Oktat\u00e1sfejleszt\u00e9si strat\u00e9gia"},"content":{"rendered":"<p><a href=\"https:\/\/univet.hu\/wp-content\/uploads\/2023\/10\/Oktata\u0301sfejleszte\u0301si-strate\u0301gia-ATE_25.01.2023-.pdf\">Oktata\u0301sfejleszte\u0301si strate\u0301gia<\/a><\/p>","protected":false},"excerpt":{"rendered":"<p>Oktata\u0301sfejleszte\u0301si strate\u0301gia<\/p>\n","protected":false},"author":3837,"featured_media":0,"parent":95902,"menu_order":0,"comment_status":"open","ping_status":"open","template":"","meta":{"_acf_changed":false,"footnotes":""},"categories":[],"tags":[],"class_list":["post-95933","page","type-page","status-publish","hentry"],"acf":[],"_links":{"self":[{"href":"https:\/\/univet.hu\/hu\/wp-json\/wp\/v2\/pages\/95933","targetHints":{"allow":["GET"]}}],"collection":[{"href":"https:\/\/univet.hu\/hu\/wp-json\/wp\/v2\/pages"}],"about":[{"href":"https:\/\/univet.hu\/hu\/wp-json\/wp\/v2\/types\/page"}],"author":[{"embeddable":true,"href":"https:\/\/univet.hu\/hu\/wp-json\/wp\/v2\/users\/3837"}],"replies":[{"embeddable":true,"href":"https:\/\/univet.hu\/hu\/wp-json\/wp\/v2\/comments?post=95933"}],"version-history":[{"count":0,"href":"https:\/\/univet.hu\/hu\/wp-json\/wp\/v2\/pages\/95933\/revisions"}],"up":[{"embeddable":true,"href":"https:\/\/univet.hu\/hu\/wp-json\/wp\/v2\/pages\/95902"}],"wp:attachment":[{"href":"https:\/\/univet.hu\/hu\/wp-json\/wp\/v2\/media?parent=95933"}],"wp:term":[{"taxonomy":"category","embeddable":true,"href":"https:\/\/univet.hu\/hu\/wp-json\/wp\/v2\/categories?post=95933"},{"taxonomy":"post_tag","embeddable":true,"href":"https:\/\/univet.hu\/hu\/wp-json\/wp\/v2\/tags?post=95933"}],"curies":[{"name":"wp","href":"https:\/\/api.w.org\/{rel}","templated":true}]}}