{"id":960,"date":"2017-06-27T16:03:00","date_gmt":"2017-06-27T14:03:00","guid":{"rendered":"http:\/\/univet.hu\/egyetem\/kutatas\/kutatocsoportok\/viselkedesbiologiai-kutatocsoport\/"},"modified":"2026-03-12T14:57:07","modified_gmt":"2026-03-12T13:57:07","slug":"viselkedesbiologiai-kutatocsoport","status":"publish","type":"page","link":"https:\/\/univet.hu\/hu\/kutatas\/kutatocsoportok\/viselkedesbiologiai-kutatocsoport\/","title":{"rendered":"Viselked\u00e9sbiol\u00f3giai Kutat\u00f3csoport"},"content":{"rendered":"<p>&nbsp;<\/p> <p><strong>KUTAT\u00d3CSOPORT-VEZET\u0150:<\/strong> Dr. Kosztol\u00e1nyi Andr\u00e1s, egyetemi docens<\/p> <p><strong>EL\u00c9RHET\u0150S\u00c9G:<\/strong> <a class=\"decrypt\" rel=\"lpt{upmbozj\/boesbtAvojwfu\/iv\" href=\"javascript:void(0);\">[Kattintson az emailc\u00edmhez]<\/a><\/p> <p><strong>A KUTAT\u00d3CSOPORTBAN DOLGOZ\u00d3K:<\/strong><\/p> <p>Egyetemi docens: <a href=\"https:\/\/univet.hu\/hu\/egyetem\/munkatarsak\/kosztolanyi-andras\/\">Dr. Kosztol\u00e1nyi Andr\u00e1s<\/a><\/p> <p>Tudom\u00e1nyos munkat\u00e1rs:<a href=\"https:\/\/univet.hu\/hu\/egyetem\/munkatarsak\/kis-janos\/\"> Dr. Kis J\u00e1nos<\/a><\/p> <p>Egyetemi docens: <a href=\"https:\/\/univet.hu\/hu\/egyetem\/munkatarsak\/mcdonald-grant\/\">Dr. Grant C. McDonald<\/a><\/p> <p>&nbsp;<\/p> <p><strong>KUTAT\u00c1SI TER\u00dcLETEK:<\/strong><\/p> <p>Az ivari szelekci\u00f3, az ivari konfliktus \u00e9s az egyedek k\u00f6zti kooper\u00e1ci\u00f3 vizsg\u00e1lata. A szaporod\u00e1si rendszerek \u00e9s az ut\u00f3dgondoz\u00e1s evol\u00faci\u00f3j\u00e1ra ir\u00e1nyul\u00f3 vizsg\u00e1latok. A szoci\u00e1lis h\u00e1l\u00f3zatok, az \u00e1llati szem\u00e9lyis\u00e9gek \u00e9s a szoci\u00e1lis tanul\u00e1s szaporod\u00e1si viselked\u00e9sre gyakorolt hat\u00e1s\u00e1nak vizsg\u00e1lata. T\u00e1pl\u00e1lkoz\u00e1si d\u00f6nt\u00e9seket befoly\u00e1sol\u00f3 t\u00e9nyez\u0151k vizsg\u00e1lata. T\u00fal\u00e9l\u00e9sbecsl\u00e9s \u00e9s popul\u00e1ci\u00f3 \u00e9letk\u00e9pess\u00e9gi (PVA) vizsg\u00e1latok. A megfigyel\u00e9ses \u00e9s k\u00eds\u00e9rletes vizsg\u00e1latokat nagyobbr\u00e9szt k\u00fcl\u00f6nb\u00f6z\u0151 magyarorsz\u00e1gi \u00e9s k\u00fclf\u00f6ldi terepi helysz\u00edneken \u00e9s ritk\u00e1bban laborat\u00f3riumi popul\u00e1ci\u00f3kan v\u00e9gezz\u00fck madarakon, nappali lepk\u00e9ken \u00e9s bogarakon.<\/p> <p>&nbsp;<\/p> <p><strong>SZAKMAI SZERVEZETI TAGS\u00c1G:<\/strong><\/p> <p>Magyar Etol\u00f3giai T\u00e1rsas\u00e1g<\/p> <p>Magyar Mad\u00e1rtani \u00e9s Term\u00e9szetv\u00e9delmi Egyes\u00fclet<\/p> <p>Association for the Study of Animal Behaviour<\/p> <p>International Society for Behavioral Ecology<\/p> <p>British Ecological Society<\/p> <p>&nbsp;<\/p> <p><strong>HOSSZ\u00daT\u00c1V\u00da EGY\u00dcTTM\u0170K\u00d6D\u00c9SEK:<\/strong><\/p> <p>University of Veterinary Medicine Vienna, Austria<\/p> <p>University of Oxford, UK<\/p> <p>University of Bath, UK<\/p> <p>B\u00fcro f\u00fcr \u00f6kologische Forschung und Planung GEYER &amp; DOLEK, W\u00f6rthsee, Germany<\/p> <p>&nbsp;<\/p> <p><strong>P\u00c1LY\u00c1ZATOK:<\/strong><\/p> <p>&nbsp;<\/p> <table style=\"width: 602px\" border=\"1\" cellspacing=\"0\" cellpadding=\"0\"> <tbody> <tr> <td style=\"height: 63px;width: 128px\"><strong>T\u00e1mogat\u00f3 szervezet \/forr\u00e1s megnevez\u00e9se<\/strong><\/td> <td style=\"height: 63px;width: 345px\"><strong>P\u00e1ly\u00e1zati projekt c\u00edme \u00e9s t\u00e9m\u00e1ja <\/strong><\/td> <td style=\"height: 63px;width: 128px\"><strong>T\u00e1mogat\u00e1s \u00f6sszege (Ft-ban)<\/strong><\/td> <\/tr> <tr> <td style=\"height: 63px;width: 128px\">NKFIH FK134741<\/td> <td style=\"height: 63px;width: 345px\">A szoci\u00e1lis k\u00f6rnyezet \u00e1llati szem\u00e9lyis\u00e9gre gyakorolt evol\u00faci\u00f3s \u00e9s demogr\u00e1fiai hat\u00e1sa, 2020-2025<\/td> <td style=\"height: 63px;width: 128px\">\u00a039.997.000<\/td> <\/tr> <tr> <td style=\"height: 63px;width: 128px\">NKFIH ANN143995<\/td> <td style=\"height: 63px;width: 345px\">A sikeres sz\u00fcl\u0151s\u00e9g szoci\u00e1lis \u00e9s k\u00f6rnyezeti meghat\u00e1roz\u00f3i, 2023-2026<\/td> <td style=\"height: 63px;width: 128px\">47.988.000<\/td> <\/tr> <\/tbody> <\/table> <p>&nbsp;<\/p>","protected":false},"excerpt":{"rendered":"<p>&nbsp; KUTAT\u00d3CSOPORT-VEZET\u0150: Dr. Kosztol\u00e1nyi Andr\u00e1s, egyetemi docens EL\u00c9RHET\u0150S\u00c9G: [Kattintson az emailc\u00edmhez] A KUTAT\u00d3CSOPORTBAN DOLGOZ\u00d3K: Egyetemi docens: Dr. Kosztol\u00e1nyi Andr\u00e1s Tudom\u00e1nyos munkat\u00e1rs: Dr. Kis J\u00e1nos Egyetemi docens: Dr. Grant C. McDonald &nbsp; KUTAT\u00c1SI TER\u00dcLETEK: Az ivari szelekci\u00f3, az ivari konfliktus \u00e9s az egyedek k\u00f6zti kooper\u00e1ci\u00f3 vizsg\u00e1lata. A szaporod\u00e1si rendszerek \u00e9s az ut\u00f3dgondoz\u00e1s evol\u00faci\u00f3j\u00e1ra ir\u00e1nyul\u00f3 vizsg\u00e1latok. A<\/p>\n","protected":false},"author":1,"featured_media":0,"parent":870,"menu_order":228,"comment_status":"closed","ping_status":"closed","template":"","meta":{"_acf_changed":false,"footnotes":""},"categories":[],"tags":[],"class_list":["post-960","page","type-page","status-publish","hentry"],"acf":[],"_links":{"self":[{"href":"https:\/\/univet.hu\/hu\/wp-json\/wp\/v2\/pages\/960","targetHints":{"allow":["GET"]}}],"collection":[{"href":"https:\/\/univet.hu\/hu\/wp-json\/wp\/v2\/pages"}],"about":[{"href":"https:\/\/univet.hu\/hu\/wp-json\/wp\/v2\/types\/page"}],"author":[{"embeddable":true,"href":"https:\/\/univet.hu\/hu\/wp-json\/wp\/v2\/users\/1"}],"replies":[{"embeddable":true,"href":"https:\/\/univet.hu\/hu\/wp-json\/wp\/v2\/comments?post=960"}],"version-history":[{"count":5,"href":"https:\/\/univet.hu\/hu\/wp-json\/wp\/v2\/pages\/960\/revisions"}],"predecessor-version":[{"id":191173,"href":"https:\/\/univet.hu\/hu\/wp-json\/wp\/v2\/pages\/960\/revisions\/191173"}],"up":[{"embeddable":true,"href":"https:\/\/univet.hu\/hu\/wp-json\/wp\/v2\/pages\/870"}],"wp:attachment":[{"href":"https:\/\/univet.hu\/hu\/wp-json\/wp\/v2\/media?parent=960"}],"wp:term":[{"taxonomy":"category","embeddable":true,"href":"https:\/\/univet.hu\/hu\/wp-json\/wp\/v2\/categories?post=960"},{"taxonomy":"post_tag","embeddable":true,"href":"https:\/\/univet.hu\/hu\/wp-json\/wp\/v2\/tags?post=960"}],"curies":[{"name":"wp","href":"https:\/\/api.w.org\/{rel}","templated":true}]}}