{"id":96016,"date":"2023-10-10T19:54:13","date_gmt":"2023-10-10T17:54:13","guid":{"rendered":"https:\/\/univet.hu\/hu\/alapdokumentumok\/strategia\/name\/"},"modified":"2023-10-10T19:54:13","modified_gmt":"2023-10-10T17:54:13","slug":"1-strategia","status":"publish","type":"page","link":"https:\/\/univet.hu\/hu\/alapdokumentumok\/strategia\/1-strategia\/","title":{"rendered":"1. Strat\u00e9gia"},"content":{"rendered":"<p><a href=\"https:\/\/univet.hu\/wp-content\/uploads\/2023\/10\/Strate\u0301gia_A\u0301TE_2022.10.03.pdf\">\u00c1llatorvostudom\u00e1nyi Egyetem strat\u00e9gi\u00e1ja<\/a><\/p>","protected":false},"excerpt":{"rendered":"<p>\u00c1llatorvostudom\u00e1nyi Egyetem strat\u00e9gi\u00e1ja<\/p>\n","protected":false},"author":3837,"featured_media":0,"parent":95902,"menu_order":0,"comment_status":"open","ping_status":"open","template":"","meta":{"_acf_changed":false,"footnotes":""},"categories":[],"tags":[],"class_list":["post-96016","page","type-page","status-publish","hentry"],"acf":[],"_links":{"self":[{"href":"https:\/\/univet.hu\/hu\/wp-json\/wp\/v2\/pages\/96016","targetHints":{"allow":["GET"]}}],"collection":[{"href":"https:\/\/univet.hu\/hu\/wp-json\/wp\/v2\/pages"}],"about":[{"href":"https:\/\/univet.hu\/hu\/wp-json\/wp\/v2\/types\/page"}],"author":[{"embeddable":true,"href":"https:\/\/univet.hu\/hu\/wp-json\/wp\/v2\/users\/3837"}],"replies":[{"embeddable":true,"href":"https:\/\/univet.hu\/hu\/wp-json\/wp\/v2\/comments?post=96016"}],"version-history":[{"count":0,"href":"https:\/\/univet.hu\/hu\/wp-json\/wp\/v2\/pages\/96016\/revisions"}],"up":[{"embeddable":true,"href":"https:\/\/univet.hu\/hu\/wp-json\/wp\/v2\/pages\/95902"}],"wp:attachment":[{"href":"https:\/\/univet.hu\/hu\/wp-json\/wp\/v2\/media?parent=96016"}],"wp:term":[{"taxonomy":"category","embeddable":true,"href":"https:\/\/univet.hu\/hu\/wp-json\/wp\/v2\/categories?post=96016"},{"taxonomy":"post_tag","embeddable":true,"href":"https:\/\/univet.hu\/hu\/wp-json\/wp\/v2\/tags?post=96016"}],"curies":[{"name":"wp","href":"https:\/\/api.w.org\/{rel}","templated":true}]}}