{"id":962,"date":"2017-06-19T14:34:00","date_gmt":"2017-06-19T12:34:00","guid":{"rendered":"http:\/\/univet.hu\/egyetem\/tajekoztatok\/"},"modified":"2018-07-19T13:11:02","modified_gmt":"2018-07-19T11:11:02","slug":"tajekoztatok","status":"publish","type":"page","link":"https:\/\/univet.hu\/hu\/kutatas\/kutatasok\/tajekoztatok\/","title":{"rendered":"T\u00e1j\u00e9koztat\u00f3k"},"content":{"rendered":"<p><strong>\u00a0Kutat\u00f3 Kar 2013-2016 &#8211; T\u00e1j\u00e9koztat\u00f3k<\/strong><\/p> <p>&nbsp;<\/p> <p><strong>2016.<\/strong><\/p> <p>&nbsp;<\/p> <ul> <li><a href=\"https:\/\/univet.hu\/files\/subpages\/256\/files\/Kutat%C3%B3kar_t%C3%A1j%C3%A9koztat%C3%B3-2016-03-23.pdf\" data-replaced=\"true\">Kutat\u00f3 kari t\u00e1j\u00e9koztat\u00f3 2016-03-2<\/a><a href=\"https:\/\/univet.hu\/files\/subpages\/256\/files\/Kutat%C3%B3kar_t%C3%A1j%C3%A9koztat%C3%B3-2016-03-23%281%29.pdf\" data-replaced=\"true\">3<\/a><\/li> <li><a href=\"https:\/\/univet.hu\/files\/subpages\/256\/files\/Kutat%C3%B3kar_t%C3%A1j%C3%A9koztat%C3%B3-2016-06-14.pdf\" data-replaced=\"true\" target=\"_blank\" rel=\"noopener\">Kutat\u00f3 kari t\u00e1j\u00e9koztat\u00f3 2016-06-14<\/a><\/li> <li><a href=\"https:\/\/univet.hu\/files\/subpages\/256\/files\/Kutatokar-tajekoztato_2016-10-10.pdf\" data-replaced=\"true\" target=\"_blank\" rel=\"noopener\">Kutat\u00f3 kari t\u00e1j\u00e9koztat\u00f3 2016-10-10<\/a><\/li> <\/ul> <p>&nbsp;<\/p> <p><strong>2015.<\/strong><\/p> <ul> <li><a href=\"https:\/\/univet.hu\/files\/subpages\/256\/files\/Kutatokar_tajekoztato-2015-03-30.pdf\" data-replaced=\"true\" target=\"_blank\" rel=\"noopener\">Kutat\u00f3 kari t\u00e1j\u00e9koztat\u00f3 2015-03-30<\/a><\/li> <li><a href=\"https:\/\/univet.hu\/files\/subpages\/256\/files\/Kutatokar_tajekoztato-2015-10-15.pdf\" data-replaced=\"true\" target=\"_blank\" rel=\"noopener\">Kutat\u00f3 kari t\u00e1j\u00e9koztat\u00f3 2015-10-15<\/a><\/li> <li><a href=\"https:\/\/univet.hu\/files\/subpages\/256\/files\/Kutat%C3%B3kar_t%C3%A1j%C3%A9koztat%C3%B3-2016-01-04.pdf\" data-replaced=\"true\">Kutat\u00f3 kari t\u00e1j\u00e9koztat\u00f3 2016-01-04<\/a><\/li> <\/ul> <p>&nbsp;<\/p> <p><strong>2014.<\/strong><\/p> <ul> <li><a href=\"https:\/\/univet.hu\/files\/subpages\/256\/files\/Kutatokar-tajekoztato-2014-02-03.pdf\" data-replaced=\"true\" target=\"_blank\" rel=\"noopener\">Kutat\u00f3 kari t\u00e1j\u00e9koztat\u00f3 2014-02-03<\/a><\/li> <li><a href=\"https:\/\/univet.hu\/files\/subpages\/256\/files\/Kutatokar-felhivasok-korlevel-2014-tt-0423-ki.pdf\" data-replaced=\"true\" target=\"_blank\" rel=\"noopener\">Eredm\u00e9nyek \u00e9s \u00faj felh\u00edv\u00e1sok 2014-04-23<\/a><\/li> <li><a href=\"https:\/\/univet.hu\/files\/subpages\/256\/files\/Kutatokar-korlevel-20141030-ki.pdf\" data-replaced=\"true\" target=\"_blank\" rel=\"noopener\">Kutat\u00f3 kari k\u00f6rlev\u00e9l 2014-10-30<\/a><\/li> <\/ul> <p>&nbsp;<\/p> <p><strong>2013.<\/strong><\/p> <ul> <li><a href=\"https:\/\/univet.hu\/files\/subpages\/256\/files\/Kutatokar-felhivas.pdf\" data-replaced=\"true\" target=\"_blank\" rel=\"noopener\">Kari t\u00e1j\u00e9koztat\u00f3\u00a02013-04-17<\/a><\/li> <li><a href=\"https:\/\/univet.hu\/files\/subpages\/256\/files\/Kutatokar-felhivas-2.pdf\" data-replaced=\"true\" target=\"_blank\" rel=\"noopener\">P\u00e1ly\u00e1zati felh\u00edv\u00e1sok k\u00f6rlev\u00e9l 2013-04-25<\/a><\/li> <li><a href=\"https:\/\/univet.hu\/files\/subpages\/256\/files\/Kutatokar-tajekoztatas-11-29.pdf\" data-replaced=\"true\" target=\"_blank\" rel=\"noopener\">Kari t\u00e1j\u00e9koztat\u00f3\u00a02013-11-29<\/a><\/li> <\/ul> <p>&nbsp;<\/p> <p>&nbsp;<\/p>","protected":false},"excerpt":{"rendered":"<p>\u00a0Kutat\u00f3 Kar 2013-2016 &#8211; T\u00e1j\u00e9koztat\u00f3k &nbsp; 2016. &nbsp; Kutat\u00f3 kari t\u00e1j\u00e9koztat\u00f3 2016-03-23 Kutat\u00f3 kari t\u00e1j\u00e9koztat\u00f3 2016-06-14 Kutat\u00f3 kari t\u00e1j\u00e9koztat\u00f3 2016-10-10 &nbsp; 2015. Kutat\u00f3 kari t\u00e1j\u00e9koztat\u00f3 2015-03-30 Kutat\u00f3 kari t\u00e1j\u00e9koztat\u00f3 2015-10-15 Kutat\u00f3 kari t\u00e1j\u00e9koztat\u00f3 2016-01-04 &nbsp; 2014. Kutat\u00f3 kari t\u00e1j\u00e9koztat\u00f3 2014-02-03 Eredm\u00e9nyek \u00e9s \u00faj felh\u00edv\u00e1sok 2014-04-23 Kutat\u00f3 kari k\u00f6rlev\u00e9l 2014-10-30 &nbsp; 2013. Kari t\u00e1j\u00e9koztat\u00f3\u00a02013-04-17 P\u00e1ly\u00e1zati felh\u00edv\u00e1sok<\/p>\n","protected":false},"author":1,"featured_media":0,"parent":872,"menu_order":412,"comment_status":"closed","ping_status":"closed","template":"","meta":{"_acf_changed":false,"footnotes":""},"categories":[],"tags":[],"class_list":["post-962","page","type-page","status-publish","hentry"],"acf":[],"_links":{"self":[{"href":"https:\/\/univet.hu\/hu\/wp-json\/wp\/v2\/pages\/962","targetHints":{"allow":["GET"]}}],"collection":[{"href":"https:\/\/univet.hu\/hu\/wp-json\/wp\/v2\/pages"}],"about":[{"href":"https:\/\/univet.hu\/hu\/wp-json\/wp\/v2\/types\/page"}],"author":[{"embeddable":true,"href":"https:\/\/univet.hu\/hu\/wp-json\/wp\/v2\/users\/1"}],"replies":[{"embeddable":true,"href":"https:\/\/univet.hu\/hu\/wp-json\/wp\/v2\/comments?post=962"}],"version-history":[{"count":0,"href":"https:\/\/univet.hu\/hu\/wp-json\/wp\/v2\/pages\/962\/revisions"}],"up":[{"embeddable":true,"href":"https:\/\/univet.hu\/hu\/wp-json\/wp\/v2\/pages\/872"}],"wp:attachment":[{"href":"https:\/\/univet.hu\/hu\/wp-json\/wp\/v2\/media?parent=962"}],"wp:term":[{"taxonomy":"category","embeddable":true,"href":"https:\/\/univet.hu\/hu\/wp-json\/wp\/v2\/categories?post=962"},{"taxonomy":"post_tag","embeddable":true,"href":"https:\/\/univet.hu\/hu\/wp-json\/wp\/v2\/tags?post=962"}],"curies":[{"name":"wp","href":"https:\/\/api.w.org\/{rel}","templated":true}]}}