{"id":963,"date":"2017-10-11T09:26:00","date_gmt":"2017-10-11T07:26:00","guid":{"rendered":"http:\/\/univet.hu\/egyetem\/palyazati-felhivasok\/"},"modified":"2020-04-29T18:38:59","modified_gmt":"2020-04-29T16:38:59","slug":"palyazati-felhivasok","status":"publish","type":"page","link":"https:\/\/univet.hu\/hu\/kutatas\/kutatasok\/palyazati-felhivasok\/","title":{"rendered":"P\u00e1ly\u00e1zati felh\u00edv\u00e1sok"},"content":{"rendered":"<p><strong>Nemzet Fiatal Tehets\u00e9gei\u00e9rt \u00d6szt\u00f6nd\u00edj<\/strong><\/p> <p><a href=\"https:\/\/univet.hu\/wp-content\/uploads\/2020\/04\/palyazati_kiiras_es_utmutato_ntp_nfto_20.pdf\">palyazati_kiiras_es_utmutato_ntp_nfto_20<\/a><\/p> <p><strong>Int\u00e9zm\u00e9nyi Kiv\u00e1l\u00f3s\u00e1g \u2013 P\u00e1ly\u00e1zati felh\u00edv\u00e1sok, sablonok<\/strong><\/p> <p><strong>2018.<\/strong><\/p> <ul> <li><a href=\"https:\/\/univet.hu\/wp-content\/uploads\/2018\/09\/IK-KE-2018-konferencia.doc\" data-replaced=\"true\">Int\u00e9zm\u00e9nyi Kiv\u00e1l\u00f3s\u00e1g &#8211; IK-KE-2018 konferencia<\/a><\/li> <li><a href=\"https:\/\/univet.hu\/wp-content\/uploads\/2018\/09\/IK-KE-2018-open-access.doc\" data-replaced=\"true\">Int\u00e9zm\u00e9nyi Kiv\u00e1l\u00f3s\u00e1g &#8211; IK-KE-2018\u00a0 open access<\/a><\/li> <li><a href=\"https:\/\/univet.hu\/wp-content\/uploads\/2018\/09\/IK-KF-2018.doc\" data-replaced=\"true\">Int\u00e9zm\u00e9nyi Kiv\u00e1l\u00f3s\u00e1g &#8211; IK-KF-2018 kutat\u00f3csoportok<\/a><\/li> <li><a href=\"https:\/\/univet.hu\/wp-content\/uploads\/2018\/09\/IK-PhD-2018.doc\" data-replaced=\"true\">Int\u00e9zm\u00e9nyi Kiv\u00e1l\u00f3s\u00e1g &#8211; IK-PhD-2018 PhD kutat\u00e1sok<\/a><\/li> <li><a href=\"https:\/\/univet.hu\/wp-content\/uploads\/2018\/09\/IK-UK-2018.doc\" data-replaced=\"true\">Int\u00e9zm\u00e9nyi Kiv\u00e1l\u00f3s\u00e1g &#8211; IK-UK-2018 \u00faj kutat\u00e1sok<\/a><\/li> <\/ul> <p>&nbsp;<\/p> <p><strong>Int\u00e9zm\u00e9nyi Kiv\u00e1l\u00f3s\u00e1g \u2013 P\u00e1ly\u00e1zati felh\u00edv\u00e1sok, sablonok<\/strong><\/p> <p><strong>2017.<\/strong><\/p> <ul> <li><a href=\"https:\/\/univet.hu\/files\/subpages\/257\/files\/IK-KE-2017-konferencia%281%29.doc\" data-replaced=\"true\">Int<\/a><a href=\"https:\/\/univet.hu\/files\/subpages\/257\/files\/IK-KE-2017-konferencia.doc\" data-replaced=\"true\">\u00e9zm\u00e9nyi Kiv\u00e1l\u00f3s\u00e1g &#8211; KE 2017 konferencia<\/a><\/li> <li><a href=\"https:\/\/univet.hu\/files\/subpages\/257\/files\/IK-KE-2017-publikacio.doc\" data-replaced=\"true\">Int\u00e9zm\u00e9nyi Kiv\u00e1l\u00f3s\u00e1g &#8211; KE 2017 open access<\/a><\/li> <li><a href=\"https:\/\/univet.hu\/files\/subpages\/257\/files\/Int%C3%A9zm%C3%A9nyi%20Kiv%C3%A1l%C3%B3s%C3%A1g%20-%20KF-2017%20kutat%C3%B3csoportok.doc\" data-replaced=\"true\">Int\u00e9zm\u00e9nyi Kiv\u00e1l\u00f3s\u00e1g &#8211; KF 2017 kutat\u00f3csoportok<\/a><\/li> <li><a href=\"https:\/\/univet.hu\/files\/subpages\/257\/files\/Int%C3%A9zm%C3%A9nyi%20Kiv%C3%A1l%C3%B3s%C3%A1g%20-PhD-2017%20PhD%20kutat%C3%A1sok.doc\" data-replaced=\"true\">Int\u00e9zm\u00e9nyi Kiv\u00e1l\u00f3s\u00e1g &#8211; PhD 2017 PhD kutat\u00e1sok<\/a><\/li> <li><a href=\"https:\/\/univet.hu\/files\/subpages\/257\/files\/Int%C3%A9zm%C3%A9nyi%20Kiv%C3%A1l%C3%B3s%C3%A1g-UK-2017%20%C3%BAj%20kutat%C3%A1sok.doc\" data-replaced=\"true\">Int\u00e9zm\u00e9nyi Kiv\u00e1l\u00f3s\u00e1g &#8211; UK 2017 \u00faj kutat\u00e1sok<\/a><\/li> <\/ul> <p><strong>Kutat\u00f3 Kar 2013-2016 &#8211; P\u00e1ly\u00e1zati felh\u00edv\u00e1sok, Sablonok<\/strong><\/p> <p><strong>2016<\/strong>.<\/p> <ul> <li><a href=\"https:\/\/univet.hu\/files\/subpages\/257\/files\/Palyazati_urlap_minta_2016_KK-OK-IF-alap.docx\" data-replaced=\"true\">KK_OK_IF_2016 (oktat\u00f3i-kutat\u00f3i kiv\u00e1l\u00f3s\u00e1g)<\/a><\/li> <li><a href=\"https:\/\/univet.hu\/files\/subpages\/257\/files\/KK-KF-2016.doc\" target=\"_blank\" rel=\"noopener\" data-replaced=\"true\">KK KF 2016<\/a><\/li> <li><a href=\"https:\/\/univet.hu\/files\/subpages\/257\/files\/KK-UK-2016.doc\" target=\"_blank\" rel=\"noopener\" data-replaced=\"true\">KK UK 2016<\/a><\/li> <li><a href=\"https:\/\/univet.hu\/files\/subpages\/257\/files\/KK-PhD-2016.doc\" target=\"_blank\" rel=\"noopener\" data-replaced=\"true\">KK PhD 2016<\/a><\/li> <li><a href=\"https:\/\/univet.hu\/files\/subpages\/257\/files\/KK-KE-2016-konferencia%282%29.doc\" data-replaced=\"true\">KK KE 2016 Konferencia<\/a><\/li> <li><a href=\"https:\/\/univet.hu\/files\/subpages\/257\/files\/KK-KE-2016-publikacio%282%29.doc\" data-replaced=\"true\">KK KE 2016 Publik\u00e1ci\u00f3<\/a><\/li> <\/ul> <p>&nbsp;<\/p> <p><strong>2015.<\/strong><\/p> <ul> <li><a href=\"https:\/\/univet.hu\/files\/subpages\/257\/files\/KK-KF-2015.doc\" target=\"_blank\" rel=\"noopener\" data-replaced=\"true\">KK KF 2015<\/a><\/li> <li><a href=\"https:\/\/univet.hu\/files\/subpages\/257\/files\/KK-UK-2015.doc\" target=\"_blank\" rel=\"noopener\" data-replaced=\"true\">KK UK 2015<\/a><\/li> <li><a href=\"https:\/\/univet.hu\/files\/subpages\/257\/files\/KK-PhD-2015.doc\" target=\"_blank\" rel=\"noopener\" data-replaced=\"true\">KK PhD 2015<\/a><\/li> <li><a href=\"https:\/\/univet.hu\/files\/subpages\/257\/files\/KK-KE-2015-konferencia-apr-ig.doc\" target=\"_blank\" rel=\"noopener\" data-replaced=\"true\">KK KE 2015 Konferencia<\/a><\/li> <li><a href=\"https:\/\/univet.hu\/files\/subpages\/257\/files\/KK-KE-2015-publikacio-apr-ig.doc\" target=\"_blank\" rel=\"noopener\" data-replaced=\"true\">KK KE 2015 Publik\u00e1ci\u00f3<\/a><\/li> <li><a href=\"https:\/\/univet.hu\/files\/subpages\/257\/files\/KK-OK-IF-2015-adatlap.docx\" data-replaced=\"true\">KK OK IF 2015<\/a><\/li> <\/ul> <p>&nbsp;<\/p> <p><strong>2014.<\/strong><\/p> <ul> <li><a href=\"https:\/\/univet.hu\/files\/subpages\/257\/files\/KK-KF-2014.doc\" data-replaced=\"true\">KK KF 2014<\/a><\/li> <li><a href=\"https:\/\/univet.hu\/files\/subpages\/257\/files\/KK-UK-2014.doc\" data-replaced=\"true\">KK UK 2014<\/a><\/li> <li><a href=\"https:\/\/univet.hu\/files\/subpages\/257\/files\/KK-KE-2014-tt-0423-ki.doc\" data-replaced=\"true\">KK KE 2014\u00a0<\/a><\/li> <li><a href=\"https:\/\/univet.hu\/files\/subpages\/257\/files\/KK-PhD-2014-0512-MOD.doc\" data-replaced=\"true\">KK PhD 2014\u00a0<\/a><\/li> <li><a href=\"https:\/\/univet.hu\/files\/subpages\/257\/files\/KK-UK-2014-jelent%C3%A9s_SABLON.docx\" data-replaced=\"true\">KK UK 2014 jelent\u00e9s sablon<\/a><\/li> <\/ul> <p>&nbsp;<\/p> <p><strong>2013.<\/strong><\/p> <ul> <li><a href=\"https:\/\/univet.hu\/files\/subpages\/257\/files\/KK-KF-2013.pdf\" target=\"_blank\" rel=\"noopener\" data-replaced=\"true\">KK KF 2013<\/a><\/li> <li><a href=\"https:\/\/univet.hu\/files\/subpages\/257\/files\/KK-UK-2013.pdf\" target=\"_blank\" rel=\"noopener\" data-replaced=\"true\">KK UK 2013<\/a><\/li> <li><a href=\"https:\/\/univet.hu\/files\/subpages\/257\/files\/KK-KE-2013-ki.doc\" target=\"_blank\" rel=\"noopener\" data-replaced=\"true\">KK KE 2013<\/a><\/li> <li><a href=\"https:\/\/univet.hu\/files\/subpages\/257\/files\/KK-PhD-2013.pdf\" target=\"_blank\" rel=\"noopener\" data-replaced=\"true\">KK PhD 2013<\/a><\/li> <li><a href=\"https:\/\/univet.hu\/files\/subpages\/257\/files\/KK-OK-IF-2013.pdf\" target=\"_blank\" rel=\"noopener\" data-replaced=\"true\">KK OK IF 2013<\/a><\/li> <li><a href=\"https:\/\/univet.hu\/files\/subpages\/257\/files\/KK-OK-MAL-2013.pdf\" target=\"_blank\" rel=\"noopener\" data-replaced=\"true\">KK OK MAL 2013<\/a><\/li> <li><a href=\"https:\/\/univet.hu\/files\/subpages\/257\/files\/KK-UK-2013-jelentes_SABLON.docx\" target=\"_blank\" rel=\"noopener\" data-replaced=\"true\">KK UK 2013\u00a0jelent\u00e9s sablon<\/a><\/li> <\/ul> <p>&nbsp;<\/p> <p>&nbsp;<\/p>","protected":false},"excerpt":{"rendered":"<p>Az egyetem sz\u00e1mtalan p\u00e1ly\u00e1zati lehet\u0151s\u00e9ggel szeretn\u00e9 a di\u00e1kjait kutat\u00e1sokban \u00e9s szakmai gyakorlatokban val\u00f3 r\u00e9szv\u00e9telre \u00f6szt\u00f6n\u00f6zni. V\u00e1logasson a k\u00fcl\u00f6nb\u00f6z\u0151 felh\u00edv\u00e1sok k\u00f6z\u00f6tt.<\/p>\n","protected":false},"author":1,"featured_media":0,"parent":872,"menu_order":274,"comment_status":"closed","ping_status":"closed","template":"","meta":{"_acf_changed":false,"footnotes":""},"categories":[],"tags":[],"class_list":["post-963","page","type-page","status-publish","hentry"],"acf":[],"_links":{"self":[{"href":"https:\/\/univet.hu\/hu\/wp-json\/wp\/v2\/pages\/963","targetHints":{"allow":["GET"]}}],"collection":[{"href":"https:\/\/univet.hu\/hu\/wp-json\/wp\/v2\/pages"}],"about":[{"href":"https:\/\/univet.hu\/hu\/wp-json\/wp\/v2\/types\/page"}],"author":[{"embeddable":true,"href":"https:\/\/univet.hu\/hu\/wp-json\/wp\/v2\/users\/1"}],"replies":[{"embeddable":true,"href":"https:\/\/univet.hu\/hu\/wp-json\/wp\/v2\/comments?post=963"}],"version-history":[{"count":0,"href":"https:\/\/univet.hu\/hu\/wp-json\/wp\/v2\/pages\/963\/revisions"}],"up":[{"embeddable":true,"href":"https:\/\/univet.hu\/hu\/wp-json\/wp\/v2\/pages\/872"}],"wp:attachment":[{"href":"https:\/\/univet.hu\/hu\/wp-json\/wp\/v2\/media?parent=963"}],"wp:term":[{"taxonomy":"category","embeddable":true,"href":"https:\/\/univet.hu\/hu\/wp-json\/wp\/v2\/categories?post=963"},{"taxonomy":"post_tag","embeddable":true,"href":"https:\/\/univet.hu\/hu\/wp-json\/wp\/v2\/tags?post=963"}],"curies":[{"name":"wp","href":"https:\/\/api.w.org\/{rel}","templated":true}]}}