{"id":96368,"date":"2023-10-26T09:47:39","date_gmt":"2023-10-26T07:47:39","guid":{"rendered":"https:\/\/univet.hu\/hu\/egyetem\/palyazati-projektek\/eu-projektek\/name-2\/"},"modified":"2024-01-10T13:00:46","modified_gmt":"2024-01-10T12:00:46","slug":"marek-jozsef-oktatasi-kozpont-es-kollegium-energetikai-fejlesztesenek-elokeszitese","status":"publish","type":"page","link":"https:\/\/univet.hu\/hu\/egyetem\/palyazati-projektek\/eu-projektek\/marek-jozsef-oktatasi-kozpont-es-kollegium-energetikai-fejlesztesenek-elokeszitese\/","title":{"rendered":"Marek J\u00f3zsef Oktat\u00e1si K\u00f6zpont \u00e9s Koll\u00e9gium energetikai fejleszt\u00e9s\u00e9nek el\u0151k\u00e9sz\u00edt\u00e9se"},"content":{"rendered":"<p><a href=\"https:\/\/univet.hu\/en\/egyetem\/palyazati-projektek\/eu-projektek\/marek-jozsef-oktatasi-kozpont-es-kollegium-energetikai-fejlesztesenek-elokeszitese\/infoblokk-k\/\" rel=\"attachment wp-att-96532\"><img loading=\"lazy\" decoding=\"async\" class=\"size-medium wp-image-96532 alignright\" src=\"https:\/\/univet.hu\/wp-content\/uploads\/2023\/11\/infoblokk-k-320x231.png\" alt=\"\" width=\"320\" height=\"231\" srcset=\"https:\/\/univet.hu\/wp-content\/uploads\/2023\/11\/infoblokk-k-320x231.png 320w, https:\/\/univet.hu\/wp-content\/uploads\/2023\/11\/infoblokk-k.png 480w\" sizes=\"auto, (max-width: 320px) 100vw, 320px\" \/><\/a><\/p> <p>&nbsp;<\/p> <p>&nbsp;<\/p> <p>&nbsp;<\/p> <p><strong>A projekt c\u00edme:<\/strong> Marek J\u00f3zsef Oktat\u00e1si K\u00f6zpont \u00e9s Koll\u00e9gium energetikai fejleszt\u00e9s\u00e9nek el\u0151k\u00e9sz\u00edt\u00e9se<\/p> <p><strong>A projekt azonos\u00edt\u00f3 sz\u00e1ma:<\/strong> KEHOP-5.2.15-21-2022-00038<\/p> <p><strong>Kedvezm\u00e9nyezett neve:<\/strong> \u00c1llatorvostudom\u00e1nyi Egyetem<\/p> <p><strong>A Projekt \u00f6sszk\u00f6lts\u00e9ge:<\/strong> 14.988.006,- Ft<\/p> <p><strong>A t\u00e1mogat\u00e1s intenzit\u00e1sa:<\/strong> 100%<\/p> <p><strong>A Projekt megval\u00f3s\u00edt\u00e1si id\u0151szak\u00e1nak kezd\u0151 id\u0151pontja:<\/strong> 2022.05.03.<\/p> <p><strong>A Projekt fizikai befejez\u00e9s\u00e9nek napja:<\/strong> 2023.11.30<\/p> <p>A Felh\u00edv\u00e1s kiemelt c\u00e9lkit\u0171z\u00e9se \u2013 \u00f6sszhangban a hazai \u00e9s EU strat\u00e9gi\u00e1val \u2013 \u00f6szt\u00f6n\u00f6zni az energiahat\u00e9konys\u00e1gi fejleszt\u00e9sek megval\u00f3s\u00edt\u00e1s\u00e1t \u00e9s el\u0151seg\u00edteni a decentraliz\u00e1lt, k\u00f6rnyezetbar\u00e1t meg\u00fajul\u00f3 energiaforr\u00e1st hasznos\u00edt\u00f3 rendszerek elterjed\u00e9s\u00e9t.<\/p> <p><strong>A projekt tartalm\u00e1nak bemutat\u00e1sa:<\/strong><br \/> \u201eMarek J\u00f3zsef Oktat\u00e1si K\u00f6zpont \u00e9s Koll\u00e9gium energetikai fejleszt\u00e9s\u00e9nek el\u0151k\u00e9sz\u00edt\u00e9se\u201d c\u00edmmel nyert 14.988.006,- Ft vissza nem t\u00e9r\u00edtend\u0151 t\u00e1mogat\u00e1st az \u00c1llatorvostudom\u00e1nyi Egyetem.<br \/> A projekt c\u00e9lja az \u00c1llatorvostudom\u00e1nyi Egyetem tulajdon\u00e1ban \u00e9s fenntart\u00e1s\u00e1ban l\u00e9v\u0151 Marek J\u00f3zsef Oktat\u00e1si K\u00f6zpont \u00e9s Koll\u00e9gium \u00e9p\u00fclet\u00e9nek energetikai korszer\u0171s\u00edt\u00e9s\u00e9hez sz\u00fcks\u00e9ges felm\u00e9r\u00e9si tervdokument\u00e1ci\u00f3-, hiteles energetikai tan\u00fas\u00edtv\u00e1ny- \u00e9s kivitelez\u00e9si tervdokument\u00e1ci\u00f3 elk\u00e9sz\u00edt\u00e9se, amely a k\u00f6vetkez\u0151 energia-hat\u00e9konys\u00e1got szolg\u00e1l\u00f3 munk\u00e1latok elv\u00e9gz\u00e9s\u00e9t teszi lehet\u0151v\u00e9:<\/p> <p>&#8211; \u00e9p\u00edt\u00e9szeti korszer\u0171s\u00edt\u00e9s \u2013 ut\u00f3lagos homlokzati h\u0151szigetel\u00e9s,<br \/> &#8211; homlokzati ny\u00edl\u00e1sz\u00e1r\u00f3 csere,<br \/> &#8211; lapostet\u0151 szigetel\u00e9s,<br \/> &#8211; g\u00e9p\u00e9szeti korszer\u0171s\u00edt\u00e9s \u2013 kaz\u00e1ncsere, h\u0151lead\u00f3k cser\u00e9je,<br \/> &#8211; vil\u00e1g\u00edt\u00e1s korszer\u0171s\u00edt\u00e9se<\/p> <p>Komoly hangs\u00falyt fektet\u00fcnk a meg\u00fajul\u00f3 energia alkalmaz\u00e1s\u00e1ra, \u00edgy fotovoltaikus rendszer\u0171 h\u00e1ztart\u00e1si m\u00e9ret\u0171 kiser\u0151m\u0171t (HMKE) k\u00edv\u00e1nunk telep\u00edteni az elektromos energia el\u0151\u00e1ll\u00edt\u00e1s\u00e1ra.<\/p>","protected":false},"excerpt":{"rendered":"<p>&nbsp; &nbsp; &nbsp; A projekt c\u00edme: Marek J\u00f3zsef Oktat\u00e1si K\u00f6zpont \u00e9s Koll\u00e9gium energetikai fejleszt\u00e9s\u00e9nek el\u0151k\u00e9sz\u00edt\u00e9se A projekt azonos\u00edt\u00f3 sz\u00e1ma: KEHOP-5.2.15-21-2022-00038 Kedvezm\u00e9nyezett neve: \u00c1llatorvostudom\u00e1nyi Egyetem A Projekt \u00f6sszk\u00f6lts\u00e9ge: 14.988.006,- Ft A t\u00e1mogat\u00e1s intenzit\u00e1sa: 100% A Projekt megval\u00f3s\u00edt\u00e1si id\u0151szak\u00e1nak kezd\u0151 id\u0151pontja: 2022.05.03. A Projekt fizikai befejez\u00e9s\u00e9nek napja: 2023.11.30 A Felh\u00edv\u00e1s kiemelt c\u00e9lkit\u0171z\u00e9se \u2013 \u00f6sszhangban a hazai \u00e9s<\/p>\n","protected":false},"author":4688,"featured_media":0,"parent":45566,"menu_order":0,"comment_status":"open","ping_status":"open","template":"page-templates\/page-project.php","meta":{"_acf_changed":false,"footnotes":""},"categories":[],"tags":[],"class_list":["post-96368","page","type-page","status-publish","hentry"],"acf":[],"_links":{"self":[{"href":"https:\/\/univet.hu\/hu\/wp-json\/wp\/v2\/pages\/96368","targetHints":{"allow":["GET"]}}],"collection":[{"href":"https:\/\/univet.hu\/hu\/wp-json\/wp\/v2\/pages"}],"about":[{"href":"https:\/\/univet.hu\/hu\/wp-json\/wp\/v2\/types\/page"}],"author":[{"embeddable":true,"href":"https:\/\/univet.hu\/hu\/wp-json\/wp\/v2\/users\/4688"}],"replies":[{"embeddable":true,"href":"https:\/\/univet.hu\/hu\/wp-json\/wp\/v2\/comments?post=96368"}],"version-history":[{"count":0,"href":"https:\/\/univet.hu\/hu\/wp-json\/wp\/v2\/pages\/96368\/revisions"}],"up":[{"embeddable":true,"href":"https:\/\/univet.hu\/hu\/wp-json\/wp\/v2\/pages\/45566"}],"wp:attachment":[{"href":"https:\/\/univet.hu\/hu\/wp-json\/wp\/v2\/media?parent=96368"}],"wp:term":[{"taxonomy":"category","embeddable":true,"href":"https:\/\/univet.hu\/hu\/wp-json\/wp\/v2\/categories?post=96368"},{"taxonomy":"post_tag","embeddable":true,"href":"https:\/\/univet.hu\/hu\/wp-json\/wp\/v2\/tags?post=96368"}],"curies":[{"name":"wp","href":"https:\/\/api.w.org\/{rel}","templated":true}]}}