{"id":964,"date":"2017-11-21T15:58:00","date_gmt":"2017-11-21T14:58:00","guid":{"rendered":"http:\/\/univet.hu\/egyetem\/tudomanyos-kutatasi-bizottsag\/"},"modified":"2023-10-09T14:52:04","modified_gmt":"2023-10-09T12:52:04","slug":"tudomanyos-kutatasi-bizottsag","status":"publish","type":"page","link":"https:\/\/univet.hu\/hu\/kutatas\/kutatasok\/tudomanyos-kutatasi-bizottsag\/","title":{"rendered":"Tudom\u00e1nyos \u00e9s Innov\u00e1ci\u00f3s Bizotts\u00e1g"},"content":{"rendered":"<p><strong><u>Tudom\u00e1nyos \u00e9s Innov\u00e1ci\u00f3s Bizotts\u00e1g<\/u><\/strong><\/p> <table> <tbody> <tr> <td style=\"width: 302px;\"><strong>Eln\u00f6k:<\/strong><\/td> <td style=\"width: 302px;\"><\/td> <\/tr> <tr> <td style=\"width: 302px;\">tudom\u00e1nyos \u00e9s innov\u00e1ci\u00f3s rektorhelyettes<\/td> <td style=\"width: 302px;\">Dr. Jerzsele \u00c1kos<\/td> <\/tr> <tr> <td style=\"width: 302px;\"><strong>Titk\u00e1r:<\/strong><\/td> <td style=\"width: 302px;\"><\/td> <\/tr> <tr> <td style=\"width: 302px;\">kutat\u00e1sszervez\u00e9si titk\u00e1r (szavazati jog n\u00e9lk\u00fcl)<\/td> <td style=\"width: 302px;\">Dr. Farkas Orsolya<\/td> <\/tr> <tr> <td style=\"width: 302px;\"><strong>Tagjai:<\/strong><\/td> <td style=\"width: 302px;\"><\/td> <\/tr> <tr> <td style=\"width: 302px;\">DHT eln\u00f6ke<\/td> <td style=\"width: 302px;\">Dr. G\u00e1lfi P\u00e9ter<\/td> <\/tr> <tr> <td style=\"width: 302px;\">nemzetk\u00f6zi rektorhelyettes, doktori iskola vezet\u0151<\/td> <td style=\"width: 302px;\">Dr. Bartha Tibor<\/td> <\/tr> <tr> <td style=\"width: 302px;\">klinikai rektorhelyettes, doktori programir\u00e1ny vezet\u0151<\/td> <td style=\"width: 302px;\">Dr. N\u00e9meth Tibor<\/td> <\/tr> <tr> <td style=\"width: 302px;\">oktat\u00e1si rektorhelyettes<\/td> <td style=\"width: 302px;\">Dr. \u00d3zsv\u00e1ri L\u00e1szl\u00f3<\/td> <\/tr> <tr> <td style=\"width: 302px;\">doktori programir\u00e1ny vezet\u0151<\/td> <td style=\"width: 302px;\">Dr. Farkas R\u00f3bert<\/td> <\/tr> <tr> <td style=\"width: 302px;\">vezet\u0151 oktat\u00f3<\/td> <td style=\"width: 302px;\">Dr. R\u00e1cz Bence<\/td> <\/tr> <tr> <td style=\"width: 302px;\">k\u00f6nyvt\u00e1rigazgat\u00f3<\/td> <td style=\"width: 302px;\">Winkler Bea<\/td> <\/tr> <tr> <td style=\"width: 302px;\">PhD-hallgat\u00f3<\/td> <td style=\"width: 302px;\">Dr. M\u00f3zes Borb\u00e1la<\/td> <\/tr> <\/tbody> <\/table> <p>&nbsp;<\/p>","protected":false},"excerpt":{"rendered":"<p>Tudom\u00e1nyos \u00e9s Innov\u00e1ci\u00f3s Bizotts\u00e1g Eln\u00f6k: tudom\u00e1nyos \u00e9s innov\u00e1ci\u00f3s rektorhelyettes Dr. Jerzsele \u00c1kos Titk\u00e1r: kutat\u00e1sszervez\u00e9si titk\u00e1r (szavazati jog n\u00e9lk\u00fcl) Dr. Farkas Orsolya Tagjai: DHT eln\u00f6ke Dr. G\u00e1lfi P\u00e9ter nemzetk\u00f6zi rektorhelyettes, doktori iskola vezet\u0151 Dr. Bartha Tibor klinikai rektorhelyettes, doktori programir\u00e1ny vezet\u0151 Dr. N\u00e9meth Tibor oktat\u00e1si rektorhelyettes Dr. \u00d3zsv\u00e1ri L\u00e1szl\u00f3 doktori programir\u00e1ny vezet\u0151 Dr. Farkas R\u00f3bert vezet\u0151<\/p>\n","protected":false},"author":1,"featured_media":0,"parent":872,"menu_order":341,"comment_status":"closed","ping_status":"closed","template":"","meta":{"_acf_changed":false,"footnotes":""},"categories":[],"tags":[],"class_list":["post-964","page","type-page","status-publish","hentry"],"acf":[],"_links":{"self":[{"href":"https:\/\/univet.hu\/hu\/wp-json\/wp\/v2\/pages\/964","targetHints":{"allow":["GET"]}}],"collection":[{"href":"https:\/\/univet.hu\/hu\/wp-json\/wp\/v2\/pages"}],"about":[{"href":"https:\/\/univet.hu\/hu\/wp-json\/wp\/v2\/types\/page"}],"author":[{"embeddable":true,"href":"https:\/\/univet.hu\/hu\/wp-json\/wp\/v2\/users\/1"}],"replies":[{"embeddable":true,"href":"https:\/\/univet.hu\/hu\/wp-json\/wp\/v2\/comments?post=964"}],"version-history":[{"count":0,"href":"https:\/\/univet.hu\/hu\/wp-json\/wp\/v2\/pages\/964\/revisions"}],"up":[{"embeddable":true,"href":"https:\/\/univet.hu\/hu\/wp-json\/wp\/v2\/pages\/872"}],"wp:attachment":[{"href":"https:\/\/univet.hu\/hu\/wp-json\/wp\/v2\/media?parent=964"}],"wp:term":[{"taxonomy":"category","embeddable":true,"href":"https:\/\/univet.hu\/hu\/wp-json\/wp\/v2\/categories?post=964"},{"taxonomy":"post_tag","embeddable":true,"href":"https:\/\/univet.hu\/hu\/wp-json\/wp\/v2\/tags?post=964"}],"curies":[{"name":"wp","href":"https:\/\/api.w.org\/{rel}","templated":true}]}}