{"id":96466,"date":"2023-11-02T12:08:46","date_gmt":"2023-11-02T11:08:46","guid":{"rendered":"https:\/\/univet.hu\/hu\/egyetem\/palyazati-projektek\/horizon\/wheatbiome\/name\/"},"modified":"2023-11-02T12:08:47","modified_gmt":"2023-11-02T11:08:47","slug":"sajtokozlemenyek","status":"publish","type":"page","link":"https:\/\/univet.hu\/hu\/egyetem\/palyazati-projektek\/horizon\/wheatbiome\/sajtokozlemenyek\/","title":{"rendered":"Sajt\u00f3k\u00f6zlem\u00e9nyek"},"content":{"rendered":"<p><a href=\"https:\/\/univet.hu\/en\/egyetem\/palyazati-projektek\/horizon\/wheatbiome\/sajtokozlemenyek\/wheatbiome-press-_hung_\/\" rel=\"attachment wp-att-96467\">WHEATBIOME: Elindult a b\u00faza mikrobiomj\u00e1ban rejl\u0151 lehet\u0151s\u00e9gek felt\u00e1r\u00e1s\u00e1ra ir\u00e1nyul\u00f3 Horizon Europe projekt<\/a><\/p>","protected":false},"excerpt":{"rendered":"<p>WHEATBIOME: Elindult a b\u00faza mikrobiomj\u00e1ban rejl\u0151 lehet\u0151s\u00e9gek felt\u00e1r\u00e1s\u00e1ra ir\u00e1nyul\u00f3 Horizon Europe projekt<\/p>\n","protected":false},"author":4753,"featured_media":0,"parent":86968,"menu_order":0,"comment_status":"open","ping_status":"open","template":"","meta":{"_acf_changed":false,"footnotes":""},"categories":[],"tags":[],"class_list":["post-96466","page","type-page","status-publish","hentry"],"acf":[],"_links":{"self":[{"href":"https:\/\/univet.hu\/hu\/wp-json\/wp\/v2\/pages\/96466","targetHints":{"allow":["GET"]}}],"collection":[{"href":"https:\/\/univet.hu\/hu\/wp-json\/wp\/v2\/pages"}],"about":[{"href":"https:\/\/univet.hu\/hu\/wp-json\/wp\/v2\/types\/page"}],"author":[{"embeddable":true,"href":"https:\/\/univet.hu\/hu\/wp-json\/wp\/v2\/users\/4753"}],"replies":[{"embeddable":true,"href":"https:\/\/univet.hu\/hu\/wp-json\/wp\/v2\/comments?post=96466"}],"version-history":[{"count":0,"href":"https:\/\/univet.hu\/hu\/wp-json\/wp\/v2\/pages\/96466\/revisions"}],"up":[{"embeddable":true,"href":"https:\/\/univet.hu\/hu\/wp-json\/wp\/v2\/pages\/86968"}],"wp:attachment":[{"href":"https:\/\/univet.hu\/hu\/wp-json\/wp\/v2\/media?parent=96466"}],"wp:term":[{"taxonomy":"category","embeddable":true,"href":"https:\/\/univet.hu\/hu\/wp-json\/wp\/v2\/categories?post=96466"},{"taxonomy":"post_tag","embeddable":true,"href":"https:\/\/univet.hu\/hu\/wp-json\/wp\/v2\/tags?post=96466"}],"curies":[{"name":"wp","href":"https:\/\/api.w.org\/{rel}","templated":true}]}}