{"id":965,"date":"2017-06-27T15:22:00","date_gmt":"2017-06-27T13:22:00","guid":{"rendered":"http:\/\/univet.hu\/egyetem\/szerzodes-intezkedesi-terv\/"},"modified":"2018-09-06T08:54:11","modified_gmt":"2018-09-06T06:54:11","slug":"szerzodes-intezkedesi-terv","status":"publish","type":"page","link":"https:\/\/univet.hu\/hu\/kutatas\/kutatasok\/szerzodes-intezkedesi-terv\/","title":{"rendered":"Szerz\u0151d\u00e9s\/Int\u00e9zked\u00e9si terv"},"content":{"rendered":"<p><strong>Int\u00e9zm\u00e9nyi Kiv\u00e1l\u00f3s\u00e1gi t\u00e1mogat\u00e1s 2018 &#8211; Szerz\u0151d\u00e9s, Int\u00e9zked\u00e9si terv<\/strong><\/p> <ul> <li><a href=\"https:\/\/univet.hu\/wp-content\/uploads\/2018\/09\/\u00c1TE-IK-Int\u00e9zked\u00e9si-Terv-2018.pdf\" data-replaced=\"true\">IK Int\u00e9zked\u00e9si Terv 2018<\/a><\/li> <li><a href=\"https:\/\/univet.hu\/wp-content\/uploads\/2018\/09\/\u00c1TE-IK-T\u00e1mogat\u00e1s-2018.pdf\" data-replaced=\"true\">IK T\u00e1mogat\u00e1s 2018<\/a><\/li> <\/ul> <p>&nbsp;<\/p> <p><strong>Int\u00e9zm\u00e9nyi Kiv\u00e1l\u00f3s\u00e1gi t\u00e1mogat\u00e1s 2017 &#8211; Szerz\u0151d\u00e9s, Int\u00e9zked\u00e9si terv<\/strong><\/p> <ul> <li><a href=\"https:\/\/univet.hu\/files\/subpages\/259\/files\/Ertesites_tamogatasrol_20170313.pdf\" data-replaced=\"true\" target=\"_blank\" rel=\"noopener\">\u00c9rtes\u00edt\u00e9s t\u00e1mogat\u00e1sr\u00f3l 201<\/a><a href=\"https:\/\/univet.hu\/files\/subpages\/259\/files\/Ertesites_tamogatasrol_20170313%281%29.pdf\" data-replaced=\"true\">7<\/a><\/li> <li><a href=\"https:\/\/univet.hu\/files\/subpages\/259\/files\/ATE_Intezkedesi_terv_szkennelt.pdf\" data-replaced=\"true\">Int\u00e9zked\u00e9si terv 2017<\/a><\/li> <\/ul> <p>&nbsp;<\/p> <p><strong>Kutat\u00f3 Kar 2013-2016 &#8211; Szerz\u0151d\u00e9sek, Int\u00e9zked\u00e9si Tervek<\/strong><\/p> <p>&nbsp;<\/p> <p><strong>2016<\/strong>.<\/p> <p>&nbsp;<\/p> <ul> <li><a href=\"https:\/\/univet.hu\/files\/subpages\/259\/files\/2016_ZARO_szakmai_beszamolo_ATE.pdf\" data-replaced=\"true\">2016. \u00e9vi szakmai besz\u00e1mol\u00f3<\/a><\/li> <li><a href=\"https:\/\/univet.hu\/files\/subpages\/259\/files\/EMMI_KK_2016_Ertesites-tamogatasrol.pdf\" data-replaced=\"true\" target=\"_blank\" rel=\"noopener\">\u00c9rtes\u00edt\u00e9s t\u00e1mogat\u00e1sr\u00f3l 2016<\/a><\/li> <li><a href=\"https:\/\/univet.hu\/files\/subpages\/259\/files\/ATE_KK-2016_TAMOGATOI-OKIRAT.pdf\" data-replaced=\"true\" target=\"_blank\" rel=\"noopener\">T\u00e1mogat\u00f3i okirat 2016<\/a><\/li> <li><a href=\"https:\/\/univet.hu\/files\/subpages\/259\/files\/KK-2016_IntTerv_ATE-alairt-scan.pdf\" data-replaced=\"true\"><u>Int\u00e9zked\u00e9si terv 2016<\/u><\/a><\/li> <\/ul> <p>&nbsp;<\/p> <p><strong>2015.<\/strong><\/p> <ul> <li><a href=\"https:\/\/univet.hu\/files\/subpages\/259\/files\/2015kiertesites2014besz.pdf\" data-replaced=\"true\" target=\"_blank\" rel=\"noopener\">\u00c9rtes\u00edt\u00e9s t\u00e1mogat\u00e1sr\u00f3l 2015<\/a><\/li> <li><a href=\"https:\/\/univet.hu\/files\/subpages\/259\/files\/Intezkedesi-Terv-szempontjai-EMMI-2015.pdf\" data-replaced=\"true\" target=\"_blank\" rel=\"noopener\">Int\u00e9zked\u00e9si terv szempontjai (EMMI)<\/a><\/li> <li><a href=\"https:\/\/univet.hu\/files\/subpages\/259\/files\/2015-Kutatokar-szerzodes-alairt-1-10.pdf\" data-replaced=\"true\" target=\"_blank\" rel=\"noopener\">T\u00e1mogat\u00f3i okirat 2015<\/a><\/li> <li><a href=\"https:\/\/univet.hu\/files\/subpages\/259\/files\/AOTK-Kutatokar-2015-IntTerv-alairt.pdf\" data-replaced=\"true\" target=\"_blank\" rel=\"noopener\">Int\u00e9zked\u00e9si terv 2015<\/a><\/li> <li><a href=\"https:\/\/univet.hu\/files\/subpages\/259\/files\/2015-KK_Szakmai-besz_ALAIRT.pdf\" data-replaced=\"true\" target=\"_blank\" rel=\"noopener\">A 2015. \u00e9vi szakmai besz\u00e1mol\u00f3<\/a><\/li> <\/ul> <p>&nbsp;<\/p> <p><strong>2014.<\/strong><\/p> <ul> <li><a href=\"https:\/\/univet.hu\/files\/subpages\/259\/files\/Kivalosagi_kutato_Kar_tamogatas_aOTK.pdf\" data-replaced=\"true\" target=\"_blank\" rel=\"noopener\">\u00c9rtes\u00edt\u00e9s t\u00e1mogat\u00e1sr\u00f3l 2014<\/a><\/li> <li><a href=\"https:\/\/univet.hu\/files\/subpages\/259\/files\/Kutatokar-Szerzodes-AOTK-2014-alairt.pdf\" data-replaced=\"true\">T\u00e1mogat\u00e1si szerz\u0151d\u00e9s 2014<\/a><\/li> <li><a href=\"https:\/\/univet.hu\/files\/subpages\/259\/files\/KK-Intterv-2014-alairt.pdf\" data-replaced=\"true\" target=\"_blank\" rel=\"noopener\">Int\u00e9zked\u00e9si terv 2014<\/a><\/li> <li><a href=\"https:\/\/univet.hu\/files\/subpages\/260\/files\/KK-2014-beszamolo-szakmai-2-11.pdf\" data-replaced=\"true\" target=\"_blank\" rel=\"noopener\">A 2014. \u00e9vi szakmai besz\u00e1mol\u00f3<\/a><\/li> <\/ul> <p>&nbsp;<\/p> <p><strong>2013.<\/strong><\/p> <ul> <li><a href=\"https:\/\/univet.hu\/files\/subpages\/259\/files\/ertesito-level_EMMI-tol.pdf\" data-replaced=\"true\" target=\"_blank\" rel=\"noopener\">\u00c9rtes\u00edt\u00e9s t\u00e1mogat\u00e1sr\u00f3l 2013<\/a><\/li> <li><a href=\"https:\/\/univet.hu\/files\/subpages\/259\/files\/tamogatasiszerzodes.pdf\" data-replaced=\"true\" target=\"_blank\" rel=\"noopener\">T\u00e1mogat\u00e1si szerz\u0151d\u00e9s 2013<\/a><\/li> <li><a href=\"https:\/\/univet.hu\/files\/subpages\/259\/files\/Intezkedesi_terv-2013-tt-vegleges.pdf\" data-replaced=\"true\">Int\u00e9zked\u00e9si terv 2013<\/a><\/li> <li><a href=\"https:\/\/univet.hu\/files\/subpages\/260\/files\/KK-2013-szakmai-besz-egyben.pdf\" data-replaced=\"true\" target=\"_blank\" rel=\"noopener\">A 2013. \u00e9vi szakmai besz\u00e1mol\u00f3<\/a><\/li> <\/ul> <p>&nbsp;<\/p> <p>&nbsp;<\/p>","protected":false},"excerpt":{"rendered":"<p>Int\u00e9zm\u00e9nyi Kiv\u00e1l\u00f3s\u00e1gi t\u00e1mogat\u00e1s 2018 &#8211; Szerz\u0151d\u00e9s, Int\u00e9zked\u00e9si terv IK Int\u00e9zked\u00e9si Terv 2018 IK T\u00e1mogat\u00e1s 2018 &nbsp; Int\u00e9zm\u00e9nyi Kiv\u00e1l\u00f3s\u00e1gi t\u00e1mogat\u00e1s 2017 &#8211; Szerz\u0151d\u00e9s, Int\u00e9zked\u00e9si terv \u00c9rtes\u00edt\u00e9s t\u00e1mogat\u00e1sr\u00f3l 2017 Int\u00e9zked\u00e9si terv 2017 &nbsp; Kutat\u00f3 Kar 2013-2016 &#8211; Szerz\u0151d\u00e9sek, Int\u00e9zked\u00e9si Tervek &nbsp; 2016. &nbsp; 2016. \u00e9vi szakmai besz\u00e1mol\u00f3 \u00c9rtes\u00edt\u00e9s t\u00e1mogat\u00e1sr\u00f3l 2016 T\u00e1mogat\u00f3i okirat 2016 Int\u00e9zked\u00e9si terv 2016 &nbsp;<\/p>\n","protected":false},"author":1,"featured_media":0,"parent":872,"menu_order":412,"comment_status":"closed","ping_status":"closed","template":"","meta":{"_acf_changed":false,"footnotes":""},"categories":[],"tags":[],"class_list":["post-965","page","type-page","status-publish","hentry"],"acf":[],"_links":{"self":[{"href":"https:\/\/univet.hu\/hu\/wp-json\/wp\/v2\/pages\/965","targetHints":{"allow":["GET"]}}],"collection":[{"href":"https:\/\/univet.hu\/hu\/wp-json\/wp\/v2\/pages"}],"about":[{"href":"https:\/\/univet.hu\/hu\/wp-json\/wp\/v2\/types\/page"}],"author":[{"embeddable":true,"href":"https:\/\/univet.hu\/hu\/wp-json\/wp\/v2\/users\/1"}],"replies":[{"embeddable":true,"href":"https:\/\/univet.hu\/hu\/wp-json\/wp\/v2\/comments?post=965"}],"version-history":[{"count":0,"href":"https:\/\/univet.hu\/hu\/wp-json\/wp\/v2\/pages\/965\/revisions"}],"up":[{"embeddable":true,"href":"https:\/\/univet.hu\/hu\/wp-json\/wp\/v2\/pages\/872"}],"wp:attachment":[{"href":"https:\/\/univet.hu\/hu\/wp-json\/wp\/v2\/media?parent=965"}],"wp:term":[{"taxonomy":"category","embeddable":true,"href":"https:\/\/univet.hu\/hu\/wp-json\/wp\/v2\/categories?post=965"},{"taxonomy":"post_tag","embeddable":true,"href":"https:\/\/univet.hu\/hu\/wp-json\/wp\/v2\/tags?post=965"}],"curies":[{"name":"wp","href":"https:\/\/api.w.org\/{rel}","templated":true}]}}