{"id":96593,"date":"2023-11-08T22:19:04","date_gmt":"2023-11-08T21:19:04","guid":{"rendered":"https:\/\/univet.hu\/hu\/egyetem\/szervezeti-egysegek\/hallgatoi-onkormanyzat-doktorandusz\/aloldal\/name\/"},"modified":"2023-11-08T22:19:04","modified_gmt":"2023-11-08T21:19:04","slug":"iv-doszfeszt-szabadegyetem-doktoranduszoknak","status":"publish","type":"page","link":"https:\/\/univet.hu\/hu\/egyetem\/szervezeti-egysegek\/hallgatoi-onkormanyzat-doktorandusz\/aloldal\/iv-doszfeszt-szabadegyetem-doktoranduszoknak\/","title":{"rendered":"IV. DOSZFESZT \u2013 Szabadegyetem Doktoranduszoknak"},"content":{"rendered":"<div class=\"entry-content\"> <p>\u00d6r\u00f6mmel \u00e9rtes\u00edt\u00fcnk, hogy a Doktoranduszok Orsz\u00e1gos Sz\u00f6vets\u00e9ge (DOSZ) negyedik alkalommal rendezi meg ny\u00e1rz\u00e1r\u00f3 doktorandusz rendezv\u00e9ny\u00e9t, a tavalyi \u00e9vhez hasonl\u00f3an a Debreceni Egyetem Doktorandusz \u00d6nkorm\u00e1nyzat\u00e1val egy\u00fcttm\u0171k\u00f6d\u00e9sben a Debreceni Egyetem impoz\u00e1ns k\u00f6zponti Campus\u00e1n.<\/p> <p>Debrecen Magyarorsz\u00e1g legnagyobb vid\u00e9ki v\u00e1rosa, a Debreceni Egyetem a r\u00e9gi\u00f3 legjelent\u0151sebb fels\u0151oktat\u00e1si int\u00e9zm\u00e9nye, egyike Magyarorsz\u00e1g \u00f6t kutat\u00f3egyetem\u00e9nek. Az int\u00e9zm\u00e9ny az orsz\u00e1gban a legsz\u00e9lesebb k\u00e9pz\u00e9si spektrumot k\u00edn\u00e1lja, mintegy 30 000 hallgat\u00f3ja jelenleg 13 karon folytatja tanulm\u00e1nyait, a t\u00f6bb mint 1000 doktorandusz 25 doktori iskol\u00e1ban v\u00e9gzi kutat\u00f3munk\u00e1j\u00e1t.<\/p> <p>A DOSZFESZT keretein bel\u00fcl olyan helyi nevezetess\u00e9gek l\u00e1togathat\u00f3k meg, mint a Nagyerdei park k\u00f6zelm\u00faltban fel\u00faj\u00edtott \u00e9s a l\u00e1togat\u00f3k el\u0151tt is megnyitott l\u00e1tv\u00e1nyoss\u00e1ga, a Nagyerdei V\u00edztorony, amely tavaszt\u00f3l \u0151szig megunhatatlan sz\u00f3rakoz\u00e1si lehet\u0151s\u00e9gekkel v\u00e1rja az \u00e9rdekl\u0151d\u0151ket. Az 1913-ban \u00e9p\u00fclt, ma is m\u0171k\u00f6d\u0151 v\u00edztorony m\u0171eml\u00e9k\u00e9p\u00fclet\u00e9nek 34 m\u00e9ter magas kil\u00e1t\u00f3j\u00e1b\u00f3l nemcsak a k\u00f6rny\u00e9kre ny\u00edlik kil\u00e1t\u00e1s, de egy speci\u00e1lis t\u00e1vcs\u0151 seg\u00edts\u00e9g\u00e9vel a m\u00faltba is bepillanthat a l\u00e1togat\u00f3. Debrecen m\u00e1sik \u00faj l\u00e1tv\u00e1nyoss\u00e1ga, a stadion, amely a magas f\u00e1k \u00f6lel\u00e9s\u00e9ben szinte \u00e9szrev\u00e9tlen\u00fcl olvad bele a term\u00e9szeti k\u00f6rnyezetbe. A 20 000 f\u00e9r\u0151helyes multifunkcion\u00e1lis l\u00e9tes\u00edtm\u00e9ny nemcsak sportversenyek \u00e9s edz\u00e9sek, hanem kultur\u00e1lis rendezv\u00e9nyek befogad\u00e1s\u00e1ra is kiv\u00e1l\u00f3an alkalmas, az itt m\u0171k\u00f6d\u0151 laborat\u00f3riumban pedig orsz\u00e1gosan egyed\u00fcl\u00e1ll\u00f3 sport\u00e9lettani kutat\u00e1sok zajlanak.<\/p> <p>A rendezv\u00e9ny szakmai \u00e9s szabadid\u0151s k\u00f6z\u00f6ss\u00e9gi programokkal v\u00e1rja a doktoranduszokat. Ahogy az a r\u00e9szv\u00e9teli d\u00edjak alapj\u00e1n is l\u00e1that\u00f3, kiemelten sz\u00e1m\u00edtunk els\u0151\u00e9ves PhD \u00e9s DLA hallgat\u00f3k r\u00e9szv\u00e9tel\u00e9re.<\/p> <p>A DOSZ szervez\u00e9s\u00e9ben megval\u00f3sul\u00f3 szakmai programokon a doktori k\u00e9pz\u00e9ssel kapcsolatos aktu\u00e1lis k\u00e9rd\u00e9sekkel foglalkozunk. Az el\u0151ad\u00e1sok, workshopok \u00e9s kerekasztal-besz\u00e9lget\u00e9sek c\u00e9lja az doktoranduszok felk\u00e9sz\u00edt\u00e9se az el\u0151tt\u00fck \u00e1ll\u00f3 kutat\u00f3i p\u00e1lya kih\u00edv\u00e1saira.<\/p> <p>A szabadid\u0151s programokkal a sz\u00f3rakoz\u00e1si \u00e9s kapcsolat\u00e9p\u00edt\u00e9si lehet\u0151s\u00e9geket szeretn\u00e9nk biztos\u00edtani a r\u00e9sztvev\u0151k sz\u00e1m\u00e1ra. A rendezv\u00e9nyen \u2013 a Debreceni Egyetem k\u00f6zel \u00f6tsz\u00e1z \u00e9ves hagyom\u00e1nyait \u00e9s a helyi adotts\u00e1gokat kihaszn\u00e1lva \u2013 sz\u00e1mos olyan program ker\u00fcl megrendez\u00e9sre, amelyek rem\u00e9nyeink szerint feledhetetlenn\u00e9 teszik az esem\u00e9nyt.<\/p> <p><strong>R\u00e9szv\u00e9teli d\u00edj:<\/strong><\/p> <ul> <li><strong>PhD els\u0151\u00e9ves jegy: 19.990.- Ft\/f\u0151<\/strong>\u00a0\u2013 Akik m\u00e9g nem kezdt\u00e9k meg doktori tanulm\u00e1nyaikat, vagy maximum 2 lez\u00e1rt f\u00e9l\u00e9vvel rendelkeznek. A r\u00e9szv\u00e9teli d\u00edj tartalmazza a r\u00e9szv\u00e9teli lehet\u0151s\u00e9get a rendezv\u00e9ny teljes idej\u00e9re, sz\u00e1ll\u00e1st 2 \u00e9jszak\u00e1ra, teljes ell\u00e1t\u00e1st, a k\u00eds\u00e9r\u0151programokon val\u00f3 r\u00e9szv\u00e9telt.<\/li> <li><strong>Teljes r\u00e9szv\u00e9teli d\u00edj sz\u00e1ll\u00e1s n\u00e9lk\u00fcl: 24.990.- Ft\/f\u0151<\/strong>\u00a0\u2013 A r\u00e9szv\u00e9teli d\u00edj tartalmazza a r\u00e9szv\u00e9teli lehet\u0151s\u00e9get a rendezv\u00e9ny teljes idej\u00e9re, teljes ell\u00e1t\u00e1st, a k\u00eds\u00e9r\u0151programokon val\u00f3 r\u00e9szv\u00e9telt.<\/li> <li><strong>R\u00e9szv\u00e9teli d\u00edj a DOSZ Tudom\u00e1nyos Oszt\u00e1lyainak 2023. augusztus 12-ig felv\u00e9telt nyert rendes tagjai r\u00e9sz\u00e9re: 24.990.- Ft\/f\u0151<\/strong>\u00a0\u2013 A r\u00e9szv\u00e9teli d\u00edj tartalmazza a r\u00e9szv\u00e9teli lehet\u0151s\u00e9get a rendezv\u00e9ny teljes idej\u00e9re, sz\u00e1ll\u00e1st 2 \u00e9jszak\u00e1ra, teljes ell\u00e1t\u00e1st, a k\u00eds\u00e9r\u0151programokon val\u00f3 r\u00e9szv\u00e9telt.<\/li> <li><strong>Teljes r\u00e9szv\u00e9teli d\u00edj: 28.990.-Ft\/f\u0151<\/strong>\u00a0\u2013 A r\u00e9szv\u00e9teli d\u00edj tartalmazza a r\u00e9szv\u00e9teli lehet\u0151s\u00e9get a rendezv\u00e9ny teljes idej\u00e9re, sz\u00e1ll\u00e1st 2 \u00e9jszak\u00e1ra, teljes ell\u00e1t\u00e1st, a k\u00eds\u00e9r\u0151programokon val\u00f3 r\u00e9szv\u00e9telt.<\/li> <\/ul> <p>A honlapon t\u00f6rt\u00e9n\u0151 regisztr\u00e1ci\u00f3t k\u00f6vet\u0151en a jelentkez\u0151 a v\u00e1lasztott regisztr\u00e1ci\u00f3s csomag szerinti r\u00e9szv\u00e9teli d\u00edj befizet\u00e9s\u00e9re vonatkoz\u00f3 \u00e9rtes\u00edt\u00e9st kap.<\/p> <p>A r\u00e9szv\u00e9teli d\u00edj visszafizet\u00e9s\u00e9re nincs lehet\u0151s\u00e9g. A jelentkez\u00e9si hat\u00e1rid\u0151 lez\u00e1rult\u00e1t k\u00f6vet\u0151en nincs lehet\u0151s\u00e9g a sz\u00e1ml\u00e1z\u00e1si adatok m\u00f3dos\u00edt\u00e1s\u00e1ra.<\/p> <p>A regisztr\u00e1ci\u00f3s fel\u00fclet a www.dosz.hu oldalon \u00e9rhet\u0151 el.<\/p> <p>Facebook esem\u00e9ny:\u00a0<a href=\"https:\/\/www.facebook.com\/events\/1011740503172283\/\">https:\/\/www.facebook.com\/events\/1011740503172283\/<\/a><\/p> <p>&nbsp;<\/p> <p><strong>Jelentkez\u00e9si hat\u00e1rid\u0151:<\/strong>\u00a02023. augusztus 20.<\/p> <p><strong>R\u00e9szv\u00e9teli d\u00edj befizet\u00e9s:<\/strong>\u00a02023. augusztus 25.<\/p> <p>&nbsp;<\/p> <p>Tov\u00e1bbi inform\u00e1ci\u00f3\u00e9rt k\u00e9rj\u00fck, l\u00e1togasson el a www.dosz.hu weboldalra vagy forduljon bizalommal a rendezv\u00e9ny szervez\u0151ihez az\u00a0<a class=\"decrypt\" rel=\"jogpAept{\/iv\">[E-mail megjelen\u00edt\u00e9se]<\/a>\u00a0email c\u00edmen.<\/p> <p>&nbsp;<\/p> <div class=\"table-responsive\"> <table class=\"table table-striped\" border=\"0\" width=\"100%\" cellspacing=\"0\" cellpadding=\"0\" align=\"left\"> <tbody> <tr> <td> <p align=\"center\">Moln\u00e1r D\u00e1niel<br \/> <em>eln\u00f6k<\/em><br \/> Doktoranduszok Orsz\u00e1gos Sz\u00f6vets\u00e9ge<\/p> <\/td> <td> <p align=\"center\">B\u00e1cs Bence Andr\u00e1s<br \/> <em>eln\u00f6khelyettes<\/em><br \/> Debreceni Egyetem Doktorandusz \u00d6nkorm\u00e1nyzat<\/p> <\/td> <\/tr> <\/tbody> <\/table> <\/div> <div class=\"row\"><\/div> <div class=\"clearfix\"><\/div> <\/div> <footer class=\"entry-footer wow fadeInLeft\"> <div class=\"share_buttons\"><\/div> <\/footer>","protected":false},"excerpt":{"rendered":"<p>\u00d6r\u00f6mmel \u00e9rtes\u00edt\u00fcnk, hogy a Doktoranduszok Orsz\u00e1gos Sz\u00f6vets\u00e9ge (DOSZ) negyedik alkalommal rendezi meg ny\u00e1rz\u00e1r\u00f3 doktorandusz rendezv\u00e9ny\u00e9t, a tavalyi \u00e9vhez hasonl\u00f3an a Debreceni Egyetem Doktorandusz \u00d6nkorm\u00e1nyzat\u00e1val egy\u00fcttm\u0171k\u00f6d\u00e9sben a Debreceni Egyetem impoz\u00e1ns k\u00f6zponti Campus\u00e1n. Debrecen Magyarorsz\u00e1g legnagyobb vid\u00e9ki v\u00e1rosa, a Debreceni Egyetem a r\u00e9gi\u00f3 legjelent\u0151sebb fels\u0151oktat\u00e1si int\u00e9zm\u00e9nye, egyike Magyarorsz\u00e1g \u00f6t kutat\u00f3egyetem\u00e9nek. Az int\u00e9zm\u00e9ny az orsz\u00e1gban a legsz\u00e9lesebb k\u00e9pz\u00e9si<\/p>\n","protected":false},"author":3837,"featured_media":0,"parent":52646,"menu_order":0,"comment_status":"open","ping_status":"open","template":"","meta":{"_acf_changed":false,"footnotes":""},"categories":[],"tags":[],"class_list":["post-96593","page","type-page","status-publish","hentry"],"acf":[],"_links":{"self":[{"href":"https:\/\/univet.hu\/hu\/wp-json\/wp\/v2\/pages\/96593","targetHints":{"allow":["GET"]}}],"collection":[{"href":"https:\/\/univet.hu\/hu\/wp-json\/wp\/v2\/pages"}],"about":[{"href":"https:\/\/univet.hu\/hu\/wp-json\/wp\/v2\/types\/page"}],"author":[{"embeddable":true,"href":"https:\/\/univet.hu\/hu\/wp-json\/wp\/v2\/users\/3837"}],"replies":[{"embeddable":true,"href":"https:\/\/univet.hu\/hu\/wp-json\/wp\/v2\/comments?post=96593"}],"version-history":[{"count":0,"href":"https:\/\/univet.hu\/hu\/wp-json\/wp\/v2\/pages\/96593\/revisions"}],"up":[{"embeddable":true,"href":"https:\/\/univet.hu\/hu\/wp-json\/wp\/v2\/pages\/52646"}],"wp:attachment":[{"href":"https:\/\/univet.hu\/hu\/wp-json\/wp\/v2\/media?parent=96593"}],"wp:term":[{"taxonomy":"category","embeddable":true,"href":"https:\/\/univet.hu\/hu\/wp-json\/wp\/v2\/categories?post=96593"},{"taxonomy":"post_tag","embeddable":true,"href":"https:\/\/univet.hu\/hu\/wp-json\/wp\/v2\/tags?post=96593"}],"curies":[{"name":"wp","href":"https:\/\/api.w.org\/{rel}","templated":true}]}}