{"id":966,"date":"2017-11-27T15:49:00","date_gmt":"2017-11-27T14:49:00","guid":{"rendered":"http:\/\/univet.hu\/egyetem\/eredmenyek\/"},"modified":"2020-07-23T12:09:47","modified_gmt":"2020-07-23T10:09:47","slug":"eredmenyek","status":"publish","type":"page","link":"https:\/\/univet.hu\/hu\/kutatas\/kutatasok\/eredmenyek\/","title":{"rendered":"Eredm\u00e9nyek"},"content":{"rendered":"<p><strong>EFOP-3.6.3-II-UK-2020 <\/strong>\u00daj Kutat\u00e1s:<\/p> <p><strong><a href=\"https:\/\/univet.hu\/wp-content\/uploads\/2020\/07\/EFOP-363-II-UK-2020-p\u00e1ly\u00e1zatok-\u00f6sszes\u00edt\u00e9se.pdf\">EFOP-363-II-UK-2020-p\u00e1ly\u00e1zatok-\u00f6sszes\u00edt\u00e9se<\/a><\/strong><\/p> <p><strong>\u00c1TE-IK-KF-2020<\/strong> <strong>Kutat\u00f3csoportok<\/strong>:<\/p> <p><a href=\"https:\/\/univet.hu\/wp-content\/uploads\/2019\/12\/\u00c1TE-IK-KF-2020_palyazatok_osszes\u00edto.xlsx\">\u00c1TE-IK-KF-2020_palyazatok_osszes\u00edto<\/a><\/p> <p>&nbsp;<\/p> <p><strong>EFOP-3.6.3-UK-2020 <\/strong>\u00daj Kutat\u00e1s:<\/p> <p><a href=\"https:\/\/univet.hu\/wp-content\/uploads\/2019\/12\/EFOP-363-UK-2020_honlapra.xlsx\">EFOP-363-UK-2020_honlapra<\/a><\/p> <p>&nbsp;<\/p> <p><strong>Eredm\u00e9nyek<\/strong><\/p> <p><strong>\u00daNKP 2019\/2020 nyertes p\u00e1ly\u00e1z\u00f3i:<\/strong><\/p> <p><a href=\"https:\/\/univet.hu\/wp-content\/uploads\/2019\/11\/2019_2020_\u00daNKP_V\u00c9GLEGES_\u00d6SZT\u00d6ND\u00cdJAS_LISTA_\u00c1TE_honlapra.xlsx\">2019_2020_\u00daNKP_V\u00c9GLEGES_\u00d6SZT\u00d6ND\u00cdJAS_LISTA_\u00c1TE_honlapra<\/a><\/p> <p><strong>Int\u00e9zm\u00e9nyi Kiv\u00e1l\u00f3s\u00e1g 2017, 2018\u00a0<\/strong><\/p> <p><strong>2018.<\/strong><\/p> <ul> <li><a href=\"https:\/\/univet.hu\/wp-content\/uploads\/2018\/11\/IK_PHD-2018-eredm\u00e9ny.pdf\" data-replaced=\"true\">IK-PHD-2018 eredm\u00e9ny<\/a><\/li> <li><a href=\"https:\/\/univet.hu\/wp-content\/uploads\/2018\/11\/IK-UK-2018.pdf\" data-replaced=\"true\">IK-UK-2018 eredm\u00e9ny<\/a><\/li> <li><a href=\"https:\/\/univet.hu\/wp-content\/uploads\/2018\/11\/IK-KF-2018-kutat\u00f3csoporti-eredm\u00e9ny-1.pdf\" data-replaced=\"true\">IK-KF-2018 (kutat\u00f3csoport) eredm\u00e9ny<\/a><\/li> <\/ul> <p>&nbsp;<\/p> <p><strong>2017.<\/strong><\/p> <ul> <li><a href=\"https:\/\/univet.hu\/files\/subpages\/260\/files\/IK-KF-2017%20%28kutat%C3%B3csoport%29%20eredm%C3%A9ny.pdf\" data-replaced=\"true\">IK-KF-2017 (kutat\u00f3csoport) eredm\u00e9ny<\/a><\/li> <li><a href=\"https:\/\/univet.hu\/files\/subpages\/260\/files\/IK-PHD-2017%20eredm%C3%A9ny.pdf\" data-replaced=\"true\">IK-PHD-2017 eredm\u00e9ny<\/a><\/li> <li><a href=\"https:\/\/univet.hu\/files\/subpages\/260\/files\/IK-UK-2017%20%28%C3%BAj%20kutat%C3%A1si%20t%C3%A9ma%29%20eredm%C3%A9ny.pdf\" data-replaced=\"true\">IK-UK-2017 (\u00faj kutat\u00e1si t\u00e9ma) eredm\u00e9ny<\/a><\/li> <\/ul> <p>&nbsp;<\/p> <p>&nbsp;<\/p> <p><strong>Kutat\u00f3 Kar 2013-2016.<\/strong><\/p> <p><strong>2016.<\/strong><\/p> <ul> <li><a href=\"https:\/\/univet.hu\/files\/subpages\/260\/files\/MAL-osszesites-2016_javitott.pdf\" data-replaced=\"true\">M\u00c1L jutalmak 2016. (2016. j\u00fanius-2017.\u00e1prilis)<\/a><\/li> <li><a href=\"https:\/\/univet.hu\/files\/subpages\/260\/files\/KK-IF-2016_DONTES_tamogatas.pdf\" data-replaced=\"true\">KK-IF-2016 impakt faktor teljes\u00edtm\u00e9ny eredm\u00e9ny<\/a><\/li> <li><a href=\"https:\/\/univet.hu\/files\/subpages\/260\/files\/KK-KF-2016_DONTES-ki.pdf\" target=\"_blank\" rel=\"noopener\" data-replaced=\"true\">KK-KF-2016 (kutat\u00f3csoport) eredm\u00e9ny<\/a><\/li> <li><a href=\"https:\/\/univet.hu\/files\/subpages\/260\/files\/KK-UK-2016-DONTES-ki%281%29.pdf\" target=\"_blank\" rel=\"noopener\" data-replaced=\"true\">KK-UK-2016 (\u00faj kutat\u00e1si t\u00e9ma) eredm\u00e9ny<\/a><\/li> <li><a href=\"https:\/\/univet.hu\/files\/subpages\/260\/files\/KK-PHD-2016_DONTES-ki.pdf\" target=\"_blank\" rel=\"noopener\" data-replaced=\"true\">KK-PHD-2016 eredm\u00e9ny<\/a><\/li> <li><a href=\"https:\/\/univet.hu\/files\/subpages\/260\/files\/KK-KE-2016-Konferencia_DONTES-ki%281%29.pdf\" data-replaced=\"true\">KK-KE-2016 konferencia<\/a><\/li> <li><a href=\"https:\/\/univet.hu\/files\/subpages\/260\/files\/KK-KE-2016-publikacio_DONTES-ki.pdf\" data-replaced=\"true\">KK-KE-2016 publik\u00e1ci\u00f3\u00a0<\/a><\/li> <li><a href=\"https:\/\/univet.hu\/files\/subpages\/260\/files\/KK-2016%20TDK%282%29.pdf\" data-replaced=\"true\">TDK t\u00e9mavezet\u0151k jutalmaz\u00e1sa 2016.<\/a><\/li> <\/ul> <p>&nbsp;<\/p> <p><strong>2015.<\/strong><\/p> <ul> <li><a href=\"https:\/\/univet.hu\/files\/subpages\/260\/files\/KK-KF-2015-DONTES-ki.pdf\" target=\"_blank\" rel=\"noopener\" data-replaced=\"true\">KK-KF-2015 (kutat\u00f3csoport) eredm\u00e9ny<\/a><\/li> <li><a href=\"https:\/\/univet.hu\/files\/subpages\/260\/files\/KK-UK-2015-DONTES-ki.pdf\" target=\"_blank\" rel=\"noopener\" data-replaced=\"true\">KK-UK-2015 (\u00faj kutat\u00e1si t\u00e9ma) eredm\u00e9ny<\/a><\/li> <li><a href=\"https:\/\/univet.hu\/files\/subpages\/260\/files\/KK-PHD-2015-DONTES-ki.pdf\" target=\"_blank\" rel=\"noopener\" data-replaced=\"true\">KK-PHD-2015 eredm\u00e9ny<\/a><\/li> <li><a href=\"https:\/\/univet.hu\/files\/subpages\/260\/files\/KK-OK-IF-2015-Dontes_0419_honlapra.pdf\" data-replaced=\"true\">KK-OK-IF-2015 eredm\u00e9ny<\/a><\/li> <li><a href=\"https:\/\/univet.hu\/files\/subpages\/260\/files\/TDK_temavezetoi_jutalmak_honlapra.pdf\" data-replaced=\"true\">TDK t\u00e9mavezet\u0151k jutalmaz\u00e1sa 2015.<\/a><\/li> <li><a href=\"https:\/\/univet.hu\/files\/subpages\/260\/files\/MAL-osszesites_HONLAPRA%282%29.pdf\" data-replaced=\"true\">M\u00c1L jutalmak 2015<\/a><\/li> <li><a href=\"https:\/\/univet.huhttps:\/\/univet.hu\/files\/subpages\/260\/files\/KK-KE-2015-Konferencia_Honlapra.pdf\" data-replaced=\"true\">KK-KE-2015 konferencia<\/a><\/li> <li><a href=\"https:\/\/univet.huhttps:\/\/univet.hu\/files\/subpages\/260\/files\/KK-KE-2015-Konferencia_Honlapra.pdf\" data-replaced=\"true\">KK-KE-2015 p<\/a><a href=\"https:\/\/univet.hu\/files\/subpages\/260\/files\/KK-KE-2015-publikacio-HONLAPRA.pdf\" data-replaced=\"true\">ublik\u00e1ci\u00f3<\/a><\/li> <li><a href=\"https:\/\/univet.hu\/files\/subpages\/260\/files\/2015-KK_Szakmai-besz_ALAIRT.pdf\" target=\"_blank\" rel=\"noopener\" data-replaced=\"true\">A 2015. \u00e9vi szakmai besz\u00e1mol\u00f3<\/a><\/li> <\/ul> <p>&nbsp;<\/p> <p><strong>2014.<\/strong><\/p> <ul> <li><a href=\"https:\/\/univet.hu\/files\/subpages\/260\/files\/KK-KF-2014-kozzetetelre.pdf\" target=\"_blank\" rel=\"noopener\" data-replaced=\"true\">KK-KF-2014 (kutat\u00f3csoport) eredm\u00e9ny<\/a><\/li> <li><a href=\"https:\/\/univet.hu\/files\/subpages\/260\/files\/KK-UK-2014-kozzetetelre.pdf\" target=\"_blank\" rel=\"noopener\" data-replaced=\"true\">KK-UK-2014 (\u00faj kutat\u00e1si t\u00e9ma) eredm\u00e9ny<\/a><\/li> <li><a href=\"https:\/\/univet.hu\/files\/subpages\/260\/files\/KK-PHD-2014-kozzetetelre.pdf\" target=\"_blank\" rel=\"noopener\" data-replaced=\"true\">KK-PHD-2014 eredm\u00e9ny<\/a><\/li> <li><a href=\"https:\/\/univet.hu\/files\/subpages\/260\/files\/KK-KE-2014-Osszesito-0317-honlapra.pdf\" target=\"_blank\" rel=\"noopener\" data-replaced=\"true\">KK-KE-2014 eredm\u00e9nyek 2015.03.17-ig<\/a><\/li> <li><a href=\"https:\/\/univet.hu\/files\/subpages\/260\/files\/2014-apr-szept-MAL-honlapra.pdf\" target=\"_blank\" rel=\"noopener\" data-replaced=\"true\">M\u00c1L jutalmak 2014. II. \u00e9s III. negyed\u00e9v<\/a><\/li> <li><a href=\"https:\/\/univet.hu\/files\/subpages\/260\/files\/TDK-dijazottak-honlapra.pdf\" target=\"_blank\" rel=\"noopener\" data-replaced=\"true\">TDK t\u00e9mavezet\u0151k jutalmaz\u00e1sa 2014.<\/a><\/li> <li><a href=\"https:\/\/univet.hu\/files\/subpages\/260\/files\/MAL-Osszesites-2014-okt-2015-marc.pdf\" target=\"_blank\" rel=\"noopener\" data-replaced=\"true\">M\u00c1L jutalmak 2014. okt. &#8211; 2015. m\u00e1rc.<\/a><\/li> <li><a href=\"https:\/\/univet.hu\/files\/subpages\/260\/files\/IF-adatok-elso10-honlapra.pdf\" target=\"_blank\" rel=\"noopener\" data-replaced=\"true\">2014. \u00e9vi IF jutalmak<\/a><\/li> <\/ul> <ul> <li><a href=\"https:\/\/univet.hu\/files\/subpages\/260\/files\/KK-2014-beszamolo-szakmai-2-11.pdf\" target=\"_blank\" rel=\"noopener\" data-replaced=\"true\">A 2014. \u00e9vi szakmai besz\u00e1mol\u00f3<\/a><\/li> <\/ul> <p>&nbsp;<\/p> <p><strong>2013.<\/strong><\/p> <ul> <li><a href=\"https:\/\/univet.hu\/files\/subpages\/260\/files\/benyujtott-kutatasi-palyazatok-2013.pdf\" target=\"_blank\" rel=\"noopener\" data-replaced=\"true\">Beny\u00fajtott kutat\u00e1si p\u00e1ly\u00e1zatok 2013. m\u00e1j.<\/a><\/li> <li><a href=\"https:\/\/univet.hu\/files\/subpages\/260\/files\/Kutatokar-palyazat-eredmenyei-2013-06-ig.pdf\" target=\"_blank\" rel=\"noopener\" data-replaced=\"true\">Kutat\u00e1si p\u00e1ly\u00e1zatok eredm\u00e9nyei 2013.05.28.<\/a><\/li> <li><a href=\"https:\/\/univet.hu\/files\/subpages\/260\/files\/tamogatott-MaL-cikkek-nov-04-ig.pdf\" target=\"_blank\" rel=\"noopener\" data-replaced=\"true\">T\u00e1mogatott M\u00c1L cikkek 2013.11.04-ig<\/a><\/li> <li><a href=\"https:\/\/univet.hu\/files\/subpages\/260\/files\/TDK-jutalmak-2013-nov.pdf\" target=\"_blank\" rel=\"noopener\" data-replaced=\"true\">TDK t\u00e9mavezet\u0151i d\u00edjaz\u00e1sok 2013. nov.<\/a><\/li> <li><a title=\"HU\" href=\"https:\/\/univet.hu\/files\/subpages\/260\/files\/IF-jegyzet-es-MaL-jutalmak-2014-03.pdf\" target=\"_blank\" rel=\"noopener\" data-replaced=\"true\">IF, jegyzet \u00e9s M\u00c1L jutalmak 2014.03.28-ig<\/a><\/li> <\/ul> <ul> <li><a href=\"https:\/\/univet.hu\/files\/subpages\/260\/files\/KK-2013-szakmai-besz-egyben.pdf\" target=\"_blank\" rel=\"noopener\" data-replaced=\"true\">A 2013. \u00e9vi szakmai besz\u00e1mol\u00f3<\/a><\/li> <\/ul> <p>&nbsp;<\/p> <p>&nbsp;<\/p>","protected":false},"excerpt":{"rendered":"<p>B\u00fcszk\u00e9k vagyunk az egyetem\u00fcnk\u00f6n zajl\u00f3 pezsg\u0151 kutat\u00f3i munk\u00e1ra, amelyek eredm\u00e9nyeir\u0151l rendszeresen besz\u00e1molunk.<\/p>\n","protected":false},"author":1,"featured_media":0,"parent":872,"menu_order":411,"comment_status":"closed","ping_status":"closed","template":"","meta":{"_acf_changed":false,"footnotes":""},"categories":[],"tags":[],"class_list":["post-966","page","type-page","status-publish","hentry"],"acf":[],"_links":{"self":[{"href":"https:\/\/univet.hu\/hu\/wp-json\/wp\/v2\/pages\/966","targetHints":{"allow":["GET"]}}],"collection":[{"href":"https:\/\/univet.hu\/hu\/wp-json\/wp\/v2\/pages"}],"about":[{"href":"https:\/\/univet.hu\/hu\/wp-json\/wp\/v2\/types\/page"}],"author":[{"embeddable":true,"href":"https:\/\/univet.hu\/hu\/wp-json\/wp\/v2\/users\/1"}],"replies":[{"embeddable":true,"href":"https:\/\/univet.hu\/hu\/wp-json\/wp\/v2\/comments?post=966"}],"version-history":[{"count":0,"href":"https:\/\/univet.hu\/hu\/wp-json\/wp\/v2\/pages\/966\/revisions"}],"up":[{"embeddable":true,"href":"https:\/\/univet.hu\/hu\/wp-json\/wp\/v2\/pages\/872"}],"wp:attachment":[{"href":"https:\/\/univet.hu\/hu\/wp-json\/wp\/v2\/media?parent=966"}],"wp:term":[{"taxonomy":"category","embeddable":true,"href":"https:\/\/univet.hu\/hu\/wp-json\/wp\/v2\/categories?post=966"},{"taxonomy":"post_tag","embeddable":true,"href":"https:\/\/univet.hu\/hu\/wp-json\/wp\/v2\/tags?post=966"}],"curies":[{"name":"wp","href":"https:\/\/api.w.org\/{rel}","templated":true}]}}