{"id":97602,"date":"2024-01-08T15:48:43","date_gmt":"2024-01-08T14:48:43","guid":{"rendered":"https:\/\/univet.hu\/hu\/oktatas\/tovabbkepzes\/name-2\/"},"modified":"2024-04-15T14:30:02","modified_gmt":"2024-04-15T12:30:02","slug":"szakmai-napok-2024","status":"publish","type":"page","link":"https:\/\/univet.hu\/hu\/oktatas\/tovabbkepzes\/szakmai-napok-2024\/","title":{"rendered":"Szakmai Napok 2024"},"content":{"rendered":"<p><span class=\"emphasis\"><strong>Tervezett szakmai napok<\/strong><\/span><\/p> <p><strong>&#8222;Egy\u00fcttm\u0171k\u00f6d\u00e9sben a hazai antimikrobi\u00e1lis rezisztencia cs\u00f6kkent\u00e9s\u00e9\u00e9rt&#8221; konferencia 2024. m\u00e1jus 7. (kedd) 10 \u00f3ra<\/strong><\/p> <p>Helysz\u00edni r\u00e9szv\u00e9tel<\/p> <p>Helysz\u00edn: \u00c1llatorvostudom\u00e1nyi Egyetem, 1078 Budapest Istv\u00e1n u. 2. Aula<\/p> <p><strong>A r\u00e9szv\u00e9tel t\u00e9r\u00edt\u00e9smentes, de regisztr\u00e1ci\u00f3k\u00f6teles.<\/strong><\/p> <p>Program:\u00a0<a href=\"https:\/\/univet.hu\/wp-content\/uploads\/2024\/04\/AMR-konferencia-online-meghi\u0301vo\u0301-240411.pdf\">ITT<\/a><\/p> <p>Regisztr\u00e1ci\u00f3: <a href=\"https:\/\/forms.office.com\/e\/3epffPdqrM\">ITT<\/a><\/p> <p><strong>Jelentkez\u00e9si hat\u00e1rid\u0151: 2024. m\u00e1jus 3.<\/strong><\/p> <p>Tov\u00e1bbi inform\u00e1ci\u00f3: <a class=\"decrypt\" rel=\"benjo\/ullAvojwfu\/iv\" href=\"javascript:void(0);\">[Kattintson az emailc\u00edmhez]<\/a><\/p> <p>&nbsp;<\/p> <p>&nbsp;<\/p> <p><strong><span style=\"font-family: georgia, palatino, serif; font-size: 12pt;\">&#8222;21st European Carabidologists&#8217; Meeting&#8221; konferencia\/conference <\/span><span style=\"font-family: georgia, palatino, serif; font-size: 12pt;\">\u2013 2024. j\u00fanius 3-5. \/ From 3<sup>rd<\/sup> to 5<sup>th<\/sup> June, 2024<\/span><br \/> <\/strong><\/p> <p><strong>Helysz\u00edn\/Venue:<\/strong> \u00c1llatorvostudom\u00e1nyi Egyetem, 1078 Budapest Istv\u00e1n u. 2. \/University of Veterinary Medicine Budapest<\/p> <p>Inform\u00e1ci\u00f3\/information:\u00a0<a href=\"https:\/\/sites.google.com\/view\/21ecm\" rel=\"attachment wp-att-83783\">ITT\/HERE<\/a><\/p> <p>Regisztr\u00e1ci\u00f3\/registration: <a href=\"https:\/\/forms.office.com\/e\/ivGtLN4A7N\">ITT\/HERE<\/a><\/p> <p><strong>Jelentkez\u00e9si hat\u00e1rid\u0151\/registration deadline: 2024. \u00e1prilis 30.\/ 30<sup>th <\/sup>April 2024.<\/strong><\/p> <p>&nbsp;<\/p> <p><span class=\"emphasis\"><strong>Lez\u00e1rult szakmai napok<\/strong><\/span><\/p> <p class=\"x_MsoNormal\"><b>\u201cA hazai vadeg\u00e9szs\u00e9g\u00fcgy \u00e9s vadgazd\u00e1lkod\u00e1s aktu\u00e1lis k\u00e9rd\u00e9sei 2024\u201d konferencia<\/b>\u00a0\u2013\u00a0<b>2024. m\u00e1rcius 21<\/b>. (cs\u00fct\u00f6rt\u00f6k) 10 \u00f3ra<\/p> <p class=\"x_MsoNormal\">Helysz\u00edni r\u00e9szv\u00e9tel<\/p> <p class=\"x_MsoNormal\">Helysz\u00edn: \u00c1llatorvostudom\u00e1nyi Egyetem, 1078 Budapest Istv\u00e1n u. 2. Aula<\/p> <p class=\"x_MsoNormal\"><b>A r\u00e9szv\u00e9tel t\u00e9r\u00edt\u00e9smentes, de regisztr\u00e1ci\u00f3k\u00f6teles.<\/b><\/p> <p class=\"x_MsoNormal\">Program:\u00a0\u00a0<a href=\"https:\/\/univet.hu\/wp-content\/uploads\/2024\/03\/A-hazai-vadeg\u00e9szs\u00e9g\u00fcgy-\u00e9s-vadgazd\u00e1lkod\u00e1s-aktu\u00e1lis-k\u00e9rd\u00e9sei-2024-konferencia-megh\u00edv\u00f3_\u00c1llatorvostudom\u00e1nyi-Egyetem_20240321.pdf\">ITT<\/a><\/p> <p class=\"x_MsoNormal\">Regisztr\u00e1ci\u00f3:\u00a0<a href=\"https:\/\/forms.office.com\/e\/6utFGh6WZg\">ITT<\/a><\/p> <p class=\"x_MsoNormal\"><b>Jelentkez\u00e9si hat\u00e1rid\u0151: 2024. m\u00e1rcius 18.<\/b><\/p> <p class=\"x_MsoNormal\">Tov\u00e1bbi inform\u00e1ci\u00f3:\u00a0<a class=\"decrypt\" rel=\"hzvsdtp\/besjfooAvojwfu\/iv\" href=\"javascript:void(0);\">[Kattintson az emailc\u00edmhez]<\/a><\/p> <p>&nbsp;<\/p> <p><strong>\u201cAntimikrobi\u00e1lis szerek helyes haszn\u00e1lata \u00e9lelmiszertermel\u0151 \u00e1llatokban\u201d szakmai nap 2024. 02. 20 \u2013 21.<\/strong><\/p> <p>HELYSZ\u00cdNI\/ONLINE r\u00e9szv\u00e9tel<\/p> <p>Hirdet\u00e9s: <a href=\"https:\/\/univet.hu\/wp-content\/uploads\/2024\/01\/Antimikrobia\u0301lis-\u00c1TE-0220_21.pdf\">ITT<\/a><\/p> <p>Jelentkez\u00e9si lap: <a href=\"https:\/\/forms.office.com\/e\/fAuPY5VW9m\">ITT<\/a><\/p> <p><strong>Jelentkez\u00e9si hat\u00e1rid\u0151: 2024. febru\u00e1r 5.\u00a0<\/strong><\/p> <p>&nbsp;<\/p> <p>&nbsp;<\/p> <p>&nbsp;<\/p> <p>&nbsp;<\/p>","protected":false},"excerpt":{"rendered":"<p>Tervezett szakmai napok &#8222;Egy\u00fcttm\u0171k\u00f6d\u00e9sben a hazai antimikrobi\u00e1lis rezisztencia cs\u00f6kkent\u00e9s\u00e9\u00e9rt&#8221; konferencia 2024. m\u00e1jus 7. (kedd) 10 \u00f3ra Helysz\u00edni r\u00e9szv\u00e9tel Helysz\u00edn: \u00c1llatorvostudom\u00e1nyi Egyetem, 1078 Budapest Istv\u00e1n u. 2. Aula A r\u00e9szv\u00e9tel t\u00e9r\u00edt\u00e9smentes, de regisztr\u00e1ci\u00f3k\u00f6teles. Program:\u00a0ITT Regisztr\u00e1ci\u00f3: ITT Jelentkez\u00e9si hat\u00e1rid\u0151: 2024. m\u00e1jus 3. Tov\u00e1bbi inform\u00e1ci\u00f3: [Kattintson az emailc\u00edmhez] &nbsp; &nbsp; &#8222;21st European Carabidologists&#8217; Meeting&#8221; konferencia\/conference \u2013 2024. j\u00fanius<\/p>\n","protected":false},"author":4806,"featured_media":0,"parent":680,"menu_order":229,"comment_status":"open","ping_status":"open","template":"","meta":{"_acf_changed":false,"footnotes":""},"categories":[],"tags":[],"class_list":["post-97602","page","type-page","status-publish","hentry"],"acf":[],"_links":{"self":[{"href":"https:\/\/univet.hu\/hu\/wp-json\/wp\/v2\/pages\/97602","targetHints":{"allow":["GET"]}}],"collection":[{"href":"https:\/\/univet.hu\/hu\/wp-json\/wp\/v2\/pages"}],"about":[{"href":"https:\/\/univet.hu\/hu\/wp-json\/wp\/v2\/types\/page"}],"author":[{"embeddable":true,"href":"https:\/\/univet.hu\/hu\/wp-json\/wp\/v2\/users\/4806"}],"replies":[{"embeddable":true,"href":"https:\/\/univet.hu\/hu\/wp-json\/wp\/v2\/comments?post=97602"}],"version-history":[{"count":0,"href":"https:\/\/univet.hu\/hu\/wp-json\/wp\/v2\/pages\/97602\/revisions"}],"up":[{"embeddable":true,"href":"https:\/\/univet.hu\/hu\/wp-json\/wp\/v2\/pages\/680"}],"wp:attachment":[{"href":"https:\/\/univet.hu\/hu\/wp-json\/wp\/v2\/media?parent=97602"}],"wp:term":[{"taxonomy":"category","embeddable":true,"href":"https:\/\/univet.hu\/hu\/wp-json\/wp\/v2\/categories?post=97602"},{"taxonomy":"post_tag","embeddable":true,"href":"https:\/\/univet.hu\/hu\/wp-json\/wp\/v2\/tags?post=97602"}],"curies":[{"name":"wp","href":"https:\/\/api.w.org\/{rel}","templated":true}]}}