{"id":97651,"date":"2024-01-10T15:37:09","date_gmt":"2024-01-10T14:37:09","guid":{"rendered":"https:\/\/univet.hu\/?page_id=97651"},"modified":"2026-01-30T12:30:35","modified_gmt":"2026-01-30T11:30:35","slug":"gyik","status":"publish","type":"page","link":"https:\/\/univet.hu\/hu\/oktatas\/kurzusok\/allatorvosi-novenytan\/gyik\/","title":{"rendered":"GYIK"},"content":{"rendered":"<h3 style=\"text-align: center\"><span style=\"color: #0000ff\"><strong>Gyakran Ism\u00e9telt K\u00e9rd\u00e9sek az \u00c1llatorvosi n\u00f6v\u00e9nytan t\u00e1rggyal kapcsolatban<\/strong><\/span><\/h3> <p><strong>\u00a0<\/strong><\/p> <ol> <li><span style=\"font-size: 14pt\"><strong>Be kell j\u00e1rni a gyakorlatokra \u00e9s az el\u0151ad\u00e1sokra?<\/strong><\/span><\/li> <\/ol> <p><span style=\"font-size: 14pt\">Igen, a jelenl\u00e9t k\u00f6telez\u0151 a gyakorlatokon \u00e9s az el\u0151ad\u00e1sokon is.<\/span><\/p> <ol start=\"2\"> <li><span style=\"font-size: 14pt\"><strong>B\u00e1rmelyik gyakorlaton r\u00e9szt vehetek?<\/strong><\/span><\/li> <\/ol> <p><span style=\"font-size: 14pt\">Nem, kiz\u00e1r\u00f3lag a saj\u00e1t csoportod gyakorlat\u00e1n vehetsz r\u00e9szt, ami a Neptunban is r\u00f6gz\u00edtve van, a teremben az \u00fcl\u0151helyek sz\u00e1ma limit\u00e1lt. K\u00fcl\u00f6nleges esetekben keresd meg a gyakorlati oktat\u00f3t.<\/span><\/p> <ol start=\"3\"> <li><span style=\"font-size: 14pt\"><strong>A ZH-kon sz\u00e1monk\u00e9rt tananyag halmoz\u00f3dik?<\/strong><\/span><\/li> <\/ol> <p><span style=\"font-size: 14pt\">Nem, minden ZH csak egy adott anyagr\u00e9szt fed le. (L\u00e1sd m\u00e9g: tant\u00e1rgyi tematika a honlapon, \u00e9s az els\u0151 gyakorlat diasora.)<\/span><\/p> <ol start=\"4\"> <li><span style=\"font-size: 14pt\"><strong>Mi az egyes ZH-k minimumpontsz\u00e1ma?<\/strong><\/span><\/li> <\/ol> <p><span style=\"font-size: 14pt\">50% (50,5 pont)<\/span><\/p> <ol start=\"5\"> <li><span style=\"font-size: 14pt\"><strong>Mi t\u00f6rt\u00e9nik, ha megbuktam egy ZH-n?<\/strong><\/span><\/li> <\/ol> <p><span style=\"font-size: 14pt\">Lehet\u0151s\u00e9g van jav\u00edt\u00f3 ZH-t \u00edrni a r\u00e1k\u00f6vetkez\u0151 h\u00e9ten VAGY a jav\u00edt\u00f3 h\u00e9ten, ami \u00e1ltal\u00e1ban a 3. ZH ut\u00e1n van. (L\u00e1sd m\u00e9g: az els\u0151 gyakorlat diasora.)<\/span><\/p> <ol start=\"6\"> <li><span style=\"font-size: 14pt\"><strong>Sajnos nem siker\u00fclt a jav\u00edt\u00f3 ZH-m, mi t\u00f6rt\u00e9nik ezut\u00e1n? <\/strong>Van egy utols\u00f3 jav\u00edt\u00e1si lehet\u0151s\u00e9g, hogy megkapd az al\u00e1\u00edr\u00e1st, de a kor\u00e1bbiakt\u00f3l elt\u00e9r\u0151en ebben az esetben a tananyag a teljes fajlist\u00e1t lefedi. (L\u00e1sd m\u00e9g: az els\u0151 gyakorlat diasora.)<\/span><\/li> <li><span style=\"font-size: 14pt\"><strong>Letehetem a sz\u00f3beli vizsg\u00e1t a ZH-k teljes\u00edt\u00e9se n\u00e9lk\u00fcl?<\/strong><\/span><\/li> <\/ol> <p><span style=\"font-size: 14pt\">Nem, az al\u00e1\u00edr\u00e1s megszerz\u00e9s\u00e9hez mindh\u00e1rom ZH-t teljes\u00edteni kell.<\/span><\/p> <ol start=\"8\"> <li><span style=\"font-size: 14pt\"><strong>Mi a minimum pontsz\u00e1m az \u00c1llatorvosi n\u00f6v\u00e9nytan teljes\u00edt\u00e9s\u00e9hez, 50% vagy 51%?<\/strong><\/span><\/li> <\/ol> <p><span style=\"font-size: 14pt\">51%. Ha minden t\u00e9mak\u00f6rt teljes\u00edtesz legal\u00e1bb egy ponttal a minimum f\u00f6l\u00f6tt, \u00f6sszes\u00edt\u00e9sben ez 51%-ot jelent.<\/span><\/p> <p><span style=\"font-size: 14pt\">9.<strong> Mi a felt\u00e9tele a sikeres vizsg\u00e1nak?<\/strong><\/span><\/p> <p><span style=\"font-size: 14pt\">A sz\u00f3beli vizsg\u00e1n az A \u00e9s B t\u00e9telb\u0151l is legal\u00e1bb 50%-ot kell el\u00e9rni, avagy a maxim\u00e1lisan el\u00e9rhet\u0151 300 pontb\u00f3l 150-et.<\/span><\/p> <p><span style=\"font-size: 14pt\">10. <strong>H\u00e1ny lehet\u0151s\u00e9gem van letenni a sz\u00f3beli vizsg\u00e1t?<\/strong><\/span><\/p> <p><span style=\"font-size: 14pt\">Egy tant\u00e1rgyb\u00f3l a f\u00e9l\u00e9v sor\u00e1n h\u00e1rom vizsgalehet\u0151s\u00e9g \u00e1ll rendelkez\u00e9sre.<\/span><\/p> <p><span style=\"font-size: 14pt\">11.<strong> Feljelentkeztem vizsg\u00e1ra, de v\u00e9g\u00fcl nem mentem el. Ez belesz\u00e1m\u00edt a h\u00e1rom vizsgalehet\u0151s\u00e9gbe?<\/strong><\/span><\/p> <p><span style=\"font-size: 14pt\">Igen.<\/span><\/p> <p><span style=\"font-size: 14pt\">12.<strong> Hol tartj\u00e1k a sz\u00f3beli vizsg\u00e1t az \u00e1llatorvosi n\u00f6v\u00e9nytan t\u00e1rgyb\u00f3l?<\/strong><\/span><\/p> <p><span style=\"font-size: 14pt\">A N\u00f6v\u00e9nytani Tansz\u00e9ken.<\/span><\/p> <p>&nbsp;<\/p> <p><span style=\"color: #0000ff;font-size: 14pt\"><strong><em><span style=\"font-family: 'times new roman', times, serif\">Friss\u00edtve: 2026.01.30.<\/span><\/em><\/strong><\/span><\/p> <p>&nbsp;<\/p>","protected":false},"excerpt":{"rendered":"<p>Gyakran Ism\u00e9telt K\u00e9rd\u00e9sek az \u00c1llatorvosi n\u00f6v\u00e9nytan t\u00e1rggyal kapcsolatban \u00a0 Be kell j\u00e1rni a gyakorlatokra \u00e9s az el\u0151ad\u00e1sokra? Igen, a jelenl\u00e9t k\u00f6telez\u0151 a gyakorlatokon \u00e9s az el\u0151ad\u00e1sokon is. B\u00e1rmelyik gyakorlaton r\u00e9szt vehetek? Nem, kiz\u00e1r\u00f3lag a saj\u00e1t csoportod gyakorlat\u00e1n vehetsz r\u00e9szt, ami a Neptunban is r\u00f6gz\u00edtve van, a teremben az \u00fcl\u0151helyek sz\u00e1ma limit\u00e1lt. K\u00fcl\u00f6nleges esetekben keresd meg<\/p>\n","protected":false},"author":3837,"featured_media":0,"parent":10407,"menu_order":26,"comment_status":"closed","ping_status":"closed","template":"","meta":{"_acf_changed":false,"footnotes":""},"categories":[],"tags":[],"class_list":["post-97651","page","type-page","status-publish","hentry"],"acf":[],"_links":{"self":[{"href":"https:\/\/univet.hu\/hu\/wp-json\/wp\/v2\/pages\/97651","targetHints":{"allow":["GET"]}}],"collection":[{"href":"https:\/\/univet.hu\/hu\/wp-json\/wp\/v2\/pages"}],"about":[{"href":"https:\/\/univet.hu\/hu\/wp-json\/wp\/v2\/types\/page"}],"author":[{"embeddable":true,"href":"https:\/\/univet.hu\/hu\/wp-json\/wp\/v2\/users\/3837"}],"replies":[{"embeddable":true,"href":"https:\/\/univet.hu\/hu\/wp-json\/wp\/v2\/comments?post=97651"}],"version-history":[{"count":2,"href":"https:\/\/univet.hu\/hu\/wp-json\/wp\/v2\/pages\/97651\/revisions"}],"predecessor-version":[{"id":198417,"href":"https:\/\/univet.hu\/hu\/wp-json\/wp\/v2\/pages\/97651\/revisions\/198417"}],"up":[{"embeddable":true,"href":"https:\/\/univet.hu\/hu\/wp-json\/wp\/v2\/pages\/10407"}],"wp:attachment":[{"href":"https:\/\/univet.hu\/hu\/wp-json\/wp\/v2\/media?parent=97651"}],"wp:term":[{"taxonomy":"category","embeddable":true,"href":"https:\/\/univet.hu\/hu\/wp-json\/wp\/v2\/categories?post=97651"},{"taxonomy":"post_tag","embeddable":true,"href":"https:\/\/univet.hu\/hu\/wp-json\/wp\/v2\/tags?post=97651"}],"curies":[{"name":"wp","href":"https:\/\/api.w.org\/{rel}","templated":true}]}}