{"id":97829,"date":"2024-01-19T13:35:25","date_gmt":"2024-01-19T12:35:25","guid":{"rendered":"https:\/\/univet.hu\/?page_id=97829"},"modified":"2024-01-19T13:35:25","modified_gmt":"2024-01-19T12:35:25","slug":"dr-bata-zrt","status":"publish","type":"page","link":"https:\/\/univet.hu\/hu\/oktatas\/tanulmanyi-osztaly\/allasajanlatok\/dr-bata-zrt\/","title":{"rendered":"Dr. Bata Zrt."},"content":{"rendered":"<p>2024.01.19<\/p> <p><a href=\"https:\/\/univet.hu\/wp-content\/uploads\/2024\/01\/\u00c1ll\u00e1shirdet\u00e9s-Dr.Bata-szakmai-marketing-referens-Magyar.pdf\">Szakmai-marketing referens<\/a><\/p> <p>&nbsp;<\/p>","protected":false},"excerpt":{"rendered":"<p>2024.01.19 Szakmai-marketing referens &nbsp;<\/p>\n","protected":false},"author":2961,"featured_media":0,"parent":26415,"menu_order":112,"comment_status":"closed","ping_status":"closed","template":"","meta":{"_acf_changed":false,"footnotes":""},"categories":[],"tags":[],"class_list":["post-97829","page","type-page","status-publish","hentry"],"acf":[],"_links":{"self":[{"href":"https:\/\/univet.hu\/hu\/wp-json\/wp\/v2\/pages\/97829","targetHints":{"allow":["GET"]}}],"collection":[{"href":"https:\/\/univet.hu\/hu\/wp-json\/wp\/v2\/pages"}],"about":[{"href":"https:\/\/univet.hu\/hu\/wp-json\/wp\/v2\/types\/page"}],"author":[{"embeddable":true,"href":"https:\/\/univet.hu\/hu\/wp-json\/wp\/v2\/users\/2961"}],"replies":[{"embeddable":true,"href":"https:\/\/univet.hu\/hu\/wp-json\/wp\/v2\/comments?post=97829"}],"version-history":[{"count":0,"href":"https:\/\/univet.hu\/hu\/wp-json\/wp\/v2\/pages\/97829\/revisions"}],"up":[{"embeddable":true,"href":"https:\/\/univet.hu\/hu\/wp-json\/wp\/v2\/pages\/26415"}],"wp:attachment":[{"href":"https:\/\/univet.hu\/hu\/wp-json\/wp\/v2\/media?parent=97829"}],"wp:term":[{"taxonomy":"category","embeddable":true,"href":"https:\/\/univet.hu\/hu\/wp-json\/wp\/v2\/categories?post=97829"},{"taxonomy":"post_tag","embeddable":true,"href":"https:\/\/univet.hu\/hu\/wp-json\/wp\/v2\/tags?post=97829"}],"curies":[{"name":"wp","href":"https:\/\/api.w.org\/{rel}","templated":true}]}}