{"id":97843,"date":"2024-01-22T08:47:17","date_gmt":"2024-01-22T07:47:17","guid":{"rendered":"https:\/\/univet.hu\/?page_id=97843"},"modified":"2024-02-26T10:14:39","modified_gmt":"2024-02-26T09:14:39","slug":"diplomaoszto-2024","status":"publish","type":"page","link":"https:\/\/univet.hu\/hu\/diplomaoszto-2024\/","title":{"rendered":"Doktorr\u00e1 avat\u00f3 \u00e9s diplomaoszt\u00f3 \u00fcnneps\u00e9g 2024"},"content":{"rendered":"<p>&nbsp;<\/p> <p><strong>Az esem\u00e9nyr\u0151l k\u00e9sz\u00fclt f\u00e9nyk\u00e9pek<\/strong> <a href=\"https:\/\/allatorvosiegyetem.sharepoint.com\/:f:\/s\/kommunikacio\/EolKLhoxjPZKp44j_M72dhEBzxF5LOxP7ZmdmdVVSlD39g?e=wop1iz\">ITT<\/a> \u00e9rhet\u0151ek el. <strong>A fot\u00f3kat k\u00e9sz\u00edtette:<\/strong> K\u00e1rp\u00e1ti Zsuzsanna<\/p> <p><strong>N\u00e9zze vissza esem\u00e9ny\u00fcnk felv\u00e9tel\u00e9t:<\/strong><\/p> <p><iframe loading=\"lazy\" title=\"YouTube video player\" src=\"https:\/\/www.youtube.com\/embed\/marnWHc3K60?si=S8NSwQE5iPeC3QzN\" width=\"560\" height=\"315\" frameborder=\"0\" allowfullscreen=\"allowfullscreen\"><\/iframe><\/p> <p><strong>Az \u00c1llatorvostudom\u00e1nyi Egyetem Szen\u00e1tusa nev\u00e9ben szeretettel megh\u00edvjuk doktorr\u00e1 avat\u00f3 \u00e9s diplomaoszt\u00f3 \u00fcnneps\u00e9g\u00fcnkre, melyet online is k\u00f6zvet\u00edt\u00fcnk.<\/strong><\/p> <p><strong>Id\u0151pont<\/strong>:\u00a02024. febru\u00e1r 23, p\u00e9ntek 10.00 \u00f3ra<\/p>","protected":false},"excerpt":{"rendered":"<p>&nbsp; Az esem\u00e9nyr\u0151l k\u00e9sz\u00fclt f\u00e9nyk\u00e9pek ITT \u00e9rhet\u0151ek el. A fot\u00f3kat k\u00e9sz\u00edtette: K\u00e1rp\u00e1ti Zsuzsanna N\u00e9zze vissza esem\u00e9ny\u00fcnk felv\u00e9tel\u00e9t: Az \u00c1llatorvostudom\u00e1nyi Egyetem Szen\u00e1tusa nev\u00e9ben szeretettel megh\u00edvjuk doktorr\u00e1 avat\u00f3 \u00e9s diplomaoszt\u00f3 \u00fcnneps\u00e9g\u00fcnkre, melyet online is k\u00f6zvet\u00edt\u00fcnk. Id\u0151pont:\u00a02024. febru\u00e1r 23, p\u00e9ntek 10.00 \u00f3ra<\/p>\n","protected":false},"author":2518,"featured_media":0,"parent":0,"menu_order":0,"comment_status":"closed","ping_status":"closed","template":"","meta":{"_acf_changed":false,"footnotes":""},"categories":[],"tags":[],"class_list":["post-97843","page","type-page","status-publish","hentry"],"acf":[],"_links":{"self":[{"href":"https:\/\/univet.hu\/hu\/wp-json\/wp\/v2\/pages\/97843","targetHints":{"allow":["GET"]}}],"collection":[{"href":"https:\/\/univet.hu\/hu\/wp-json\/wp\/v2\/pages"}],"about":[{"href":"https:\/\/univet.hu\/hu\/wp-json\/wp\/v2\/types\/page"}],"author":[{"embeddable":true,"href":"https:\/\/univet.hu\/hu\/wp-json\/wp\/v2\/users\/2518"}],"replies":[{"embeddable":true,"href":"https:\/\/univet.hu\/hu\/wp-json\/wp\/v2\/comments?post=97843"}],"version-history":[{"count":0,"href":"https:\/\/univet.hu\/hu\/wp-json\/wp\/v2\/pages\/97843\/revisions"}],"wp:attachment":[{"href":"https:\/\/univet.hu\/hu\/wp-json\/wp\/v2\/media?parent=97843"}],"wp:term":[{"taxonomy":"category","embeddable":true,"href":"https:\/\/univet.hu\/hu\/wp-json\/wp\/v2\/categories?post=97843"},{"taxonomy":"post_tag","embeddable":true,"href":"https:\/\/univet.hu\/hu\/wp-json\/wp\/v2\/tags?post=97843"}],"curies":[{"name":"wp","href":"https:\/\/api.w.org\/{rel}","templated":true}]}}