{"id":97942,"date":"2024-01-24T09:17:17","date_gmt":"2024-01-24T08:17:17","guid":{"rendered":"https:\/\/univet.hu\/hu\/egyetem\/palyazati-projektek\/horizon\/microorc\/"},"modified":"2024-05-07T10:52:20","modified_gmt":"2024-05-07T08:52:20","slug":"microorc","status":"publish","type":"page","link":"https:\/\/univet.hu\/hu\/egyetem\/palyazati-projektek\/horizon\/microorc\/","title":{"rendered":"MICROORC"},"content":{"rendered":"<p><a href=\"https:\/\/univet.hu\/en\/egyetem\/palyazati-projektek\/horizon\/microorc\/microorc-logo\/\" rel=\"attachment wp-att-98000\"><img loading=\"lazy\" decoding=\"async\" class=\"alignnone size-full wp-image-98000\" src=\"https:\/\/univet.hu\/wp-content\/uploads\/2024\/01\/Microorc-logo.png\" alt=\"\" width=\"156\" height=\"148\" \/><\/a><\/p> <p>&nbsp;<\/p> <p><strong>Projekt c\u00edme:<\/strong> Microbiomes fighting food waste through applicable solutions in food processing, packaging and shelf life \/micrOOrc\/<\/p> <p><strong>Projekt azonos\u00edt\u00f3sz\u00e1ma:<\/strong> 101136248<\/p> <p><strong>P\u00e1ly\u00e1zati felh\u00edv\u00e1s k\u00f3dja:<\/strong> HORIZON-CL6-2023-FARM2FORK-01-16 MICROORC<\/p> <p><strong>Konzorcium tagjai:<\/strong><br \/> <strong>\u00c1llatorvostudom\u00e1nyi Egyetem; Magyarorsz\u00e1g<\/strong><br \/> Konzorciumvezet\u0151: Nofima; Norv\u00e9gia<br \/> Universidade Catolica Portuguesa; Portug\u00e1lia<br \/> Oulun Ammattikorke akoulu Oy; Finnorsz\u00e1g<br \/> Vizelpas Comercio De Artigos; Portug\u00e1lia<br \/> Biomerieux Sa; Franciaorsz\u00e1g<br \/> Kobenhavns Universitet ; D\u00e1nia<br \/> Ciaotech Srl; Olaszorsz\u00e1g<br \/> Rise Research Institutes Of Sweden Ab; Sv\u00e9dorsz\u00e1g<br \/> Innoscentia Ab; Sv\u00e9dorsz\u00e1g<br \/> Hansen AS; D\u00e1nia<br \/> Norsk Kylling As; Norv\u00e9gia<br \/> Cermaq Group As; Norv\u00e9gia<br \/> Lusiaves &#8211; Ind\u00fastria E Com\u00e9rci; Portug\u00e1lia<br \/> Institut Francais De Recherche; Franciaorstz\u00e1g<br \/> Confederation Des Industries De Traitement; Franciaorsz\u00e1g<br \/> Primor Charcutaria Prima S.a.; Portug\u00e1lia<br \/> Noel Alimentaria Sa ; Sv\u00e9dorsz\u00e1g<\/p> <p><strong>Projekt teljes k\u00f6lts\u00e9gvet\u00e9se<\/strong>: 5 415\u00a0615 \u20ac<\/p> <p><strong>\u00c1llatorvostudom\u00e1nyi Egyetem \u00e1ltal elnyert t\u00e1mogat\u00e1si \u00f6sszeg:<\/strong>\u00a077 187.50 \u20ac<\/p> <p><strong>T\u00e1mogat\u00e1si intenzit\u00e1s:<\/strong> Az egyetem t\u00e1rsult partnerk\u00e9nt vesz r\u00e9szt, a p\u00e1ly\u00e1zat 100%- os t\u00e1mogat\u00e1sa az NKFIH Korm\u00e1nyzati \u00d6ner\u0151alapj\u00e1b\u00f3l val\u00f3sul meg, 31 554 250 Ft \u00e9rt\u00e9kben.<\/p> <p><strong>Megval\u00f3s\u00edt\u00e1s id\u0151szaka<\/strong>: 2023. november 1. \u2013 2027. okt\u00f3ber. 31. (48 h\u00f3nap)<\/p> <p><strong>Projekt weboldala<\/strong>:\u00a0<a href=\"https:\/\/www.microorc.eu\/\">https:\/\/www.microorc.eu\/<\/a><\/p> <p><strong>Linkedin oldal:<\/strong><a href=\"https:\/\/www.linkedin.com\/company\/microorc\/\"> https:\/\/www.linkedin.com\/company\/microorc\/<\/a><\/p> <p><strong>Cordis adatlap:<\/strong> <a href=\"https:\/\/cordis.europa.eu\/project\/id\/101136248\">https:\/\/cordis.europa.eu\/project\/id\/101136248<\/a><\/p> <p><strong>Projekt tartalma<\/strong>: A MicrOOrc olyan \u00faj technol\u00f3gi\u00e1kat fog kifejleszteni, mint a dinamikus eltarthat\u00f3s\u00e1gi id\u0151 jel\u00f6l\u00e9se \u00e9s a mikrobiom-alap\u00fa tart\u00f3s\u00edt\u00e1si technol\u00f3gi\u00e1k, az \u00e9lelmiszerek min\u0151s\u00e9g\u00e9nek jav\u00edt\u00e1sa, az eltarthat\u00f3s\u00e1gi id\u0151 meghosszabb\u00edt\u00e1sa \u00e9s az \u00e9lelmiszer-pazarl\u00e1s cs\u00f6kkent\u00e9se \u00e9rdek\u00e9ben.<\/p> <p><a href=\"https:\/\/univet.hu\/wp-content\/uploads\/2024\/01\/MICROORC.png\"><img loading=\"lazy\" decoding=\"async\" class=\"size-large wp-image-98013 aligncenter\" src=\"https:\/\/univet.hu\/wp-content\/uploads\/2024\/01\/MICROORC-679x960.png\" alt=\"\" width=\"640\" height=\"905\" srcset=\"https:\/\/univet.hu\/wp-content\/uploads\/2024\/01\/MICROORC-679x960.png 679w, https:\/\/univet.hu\/wp-content\/uploads\/2024\/01\/MICROORC-226x320.png 226w, https:\/\/univet.hu\/wp-content\/uploads\/2024\/01\/MICROORC-768x1086.png 768w, https:\/\/univet.hu\/wp-content\/uploads\/2024\/01\/MICROORC.png 1414w\" sizes=\"auto, (max-width: 640px) 100vw, 640px\" \/><\/a><\/p>","protected":false},"excerpt":{"rendered":"<p>&nbsp; Projekt c\u00edme: Microbiomes fighting food waste through applicable solutions in food processing, packaging and shelf life \/micrOOrc\/ Projekt azonos\u00edt\u00f3sz\u00e1ma: 101136248 P\u00e1ly\u00e1zati felh\u00edv\u00e1s k\u00f3dja: HORIZON-CL6-2023-FARM2FORK-01-16 MICROORC Konzorcium tagjai: \u00c1llatorvostudom\u00e1nyi Egyetem; Magyarorsz\u00e1g Konzorciumvezet\u0151: Nofima; Norv\u00e9gia Universidade Catolica Portuguesa; Portug\u00e1lia Oulun Ammattikorke akoulu Oy; Finnorsz\u00e1g Vizelpas Comercio De Artigos; Portug\u00e1lia Biomerieux Sa; Franciaorsz\u00e1g Kobenhavns Universitet ; D\u00e1nia<\/p>\n","protected":false},"author":4753,"featured_media":0,"parent":86945,"menu_order":0,"comment_status":"open","ping_status":"open","template":"","meta":{"_acf_changed":false,"footnotes":""},"categories":[],"tags":[],"class_list":["post-97942","page","type-page","status-publish","hentry"],"acf":[],"_links":{"self":[{"href":"https:\/\/univet.hu\/hu\/wp-json\/wp\/v2\/pages\/97942","targetHints":{"allow":["GET"]}}],"collection":[{"href":"https:\/\/univet.hu\/hu\/wp-json\/wp\/v2\/pages"}],"about":[{"href":"https:\/\/univet.hu\/hu\/wp-json\/wp\/v2\/types\/page"}],"author":[{"embeddable":true,"href":"https:\/\/univet.hu\/hu\/wp-json\/wp\/v2\/users\/4753"}],"replies":[{"embeddable":true,"href":"https:\/\/univet.hu\/hu\/wp-json\/wp\/v2\/comments?post=97942"}],"version-history":[{"count":0,"href":"https:\/\/univet.hu\/hu\/wp-json\/wp\/v2\/pages\/97942\/revisions"}],"up":[{"embeddable":true,"href":"https:\/\/univet.hu\/hu\/wp-json\/wp\/v2\/pages\/86945"}],"wp:attachment":[{"href":"https:\/\/univet.hu\/hu\/wp-json\/wp\/v2\/media?parent=97942"}],"wp:term":[{"taxonomy":"category","embeddable":true,"href":"https:\/\/univet.hu\/hu\/wp-json\/wp\/v2\/categories?post=97942"},{"taxonomy":"post_tag","embeddable":true,"href":"https:\/\/univet.hu\/hu\/wp-json\/wp\/v2\/tags?post=97942"}],"curies":[{"name":"wp","href":"https:\/\/api.w.org\/{rel}","templated":true}]}}