{"id":97945,"date":"2024-01-24T09:19:14","date_gmt":"2024-01-24T08:19:14","guid":{"rendered":"https:\/\/univet.hu\/hu\/egyetem\/palyazati-projektek\/horizon\/promiseang\/"},"modified":"2024-12-06T15:15:17","modified_gmt":"2024-12-06T14:15:17","slug":"promiseang","status":"publish","type":"page","link":"https:\/\/univet.hu\/hu\/egyetem\/palyazati-projektek\/horizon\/promiseang\/","title":{"rendered":"PROMISEANG"},"content":{"rendered":"<div>\u00a0<img loading=\"lazy\" decoding=\"async\" class=\"alignnone size-full wp-image-100224\" src=\"https:\/\/univet.hu\/wp-content\/uploads\/2024\/05\/Promiseang-logo.png\" alt=\"\" width=\"233\" height=\"197\" \/><\/div> <div><\/div> <div><\/div> <div><\/div> <p><strong>Projekt c\u00edme:<\/strong>\u00a0<span class=\"OYPEnA text-decoration-none text-strikethrough-none\">Alternative PROteins from MIcrobial fermentation of non-conventional SEA sources for Next-Generation\u00a0<\/span><span class=\"OYPEnA text-decoration-none text-strikethrough-none\">food, feed and non-food bio-based applications<\/span><\/p> <p><strong>Projekt azonos\u00edt\u00f3sz\u00e1ma:<\/strong>\u00a0101112378<\/p> <p><strong>P\u00e1ly\u00e1zati felh\u00edv\u00e1s k\u00f3dja:<\/strong>\u00a0<span class=\"OYPEnA text-decoration-none text-strikethrough-none\">PROMISEANG \u2014 HORIZON-JU-CBE-2022<\/span><\/p> <p><strong>Konzorcium tagjai:<\/strong><br \/> <strong>\u00c1llatorvostudom\u00e1nyi Egyetem; Magyarorsz\u00e1g<\/strong><br \/> <strong>Koordin\u00e1tor<\/strong>: Universidad De Vigo (Uvigo); Spanyolorsz\u00e1g<br \/> Ist-Id Associacao Do Instituto Superior Tecnico Para A Investigacao E O Desenvolvimento (Ist-Id); Portug\u00e1lia<br \/> Moa Biotech Sl (Moa); Spanyolorsz\u00e1g<br \/> Instytut Biotechnologii Przemyslu Rolno-Spozywczego Im Prof Waclawa Dabrowskiego \u2013 Panstwowy Instytut Badawczy (Ibprs); Lengyelorsz\u00e1g<br \/> Contactica Sl (Cta); Spanyolorsz\u00e1g<br \/> Centiv Gmbh (Centiv); N\u00e9metorsz\u00e1g<br \/> Agencia Estatal Consejo Superior De Investigaciones Cientificas (Csic); Spanyolorsz\u00e1g<br \/> Biozoon Gmbh (Bzn); N\u00e9metorsz\u00e1g<br \/> Laboratorio Iberico Internacional De Nanotecnologia Lin (Inl); Portug\u00e1lia<br \/> Conservas Rianxeira Sa (Jealsa); Spanyolorsz\u00e1g<\/p> <p><strong>Projekt teljes k\u00f6lts\u00e9gvet\u00e9se<\/strong>:\u00a04 535 097,50 \u20ac<\/p> <p><strong>\u00c1llatorvostudom\u00e1nyi Egyetem \u00e1ltal elnyert t\u00e1mogat\u00e1si \u00f6sszeg:<\/strong>\u00a0<span class=\"OYPEnA text-decoration-none text-strikethrough-none\">217 531.25 \u20ac<\/span><\/p> <p><strong>T\u00e1mogat\u00e1si intenzit\u00e1s:<\/strong>\u00a0Az egyetem t\u00e1rsult partnerk\u00e9nt vesz r\u00e9szt, a p\u00e1ly\u00e1zat 100%- os t\u00e1mogat\u00e1sa az NKFIH Korm\u00e1nyzati \u00d6ner\u0151alapj\u00e1b\u00f3l val\u00f3sul meg, <span class=\"OYPEnA text-decoration-none text-strikethrough-none\">83 858 297 <\/span>Ft \u00e9rt\u00e9kben.<\/p> <p><strong>Megval\u00f3s\u00edt\u00e1s id\u0151szaka<\/strong>: 2023. szeptember 1. \u2013 2027. augusztus. 31. (48 h\u00f3nap)<\/p> <p><strong>Projekt weboldala<\/strong>:\u00a0<a href=\"https:\/\/promiseang-project.eu\/\">https:\/\/promiseang-project.eu\/<\/a><\/p> <p><strong>Linkedin oldal:\u00a0<\/strong><a href=\"https:\/\/www.linkedin.com\/company\/promiseang-project\/\">https:\/\/www.linkedin.com\/company\/promiseang-project\/<\/a><\/p> <p><strong>Cordis adatlap:<\/strong> <a href=\"https:\/\/cordis.europa.eu\/project\/id\/101112378\">https:\/\/cordis.europa.eu\/project\/id\/101112378<\/a><\/p> <p><strong>Projekt tartalma<\/strong>:\u00a0A projekt c\u00e9lja a figyelmen k\u00edv\u00fcl hagyott tengeri er\u0151forr\u00e1sok felhaszn\u00e1l\u00e1sa a fenntarthat\u00f3 feh\u00e9rjeprodukci\u00f3hoz mikrobi\u00e1lis folyamatok r\u00e9v\u00e9n, k\u00f6rnyezetbar\u00e1t \u00e9lelmiszerek, takarm\u00e1nyok \u00e9s bioakt\u00edv vegy\u00fcletek l\u00e9trehoz\u00e1sa nulla hullad\u00e9kkal.<\/p> <p>&nbsp;<\/p> <p><img loading=\"lazy\" decoding=\"async\" class=\"size-full wp-image-100225 aligncenter\" src=\"https:\/\/univet.hu\/wp-content\/uploads\/2024\/05\/promiseang-poszter.png\" alt=\"\" width=\"502\" height=\"709\" srcset=\"https:\/\/univet.hu\/wp-content\/uploads\/2024\/05\/promiseang-poszter.png 502w, https:\/\/univet.hu\/wp-content\/uploads\/2024\/05\/promiseang-poszter-227x320.png 227w\" sizes=\"auto, (max-width: 502px) 100vw, 502px\" \/><\/p> <p>&nbsp;<\/p> <p>&nbsp;<\/p>","protected":false},"excerpt":{"rendered":"<p>\u00a0 Projekt c\u00edme:\u00a0Alternative PROteins from MIcrobial fermentation of non-conventional SEA sources for Next-Generation\u00a0food, feed and non-food bio-based applications Projekt azonos\u00edt\u00f3sz\u00e1ma:\u00a0101112378 P\u00e1ly\u00e1zati felh\u00edv\u00e1s k\u00f3dja:\u00a0PROMISEANG \u2014 HORIZON-JU-CBE-2022 Konzorcium tagjai: \u00c1llatorvostudom\u00e1nyi Egyetem; Magyarorsz\u00e1g Koordin\u00e1tor: Universidad De Vigo (Uvigo); Spanyolorsz\u00e1g Ist-Id Associacao Do Instituto Superior Tecnico Para A Investigacao E O Desenvolvimento (Ist-Id); Portug\u00e1lia Moa Biotech Sl (Moa); Spanyolorsz\u00e1g<\/p>\n","protected":false},"author":4753,"featured_media":0,"parent":86945,"menu_order":0,"comment_status":"open","ping_status":"open","template":"","meta":{"_acf_changed":false,"footnotes":""},"categories":[],"tags":[],"class_list":["post-97945","page","type-page","status-publish","hentry"],"acf":[],"_links":{"self":[{"href":"https:\/\/univet.hu\/hu\/wp-json\/wp\/v2\/pages\/97945","targetHints":{"allow":["GET"]}}],"collection":[{"href":"https:\/\/univet.hu\/hu\/wp-json\/wp\/v2\/pages"}],"about":[{"href":"https:\/\/univet.hu\/hu\/wp-json\/wp\/v2\/types\/page"}],"author":[{"embeddable":true,"href":"https:\/\/univet.hu\/hu\/wp-json\/wp\/v2\/users\/4753"}],"replies":[{"embeddable":true,"href":"https:\/\/univet.hu\/hu\/wp-json\/wp\/v2\/comments?post=97945"}],"version-history":[{"count":0,"href":"https:\/\/univet.hu\/hu\/wp-json\/wp\/v2\/pages\/97945\/revisions"}],"up":[{"embeddable":true,"href":"https:\/\/univet.hu\/hu\/wp-json\/wp\/v2\/pages\/86945"}],"wp:attachment":[{"href":"https:\/\/univet.hu\/hu\/wp-json\/wp\/v2\/media?parent=97945"}],"wp:term":[{"taxonomy":"category","embeddable":true,"href":"https:\/\/univet.hu\/hu\/wp-json\/wp\/v2\/categories?post=97945"},{"taxonomy":"post_tag","embeddable":true,"href":"https:\/\/univet.hu\/hu\/wp-json\/wp\/v2\/tags?post=97945"}],"curies":[{"name":"wp","href":"https:\/\/api.w.org\/{rel}","templated":true}]}}