{"id":98352,"date":"2024-02-03T20:35:40","date_gmt":"2024-02-03T19:35:40","guid":{"rendered":"https:\/\/univet.hu\/hu\/oktatas\/d-hok\/name\/"},"modified":"2024-02-03T20:35:40","modified_gmt":"2024-02-03T19:35:40","slug":"tavaszi-szel-konferencia-2024","status":"publish","type":"page","link":"https:\/\/univet.hu\/hu\/oktatas\/d-hok\/tavaszi-szel-konferencia-2024\/","title":{"rendered":"Tavaszi Sz\u00e9l Konferencia 2024"},"content":{"rendered":"<p align=\"justify\">A Doktoranduszok Orsz\u00e1gos Sz\u00f6vets\u00e9ge (DOSZ) \u00f6r\u00f6mmel \u00e9rtes\u00edti a doktoranduszokat, doktorjel\u00f6lteket, fiatal kutat\u00f3kat, mesterszakos hallgat\u00f3kat, hogy\u00a0<strong>2024. m\u00e1jus 3-5.\u00a0<\/strong>\u00a0k\u00f6z\u00f6tt az\u00a0<strong>\u00d3budai Egyetemmel<\/strong>\u00a0egy\u00fcttm\u0171k\u00f6d\u00e9sben ism\u00e9t megrendezi a nagy m\u00falttal rendelkez\u0151 Tavaszi Sz\u00e9l elnevez\u00e9s\u0171 multidiszciplin\u00e1ris, tudom\u00e1nyos nemzetk\u00f6zi konferenci\u00e1j\u00e1t.<\/p> <p align=\"justify\">A DOSZ a 2024. \u00e9vi Tavaszi Sz\u00e9l Konferencia szervez\u00e9sekor a kor\u00e1bbi \u00e9vekben megszokottak szerint, a \u201efiatal magyar kutat\u00f3k \u00e9s doktoranduszok vil\u00e1gtal\u00e1lkoz\u00f3j\u00e1t\u201d\u00a0<strong>magyar, illetve angol<\/strong>\u00a0munkanyelv\u0171 rendezv\u00e9nyk\u00e9nt hirdeti meg. A kutat\u00e1si eredm\u00e9nyek bemutat\u00e1s\u00e1ra tudom\u00e1nyos\u00a0<strong>el\u0151ad\u00e1s vagy poszter<\/strong>\u00a0form\u00e1j\u00e1ban ny\u00edlik lehet\u0151s\u00e9g.<\/p> <p><strong>Regisztr\u00e1ci\u00f3<\/strong><\/p> <p align=\"justify\">A konferenci\u00e1n t\u00f6rt\u00e9n\u0151 r\u00e9szv\u00e9tel el\u0151zetes regisztr\u00e1ci\u00f3hoz k\u00f6t\u00f6tt. A regisztr\u00e1ci\u00f3s fel\u00fclet el\u00e9rhet\u0151 a\u00a0<strong>DOSZ<\/strong>\u00a0honlapj\u00e1n (<u>https:\/\/dosz.hu\/url\/tszk2024<\/u>). A regisztr\u00e1ci\u00f3 sor\u00e1n a k\u00f6nnyebb kommunik\u00e1ci\u00f3 \u00e9rdek\u00e9ben a jelentkez\u0151knek meg kell adniuk az el\u00e9rhet\u0151s\u00e9gi adataikat. A megadott adatok kezel\u00e9se az adatv\u00e9delmi szab\u00e1lyzat szerint t\u00f6rt\u00e9nik. A regisztr\u00e1ci\u00f3\u00a0<strong>els\u0151 k\u00f6rben<\/strong>\u00a0egy minimum 1800, maximum 3600 karakter terjedelm\u0171\u00a0<strong>absztrakt<\/strong>\u00a0beny\u00fajt\u00e1s\u00e1val v\u00e1lik \u00e9rv\u00e9nyess\u00e9.\u00a0 Az absztrakt a jelentkez\u0151 tudom\u00e1nyos munk\u00e1j\u00e1nak kivonata, amelyben a kutat\u00e1s h\u00e1tter\u00e9nek bemutat\u00e1sa, a tudom\u00e1nyos kutat\u00e1s c\u00e9lja, k\u00e9rd\u00e9sfelvet\u00e9se, majd az eddig el\u00e9rt eredm\u00e9nyek \u00e9s a tov\u00e1bbi lehet\u0151s\u00e9gek ker\u00fclnek r\u00f6viden \u00f6sszefoglal\u00e1sra, hivatkoz\u00e1sok n\u00e9lk\u00fcl, a tudom\u00e1nyos \u00edr\u00e1s formai \u00e9s tartalmi k\u00f6vetelm\u00e9nyeinek megfelelve. A t\u00e9m\u00e1t k\u00f6r\u00fcl\u00edr\u00f3 \u00f6t kulcssz\u00f3 megad\u00e1sa is k\u00f6telez\u0151.<\/p> <p><strong>A jelentkez\u00e9s \u00e9s absztraktok lead\u00e1si hat\u00e1rideje: 2024. m\u00e1rcius 3. 23:59<\/strong><\/p> <p align=\"justify\">A szervez\u0151k minden absztraktot lektor\u00e1l\u00e1si folyamatnak vetnek al\u00e1, amely\u00e9rt a DOSZ az adott tudom\u00e1ny\u00e1gban illet\u00e9kes Tudom\u00e1nyos Oszt\u00e1lya felel. Az absztrakt b\u00edr\u00e1lati eredm\u00e9ny\u00e9r\u0151l a jelentkez\u0151k\u00a0<strong>2024. m\u00e1rcius 22-ig elektronikus \u00e9rtes\u00edt\u00e9st<\/strong>\u00a0kapnak. Amennyiben a\u00a0 \u00a0 \u00a0 tudom\u00e1nyter\u00fcletileg illet\u00e9kes Tudom\u00e1nyos Oszt\u00e1ly b\u00edr\u00e1l\u00f3i az absztrakt alapvet\u0151 tudom\u00e1nyoss\u00e1gi krit\u00e9rium\u00e1r\u00f3l nem gy\u0151z\u0151dnek meg, az a jelentkez\u00e9s elutas\u00edt\u00e1s\u00e1t vonja maga ut\u00e1n. Felh\u00edvjuk a figyelmet, hogy fellebbez\u00e9sre nincs lehet\u0151s\u00e9g. Az esetleges elutas\u00edt\u00e1sokkal kapcsolatban a relev\u00e1ns Tudom\u00e1nyos Oszt\u00e1lyokn\u00e1l k\u00e9rhet\u0151 r\u00e9szletes t\u00e1j\u00e9koztat\u00e1s. A Tudom\u00e1nyos Oszt\u00e1lyok el\u00e9rhet\u0151s\u00e9gei a honlapon megtal\u00e1lhat\u00f3ak.\u00a0<strong>A p\u00e1ly\u00e1zati anyagban hi\u00e1nyp\u00f3tl\u00e1snak helye nincs, hat\u00e1rid\u0151n t\u00fali regisztr\u00e1ci\u00f3 nem fogadhat\u00f3 el.\u00a0<\/strong><\/p> <p align=\"justify\">Az absztraktok befogad\u00e1s\u00e1t k\u00f6vet\u0151en a jelentkez\u0151 a v\u00e1lasztott regisztr\u00e1ci\u00f3s csomag szerinti\u00a0<strong>regisztr\u00e1ci\u00f3s d\u00edj befizet\u00e9s\u00e9re vonatkoz\u00f3 \u00e9rtes\u00edt\u00e9st kap<\/strong>. A szervez\u0151knek a regisztr\u00e1ci\u00f3s d\u00edjat a konferenci\u00e1n val\u00f3 r\u00e9szv\u00e9tel hi\u00e1ny\u00e1ban nem \u00e1ll m\u00f3djukban visszat\u00e9r\u00edteni.<\/p> <p><strong>Fontosabb hat\u00e1rid\u0151k<\/strong><\/p> <p><strong>2024. m\u00e1rcius 3. \u00a0\u00a0 \u00a0<\/strong>A regisztr\u00e1ci\u00f3 \u00e9s az absztraktok lead\u00e1s\u00e1nak hat\u00e1rideje.<\/p> <p><strong>2024. m\u00e1rcius 22. \u00a0\u00a0 \u00a0<\/strong>A jelentkez\u0151k ki\u00e9rtes\u00edt\u00e9se az absztraktok elb\u00edr\u00e1l\u00e1s\u00e1r\u00f3l.<\/p> <p><strong>2024. m\u00e1jus 3-5.<\/strong>\u00a0\u00a0 \u00a0Konferencia (szekci\u00f3 el\u0151ad\u00e1sok: p\u00e9nteken \u00e9s szombaton)<\/p> <p><strong>2024. j\u00fanius 12.\u00a0<\/strong>\u00a0\u00a0 \u00a0A tanulm\u00e1ny, a szerz\u0151i nyilatkozat \u00e9s a lektori szakv\u00e9lem\u00e9ny megk\u00fcld\u00e9s\u00e9nek hat\u00e1rideje.<\/p> <p>&nbsp;<\/p> <p>A magyar \u00e9s angol nyelv\u0171 felh\u00edv\u00e1sok, valamint tov\u00e1bbi inform\u00e1ci\u00f3k itt \u00e9rhet\u0151ek el:\u00a0<a href=\"http:\/\/www.dosz.hu\/url\/tszk2024\" target=\"_blank\" rel=\"noopener noreferrer\" data-auth=\"NotApplicable\" data-linkindex=\"0\" data-ogsc=\"\">www.dosz.hu\/url\/tszk2024<\/a><\/p> <p>&nbsp;<\/p> <p>Moln\u00e1r D\u00e1niel s.k.<br \/> eln\u00f6k<br \/> Doktoranduszok Orsz\u00e1gos Sz\u00f6vets\u00e9ge<\/p>","protected":false},"excerpt":{"rendered":"<p>A Doktoranduszok Orsz\u00e1gos Sz\u00f6vets\u00e9ge (DOSZ) \u00f6r\u00f6mmel \u00e9rtes\u00edti a doktoranduszokat, doktorjel\u00f6lteket, fiatal kutat\u00f3kat, mesterszakos hallgat\u00f3kat, hogy\u00a02024. m\u00e1jus 3-5.\u00a0\u00a0k\u00f6z\u00f6tt az\u00a0\u00d3budai Egyetemmel\u00a0egy\u00fcttm\u0171k\u00f6d\u00e9sben ism\u00e9t megrendezi a nagy m\u00falttal rendelkez\u0151 Tavaszi Sz\u00e9l elnevez\u00e9s\u0171 multidiszciplin\u00e1ris, tudom\u00e1nyos nemzetk\u00f6zi konferenci\u00e1j\u00e1t. A DOSZ a 2024. \u00e9vi Tavaszi Sz\u00e9l Konferencia szervez\u00e9sekor a kor\u00e1bbi \u00e9vekben megszokottak szerint, a \u201efiatal magyar kutat\u00f3k \u00e9s doktoranduszok vil\u00e1gtal\u00e1lkoz\u00f3j\u00e1t\u201d\u00a0magyar, illetve angol\u00a0munkanyelv\u0171<\/p>\n","protected":false},"author":3544,"featured_media":0,"parent":843,"menu_order":0,"comment_status":"open","ping_status":"open","template":"","meta":{"_acf_changed":false,"footnotes":""},"categories":[],"tags":[],"class_list":["post-98352","page","type-page","status-publish","hentry"],"acf":[],"_links":{"self":[{"href":"https:\/\/univet.hu\/hu\/wp-json\/wp\/v2\/pages\/98352","targetHints":{"allow":["GET"]}}],"collection":[{"href":"https:\/\/univet.hu\/hu\/wp-json\/wp\/v2\/pages"}],"about":[{"href":"https:\/\/univet.hu\/hu\/wp-json\/wp\/v2\/types\/page"}],"author":[{"embeddable":true,"href":"https:\/\/univet.hu\/hu\/wp-json\/wp\/v2\/users\/3544"}],"replies":[{"embeddable":true,"href":"https:\/\/univet.hu\/hu\/wp-json\/wp\/v2\/comments?post=98352"}],"version-history":[{"count":0,"href":"https:\/\/univet.hu\/hu\/wp-json\/wp\/v2\/pages\/98352\/revisions"}],"up":[{"embeddable":true,"href":"https:\/\/univet.hu\/hu\/wp-json\/wp\/v2\/pages\/843"}],"wp:attachment":[{"href":"https:\/\/univet.hu\/hu\/wp-json\/wp\/v2\/media?parent=98352"}],"wp:term":[{"taxonomy":"category","embeddable":true,"href":"https:\/\/univet.hu\/hu\/wp-json\/wp\/v2\/categories?post=98352"},{"taxonomy":"post_tag","embeddable":true,"href":"https:\/\/univet.hu\/hu\/wp-json\/wp\/v2\/tags?post=98352"}],"curies":[{"name":"wp","href":"https:\/\/api.w.org\/{rel}","templated":true}]}}