{"id":98564,"date":"2024-02-13T09:55:41","date_gmt":"2024-02-13T08:55:41","guid":{"rendered":"https:\/\/univet.hu\/hu\/egyetem\/munkatarsak\/new-staff-member-page-2\/"},"modified":"2026-03-24T11:04:02","modified_gmt":"2026-03-24T10:04:02","slug":"dr-erdelyi-karoly","status":"publish","type":"page","link":"https:\/\/univet.hu\/hu\/egyetem\/munkatarsak\/dr-erdelyi-karoly\/","title":{"rendered":"Erd\u00e9lyi K\u00e1roly"},"content":{"rendered":"<p><strong>\u00a0\u00a0 \u00a0 \u00a0 \u00a0 \u00a0 \u00a0 \u00a0 \u00a0 \u00a0 \u00a0 \u00a0 \u00a0 \u00a0 \u00a0 \u00a0 \u00a0 \u00a0 \u00a0 \u00a0 \u00a0 \u00a0 \u00a0 \u00a0 \u00a0 \u00a0 \u00a0 \u00a0 \u00a0 \u00a0 \u00a0\u00a0\u00a0Bemutatkoz\u00e1s<\/strong><\/p> <p>&nbsp;<\/p> <p>Dr. Erd\u00e9lyi K\u00e1roly 1997-ben kapott oklevelet az \u00c1llatorvostudom\u00e1nyi Egyetemen. A v\u00e9gz\u00e9s ut\u00e1n az Orsz\u00e1gos \u00c1llateg\u00e9szs\u00e9g\u00fcgyi Int\u00e9zetben kezdett el dolgozni, ahol szerte\u00e1gaz\u00f3 m\u00f3dszertani ismereteket szerzett els\u0151sorban a vadon \u00e9l\u0151 \u00e1llatok diagnosztikai vizsg\u00e1lataihoz kapcsol\u00f3d\u00f3an. A patol\u00f3gia, mikrobiol\u00f3gia, parazitol\u00f3gia \u00e9s molekul\u00e1ris diagnosztika vadeg\u00e9szs\u00e9g\u00fcgyi alkalmaz\u00e1sa mellett az \u00edgy megszerzett sz\u00e9lesk\u00f6r\u0171 ismerteket a jogut\u00f3d N\u00c9BIH \u00c1DI min\u0151s\u00e9gir\u00e1ny\u00edt\u00e1si vezet\u0151jek\u00e9nt (2009-2015) is kamatoztatta. Emellett t\u00edz \u00e9vig (2011-2021) vezette a N\u00c9BIH \u00c1DI Eml\u0151s-, vad- \u00e9s baromfibetegs\u00e9gek laborat\u00f3rium\u00e1t \u00e9s ell\u00e1tta a vadeg\u00e9szs\u00e9g\u00fcgyi diagnosztikai feladatokat is.<\/p> <p>A G\u00f6d\u00f6ll\u0151i Agr\u00e1rtudom\u00e1nyi Egyetemen 1999-ben Vadgazd\u00e1lkod\u00e1si szakm\u00e9rn\u00f6k diplom\u00e1t szerzett, doktori fokozat\u00e1t pedig 2010-ben v\u00e9dte meg a Szent Istv\u00e1n Egyetemen \u201e\u0150zek (<em>Capreolus capreolus<\/em>) fibropapillomatosisa Magyarorsz\u00e1gon\u201d c\u00edmmel.<\/p> <p>Ugyancsak 2010-ben lett az EBVS&#x2122; European College of Zoological Medicine vadeg\u00e9szs\u00e9g\u00fcgyi koll\u00e9gium\u00e1nak tagja \u00e9s egyben eur\u00f3pai vadeg\u00e9szs\u00e9g\u00fcgyi szak\u00e1llatorvos (European Veterinary Specialist in Wildlife Population Health).<\/p> <p>Az \u00c1llatorvostudom\u00e1nyi Egyetem C\u00edmzetes egyetemi tan\u00e1ri c\u00edmet adom\u00e1nyozott sz\u00e1m\u00e1ra 2019-ben.<\/p> <p>2021 j\u00fanius\u00e1t\u00f3l az \u00c1llatorvostudom\u00e1nyi Kutat\u00f3int\u00e9zet tudom\u00e1nyos f\u0151munkat\u00e1rsa \u00e9s 2023 febru\u00e1rj\u00e1t\u00f3l vezeti a HUN-REN \u00c1llatorvostudom\u00e1nyi Kutat\u00f3int\u00e9zet Betegs\u00e9g \u00d6kol\u00f3gia \u00e9s Vadeg\u00e9szs\u00e9g\u00fcgy kutat\u00f3csoportj\u00e1t.<\/p> <p>Tudom\u00e1nyos munkat\u00e1rsk\u00e9nt 2023. szeptember 1-t\u0151l dolgozik az \u00c1llatorvostudom\u00e1nyi Egyetem J\u00e1rv\u00e1nytani \u00e9s Mikrobiol\u00f3giai Tansz\u00e9k\u00e9n.<\/p> <p>&nbsp;<\/p> <p><strong>F\u0151bb kutat\u00e1si ter\u00fcletek:<\/strong><\/p> <ul> <li>A vadon \u00e9l\u0151 \u00e1llatok zoonotikus, \u00e1llateg\u00e9szs\u00e9g\u00fcgyi, vadgazd\u00e1lkod\u00e1si \u00e9s term\u00e9szetv\u00e9delmi jelent\u0151s\u00e9g\u0171 betegs\u00e9gei, k\u00f3rokoz\u00f3i \u00e9s parazit\u00e1i<\/li> <li>Vektor-k\u00f6zvet\u00edtette k\u00f3rokoz\u00f3k vizsg\u00e1lata, els\u0151sorban a zoonotikus jelent\u0151s\u00e9g\u0171 Flaviv\u00edrusokkal a f\u00f3kuszban (Nyugat-n\u00edlusi v\u00edrus, Usutu v\u00edrus, \u2026)<\/li> <li>Inv\u00e1zi\u00f3s fajok \u2013 pl. \u00edzeltl\u00e1b\u00fa vektorok \u2013 j\u00e1rv\u00e1nytani szerepe \u00e9s eg\u00e9szs\u00e9g\u00fcgyi hat\u00e1sai<\/li> <li>Diagnosztikai m\u00f3dszerek fejleszt\u00e9se<\/li> <\/ul> <p>&nbsp;<\/p> <p><strong>Szakmai szervezeti tags\u00e1g<\/strong><\/p> <p>Magyar Parazitol\u00f3gusok T\u00e1rsas\u00e1ga 1999-t\u0151l<\/p> <p>Wildlife Disease Association (WDA \u2013 EWDA)\u00a0 2000-t\u0151l<\/p> <p>EWDA\u00a0 \u2013 vezet\u0151s\u00e9gi tag \u00a02006 &#8211; 2018<\/p> <p>Magyar Vad- \u00e9s \u00c1llatkerti \u00c1llatorvosok Egyes\u00fclete (alap\u00edt\u00f3 tag)\u00a0 2003-t\u00f3l<\/p> <p>IUCN &#8211; Wildlife Health Specialist Group \u00a02004-t\u0151l<\/p> <p>Magyar Zoon\u00f3zis T\u00e1rsas\u00e1g \u2013 vezet\u0151s\u00e9gi tag\u00a0 2020-t\u00f3l<\/p> <p>MTA \u00c1llatorvostudom\u00e1nyi Bizotts\u00e1g 2021-t\u0151l<\/p> <p>&nbsp;<\/p> <p><strong>El\u0151rehalad\u00e1s<\/strong><\/p> <p>2023 \u2013 \u00a0\u00a0\u00a0\u00a0\u00a0\u00a0\u00a0\u00a0\u00a0 Betegs\u00e9g \u00d6kol\u00f3gia \u00e9s Vadeg\u00e9szs\u00e9g\u00fcgy kutat\u00f3csoport vezet\u0151 HUN-REN \u00c1llatorvostudom\u00e1nyi Kutat\u00f3int\u00e9zet, Budapest<\/p> <p>2023 \u2013 2024 \u00c1llatorvostudom\u00e1nyi Egyetem, Budapest, J\u00e1rv\u00e1nytani \u00e9s Mikrobiol\u00f3giai Tansz\u00e9k tudom\u00e1nyos munkat\u00e1rs<\/p> <p>2021 \u2013 \u00a0\u00a0\u00a0\u00a0\u00a0\u00a0\u00a0\u00a0\u00a0 Tudom\u00e1nyos F\u0151munkat\u00e1rs\u00a0\u00a0\u00a0\u00a0\u00a0\u00a0\u00a0\u00a0\u00a0\u00a0 \u00a0\u00a0\u00a0\u00a0\u00a0\u00a0 \u00c1llatorvostudom\u00e1nyi Kutat\u00f3int\u00e9zet, Budapest<\/p> <p>2011 \u2013 2021 Laborat\u00f3rium vezet\u0151\u00a0\u00a0\u00a0\u00a0\u00a0\u00a0\u00a0\u00a0\u00a0\u00a0 Eml\u0151s-, vad- \u00e9s baromfibetegs\u00e9gek laborat\u00f3riuma, \u00c1llateg\u00e9szs\u00e9g\u00fcgyi Diagnosztikai Igazgat\u00f3s\u00e1g, N\u00c9BIH, Budapest<\/p> <p>2009 \u2013 2015 Min\u0151s\u00e9gir\u00e1ny\u00edt\u00e1si vezet\u0151\u00a0\u00a0 \u00a0\u00a0\u00a0 \u00c1llateg\u00e9szs\u00e9g\u00fcgyi Diagnosztikai Igazgat\u00f3s\u00e1g, Nemzeti \u00c9lelmiszerl\u00e1nc-biztons\u00e1gi Hivatal, Budapest<\/p> <p>2005 &#8211; 2011\u00a0 Laborat\u00f3riumi \u00e1llatorvos\u00a0\u00a0\u00a0 \u00a0\u00a0\u00a0 Eml\u0151s k\u00f3rbonctani \u00e9s vadeg\u00e9szs\u00e9g\u00fcgyi oszt\u00e1ly, \u00c1llateg\u00e9szs\u00e9g\u00fcgyi Diagnosztikai Igazgat\u00f3s\u00e1g, Mez\u0151gazdas\u00e1gi Szakigazgat\u00e1si Hivatal, Budapest<\/p> <p>1997 &#8211; 2005\u00a0 Laborat\u00f3riumi \u00e1llatorvos\u00a0\u00a0\u00a0 \u00a0\u00a0\u00a0 Orsz\u00e1gos \u00c1llateg\u00e9szs\u00e9g\u00fcgyi Int\u00e9zet, Vadeg\u00e9szs\u00e9g\u00fcgyi \u00e9s Parazitol\u00f3giai oszt\u00e1ly, Budapest<\/p> <p>1996 &#8211; 1997\u00a0 \u00c1llatorvos gyakornok\u00a0\u00a0\u00a0\u00a0\u00a0\u00a0\u00a0\u00a0\u00a0 \u00a0\u00a0\u00a0 F\u0151v\u00e1rosi \u00c1llateg\u00e9szs\u00e9g\u00fcgyi \u00e9s \u00c9lelmiszer ellen\u0151rz\u0151 \u00e1llom\u00e1s Budapest<\/p> <p>&nbsp;<\/p>","protected":false},"excerpt":{"rendered":"<p>\u00a0\u00a0 \u00a0 \u00a0 \u00a0 \u00a0 \u00a0 \u00a0 \u00a0 \u00a0 \u00a0 \u00a0 \u00a0 \u00a0 \u00a0 \u00a0 \u00a0 \u00a0 \u00a0 \u00a0 \u00a0 \u00a0 \u00a0 \u00a0 \u00a0 \u00a0 \u00a0 \u00a0 \u00a0 \u00a0 \u00a0\u00a0\u00a0Bemutatkoz\u00e1s &nbsp; Dr. Erd\u00e9lyi K\u00e1roly 1997-ben kapott oklevelet az \u00c1llatorvostudom\u00e1nyi Egyetemen. A v\u00e9gz\u00e9s ut\u00e1n az Orsz\u00e1gos \u00c1llateg\u00e9szs\u00e9g\u00fcgyi Int\u00e9zetben kezdett el dolgozni, ahol szerte\u00e1gaz\u00f3 m\u00f3dszertani ismereteket szerzett<\/p>\n","protected":false},"author":5824,"featured_media":0,"parent":858,"menu_order":0,"comment_status":"open","ping_status":"open","template":"","meta":{"_acf_changed":false,"footnotes":""},"categories":[],"tags":[],"class_list":["post-98564","page","type-page","status-publish","hentry"],"acf":[],"_links":{"self":[{"href":"https:\/\/univet.hu\/hu\/wp-json\/wp\/v2\/pages\/98564","targetHints":{"allow":["GET"]}}],"collection":[{"href":"https:\/\/univet.hu\/hu\/wp-json\/wp\/v2\/pages"}],"about":[{"href":"https:\/\/univet.hu\/hu\/wp-json\/wp\/v2\/types\/page"}],"author":[{"embeddable":true,"href":"https:\/\/univet.hu\/hu\/wp-json\/wp\/v2\/users\/5824"}],"replies":[{"embeddable":true,"href":"https:\/\/univet.hu\/hu\/wp-json\/wp\/v2\/comments?post=98564"}],"version-history":[{"count":6,"href":"https:\/\/univet.hu\/hu\/wp-json\/wp\/v2\/pages\/98564\/revisions"}],"predecessor-version":[{"id":203853,"href":"https:\/\/univet.hu\/hu\/wp-json\/wp\/v2\/pages\/98564\/revisions\/203853"}],"up":[{"embeddable":true,"href":"https:\/\/univet.hu\/hu\/wp-json\/wp\/v2\/pages\/858"}],"wp:attachment":[{"href":"https:\/\/univet.hu\/hu\/wp-json\/wp\/v2\/media?parent=98564"}],"wp:term":[{"taxonomy":"category","embeddable":true,"href":"https:\/\/univet.hu\/hu\/wp-json\/wp\/v2\/categories?post=98564"},{"taxonomy":"post_tag","embeddable":true,"href":"https:\/\/univet.hu\/hu\/wp-json\/wp\/v2\/tags?post=98564"}],"curies":[{"name":"wp","href":"https:\/\/api.w.org\/{rel}","templated":true}]}}