{"id":98582,"date":"2024-02-13T10:18:18","date_gmt":"2024-02-13T09:18:18","guid":{"rendered":"https:\/\/univet.hu\/hu\/egyetem\/munkatarsak\/new-staff-member-page-2\/"},"modified":"2026-04-01T09:50:05","modified_gmt":"2026-04-01T07:50:05","slug":"kaszab-eszter","status":"publish","type":"page","link":"https:\/\/univet.hu\/hu\/egyetem\/munkatarsak\/kaszab-eszter\/","title":{"rendered":"Kaszab Eszter"},"content":{"rendered":"<p>Dr. Kaszab Eszter 2016-ban szerzett okleveles biol\u00f3gus diplom\u00e1t a E\u00f6tv\u00f6s Lor\u00e1nd Tudom\u00e1nyegyetemen, Molekul\u00e1ris, Immun- \u00e9s Mikrobiol\u00f3gia szakir\u00e1nyon. PhD fokozat\u00e1t az \u00c1llatorvostudom\u00e1nyi Egyetemen szerezte 2021-ben, melyhez a virol\u00f3giai kutat\u00e1sait az \u00c1llatorvostudom\u00e1nyi Kutat\u00f3int\u00e9zet, \u00daj k\u00f3rokoz\u00f3k felder\u00edt\u00e9se kutat\u00f3csoportj\u00e1ban v\u00e9gezte. Ezt k\u00f6vet\u0151en 2024-ig tudom\u00e1nyos munkat\u00e1rsk\u00e9nt dolgozott tov\u00e1bb kutat\u00f3i poz\u00edci\u00f3ban. 2024-t\u0151l \u00c1llatorvostudom\u00e1nyi Egyetem J\u00e1rv\u00e1nytani \u00e9s Mikrobiol\u00f3giai Tansz\u00e9k\u00e9nek tudom\u00e1nyos munkat\u00e1rsa, kutat\u00e1si tev\u00e9kenys\u00e9g\u00e9t a Szekven\u00e1l\u00f3 laborat\u00f3riumban v\u00e9gzi.<\/p> <p>F\u0151bb kutat\u00e1si ter\u00fcletei k\u00f6z\u00e9 tartozik a k\u00fcl\u00f6nb\u00f6z\u0151 szekven\u00e1l\u00e1si (Illumina, MGI, Oxford Nanopore) \u00e9s bioinformatikai fejleszt\u00e9sek bakteri\u00e1lis \u00e9s vir\u00e1lis genomika, metagenomika ter\u00e9n, valamint diagnosztikai rendszerek kialak\u00edt\u00e1sa, optimaliz\u00e1l\u00e1sa.<\/p> <p><strong>El\u0151rehalad\u00e1s &#8211; munkahelyek<\/strong><\/p> <p>2016-2024\u00a0\u00a0\u00a0\u00a0\u00a0 \u00c1llatorvostudom\u00e1nyi Kutat\u00f3int\u00e9zet, PhD hallgat\u00f3, majd tudom\u00e1nyos munkat\u00e1rs<\/p> <p>2024-t\u0151l\u00a0\u00a0\u00a0\u00a0\u00a0\u00a0\u00a0\u00a0\u00a0\u00a0 \u00c1llatorvostudom\u00e1nyi Egyetem, J\u00e1rv\u00e1nytani \u00e9s Mikrobiol\u00f3giai Tansz\u00e9k, tudom\u00e1nyos munkat\u00e1rs<\/p> <p><strong>Szakmai szervezeti tags\u00e1g:<\/strong><\/p> <p>Magyar Mikrobiol\u00f3giai T\u00e1rsas\u00e1g, 2018-t\u00f3l, tag<\/p> <p>Magyar Bioinformatikai T\u00e1rsas\u00e1g, 2017-t\u0151l, tag<\/p> <p><strong>Publik\u00e1ci\u00f3k<\/strong><\/p> <p>MTMT azonos\u00edt\u00f3: 10060129<br \/> <a href=\"https:\/\/m2.mtmt.hu\/api\/author\/10060129\">https:\/\/m2.mtmt.hu\/api\/author\/10060129<\/a><\/p>","protected":false},"excerpt":{"rendered":"<p>Dr. Kaszab Eszter 2016-ban szerzett okleveles biol\u00f3gus diplom\u00e1t a E\u00f6tv\u00f6s Lor\u00e1nd Tudom\u00e1nyegyetemen, Molekul\u00e1ris, Immun- \u00e9s Mikrobiol\u00f3gia szakir\u00e1nyon. PhD fokozat\u00e1t az \u00c1llatorvostudom\u00e1nyi Egyetemen szerezte 2021-ben, melyhez a virol\u00f3giai kutat\u00e1sait az \u00c1llatorvostudom\u00e1nyi Kutat\u00f3int\u00e9zet, \u00daj k\u00f3rokoz\u00f3k felder\u00edt\u00e9se kutat\u00f3csoportj\u00e1ban v\u00e9gezte. Ezt k\u00f6vet\u0151en 2024-ig tudom\u00e1nyos munkat\u00e1rsk\u00e9nt dolgozott tov\u00e1bb kutat\u00f3i poz\u00edci\u00f3ban. 2024-t\u0151l \u00c1llatorvostudom\u00e1nyi Egyetem J\u00e1rv\u00e1nytani \u00e9s Mikrobiol\u00f3giai Tansz\u00e9k\u00e9nek tudom\u00e1nyos munkat\u00e1rsa, kutat\u00e1si<\/p>\n","protected":false},"author":5824,"featured_media":0,"parent":858,"menu_order":0,"comment_status":"open","ping_status":"open","template":"","meta":{"_acf_changed":false,"footnotes":""},"categories":[],"tags":[],"class_list":["post-98582","page","type-page","status-publish","hentry"],"acf":[],"_links":{"self":[{"href":"https:\/\/univet.hu\/hu\/wp-json\/wp\/v2\/pages\/98582","targetHints":{"allow":["GET"]}}],"collection":[{"href":"https:\/\/univet.hu\/hu\/wp-json\/wp\/v2\/pages"}],"about":[{"href":"https:\/\/univet.hu\/hu\/wp-json\/wp\/v2\/types\/page"}],"author":[{"embeddable":true,"href":"https:\/\/univet.hu\/hu\/wp-json\/wp\/v2\/users\/5824"}],"replies":[{"embeddable":true,"href":"https:\/\/univet.hu\/hu\/wp-json\/wp\/v2\/comments?post=98582"}],"version-history":[{"count":5,"href":"https:\/\/univet.hu\/hu\/wp-json\/wp\/v2\/pages\/98582\/revisions"}],"predecessor-version":[{"id":204655,"href":"https:\/\/univet.hu\/hu\/wp-json\/wp\/v2\/pages\/98582\/revisions\/204655"}],"up":[{"embeddable":true,"href":"https:\/\/univet.hu\/hu\/wp-json\/wp\/v2\/pages\/858"}],"wp:attachment":[{"href":"https:\/\/univet.hu\/hu\/wp-json\/wp\/v2\/media?parent=98582"}],"wp:term":[{"taxonomy":"category","embeddable":true,"href":"https:\/\/univet.hu\/hu\/wp-json\/wp\/v2\/categories?post=98582"},{"taxonomy":"post_tag","embeddable":true,"href":"https:\/\/univet.hu\/hu\/wp-json\/wp\/v2\/tags?post=98582"}],"curies":[{"name":"wp","href":"https:\/\/api.w.org\/{rel}","templated":true}]}}