{"id":98894,"date":"2024-02-22T11:12:17","date_gmt":"2024-02-22T10:12:17","guid":{"rendered":"https:\/\/univet.hu\/hu\/egyetem\/palyazati-projektek\/nkfih-palyazatok\/otka-projektek\/fk146534\/"},"modified":"2024-02-22T13:50:04","modified_gmt":"2024-02-22T12:50:04","slug":"fk-146534-karos-kornyezeti-faktorok-es-protektiv-bioaktiv-anyagok-setszintu-hatasainak-vizsgalata-mezelo-mehekben","status":"publish","type":"page","link":"https:\/\/univet.hu\/hu\/egyetem\/palyazati-projektek\/nkfih-palyazatok\/otka-projektek\/fk-146534-karos-kornyezeti-faktorok-es-protektiv-bioaktiv-anyagok-setszintu-hatasainak-vizsgalata-mezelo-mehekben\/","title":{"rendered":"FK 146534 &#8211; K\u00e1ros k\u00f6rnyezeti faktorok \u00e9s protekt\u00edv bioakt\u00edv anyagok sejtszint\u0171 hat\u00e1sainak vizsg\u00e1lata m\u00e9zel\u0151 m\u00e9hekben"},"content":{"rendered":"<p><strong>T\u00e1mogat\u00e1s \u00f6sszege:<\/strong> 42.000.000,- Ft<\/p> <p><strong>Projekt szakmai vezet\u0151je:<\/strong> Dr. Mackei M\u00e1t\u00e9<\/p> <p><strong>Megval\u00f3s\u00edt\u00e1si id\u0151szak:<\/strong><br \/> 2024. janu\u00e1r 01. \u2013 2027. december 31.<\/p> <p><strong>Projekt tartalma:<\/strong><br \/> A m\u00e9hek, mint beporz\u00f3 rovarok k\u00f6zvetlen\u00fcl a n\u00f6v\u00e9nyek, \u00e9s ez\u00e1ltal (k\u00f6zvetetten) az \u00e1llatok \u00e9s emberek \u00e9let\u00e9t teszik lehet\u0151v\u00e9 a F\u00f6ld\u00f6n. Emellett a hum\u00e1n t\u00e1pl\u00e1lkoz\u00e1sban egyre nagyobb jelent\u0151s\u00e9ggel b\u00edr\u00f3 m\u00e9z \u00e9s sz\u00e1mos gy\u00f3gyhat\u00e1s\u00fa k\u00e9sz\u00edtm\u00e9ny alapanyag\u00e1nak termel\u0151i. Napjaink egyik leg\u00e9get\u0151bb \u00f6kol\u00f3giai \u00e9s mez\u0151gazdas\u00e1gi k\u00e9rd\u00e9se a beporz\u00f3k sz\u00e1m\u00e1nak drasztikus cs\u00f6kken\u00e9se, mely probl\u00e9m\u00e1ban a m\u00e9h\u00e1llom\u00e1nyaink is nagyban \u00e9rintettek, f\u0151k\u00e9pp az \u00fan. eln\u00e9ptelened\u00e9si szindr\u00f3ma (m\u00e1sn\u00e9ven kol\u00f3nia\u00f6sszeoml\u00e1s) megjelen\u00e9se miatt. A k\u00f3rk\u00e9p pontos okai m\u00e9g m\u00e1ig sem teljesen tiszt\u00e1zottak, azt azonban tudjuk, hogy fert\u0151z\u0151 megbeteged\u00e9sek mellett sz\u00e1mos k\u00f6rnyezeti faktor, bele\u00e9rtve a h\u0151stresszt \u00e9s t\u00f6bb, a mez\u0151gazdas\u00e1gban sz\u00e9lesk\u00f6rben alkalmazott n\u00f6v\u00e9nyv\u00e9d\u0151 szert (m\u00e1sn\u00e9ven peszticidet) jelent\u0151s szereppel b\u00edr a k\u00f3rk\u00e9p kialakul\u00e1s\u00e1ban. Munk\u00e1nk sor\u00e1n ez\u00e9rt egyes peszticidek \u00e9s a h\u0151stressz molekul\u00e1ris szint\u0171 hat\u00e1sait k\u00edv\u00e1njuk c\u00e9lzottan vizsg\u00e1lni m\u00e9hek agyd\u00fac\u00e1ban, valamint rep\u00fcl\u0151izmaiban. Kutat\u00e1sunkban k\u00fcl\u00f6n\u00f6s figyelmet tervez\u00fcnk ford\u00edtani az antioxid\u00e1ns v\u00e9delmi rendszer \u00e1llapot\u00e1ra, valamint egyes anyagcsere-folyamatok, p\u00e9ld\u00e1ul m\u00e9regtelen\u00edt\u0151 mechanizmusok \u00e9s a zs\u00edrsavanyagcsere esetleges v\u00e1ltoz\u00e1saira. Tanulm\u00e1nyozni k\u00edv\u00e1njuk tov\u00e1bb\u00e1 term\u00e9szetes eredet\u0171 biol\u00f3giailag akt\u00edv molekul\u00e1k j\u00f3t\u00e9kony hat\u00e1sait is annak \u00e9rdek\u00e9ben, hogy olyan hat\u00f3anyag-jel\u00f6lteket tal\u00e1ljunk, melyeket a j\u00f6v\u0151ben c\u00e9lzottan tudn\u00e1nk alkalmazni a fent eml\u00edtett k\u00e1ros folyamatok megel\u0151z\u00e9s\u00e9re \u00e9s enyh\u00edt\u00e9s\u00e9re, \u00edgy pedig a m\u00e9hcsal\u00e1dok eg\u00e9szs\u00e9g\u00e9nek v\u00e9delm\u00e9re. J\u00f6v\u0151beni eredm\u00e9nyeink hozz\u00e1j\u00e1rulhatnak a fenntarthat\u00f3 agr\u00e1rium hossz\u00fat\u00e1v\u00fa biztos\u00edt\u00e1s\u00e1hoz, \u00e9s a mind \u00f6kol\u00f3giai, mind nemzetgazdas\u00e1gi szempontb\u00f3l kulcsszereppel b\u00edr\u00f3 m\u00e9h\u00e1llom\u00e1nyaink meg\u00f3v\u00e1s\u00e1hoz.<\/p>","protected":false},"excerpt":{"rendered":"<p>T\u00e1mogat\u00e1s \u00f6sszege: 42.000.000,- Ft Projekt szakmai vezet\u0151je: Dr. Mackei M\u00e1t\u00e9 Megval\u00f3s\u00edt\u00e1si id\u0151szak: 2024. janu\u00e1r 01. \u2013 2027. december 31. Projekt tartalma: A m\u00e9hek, mint beporz\u00f3 rovarok k\u00f6zvetlen\u00fcl a n\u00f6v\u00e9nyek, \u00e9s ez\u00e1ltal (k\u00f6zvetetten) az \u00e1llatok \u00e9s emberek \u00e9let\u00e9t teszik lehet\u0151v\u00e9 a F\u00f6ld\u00f6n. Emellett a hum\u00e1n t\u00e1pl\u00e1lkoz\u00e1sban egyre nagyobb jelent\u0151s\u00e9ggel b\u00edr\u00f3 m\u00e9z \u00e9s sz\u00e1mos gy\u00f3gyhat\u00e1s\u00fa k\u00e9sz\u00edtm\u00e9ny alapanyag\u00e1nak<\/p>\n","protected":false},"author":4688,"featured_media":0,"parent":86876,"menu_order":0,"comment_status":"open","ping_status":"open","template":"","meta":{"_acf_changed":false,"footnotes":""},"categories":[],"tags":[],"class_list":["post-98894","page","type-page","status-publish","hentry"],"acf":[],"_links":{"self":[{"href":"https:\/\/univet.hu\/hu\/wp-json\/wp\/v2\/pages\/98894","targetHints":{"allow":["GET"]}}],"collection":[{"href":"https:\/\/univet.hu\/hu\/wp-json\/wp\/v2\/pages"}],"about":[{"href":"https:\/\/univet.hu\/hu\/wp-json\/wp\/v2\/types\/page"}],"author":[{"embeddable":true,"href":"https:\/\/univet.hu\/hu\/wp-json\/wp\/v2\/users\/4688"}],"replies":[{"embeddable":true,"href":"https:\/\/univet.hu\/hu\/wp-json\/wp\/v2\/comments?post=98894"}],"version-history":[{"count":0,"href":"https:\/\/univet.hu\/hu\/wp-json\/wp\/v2\/pages\/98894\/revisions"}],"up":[{"embeddable":true,"href":"https:\/\/univet.hu\/hu\/wp-json\/wp\/v2\/pages\/86876"}],"wp:attachment":[{"href":"https:\/\/univet.hu\/hu\/wp-json\/wp\/v2\/media?parent=98894"}],"wp:term":[{"taxonomy":"category","embeddable":true,"href":"https:\/\/univet.hu\/hu\/wp-json\/wp\/v2\/categories?post=98894"},{"taxonomy":"post_tag","embeddable":true,"href":"https:\/\/univet.hu\/hu\/wp-json\/wp\/v2\/tags?post=98894"}],"curies":[{"name":"wp","href":"https:\/\/api.w.org\/{rel}","templated":true}]}}