{"id":98900,"date":"2024-02-22T11:21:44","date_gmt":"2024-02-22T10:21:44","guid":{"rendered":"https:\/\/univet.hu\/hu\/egyetem\/palyazati-projektek\/nkfih-palyazatok\/otka-projektek\/pd146700\/"},"modified":"2024-02-22T11:21:44","modified_gmt":"2024-02-22T10:21:44","slug":"pd-146700-virusvakcinak-uj-hatekonyabb-formulacios-eljarasanak-kidolgozasa-biokompatibilis-polimer-alapu-virushordozo-nanoreszecskek-eloallitasaval","status":"publish","type":"page","link":"https:\/\/univet.hu\/hu\/egyetem\/palyazati-projektek\/nkfih-palyazatok\/otka-projektek\/pd-146700-virusvakcinak-uj-hatekonyabb-formulacios-eljarasanak-kidolgozasa-biokompatibilis-polimer-alapu-virushordozo-nanoreszecskek-eloallitasaval\/","title":{"rendered":"PD 146700 &#8211; V\u00edrusvakcin\u00e1k \u00faj, hat\u00e9konyabb formul\u00e1ci\u00f3s elj\u00e1r\u00e1s\u00e1nak kidolgoz\u00e1sa biokompatibilis polimer alap\u00fa, v\u00edrushordoz\u00f3 nanor\u00e9szecsk\u00e9k el\u0151\u00e1ll\u00edt\u00e1s\u00e1val"},"content":{"rendered":"<p>&nbsp;<\/p> <p><strong>T\u00e1mogat\u00e1s \u00f6sszege:<\/strong> 29.835.000,- Ft<\/p> <p><strong>Projekt szakmai vezet\u0151je<\/strong>: Dr. Marosi Andr\u00e1s<\/p> <p><strong>Megval\u00f3s\u00edt\u00e1si id\u0151szak:<\/strong><br \/> 2024. janu\u00e1r 01. \u2013 2026. december 31.<\/p> <p><strong>Projekt tartalma:<\/strong><br \/> A v\u00edrusfert\u0151z\u00e9sek ellen leghat\u00e9konyabban vakcin\u00e1kkal v\u00e9dekezhet\u00fcnk. Az olt\u00f3anyagok el\u0151\u00e1ll\u00edt\u00e1si m\u00f3dszere meghat\u00e1roz\u00f3 a k\u00e9sz\u00edtm\u00e9nyek felhaszn\u00e1l\u00e1si lehet\u0151s\u00e9gei \u00e9s eltarthat\u00f3s\u00e1ga szempontj\u00e1b\u00f3l. A jelenleg legelterjedtebb technol\u00f3gia a fagyasztva sz\u00e1r\u00edt\u00e1s, amely azonban dr\u00e1ga \u00e9s a vakcinagy\u00e1rt\u00e1shoz sz\u00fcks\u00e9ges v\u00edrusok is k\u00e1rosodhatnak a folyamat sor\u00e1n. A rendelkez\u00e9sre \u00e1ll\u00f3 alternat\u00edv\u00e1k k\u00f6z\u00fcl kutat\u00e1sunkban az elektrosztatikus sz\u00e1lk\u00e9pz\u00e9s \u00e9s elektroporlaszt\u00e1s lehet\u0151s\u00e9geit tervezz\u00fck vizsg\u00e1lni a v\u00edrusok elleni vakcin\u00e1k el\u0151\u00e1ll\u00edt\u00e1sa ter\u00e9n. Ezen elj\u00e1r\u00e1sok sor\u00e1n a vakcinav\u00edrusokat nanom\u00e9teres nagys\u00e1grend\u0171 hordoz\u00f3r\u00e9szecsk\u00e9kbe \u00e1gyazz\u00e1k be, amelyek biol\u00f3giailag leboml\u00f3, a gy\u00f3gyszeriparban enged\u00e9lyezett m\u0171anyagsz\u00e1rmaz\u00e9kokb\u00f3l \u00e9s seg\u00e9danyagokb\u00f3l \u00e1llnak. A vizsg\u00e1lt innovat\u00edv m\u00f3dszerek sz\u00e1mos el\u0151ny\u00f6s tulajdons\u00e1ggal jellemezhet\u0151k: a vakcinatermel\u00e9s k\u00f6lts\u00e9ghat\u00e9konyabb\u00e1 tehet\u0151 kisebb vesztes\u00e9gek mellett, tov\u00e1bb\u00e1 a seg\u00edts\u00e9g\u00fckkel k\u00e9sz\u00edtett term\u00e9kek kedvez\u0151tlen k\u00f6r\u00fclm\u00e9nyek (pl. magasabb h\u0151m\u00e9rs\u00e9klet) mellett is tov\u00e1bb eltarthat\u00f3k lehetnek. A sokoldal\u00fa technol\u00f3gi\u00e1k lehet\u0151v\u00e9 teszik az el\u0151\u00e1ll\u00edtani k\u00edv\u00e1nt nanohordoz\u00f3k olyan m\u00f3dos\u00edt\u00e1s\u00e1t, amivel az injekci\u00f3t\u00f3l elt\u00e9r\u0151, sz\u00e1jon \u00e1t vagy l\u00e9gutakba bejuttatott vakcin\u00e1k is sikeresebben haszn\u00e1lhat\u00f3k. Az ilyen helyi adagol\u00e1si lehet\u0151s\u00e9gek els\u0151sorban a gazdas\u00e1gosabb \u00e1llatteny\u00e9szt\u00e9st seg\u00edtik el\u0151, de az \u00e1llatokr\u00f3l emberre terjed\u0151 veszetts\u00e9g elleni v\u00e9dekez\u00e9sben \u00e9s egyes emberi v\u00edrusos megbeteged\u00e9sek megel\u0151z\u00e9s\u00e9ben is fontos szerep\u00fck van. A v\u00edrusokat tartalmaz\u00f3 k\u00e9sz\u00edtm\u00e9nyek hat\u00e9konyabb form\u00e1j\u00e1nak kifejleszt\u00e9se a vakcin\u00e1k mellett olyan j\u00f6v\u0151be mutat\u00f3 kezel\u00e9si lehet\u0151s\u00e9gekben is l\u00e9nyeges lehet, mint a g\u00e9nter\u00e1pi\u00e1k vagy az \u00fan. fel\u00fclfert\u0151z\u00e9ses v\u00edrusellenes ter\u00e1pi\u00e1k.<\/p>","protected":false},"excerpt":{"rendered":"<p>&nbsp; T\u00e1mogat\u00e1s \u00f6sszege: 29.835.000,- Ft Projekt szakmai vezet\u0151je: Dr. Marosi Andr\u00e1s Megval\u00f3s\u00edt\u00e1si id\u0151szak: 2024. janu\u00e1r 01. \u2013 2026. december 31. Projekt tartalma: A v\u00edrusfert\u0151z\u00e9sek ellen leghat\u00e9konyabban vakcin\u00e1kkal v\u00e9dekezhet\u00fcnk. Az olt\u00f3anyagok el\u0151\u00e1ll\u00edt\u00e1si m\u00f3dszere meghat\u00e1roz\u00f3 a k\u00e9sz\u00edtm\u00e9nyek felhaszn\u00e1l\u00e1si lehet\u0151s\u00e9gei \u00e9s eltarthat\u00f3s\u00e1ga szempontj\u00e1b\u00f3l. A jelenleg legelterjedtebb technol\u00f3gia a fagyasztva sz\u00e1r\u00edt\u00e1s, amely azonban dr\u00e1ga \u00e9s a vakcinagy\u00e1rt\u00e1shoz sz\u00fcks\u00e9ges v\u00edrusok<\/p>\n","protected":false},"author":4688,"featured_media":0,"parent":86876,"menu_order":0,"comment_status":"open","ping_status":"open","template":"","meta":{"_acf_changed":false,"footnotes":""},"categories":[],"tags":[],"class_list":["post-98900","page","type-page","status-publish","hentry"],"acf":[],"_links":{"self":[{"href":"https:\/\/univet.hu\/hu\/wp-json\/wp\/v2\/pages\/98900","targetHints":{"allow":["GET"]}}],"collection":[{"href":"https:\/\/univet.hu\/hu\/wp-json\/wp\/v2\/pages"}],"about":[{"href":"https:\/\/univet.hu\/hu\/wp-json\/wp\/v2\/types\/page"}],"author":[{"embeddable":true,"href":"https:\/\/univet.hu\/hu\/wp-json\/wp\/v2\/users\/4688"}],"replies":[{"embeddable":true,"href":"https:\/\/univet.hu\/hu\/wp-json\/wp\/v2\/comments?post=98900"}],"version-history":[{"count":0,"href":"https:\/\/univet.hu\/hu\/wp-json\/wp\/v2\/pages\/98900\/revisions"}],"up":[{"embeddable":true,"href":"https:\/\/univet.hu\/hu\/wp-json\/wp\/v2\/pages\/86876"}],"wp:attachment":[{"href":"https:\/\/univet.hu\/hu\/wp-json\/wp\/v2\/media?parent=98900"}],"wp:term":[{"taxonomy":"category","embeddable":true,"href":"https:\/\/univet.hu\/hu\/wp-json\/wp\/v2\/categories?post=98900"},{"taxonomy":"post_tag","embeddable":true,"href":"https:\/\/univet.hu\/hu\/wp-json\/wp\/v2\/tags?post=98900"}],"curies":[{"name":"wp","href":"https:\/\/api.w.org\/{rel}","templated":true}]}}