{"id":98983,"date":"2024-02-26T16:13:52","date_gmt":"2024-02-26T15:13:52","guid":{"rendered":"https:\/\/univet.hu\/?page_id=98983"},"modified":"2026-02-24T10:32:52","modified_gmt":"2026-02-24T09:32:52","slug":"dr-schilling-toth-boglarka-maria","status":"publish","type":"page","link":"https:\/\/univet.hu\/hu\/egyetem\/munkatarsak\/dr-schilling-toth-boglarka-maria\/","title":{"rendered":"Schilling-T\u00f3th Bogl\u00e1rka M\u00e1ria"},"content":{"rendered":"<p><strong>Bemutatkoz\u00e1s<\/strong><\/p> <p>Budapesten sz\u00fclettem, k\u00f6z\u00e9piskolai tanulm\u00e1nyaimat az esztergomi Szent Istv\u00e1n Gimn\u00e1ziumban v\u00e9geztem. Az \u00e9retts\u00e9git k\u00f6vet\u0151en osztatlan k\u00e9pz\u00e9sben v\u00e9geztem az ELTE Term\u00e9szettudom\u00e1nyi kar\u00e1n molekul\u00e1ris biol\u00f3gusk\u00e9nt. A v\u00e9gz\u00e9s ut\u00e1n az Orsz\u00e1gos Sug\u00e1rbiol\u00f3giai \u00e9s Sug\u00e1reg\u00e9szs\u00e9g\u00fcgyi Kutat\u00f3int\u00e9zetben dolgoztam, a Molekul\u00e1ris Sug\u00e1rbiol\u00f3gia oszt\u00e1lyon. PhD t\u00e9m\u00e1mat is az itt v\u00e9gzett kutat\u00e1s alapozta meg, melyet 2016-ban v\u00e9dtem meg a Semmelweis Egyetem Patol\u00f3giai Doktori Iskola Hallgat\u00f3jak\u00e9nt. Ezut\u00e1n dolgoztam a SE Farmakol\u00f3giai \u00e9s Farmakoter\u00e1pi\u00e1s Int\u00e9zet\u00e9ben posztdoktork\u00e9nt, majd 2019-t\u0151l az E\u00f6tv\u00f6s L\u00f3r\u00e1nd Egyetem Term\u00e9szettudom\u00e1nyi kar\u00e1n a Biotechnol\u00f3gia MSc oktat\u00f3jak\u00e9nt, oktat\u00e1sszervez\u0151k\u00e9nt \u00e9s kutat\u00f3k\u00e9nt vettem r\u00e9szt Immunol\u00f3gia Tansz\u00e9k munk\u00e1j\u00e1ban.<\/p> <p>&nbsp;<\/p> <p><strong>Kutat\u00e1si ter\u00fcletek<\/strong><\/p> <p>Az ioniz\u00e1l\u00f3 sug\u00e1rz\u00e1s nem c\u00e9lzott hat\u00e1sainak vizsg\u00e1lata<\/p> <p>A SARS CoV2 v\u00edrusfert\u0151z\u00e9s neutraliz\u00e1l\u00f3 anti-testjeinek kimutat\u00e1si vizsg\u00e1latai<\/p> <table> <tbody> <tr> <td width=\"201\">Munkahelyek<\/td> <td width=\"201\">Int\u00e9zm\u00e9ny neve<\/td> <td width=\"201\">Beoszt\u00e1s<\/td> <\/tr> <tr> <td width=\"201\">2024<\/td> <td width=\"201\">\u00c1llatorvostudom\u00e1nyi Egyetem, \u00c9lettani \u00e9s Biok\u00e9miai Tansz\u00e9k<\/td> <td width=\"201\">Egyetemi adjunktus<\/td> <\/tr> <tr> <td width=\"201\">2019-2023<\/td> <td width=\"201\">E\u00f6tv\u00f6s L\u00f3r\u00e1nd Tudom\u00e1nyegyetem Immunol\u00f3gia Tansz\u00e9k<\/td> <td width=\"201\"> <p>Mesteroktat\u00f3,<\/p> <p>Tudom\u00e1nyos munkat\u00e1rs<\/td> <\/tr> <tr> <td width=\"201\">2022-2023<\/td> <td width=\"201\">FIEK Mikrobiol\u00f3giai Diagnosztikai Laborat\u00f3rium<\/td> <td width=\"201\">Laborvezet\u0151 helyettes<\/td> <\/tr> <tr> <td width=\"201\">2019<\/td> <td width=\"201\">Semmelweis Egyetem Farmakol\u00f3giai \u00e9s Farmakoter\u00e1pi\u00e1s Int\u00e9zet<\/td> <td width=\"201\">Tudom\u00e1nyos munkat\u00e1rs<\/td> <\/tr> <tr> <td width=\"201\">2008-2018<\/td> <td width=\"201\">Orsz\u00e1gos Sug\u00e1rbiol\u00f3giai \u00e9s Sug\u00e1reg\u00e9szs\u00e9g\u00fcgyi Kutat\u00f3int\u00e9zet<\/td> <td width=\"201\">Tudom\u00e1nyos munkat\u00e1rs<\/td> <\/tr> <\/tbody> <\/table> <p>&nbsp;<\/p> <p>&nbsp;<\/p> <p><strong>Tags\u00e1g:<\/strong><\/p> <p>Magyar Biofizikai T\u00e1rsas\u00e1g<\/p> <p>International Society for Extracellular Vesicles<\/p> <p>&nbsp;<\/p> <p>Tudom\u00e1nyos k\u00f6zlem\u00e9nyek:<\/p> <p><a href=\"https:\/\/m2.mtmt.hu\/gui2\/?type=authors&amp;mode=browse&amp;sel=10028984&amp;view=simpleList\">https:\/\/m2.mtmt.hu\/gui2\/?type=authors&amp;mode=browse&amp;sel=10028984&amp;view=simpleList<\/a><\/p>","protected":false},"excerpt":{"rendered":"<p>Bemutatkoz\u00e1s Budapesten sz\u00fclettem, k\u00f6z\u00e9piskolai tanulm\u00e1nyaimat az esztergomi Szent Istv\u00e1n Gimn\u00e1ziumban v\u00e9geztem. Az \u00e9retts\u00e9git k\u00f6vet\u0151en osztatlan k\u00e9pz\u00e9sben v\u00e9geztem az ELTE Term\u00e9szettudom\u00e1nyi kar\u00e1n molekul\u00e1ris biol\u00f3gusk\u00e9nt. A v\u00e9gz\u00e9s ut\u00e1n az Orsz\u00e1gos Sug\u00e1rbiol\u00f3giai \u00e9s Sug\u00e1reg\u00e9szs\u00e9g\u00fcgyi Kutat\u00f3int\u00e9zetben dolgoztam, a Molekul\u00e1ris Sug\u00e1rbiol\u00f3gia oszt\u00e1lyon. PhD t\u00e9m\u00e1mat is az itt v\u00e9gzett kutat\u00e1s alapozta meg, melyet 2016-ban v\u00e9dtem meg a Semmelweis Egyetem Patol\u00f3giai Doktori<\/p>\n","protected":false},"author":5824,"featured_media":0,"parent":858,"menu_order":211,"comment_status":"closed","ping_status":"closed","template":"","meta":{"_acf_changed":false,"footnotes":""},"categories":[56],"tags":[],"class_list":["post-98983","page","type-page","status-publish","hentry","category-munkatarsak"],"acf":[],"_links":{"self":[{"href":"https:\/\/univet.hu\/hu\/wp-json\/wp\/v2\/pages\/98983","targetHints":{"allow":["GET"]}}],"collection":[{"href":"https:\/\/univet.hu\/hu\/wp-json\/wp\/v2\/pages"}],"about":[{"href":"https:\/\/univet.hu\/hu\/wp-json\/wp\/v2\/types\/page"}],"author":[{"embeddable":true,"href":"https:\/\/univet.hu\/hu\/wp-json\/wp\/v2\/users\/5824"}],"replies":[{"embeddable":true,"href":"https:\/\/univet.hu\/hu\/wp-json\/wp\/v2\/comments?post=98983"}],"version-history":[{"count":5,"href":"https:\/\/univet.hu\/hu\/wp-json\/wp\/v2\/pages\/98983\/revisions"}],"predecessor-version":[{"id":201588,"href":"https:\/\/univet.hu\/hu\/wp-json\/wp\/v2\/pages\/98983\/revisions\/201588"}],"up":[{"embeddable":true,"href":"https:\/\/univet.hu\/hu\/wp-json\/wp\/v2\/pages\/858"}],"wp:attachment":[{"href":"https:\/\/univet.hu\/hu\/wp-json\/wp\/v2\/media?parent=98983"}],"wp:term":[{"taxonomy":"category","embeddable":true,"href":"https:\/\/univet.hu\/hu\/wp-json\/wp\/v2\/categories?post=98983"},{"taxonomy":"post_tag","embeddable":true,"href":"https:\/\/univet.hu\/hu\/wp-json\/wp\/v2\/tags?post=98983"}],"curies":[{"name":"wp","href":"https:\/\/api.w.org\/{rel}","templated":true}]}}