{"id":99083,"date":"2024-03-01T12:41:32","date_gmt":"2024-03-01T11:41:32","guid":{"rendered":"https:\/\/univet.hu\/?page_id=99083"},"modified":"2024-03-01T12:41:32","modified_gmt":"2024-03-01T11:41:32","slug":"eurofins-vetcontrol-kft","status":"publish","type":"page","link":"https:\/\/univet.hu\/hu\/oktatas\/tanulmanyi-osztaly\/allasajanlatok\/eurofins-vetcontrol-kft\/","title":{"rendered":"Eurofins Vetcontrol Kft."},"content":{"rendered":"<p>2024.03.01<\/p> <p>C\u00e9ginform\u00e1ci\u00f3<\/p> <p>A Eurofins c\u00e9gcsoport a vil\u00e1g egyik vezet\u0151 laborat\u00f3riumi \u00e9s \u00e9lelmiszer analitikai szolg\u00e1ltat\u00e1sait ny\u00fajt\u00f3 c\u00e9ge 1987 \u00f3ta. C\u00e9g\u00fcnk 50.000 alkalmazottal, 1.500 laborat\u00f3riummal jelenleg t\u00f6bb mint 50 orsz\u00e1gban van jelen. Az EUROFINS VETCONTROL Kft., mely az \u00e1llateg\u00e9szs\u00e9g\u00fcgyi diagnosztika ter\u00fclet\u00e9n tev\u00e9kenykedik, laborat\u00f3riumi vizsg\u00e1latokkal (mikrobiol\u00f3gia, ELISA, molekul\u00e1ris biol\u00f3gia (PCR) \u00e9s genetika) komplex szolg\u00e1ltat\u00e1saival \u00e9s komplett szaktan\u00e1csad\u00e1ssal seg\u00edti partnereit &#8211; keresi <strong>Region\u00e1lis \u00c9rt\u00e9kes\u00edt\u00e9si K\u00e9pvisel\u0151<\/strong> poz\u00edci\u00f3ba \u00faj munkat\u00e1rs\u00e1t! M\u0171k\u00f6d\u00e9si ter\u00fclet: N\u00f3gr\u00e1d-, Pest-, B\u00e1cs-Kiskun-, J\u00e1sz-Nagykun-Szolnok-, Csongr\u00e1d-Csan\u00e1d v\u00e1rmegy\u00e9k. Te vagy a j\u00f6v\u0151beli munkat\u00e1rsunk, ha az al\u00e1bbi pontok k\u00f6zel \u00e1llnak hozz\u00e1d!<\/p> <p>Milyen feladatok v\u00e1rnak R\u00e1d?<\/p> <p>\u00b7 megl\u00e9v\u0151 partnereinkkel val\u00f3 folyamatos kapcsolattart\u00e1s,<\/p> <p>\u00b7 \u00faj partnerkapcsolatok ki\u00e9p\u00edt\u00e9se a kijel\u00f6lt ter\u00fcleteken,<\/p> <p>\u00b7 \u00e1raj\u00e1nlatok k\u00e9sz\u00edt\u00e9se a partnerek r\u00e9sz\u00e9re,<\/p> <p>\u00b7 CRM- rendszer vezet\u00e9se,<\/p> <p>\u00b7 munk\u00e1t t\u00e1mogat\u00f3 adatb\u00e1zisok haszn\u00e1lata<\/p> <p>Az ide\u00e1lis jelentkez\u0151nk jellemz\u0151i:<\/p> <p>\u00b7 agr\u00e1rtudom\u00e1nyi vagy \u00e1llatorvosi fels\u0151fok\u00fa v\u00e9gzetts\u00e9g<\/p> <p>\u00b7 megb\u00edzhat\u00f3s\u00e1g \u00e9s precizit\u00e1s,<\/p> <p>\u00b7 \u00fcgyf\u00e9lorient\u00e1lt szeml\u00e9let,<\/p> <p>\u00b7 \u00f6n\u00e1ll\u00f3 munkav\u00e9gz\u00e9s,<\/p> <p>\u00b7 szakmai amb\u00edci\u00f3 \u00e9s fejl\u0151d\u00e9si ig\u00e9ny,<\/p> <p>\u00b7 csapatmunka,<\/p> <p>\u00b7 magas szint\u0171 kommunik\u00e1ci\u00f3,<\/p> <p>\u00b7 innovat\u00edv gondolkod\u00e1sm\u00f3d,<\/p> <p>\u00b7 felhaszn\u00e1l\u00f3i szint\u0171 informatikai ismertek,<\/p> <p>\u00b7 kommunik\u00e1ci\u00f3s szint\u0171 angol nyelvtud\u00e1s,<\/p> <p>\u00b7 B-kateg\u00f3ri\u00e1s jogos\u00edtv\u00e1ny<\/p> <p>El\u0151nyt jelent<\/p> <p>\u00b7 \u00e9rt\u00e9kes\u00edt\u00e9sben szerzett tapasztalat,<\/p> <p>\u00b7 \u00e1llatteny\u00e9szt\u00e9si, \u00e1llateg\u00e9szs\u00e9g\u00fcgyi tapasztalat<\/p> <p>Mi\u00e9rt szeretnek n\u00e1lunk dolgozni a koll\u00e9g\u00e1k?<\/p> <p>\u00b7 teljesk\u00f6r\u0171 felk\u00e9sz\u00edt\u00e9st ny\u00fajtunk az \u00faj koll\u00e9g\u00e1ink sz\u00e1m\u00e1ra,<\/p> <p>\u00b7 versenyk\u00e9pes j\u00f6vedelem biztos\u00edtunk,<\/p> <p>\u00b7 professzion\u00e1lis munkak\u00f6rnyezet \u00e9s k\u00f6tetlen munkarendet k\u00edn\u00e1lunk,<\/p> <p>\u00b7 t\u00e1mogatjuk szakmai k\u00e9pz\u00e9sekkel \u00e9s fejl\u0151d\u00e9si lehet\u0151s\u00e9g biztos\u00edt\u00e1s\u00e1val a koll\u00e9g\u00e1inkat,<\/p> <p>\u00b7 teljes\u00edtm\u00e9ny ar\u00e1nyos b\u00f3nusz rendszer,<\/p> <p>\u00b7 c\u00e9ges aut\u00f3t, laptopot, mobiltelefont biztos\u00edtunk a munkav\u00e9gz\u00e9shez<\/p> <p>\u00b7 t\u00e1mogat\u00f3 munkak\u00f6rnyezetben, befogad\u00f3, seg\u00edt\u0151k\u00e9sz csapattal dolgozunk<\/p>","protected":false},"excerpt":{"rendered":"<p>2024.03.01 C\u00e9ginform\u00e1ci\u00f3 A Eurofins c\u00e9gcsoport a vil\u00e1g egyik vezet\u0151 laborat\u00f3riumi \u00e9s \u00e9lelmiszer analitikai szolg\u00e1ltat\u00e1sait ny\u00fajt\u00f3 c\u00e9ge 1987 \u00f3ta. C\u00e9g\u00fcnk 50.000 alkalmazottal, 1.500 laborat\u00f3riummal jelenleg t\u00f6bb mint 50 orsz\u00e1gban van jelen. Az EUROFINS VETCONTROL Kft., mely az \u00e1llateg\u00e9szs\u00e9g\u00fcgyi diagnosztika ter\u00fclet\u00e9n tev\u00e9kenykedik, laborat\u00f3riumi vizsg\u00e1latokkal (mikrobiol\u00f3gia, ELISA, molekul\u00e1ris biol\u00f3gia (PCR) \u00e9s genetika) komplex szolg\u00e1ltat\u00e1saival \u00e9s komplett szaktan\u00e1csad\u00e1ssal seg\u00edti<\/p>\n","protected":false},"author":2961,"featured_media":0,"parent":26415,"menu_order":112,"comment_status":"closed","ping_status":"closed","template":"","meta":{"_acf_changed":false,"footnotes":""},"categories":[],"tags":[],"class_list":["post-99083","page","type-page","status-publish","hentry"],"acf":[],"_links":{"self":[{"href":"https:\/\/univet.hu\/hu\/wp-json\/wp\/v2\/pages\/99083","targetHints":{"allow":["GET"]}}],"collection":[{"href":"https:\/\/univet.hu\/hu\/wp-json\/wp\/v2\/pages"}],"about":[{"href":"https:\/\/univet.hu\/hu\/wp-json\/wp\/v2\/types\/page"}],"author":[{"embeddable":true,"href":"https:\/\/univet.hu\/hu\/wp-json\/wp\/v2\/users\/2961"}],"replies":[{"embeddable":true,"href":"https:\/\/univet.hu\/hu\/wp-json\/wp\/v2\/comments?post=99083"}],"version-history":[{"count":0,"href":"https:\/\/univet.hu\/hu\/wp-json\/wp\/v2\/pages\/99083\/revisions"}],"up":[{"embeddable":true,"href":"https:\/\/univet.hu\/hu\/wp-json\/wp\/v2\/pages\/26415"}],"wp:attachment":[{"href":"https:\/\/univet.hu\/hu\/wp-json\/wp\/v2\/media?parent=99083"}],"wp:term":[{"taxonomy":"category","embeddable":true,"href":"https:\/\/univet.hu\/hu\/wp-json\/wp\/v2\/categories?post=99083"},{"taxonomy":"post_tag","embeddable":true,"href":"https:\/\/univet.hu\/hu\/wp-json\/wp\/v2\/tags?post=99083"}],"curies":[{"name":"wp","href":"https:\/\/api.w.org\/{rel}","templated":true}]}}