{"id":99115,"date":"2024-03-05T10:15:37","date_gmt":"2024-03-05T09:15:37","guid":{"rendered":"https:\/\/univet.hu\/?page_id=99115"},"modified":"2024-03-05T10:15:37","modified_gmt":"2024-03-05T09:15:37","slug":"allatszerviz-kft","status":"publish","type":"page","link":"https:\/\/univet.hu\/hu\/oktatas\/tanulmanyi-osztaly\/allasajanlatok\/allatszerviz-kft\/","title":{"rendered":"\u00c1llatszerv\u00edz Kft."},"content":{"rendered":"<p>2024.03.05<\/p> <p><a href=\"https:\/\/univet.hu\/wp-content\/uploads\/2024\/03\/2024\u00c1ll\u00e1shirdet\u00e9s-helyett-munk\u00e1ltat\u00f3i-gondolatok.pdf\">\u00c1llatorvos<\/a><\/p>","protected":false},"excerpt":{"rendered":"<p>2024.03.05 \u00c1llatorvos<\/p>\n","protected":false},"author":2961,"featured_media":0,"parent":26415,"menu_order":112,"comment_status":"closed","ping_status":"closed","template":"","meta":{"_acf_changed":false,"footnotes":""},"categories":[],"tags":[],"class_list":["post-99115","page","type-page","status-publish","hentry"],"acf":[],"_links":{"self":[{"href":"https:\/\/univet.hu\/hu\/wp-json\/wp\/v2\/pages\/99115","targetHints":{"allow":["GET"]}}],"collection":[{"href":"https:\/\/univet.hu\/hu\/wp-json\/wp\/v2\/pages"}],"about":[{"href":"https:\/\/univet.hu\/hu\/wp-json\/wp\/v2\/types\/page"}],"author":[{"embeddable":true,"href":"https:\/\/univet.hu\/hu\/wp-json\/wp\/v2\/users\/2961"}],"replies":[{"embeddable":true,"href":"https:\/\/univet.hu\/hu\/wp-json\/wp\/v2\/comments?post=99115"}],"version-history":[{"count":0,"href":"https:\/\/univet.hu\/hu\/wp-json\/wp\/v2\/pages\/99115\/revisions"}],"up":[{"embeddable":true,"href":"https:\/\/univet.hu\/hu\/wp-json\/wp\/v2\/pages\/26415"}],"wp:attachment":[{"href":"https:\/\/univet.hu\/hu\/wp-json\/wp\/v2\/media?parent=99115"}],"wp:term":[{"taxonomy":"category","embeddable":true,"href":"https:\/\/univet.hu\/hu\/wp-json\/wp\/v2\/categories?post=99115"},{"taxonomy":"post_tag","embeddable":true,"href":"https:\/\/univet.hu\/hu\/wp-json\/wp\/v2\/tags?post=99115"}],"curies":[{"name":"wp","href":"https:\/\/api.w.org\/{rel}","templated":true}]}}