{"id":99125,"date":"2024-03-05T11:37:22","date_gmt":"2024-03-05T10:37:22","guid":{"rendered":"https:\/\/univet.hu\/hu\/egyetem\/nemzetkozi-kapcsolatok\/pannonia\/"},"modified":"2026-02-27T10:13:20","modified_gmt":"2026-02-27T09:13:20","slug":"pannonia-osztondij-program","status":"publish","type":"page","link":"https:\/\/univet.hu\/hu\/egyetem\/nemzetkozi-kapcsolatok\/pannonia-osztondij-program\/","title":{"rendered":"PANN\u00d3NIA \u00d6szt\u00f6nd\u00edj Program"},"content":{"rendered":"<p style=\"text-align: justify\">A nemzetk\u00f6zies\u00edt\u00e9si program megval\u00f3s\u00edt\u00e1sa nemzetk\u00f6zi mobilit\u00e1si \u00f6szt\u00f6nd\u00edjak ny\u00fajt\u00e1s\u00e1n, tov\u00e1bb\u00e1 a kapcsol\u00f3d\u00f3 egy\u00e9b, meghat\u00e1rozott k\u00f6lts\u00e9gek t\u00e1mogat\u00e1s\u00e1n kereszt\u00fcl t\u00f6rt\u00e9nik, amely a modellv\u00e1ltott egyetemek hallgat\u00f3i, oktat\u00f3i, kutat\u00f3i \u00e9s munkat\u00e1rsai, valamint a k\u00fclf\u00f6ldi partnerint\u00e9zm\u00e9nyek oktat\u00f3i, kutat\u00f3i (tov\u00e1bbiakban egy\u00fcttesen: egyetemi polg\u00e1rok) sz\u00e1m\u00e1ra biztos\u00edt Magyarorsz\u00e1gon k\u00edv\u00fclre vagy Magyarorsz\u00e1gra ir\u00e1nyul\u00f3 r\u00f6vid- vagy hossz\u00fa t\u00e1v\u00fa mobilit\u00e1si lehet\u0151s\u00e9get a modellv\u00e1ltott int\u00e9zm\u00e9nyek \u00e1ltal megk\u00f6t\u00f6tt bilater\u00e1lis szerz\u0151d\u00e9seken kereszt\u00fcl. A mobilit\u00e1si lehet\u0151s\u00e9gek tekintet\u00e9ben a p\u00e1ly\u00e1zati program az egyetemi polg\u00e1rok tanulm\u00e1nyi, kutat\u00e1si vagy oktat\u00e1si c\u00e9l\u00fa mobilit\u00e1s\u00e1t, szakmai gyakorlat\u00e1t, r\u00e9szk\u00e9pz\u00e9s\u00e9t t\u00e1mogatja.<\/p> <p style=\"text-align: justify\">A mobilit\u00e1sokban r\u00e9szt vev\u0151 egyetemi polg\u00e1rok kiv\u00e1laszt\u00e1s\u00e1t \u00e9s mobilit\u00e1sainak t\u00e1mogat\u00e1s\u00e1t a t\u00e1mogat\u00e1sban r\u00e9szes\u00fcl\u0151 int\u00e9zm\u00e9nyek \u2013 a Tempus K\u00f6zalap\u00edtv\u00e1ny fel\u00fcgyelete mellett \u2013 saj\u00e1t bels\u0151 szab\u00e1lyrendszer\u00fck alapj\u00e1n v\u00e9gzik a p\u00e1ly\u00e1zati felh\u00edv\u00e1sban \u00e9s a t\u00e1mogat\u00f3i okiratban meghat\u00e1rozott felt\u00e9telek figyelembev\u00e9tel\u00e9vel, azok c\u00e9lkit\u0171z\u00e9sei ment\u00e9n, a r\u00f6gz\u00edtett krit\u00e9riumrendszer(ek) folyamatos alkalmaz\u00e1sa mellett.<\/p> <p style=\"text-align: justify\">Az egyetemi polg\u00e1roknak ny\u00fajthat\u00f3 \u00f6szt\u00f6nd\u00edjak m\u00e9rt\u00e9ke az egyes f\u00f6ldrajzi c\u00e9lter\u00fcletek tekintet\u00e9ben elt\u00e9r\u0151, tov\u00e1bb\u00e1 m\u00e1s komponenseket, \u00edgy tand\u00edj-kompenz\u00e1ci\u00f3t, utaz\u00e1si \u00e9s lakhat\u00e1si t\u00e1mogat\u00e1st, es\u00e9lyegyenl\u0151s\u00e9gi vagy szoci\u00e1lis alap\u00fa juttat\u00e1st tartalmazhat (a tov\u00e1bbiakban egy\u00fcttesen: mobilit\u00e1si \u00f6sszt\u00e1mogat\u00e1s). Az \u00f6szt\u00f6nd\u00edjakon \u00e9s egy\u00e9b juttat\u00e1sokon t\u00fal a t\u00e1mogat\u00e1sban r\u00e9szes\u00fcl\u0151 int\u00e9zm\u00e9nyeknek juttatott \u00e1tal\u00e1nyt\u00e1mogat\u00e1s tartalmazza a mobilit\u00e1sokhoz kapcsol\u00f3d\u00f3 szervez\u00e9si k\u00f6lts\u00e9gek mobilit\u00e1si mennyis\u00e9gen alapul\u00f3 t\u00e1mogat\u00e1s\u00e1t (a tov\u00e1bbiakban: szervez\u00e9si t\u00e1mogat\u00e1s). A mobilit\u00e1sokban r\u00e9szt vev\u0151 egyetemi polg\u00e1roknak juttatott mobilit\u00e1si \u00f6sszt\u00e1mogat\u00e1s a k\u00fclf\u00f6ldi tart\u00f3zkod\u00e1s t\u00f6bbletk\u00f6lts\u00e9geihez j\u00e1rul hozz\u00e1 \u00e9s nem felt\u00e9tlen\u00fcl fedezi az \u00f6sszes felmer\u00fcl\u0151 k\u00f6lts\u00e9get.<\/p> <p style=\"text-align: justify\">B\u0151vebb inform\u00e1ci\u00f3kat itt tal\u00e1l:<\/p> <p style=\"text-align: justify\">https:\/\/pannoniaosztondij.hu\/<\/p> <p>&nbsp;<\/p>","protected":false},"excerpt":{"rendered":"<p>A nemzetk\u00f6zies\u00edt\u00e9si program megval\u00f3s\u00edt\u00e1sa nemzetk\u00f6zi mobilit\u00e1si \u00f6szt\u00f6nd\u00edjak ny\u00fajt\u00e1s\u00e1n, tov\u00e1bb\u00e1 a kapcsol\u00f3d\u00f3 egy\u00e9b, meghat\u00e1rozott k\u00f6lts\u00e9gek t\u00e1mogat\u00e1s\u00e1n kereszt\u00fcl t\u00f6rt\u00e9nik, amely a modellv\u00e1ltott egyetemek hallgat\u00f3i, oktat\u00f3i, kutat\u00f3i \u00e9s munkat\u00e1rsai, valamint a k\u00fclf\u00f6ldi partnerint\u00e9zm\u00e9nyek oktat\u00f3i, kutat\u00f3i (tov\u00e1bbiakban egy\u00fcttesen: egyetemi polg\u00e1rok) sz\u00e1m\u00e1ra biztos\u00edt Magyarorsz\u00e1gon k\u00edv\u00fclre vagy Magyarorsz\u00e1gra ir\u00e1nyul\u00f3 r\u00f6vid- vagy hossz\u00fa t\u00e1v\u00fa mobilit\u00e1si lehet\u0151s\u00e9get a modellv\u00e1ltott int\u00e9zm\u00e9nyek \u00e1ltal megk\u00f6t\u00f6tt bilater\u00e1lis<\/p>\n","protected":false},"author":65,"featured_media":0,"parent":1116,"menu_order":0,"comment_status":"open","ping_status":"open","template":"","meta":{"_acf_changed":false,"footnotes":""},"categories":[],"tags":[],"class_list":["post-99125","page","type-page","status-publish","hentry"],"acf":[],"_links":{"self":[{"href":"https:\/\/univet.hu\/hu\/wp-json\/wp\/v2\/pages\/99125","targetHints":{"allow":["GET"]}}],"collection":[{"href":"https:\/\/univet.hu\/hu\/wp-json\/wp\/v2\/pages"}],"about":[{"href":"https:\/\/univet.hu\/hu\/wp-json\/wp\/v2\/types\/page"}],"author":[{"embeddable":true,"href":"https:\/\/univet.hu\/hu\/wp-json\/wp\/v2\/users\/65"}],"replies":[{"embeddable":true,"href":"https:\/\/univet.hu\/hu\/wp-json\/wp\/v2\/comments?post=99125"}],"version-history":[{"count":2,"href":"https:\/\/univet.hu\/hu\/wp-json\/wp\/v2\/pages\/99125\/revisions"}],"predecessor-version":[{"id":201780,"href":"https:\/\/univet.hu\/hu\/wp-json\/wp\/v2\/pages\/99125\/revisions\/201780"}],"up":[{"embeddable":true,"href":"https:\/\/univet.hu\/hu\/wp-json\/wp\/v2\/pages\/1116"}],"wp:attachment":[{"href":"https:\/\/univet.hu\/hu\/wp-json\/wp\/v2\/media?parent=99125"}],"wp:term":[{"taxonomy":"category","embeddable":true,"href":"https:\/\/univet.hu\/hu\/wp-json\/wp\/v2\/categories?post=99125"},{"taxonomy":"post_tag","embeddable":true,"href":"https:\/\/univet.hu\/hu\/wp-json\/wp\/v2\/tags?post=99125"}],"curies":[{"name":"wp","href":"https:\/\/api.w.org\/{rel}","templated":true}]}}