{"id":99135,"date":"2024-03-05T12:03:53","date_gmt":"2024-03-05T11:03:53","guid":{"rendered":"https:\/\/univet.hu\/hu\/egyetem\/nemzetkozi-kapcsolatok\/pannonia-osztondij-program\/hallgatok\/"},"modified":"2026-03-30T15:27:03","modified_gmt":"2026-03-30T13:27:03","slug":"hallgatok","status":"publish","type":"page","link":"https:\/\/univet.hu\/hu\/egyetem\/nemzetkozi-kapcsolatok\/pannonia-osztondij-program\/hallgatok\/","title":{"rendered":"Hallgat\u00f3k"},"content":{"rendered":"<p>A Pann\u00f3nia \u00d6szt\u00f6nd\u00edjprogram nemzetk\u00f6zi mobilit\u00e1si tev\u00e9kenys\u00e9gekben val\u00f3 r\u00e9szv\u00e9telhez ny\u00fajt seg\u00edts\u00e9get.<\/p> <p><span style=\"color: #b51010\"><strong><u>T\u00c1MOGATHAT\u00d3 TEV\u00c9KENYS\u00c9GEK:<\/u><\/strong><\/span><\/p> <p><span style=\"color: #b51010\"><strong><u>\u00c1llatorvostan-hallgat\u00f3k sz\u00e1m\u00e1ra<\/u><\/strong><\/span><\/p> <p><strong>Negyed\u00e9veseknek:<\/strong><\/p> <ul> <li>Negyedik \u00e9vfolyam ut\u00e1ni, ny\u00e1ri, 1&#215;4 hetes orvosl\u00e1si gyakorlat (1-2 h\u00f3nap)<\/li> <\/ul> <p><strong>\u00d6t\u00f6d\u00e9veseknek:<\/strong><\/p> <ul> <li>\u00d6t\u00f6dik \u00e9vfolyam ut\u00e1ni gyakorlati f\u00e9l\u00e9v, 3&#215;4 hetes haszon\u00e1llattart\u00f3-telepi \u00e9s klinikai gyakorlat (1-3 h\u00f3nap)<\/li> <\/ul> <p><strong>Hatod\u00e9vesek:<\/strong><\/p> <ul> <li>Frissdiplom\u00e1s szakmai gyakorlat (2-12 h\u00f3nap)<\/li> <\/ul> <p>Hossz\u00fat\u00e1v\u00fa (1-2 szemeszter) tanulm\u00e1nyi c\u00e9l\u00fa mobilit\u00e1si p\u00e1ly\u00e1zat \u00e1llatorvostan-hallgat\u00f3k sz\u00e1m\u00e1ra azut\u00e1n ker\u00fclhet ki\u00edr\u00e1sra, hogy az \u00c1llatorvostudom\u00e1nyi Egyetem kidolgozza partneregyetemeivel a kreditelismer\u00e9s keretrendszer\u00e9t.<\/p> <p><span style=\"color: #b51010\"><strong><u>\u00c1llatorvostudom\u00e1nyi Doktori Iskola hallgat\u00f3i sz\u00e1m\u00e1ra<\/u><\/strong><\/span><\/p> <ul> <li>Akt\u00edv konferencia r\u00e9szv\u00e9tel (el\u0151ad\u00e1s vagy poszter) (2-30 nap)<\/li> <li>Kutat\u00e1s &#8211; r\u00f6vid t\u00e1v\u00fa (2-30 nap)<\/li> <li>Kutat\u00e1s &#8211; hossz\u00fa t\u00e1v\u00fa (2-5 h\u00f3nap)<\/li> <\/ul> <p><span style=\"color: #b51010\"><strong><u>Biol\u00f3gus Msc hallgat\u00f3k sz\u00e1m\u00e1ra<\/u><\/strong><\/span><\/p> <p><strong>Els\u0151\u00e9ves Msc hallgat\u00f3knak:<\/strong><\/p> <ul> <li>Ny\u00e1ri szakmai gyakorlat (2 h\u00f3nap)<\/li> <\/ul> <p><strong>M\u00e1sod\u00e9ves Msc hallgat\u00f3knak:<\/strong><\/p> <ul> <li>Frissdiplom\u00e1s szakmai gyakorlat (2-12 h\u00f3nap)<\/li> <\/ul> <p><span style=\"color: #b51010\"><strong><u>Kutat\u00f3 Zool\u00f3gus hallgat\u00f3k sz\u00e1m\u00e1ra<\/u><\/strong><\/span><\/p> <ul> <li>Ny\u00e1ri szakmai gyakorlat (2 h\u00f3nap)<\/li> <\/ul> <p>Hossz\u00fat\u00e1v\u00fa (1-2 szemeszter) tanulm\u00e1nyi c\u00e9l\u00fa mobilit\u00e1si p\u00e1ly\u00e1zat zool\u00f3gus hallgat\u00f3k sz\u00e1m\u00e1ra azut\u00e1n ker\u00fclhet ki\u00edr\u00e1sra, hogy az \u00c1llatorvostudom\u00e1nyi Egyetem egy\u00fcttm\u0171k\u00f6d\u00e9si meg\u00e1llapod\u00e1st k\u00f6t a lehets\u00e9ges partneregyetemekkel \u00e9s kidolgozza a kreditelismer\u00e9s keretrendszer\u00e9t.<\/p> <p><strong>\u00a0<\/strong><\/p> <p><span style=\"color: #b51010\"><strong><u>T\u00c1MOGAT\u00c1SI \u00d6SSZEGEK:<\/u><\/strong><\/span><\/p> <p>Az \u00f6szt\u00f6nd\u00edj m\u00e9rt\u00e9ke a mobilit\u00e1s id\u0151tartam\u00e1t\u00f3l \u00e9s a c\u00e9lorsz\u00e1gt\u00f3l f\u00fcgg\u0151en v\u00e1ltozhat.<\/p> <p><span style=\"color: #b51010\"><strong><u>C\u00e9lorsz\u00e1gok:<\/u><\/strong><\/span><\/p> <table width=\"712\"> <tbody> <tr> <td width=\"111\"><strong>Orsz\u00e1gcsoport<\/strong><\/td> <td width=\"571\"><strong>C\u00e9lorsz\u00e1gok<\/strong><\/td> <\/tr> <tr> <td width=\"111\"><strong>I. orsz\u00e1gcsoport<\/strong><\/td> <td width=\"571\">Ausztria, Belgium, D\u00e1nia, Finnorsz\u00e1g, Franciaorsz\u00e1g, Hollandia, \u00cdrorsz\u00e1g, Izland, Liechtenstein, Luxemburg, N\u00e9metorsz\u00e1g, Norv\u00e9gia, Sv\u00e9dorsz\u00e1g, Sv\u00e1jc, Egyes\u00fclt Kir\u00e1lys\u00e1g, Egyes\u00fclt \u00c1llamok, Kanada, Ausztr\u00e1lia, \u00daj-Z\u00e9land, Hongkong, Jap\u00e1n, D\u00e9l-Korea, Maka\u00f3, Szingap\u00far, Tajvan, Andorra, Izrael, Monaco<\/td> <\/tr> <tr> <td width=\"111\"><strong>II. orsz\u00e1gcsoport<\/strong><\/td> <td width=\"571\">Bosznia-Hercegovina, Koszov\u00f3, Montenegr\u00f3, Bulg\u00e1ria, Csehorsz\u00e1g, \u00c9sztorsz\u00e1g, G\u00f6r\u00f6gorsz\u00e1g, Spanyolorsz\u00e1g, Horv\u00e1torsz\u00e1g, Olaszorsz\u00e1g, Ciprus, Lettorsz\u00e1g, Litv\u00e1nia, M\u00e1lta, Lengyelorsz\u00e1g, Portug\u00e1lia, Rom\u00e1nia, Szlov\u00e9nia, Szlov\u00e1kia, \u00c9szak-Maced\u00f3nia, Szerbia, \u00d6rm\u00e9nyorsz\u00e1g, Georgia, Moldova, Sz\u00edria, Banglades, Bhut\u00e1n, Kambodzsa, K\u00edna, Laosz, Mald\u00edv-szigetek, Mianmar, Nep\u00e1l, Pakiszt\u00e1n, Sr\u00ed Lanka, Afganiszt\u00e1n, Kirgiziszt\u00e1n, T\u00e1dzsikiszt\u00e1n, T\u00fcrkmeniszt\u00e1n, \u00dczbegiszt\u00e1n, Irak, Jemen, Oroszorsz\u00e1g, Ukrajna<\/td> <\/tr> <tr> <td width=\"111\"><strong>III. orsz\u00e1gcsoport<\/strong><\/td> <td width=\"571\">Alb\u00e1nia, Azerbajdzs\u00e1n, Bahrein, Brunei, Egyes\u00fclt Arab Em\u00edrs\u00e9gek, F\u00fcl\u00f6p-szigetek, India, Indon\u00e9zia, Ir\u00e1n, Jord\u00e1nia, Katar, Kazahszt\u00e1n, Libanon, Mong\u00f3lia, Malajzia, Om\u00e1n, Sza\u00fad-Ar\u00e1bia, Thaif\u00f6ld, T\u00f6r\u00f6korsz\u00e1g, Vietn\u00e1m, Kolumbia, Mexik\u00f3, Alg\u00e9ria, Angola, D\u00e9l-Afrika, Egyiptom, L\u00edbia, Marokk\u00f3, Nam\u00edbia, Nig\u00e9ria, Tun\u00e9zia, Argent\u00edna, Braz\u00edlia, Chile, Peru<\/td> <\/tr> <\/tbody> <\/table> <p>&nbsp;<\/p> <p><span style=\"color: #b51010\"><strong><a style=\"color: #b51010\" href=\"https:\/\/pannoniaosztondij.hu\/a_pannonia_osztondijprogram_hirei\/tajekoztato-a-kozel-keleti-helyzetrol-a-kiutazok-szamara\">T\u00e1j\u00e9koztat\u00f3 a k\u00f6zel-keleti helyzetr\u0151l a kiutaz\u00f3k sz\u00e1m\u00e1ra Pann\u00f3nia \u00d6szt\u00f6nd\u00edjprogram | Tempus K\u00f6zalap\u00edtv\u00e1ny<\/a><\/strong><\/span><\/p> <p>&nbsp;<\/p> <p><span style=\"color: #b51010\"><strong><u>\u00d6szt\u00f6nd\u00edjak:<\/u><\/strong><\/span><\/p> <p><strong><u>Hossz\u00fa t\u00e1v\u00fa mobilit\u00e1s eset\u00e9n (2-12 h\u00f3nap)<\/u><\/strong><strong>:<\/strong><\/p> <table width=\"712\"> <tbody> <tr> <td width=\"117\"><strong>Id\u0151szak<\/strong><\/td> <td width=\"103\"><strong>I. orsz\u00e1gcsoport<\/strong><\/td> <td width=\"107\"><strong>II. orsz\u00e1gcsoport<\/strong><\/td> <td width=\"111\"><strong>III. orsz\u00e1gcsoport<\/strong><\/td> <\/tr> <tr> <td width=\"117\"><strong>Tanulm\u00e1nyi c\u00e9l\u00fa mobilit\u00e1s (2-12 h\u00f3nap)<\/strong><\/td> <td width=\"103\">400 000 Ft\/h\u00f3<\/td> <td width=\"107\">375 000 Ft\/h\u00f3<\/td> <td width=\"111\">350 000 Ft\/h\u00f3<\/td> <\/tr> <tr> <td width=\"117\"><strong>Szakmai gyakorlat \u00e9s frissdiplom\u00e1s szakmai gyakorlat (2-12 h\u00f3nap)<\/strong><\/td> <td width=\"103\">400 000 Ft\/h\u00f3<\/td> <td width=\"107\">375 000 Ft\/h\u00f3<\/td> <td width=\"111\">350 000 Ft\/h\u00f3<\/td> <\/tr> <tr> <td width=\"117\"><strong>Kutat\u00e1si c\u00e9l\u00fa mobilit\u00e1s (2-3 h\u00f3nap)<\/strong><\/td> <td width=\"103\">400 000 Ft\/h\u00f3<\/td> <td width=\"107\">375 000 Ft\/h\u00f3<\/td> <td width=\"111\">350 000 Ft\/h\u00f3<\/td> <\/tr> <\/tbody> <\/table> <p><strong><u>R\u00f6vid t\u00e1v\u00fa mobilit\u00e1s eset\u00e9n (2-30 nap)<\/u><\/strong><strong>:<\/strong><\/p> <p><strong>MSc hallgat\u00f3k:<\/strong><\/p> <table width=\"712\"> <tbody> <tr> <td width=\"117\"><strong>Id\u0151szak<\/strong><\/td> <td width=\"103\"><strong>I. orsz\u00e1gcsoport<\/strong><\/td> <td width=\"107\"><strong>II. orsz\u00e1gcsoport<\/strong><\/td> <td width=\"111\"><strong>III. orsz\u00e1gcsoport<\/strong><\/td> <\/tr> <tr> <td width=\"117\"><strong>1-10. nap<\/strong><\/td> <td width=\"103\">30.000 Ft\/nap<\/td> <td width=\"107\">27.500 Ft\/nap<\/td> <td width=\"111\">25.000 Ft\/nap<\/td> <\/tr> <tr> <td width=\"117\"><strong>11-20.nap<\/strong><\/td> <td width=\"103\">20.000 Ft\/nap<\/td> <td width=\"107\">17.500 Ft\/nap<\/td> <td width=\"111\">15.000 Ft\/nap<\/td> <\/tr> <tr> <td width=\"117\"><strong>21. napt\u00f3l<\/strong><\/td> <td width=\"103\">10.000 Ft\/nap<\/td> <td width=\"107\">7.500 Ft\/nap<\/td> <td width=\"111\">5.000 Ft\/nap<\/td> <\/tr> <\/tbody> <\/table> <p><strong>PhD hallgat\u00f3k<\/strong><\/p> <table width=\"712\"> <tbody> <tr> <td width=\"117\"><strong>Id\u0151szak<\/strong><\/td> <td width=\"103\"><strong>I. orsz\u00e1gcsoport<\/strong><\/td> <td width=\"107\"><strong>II. orsz\u00e1gcsoport<\/strong><\/td> <td width=\"111\"><strong>III. orsz\u00e1gcsoport<\/strong><\/td> <\/tr> <tr> <td width=\"117\"><strong>1-10. nap<\/strong><\/td> <td width=\"103\">35.000 Ft\/nap<\/td> <td width=\"107\">32.500 Ft\/nap<\/td> <td width=\"111\">30.000 Ft\/nap<\/td> <\/tr> <tr> <td width=\"117\"><strong>11-20.nap<\/strong><\/td> <td width=\"103\">25.000 Ft\/nap<\/td> <td width=\"107\">22.500 Ft\/nap<\/td> <td width=\"111\">20.000 Ft\/nap<\/td> <\/tr> <tr> <td width=\"117\"><strong>21. napt\u00f3l<\/strong><\/td> <td width=\"103\">15.000 Ft\/nap<\/td> <td width=\"107\">12.500 Ft\/nap<\/td> <td width=\"111\">10.000 Ft\/nap<\/td> <\/tr> <\/tbody> <\/table> <p>B\u0151vebb inform\u00e1ci\u00f3kat a Pann\u00f3nia \u00f6szt\u00f6nd\u00edjprogram t\u00e1mogatott hallgat\u00f3i mobilit\u00e1sair\u00f3l <a href=\"Pann\u00f3nia%20\u00f6szt\u00f6nd\u00edjprogram%20VH\u00da-%20csak%20hallgat\u00f3k.docx\">itt<\/a> tal\u00e1l.<\/p> <p>&nbsp;<\/p> <p><span style=\"text-decoration: underline;font-size: 14pt\"><strong><span style=\"color: #b51010;text-decoration: underline\">Pann\u00f3nia P\u00e1ly\u00e1zati felh\u00edv\u00e1sok hallgat\u00f3knak 2026\/1:<\/span><\/strong><\/span><\/p> <p><span style=\"color: #b51010\"><strong><u>\u00c1llatorvos<\/u><\/strong><\/span><\/p> <p><strong>Negyed\u00e9veseknek:<\/strong> <a href=\"https:\/\/univet.hu\/wp-content\/uploads\/2026\/03\/Allatorvos-negyedeveseknek-2.pdf\" target=\"_blank\" rel=\"noopener\">Negyedik \u00e9vfolyam ut\u00e1ni, ny\u00e1ri, 1&#215;4 hetes klinikai orvosl\u00e1si gyakorlat<\/a><\/p> <p><strong>\u00d6t\u00f6d\u00e9veseknek:<\/strong> <a href=\"https:\/\/univet.hu\/wp-content\/uploads\/2026\/03\/Allatorvos-otodeveseknek-11.-felev-2.pdf\" target=\"_blank\" rel=\"noopener\">\u00d6t\u00f6dik \u00e9vfolyam ut\u00e1ni gyakorlati f\u00e9l\u00e9v, 3&#215;4 hetes haszon\u00e1llattart\u00f3-telepi \u00e9s klinikai gyakorlat<\/a><\/p> <p><strong>Hatod\u00e9veseknek:<\/strong> <a href=\"https:\/\/univet.hu\/wp-content\/uploads\/2026\/03\/Allatorvos-hatodeveseknek-posztgradualis-2.pdf\" target=\"_blank\" rel=\"noopener\">Hatodik \u00e9vfolyam ut\u00e1ni frissdiplom\u00e1s szakmai gyakorlat<\/a><\/p> <p><span style=\"color: #b51010\"><strong><u>Biol\u00f3gus Msc<\/u><\/strong><\/span><\/p> <p><strong>Els\u0151\u00e9veseknek:<\/strong> <a href=\"https:\/\/univet.hu\/wp-content\/uploads\/2026\/03\/Biologus-MSc-elsoeveseknek-1.pdf\" target=\"_blank\" rel=\"noopener\">Els\u0151 \u00e9vfolyam ut\u00e1ni ny\u00e1ri szakmai gyakorlat<\/a><\/p> <p><strong>M\u00e1sod\u00e9veseknek:<\/strong> <a href=\"https:\/\/univet.hu\/wp-content\/uploads\/2026\/03\/Biologus-MSc-masodeveseknek-1.pdf\" target=\"_blank\" rel=\"noopener\">M\u00e1sodik \u00e9vfolyam ut\u00e1ni frissdiplom\u00e1s szakmai gyakorlat<\/a><\/p> <p><span style=\"color: #b51010\"><strong><u>Kutat\u00f3 Zool\u00f3gus<\/u><\/strong><\/span><\/p> <p><a href=\"https:\/\/univet.hu\/wp-content\/uploads\/2026\/03\/Zoologus-1.pdf\" target=\"_blank\" rel=\"noopener\">Ny\u00e1ri szakmai gyakorlat<\/a><\/p> <p><span style=\"color: #b51010\"><strong><u>PhD Hallgat\u00f3k<\/u><\/strong><\/span><\/p> <p><a href=\"https:\/\/univet.hu\/wp-content\/uploads\/2026\/03\/PhD-konferencia-1.pdf\" target=\"_blank\" rel=\"noopener\">Konferencia r\u00e9szv\u00e9tel<\/a><\/p> <p><a href=\"https:\/\/univet.hu\/wp-content\/uploads\/2026\/03\/PhD-kutatas-hosszu-2.pdf\" target=\"_blank\" rel=\"noopener\">Hossz\u00fa t\u00e1v\u00fa kutat\u00e1si gyakorlat<\/a><\/p> <p><a href=\"https:\/\/univet.hu\/wp-content\/uploads\/2026\/03\/PhD-kutatas-rovid-2.pdf\" target=\"_blank\" rel=\"noopener\">R\u00f6vid t\u00e1v\u00fa kutat\u00e1si gyakorlat<\/a><\/p> <p>&nbsp;<\/p> <p>Klinikai gyakorlathoz megp\u00e1ly\u00e1zhat\u00f3 partneregyetemek list\u00e1ja \u00c1llatorvostan-hallgat\u00f3k sz\u00e1m\u00e1ra <span style=\"color: #b51010\"><a style=\"color: #b51010\" href=\"https:\/\/univet.hu\/wp-content\/uploads\/2026\/03\/Pannonia-szakgyak_megpalyazhato_intezmenyek_2026_1.pdf\" target=\"_blank\" rel=\"noopener\">itt<\/a><\/span> tal\u00e1lhat\u00f3.<\/p> <p>Kutat\u00e1shoz megp\u00e1ly\u00e1zhat\u00f3 partneregyetemek list\u00e1ja az \u00c1llatorvostudom\u00e1nyi Doktori Iskola hallgat\u00f3i sz\u00e1m\u00e1ra <span style=\"color: #b51010\"><a style=\"color: #b51010\" href=\"https:\/\/univet.hu\/wp-content\/uploads\/2026\/03\/Pannonia-szakgyak_megpalyazhato_intezmenyek_2026_1.pdf\" target=\"_blank\" rel=\"noopener\">itt<\/a><\/span> tal\u00e1lhat\u00f3.<\/p>","protected":false},"excerpt":{"rendered":"<p>A Pann\u00f3nia \u00d6szt\u00f6nd\u00edjprogram nemzetk\u00f6zi mobilit\u00e1si tev\u00e9kenys\u00e9gekben val\u00f3 r\u00e9szv\u00e9telhez ny\u00fajt seg\u00edts\u00e9get. T\u00c1MOGATHAT\u00d3 TEV\u00c9KENYS\u00c9GEK: \u00c1llatorvostan-hallgat\u00f3k sz\u00e1m\u00e1ra Negyed\u00e9veseknek: Negyedik \u00e9vfolyam ut\u00e1ni, ny\u00e1ri, 1&#215;4 hetes orvosl\u00e1si gyakorlat (1-2 h\u00f3nap) \u00d6t\u00f6d\u00e9veseknek: \u00d6t\u00f6dik \u00e9vfolyam ut\u00e1ni gyakorlati f\u00e9l\u00e9v, 3&#215;4 hetes haszon\u00e1llattart\u00f3-telepi \u00e9s klinikai gyakorlat (1-3 h\u00f3nap) Hatod\u00e9vesek: Frissdiplom\u00e1s szakmai gyakorlat (2-12 h\u00f3nap) Hossz\u00fat\u00e1v\u00fa (1-2 szemeszter) tanulm\u00e1nyi c\u00e9l\u00fa mobilit\u00e1si p\u00e1ly\u00e1zat \u00e1llatorvostan-hallgat\u00f3k sz\u00e1m\u00e1ra azut\u00e1n<\/p>\n","protected":false},"author":65,"featured_media":0,"parent":99125,"menu_order":0,"comment_status":"open","ping_status":"open","template":"","meta":{"_acf_changed":false,"footnotes":""},"categories":[],"tags":[],"class_list":["post-99135","page","type-page","status-publish","hentry"],"acf":[],"_links":{"self":[{"href":"https:\/\/univet.hu\/hu\/wp-json\/wp\/v2\/pages\/99135","targetHints":{"allow":["GET"]}}],"collection":[{"href":"https:\/\/univet.hu\/hu\/wp-json\/wp\/v2\/pages"}],"about":[{"href":"https:\/\/univet.hu\/hu\/wp-json\/wp\/v2\/types\/page"}],"author":[{"embeddable":true,"href":"https:\/\/univet.hu\/hu\/wp-json\/wp\/v2\/users\/65"}],"replies":[{"embeddable":true,"href":"https:\/\/univet.hu\/hu\/wp-json\/wp\/v2\/comments?post=99135"}],"version-history":[{"count":5,"href":"https:\/\/univet.hu\/hu\/wp-json\/wp\/v2\/pages\/99135\/revisions"}],"predecessor-version":[{"id":204540,"href":"https:\/\/univet.hu\/hu\/wp-json\/wp\/v2\/pages\/99135\/revisions\/204540"}],"up":[{"embeddable":true,"href":"https:\/\/univet.hu\/hu\/wp-json\/wp\/v2\/pages\/99125"}],"wp:attachment":[{"href":"https:\/\/univet.hu\/hu\/wp-json\/wp\/v2\/media?parent=99135"}],"wp:term":[{"taxonomy":"category","embeddable":true,"href":"https:\/\/univet.hu\/hu\/wp-json\/wp\/v2\/categories?post=99135"},{"taxonomy":"post_tag","embeddable":true,"href":"https:\/\/univet.hu\/hu\/wp-json\/wp\/v2\/tags?post=99135"}],"curies":[{"name":"wp","href":"https:\/\/api.w.org\/{rel}","templated":true}]}}