{"id":99138,"date":"2024-03-05T12:21:35","date_gmt":"2024-03-05T11:21:35","guid":{"rendered":"https:\/\/univet.hu\/hu\/egyetem\/nemzetkozi-kapcsolatok\/pannonia-osztondij-program\/oktatok_munkatarsak\/"},"modified":"2025-02-28T08:58:39","modified_gmt":"2025-02-28T07:58:39","slug":"oktatok-munkatarsak","status":"publish","type":"page","link":"https:\/\/univet.hu\/hu\/egyetem\/nemzetkozi-kapcsolatok\/pannonia-osztondij-program\/oktatok-munkatarsak\/","title":{"rendered":"Oktat\u00f3k\/Munkat\u00e1rsak"},"content":{"rendered":"<h1 style=\"text-align: center\">PANN\u00d3NIA P\u00c1LY\u00c1ZATI FELH\u00cdV\u00c1S &#8211; OKTAT\u00d3K\/MUNKAT\u00c1RSAK NEMZETK\u00d6ZI MOBILIT\u00c1SA<\/h1> <p>&nbsp;<\/p> <p>T\u00e1j\u00e9koztatjuk oktat\u00f3inkat \u00e9s munkat\u00e1rsainkat, hogy egyetem\u00fcnk p\u00e1ly\u00e1zatot hirdet a <strong>Pann\u00f3nia nemzetk\u00f6zi mobilit\u00e1si \u00f6szt\u00f6nd\u00edjra.<\/strong><\/p> <p>A programban r\u00e9szt vev\u0151 oktat\u00f3k\/munkat\u00e1rsak \u00f6szt\u00f6nd\u00edj t\u00e1mogat\u00e1ssal v\u00e9gezhetnek oktat\u00e1si\/kutat\u00e1si tev\u00e9kenys\u00e9get k\u00fclf\u00f6ld\u00f6n, illetve vehetnek r\u00e9szt szakmai k\u00e9pz\u00e9seken.<\/p> <p><strong>Ig\u00e9nyelhet\u0151 t\u00e1mogat\u00e1s<\/strong><\/p> <p>\u00d6szt\u00f6nd\u00edj m\u00e9rt\u00e9ke a program id\u0151tartalm\u00e1t\u00f3l \u00e9s a c\u00e9lorsz\u00e1gt\u00f3l f\u00fcgg\u0151en v\u00e1ltozhat.<\/p> <table width=\"681\"> <tbody> <tr> <td width=\"111\"><strong>Orsz\u00e1gcsoport<\/strong><\/td> <td width=\"571\"><strong>C\u00e9lorsz\u00e1gok<\/strong><\/td> <\/tr> <tr> <td width=\"111\"><strong>I. orsz\u00e1gcsoport<\/strong><\/td> <td width=\"571\">Ausztria, Belgium, D\u00e1nia, Finnorsz\u00e1g, Franciaorsz\u00e1g, Hollandia, \u00cdrorsz\u00e1g, Izland, Liechtenstein, Luxemburg, N\u00e9metorsz\u00e1g, Norv\u00e9gia, Sv\u00e9dorsz\u00e1g, Sv\u00e1jc, Egyes\u00fclt Kir\u00e1lys\u00e1g, Egyes\u00fclt \u00c1llamok, Kanada, Ausztr\u00e1lia, \u00daj-Z\u00e9land, Hongkong, Jap\u00e1n, D\u00e9l-Korea, Maka\u00f3, Szingap\u00far, Tajvan, Andorra, Izrael, Monaco<\/td> <\/tr> <tr> <td width=\"111\"><strong>II. orsz\u00e1gcsoport<\/strong><\/td> <td width=\"571\">Bosznia-Hercegovina, Koszov\u00f3, Montenegr\u00f3, Bulg\u00e1ria, Csehorsz\u00e1g, \u00c9sztorsz\u00e1g, G\u00f6r\u00f6gorsz\u00e1g, Spanyolorsz\u00e1g, Horv\u00e1torsz\u00e1g, Olaszorsz\u00e1g, Ciprus, Lettorsz\u00e1g, Litv\u00e1nia, M\u00e1lta, Lengyelorsz\u00e1g, Portug\u00e1lia, Rom\u00e1nia, Szlov\u00e9nia, Szlov\u00e1kia, \u00c9szak-Maced\u00f3nia, Szerbia, \u00d6rm\u00e9nyorsz\u00e1g, Georgia, Moldova, Sz\u00edria, Banglades, Bhut\u00e1n, Kambodzsa, K\u00edna, Laosz, Mald\u00edv-szigetek, Mianmar, Nep\u00e1l, Pakiszt\u00e1n, Sr\u00ed Lanka, Afganiszt\u00e1n, Kirgiziszt\u00e1n, T\u00e1dzsikiszt\u00e1n, T\u00fcrkmeniszt\u00e1n, \u00dczbegiszt\u00e1n, Irak, Jemen, Oroszorsz\u00e1g, Ukrajna<\/td> <\/tr> <tr> <td width=\"111\"><strong>III. orsz\u00e1gcsoport<\/strong><\/td> <td width=\"571\">Alb\u00e1nia, Azerbajdzs\u00e1n, Bahrein, Brunei, Egyes\u00fclt Arab Em\u00edrs\u00e9gek, F\u00fcl\u00f6p-szigetek, India, Indon\u00e9zia, Ir\u00e1n, Jord\u00e1nia, Katar, Kazahszt\u00e1n, Libanon, Mong\u00f3lia, Malajzia, Om\u00e1n, Sza\u00fad-Ar\u00e1bia, Thaif\u00f6ld, T\u00f6r\u00f6korsz\u00e1g, Vietn\u00e1m, Kolumbia, Mexik\u00f3, Alg\u00e9ria, Angola, D\u00e9l-Afrika, Egyiptom, L\u00edbia, Marokk\u00f3, Nam\u00edbia, Nig\u00e9ria, Tun\u00e9zia, Argent\u00edna, Braz\u00edlia, Chile, Peru<\/td> <\/tr> <\/tbody> <\/table> <p>&nbsp;<\/p> <p><strong>\u00d6szt\u00f6nd\u00edjak<\/strong><\/p> <p>Oktat\u00f3-munkat\u00e1rsi \u00f6szt\u00f6nd\u00edjak:<\/p> <table width=\"437\"> <tbody> <tr> <td width=\"117\"><strong>Id\u0151szak<\/strong><\/td> <td width=\"103\"><strong>I. orsz\u00e1gcsoport<\/strong><\/td> <td width=\"107\"><strong>II. orsz\u00e1gcsoport<\/strong><\/td> <td width=\"111\"><strong>III. orsz\u00e1gcsoport<\/strong><\/td> <\/tr> <tr> <td width=\"117\"><strong>1-15. nap<\/strong><\/td> <td width=\"103\">70.000 Ft\/nap<\/td> <td width=\"107\">60.000 Ft\/nap<\/td> <td width=\"111\">50.000 Ft\/nap<\/td> <\/tr> <tr> <td width=\"117\"><strong>16-30. nap<\/strong><\/td> <td width=\"103\">46.200 Ft\/nap<\/td> <td width=\"107\">39.600 Ft\/nap<\/td> <td width=\"111\">33.000 Ft\/nap<\/td> <\/tr> <tr> <td width=\"117\"><strong>31. napt\u00f3l<\/strong><\/td> <td width=\"103\">23.100 Ft\/nap<\/td> <td width=\"107\">19.800 Ft\/nap<\/td> <td width=\"111\">16.500 Ft\/nap<\/td> <\/tr> <\/tbody> <\/table> <p>&nbsp;<\/p> <h2>P\u00c1LY\u00c1ZATI FELH\u00cdV\u00c1SOK:<\/h2> <p><strong>2025. augusztus 31-ig <\/strong>van lehet\u0151s\u00e9g a 2024\/2025-\u00f6s tan\u00e9v tavaszi f\u00e9l\u00e9v\u00e9re is leadni p\u00e1ly\u00e1zatot <strong>a szabad helyek f\u00fcggv\u00e9ny\u00e9ben. <\/strong><\/p> <p>Tov\u00e1bb\u00e1 megnyitottuk a jelentekz\u00e9st a <strong>2025\/2026-os tan\u00e9v \u0151szi \u00e9s tavaszi f\u00e9l\u00e9v\u00e9re is, erre azon koll\u00e9g\u00e1ink\/oktat\u00f3ink tudnak p\u00e1ly\u00e1zni, akik 2025. szeptember 1. ut\u00e1n tervezik a mobilit\u00e1s megval\u00f3s\u00edt\u00e1s\u00e1t.<\/strong><\/p> <p><a href=\"https:\/\/univet.hu\/wp-content\/uploads\/2025\/02\/Pan.oktatoi-palyazati-felhivas-alairt-2024-25.pdf\" target=\"_blank\" rel=\"noopener\">P\u00e1ly\u00e1zati felh\u00edv\u00e1s &#8211; oktat\u00f3k \u00e9s munkat\u00e1rsak r\u00e9sz\u00e9re &#8211; 2024\/2025-\u00f6s tan\u00e9v<\/a><\/p> <p><a href=\"https:\/\/univet.hu\/wp-content\/uploads\/2025\/02\/Pannonia_palyazati-felhivas-Oktato_Staff_2025_26.pdf\" target=\"_blank\" rel=\"noopener\">P\u00e1ly\u00e1zati felh\u00edv\u00e1s &#8211; oktat\u00f3k \u00e9s munkat\u00e1rsak r\u00e9sz\u00e9re &#8211; 2025\/2026-os tan\u00e9v<\/a><\/p> <p><span style=\"color: #339966;font-size: 14pt\"><strong>Jelentkez\u00e9si hat\u00e1rid\u0151: rendelkez\u00e9sre \u00e1ll\u00f3 \u00f6szt\u00f6nd\u00edjkeret kimer\u00fcl\u00e9s\u00e9ig folyamatosan<\/strong><\/span><\/p> <p>Jelentkezni az al\u00e1bbi formanyomtatv\u00e1ny kit\u00f6lt\u00e9s\u00e9vel lehets\u00e9ges, melyet <strong>k\u00e9r\u00fcnk az <a class=\"decrypt\" rel=\"olpAvojwfu\/iv\" href=\"javascript:void(0);\">[Kattintson az emailc\u00edmhez]<\/a> email c\u00edmre kit\u00f6ltve, al\u00e1\u00edrva megk\u00fcldeni<\/strong>.<\/p> <p>Ha a 2024\/2025-\u00f6s tan\u00e9v tavaszi f\u00e9l\u00e9v\u00e9re p\u00e1ly\u00e1zik, k\u00e9rj\u00fck az al\u00e1bbi jelentkez\u00e9si lapot kit\u00f6lteni:<\/p> <p><a href=\"https:\/\/univet.hu\/wp-content\/uploads\/2025\/02\/Jelentkezesi-lap_oktato_staff_Pannonia_2024_2025_2.felev_.doc\" target=\"_blank\" rel=\"noopener\">Jelentkez\u00e9si lap &#8211; oktat\u00f3k\/munkat\u00e1rsak &#8211; 2024\/2025. 2. f\u00e9l\u00e9v<\/a><\/p> <p>Ha a 2025\/2026-os tan\u00e9v \u0151szi \u00e9s tavaszi f\u00e9l\u00e9v\u00e9re p\u00e1ly\u00e1zik, k\u00e9rj\u00fck az al\u00e1bbi jelentkez\u00e9si lapot kit\u00f6lteni:<\/p> <p><a href=\"https:\/\/univet.hu\/wp-content\/uploads\/2025\/02\/szemelyzeti-munkaterv_2025-26.doc\" target=\"_blank\" rel=\"noopener\">Jelentkez\u00e9si lap &#8211; oktat\u00f3k\/munkat\u00e1rsak &#8211; 2025\/2026<\/a><\/p> <p>&nbsp;<\/p> <p><strong>A t\u00e1mogat\u00e1s felhaszn\u00e1l\u00e1s\u00e1val kapcsolatban az al\u00e1bbi igazol\u00f3 dokumentumok megl\u00e9te sz\u00fcks\u00e9ges: <\/strong><\/p> <ul> <li>Oktat\u00e1si vagy k\u00e9pz\u00e9si c\u00e9l\u00fa munkat\u00e1rsi mobilit\u00e1s eset\u00e9n:<\/li> <li>a munkat\u00e1rssal k\u00f6t\u00f6tt szerz\u0151d\u00e9s, amely minim\u00e1lisan tartalmazza a mobilit\u00e1s c\u00e9lj\u00e1t \u00e9s c\u00e9lorsz\u00e1g\u00e1t, a fogad\u00f3 int\u00e9zm\u00e9nyt, a mobilit\u00e1si id\u0151szak kezd\u0151 \u00e9s z\u00e1r\u00f3 d\u00e1tum\u00e1t, az elv\u00e9gzend\u0151 tev\u00e9kenys\u00e9g le\u00edr\u00e1s\u00e1t, az \u00f6szt\u00f6nd\u00edj(ak) \u00f6sszeg\u00e9t, valamint azt, hogy az \u00e9rintett munkat\u00e1rs a mobilit\u00e1s v\u00e9gezt\u00e9vel besz\u00e1mol\u00f3t k\u00e9sz\u00edt a k\u00fcld\u0151 int\u00e9zm\u00e9ny sz\u00e1m\u00e1ra, valamint leadja a fogad\u00f3 int\u00e9zm\u00e9ny \u00e1ltal ki\u00e1ll\u00edtott igazol\u00e1st a tev\u00e9kenys\u00e9g megval\u00f3sul\u00e1s\u00e1r\u00f3l; o a munkat\u00e1rs \u00e1ltal k\u00e9sz\u00edtett \u00e9s al\u00e1\u00edrt besz\u00e1mol\u00f3;<\/li> <li>a fogad\u00f3 int\u00e9zm\u00e9ny \u00e1ltal ki\u00e1ll\u00edtott igazol\u00e1s az elv\u00e9gzett tev\u00e9kenys\u00e9gr\u0151l \u00e9s annak id\u0151tartam\u00e1r\u00f3l (oktatott \u00f3r\u00e1k sz\u00e1ma, az elv\u00e9gzett k\u00e9pz\u00e9s id\u0151tartama stb.);<\/li> <li>az \u00f6szt\u00f6nd\u00edj kifizet\u00e9s\u00e9nek kapcsol\u00f3d\u00f3 bizonylatai.<\/li> <\/ul> <p><strong>Sikeres p\u00e1ly\u00e1z\u00e1st k\u00f6vet\u0151en kit\u00f6ltend\u0151 formanyomtatv\u00e1nyok:<\/strong><\/p> <p><a href=\"https:\/\/univet.hu\/wp-content\/uploads\/2025\/02\/Befogado_Letter-of-Acceptance-STAFF_PAN.docx\" target=\"_blank\" rel=\"noopener\">Befogad\u00f3 nyilatkozat &#8211; munkat\u00e1rsi mobilit\u00e1s<\/a><\/p> <p><a href=\"https:\/\/univet.hu\/wp-content\/uploads\/2025\/02\/Staff_mobility_agreement.docx\" target=\"_blank\" rel=\"noopener\">Mobility Agreement &#8211; munkat\u00e1rsi\/oktat\u00f3i mobilit\u00e1s<\/a><\/p> <p><a href=\"https:\/\/univet.hu\/wp-content\/uploads\/2025\/02\/Tamogatasi-szerzodes_munkatarsi.docx\" target=\"_blank\" rel=\"noopener\">T\u00e1mogat\u00e1si szerz\u0151d\u00e9s<\/a><\/p> <p><a href=\"https:\/\/univet.hu\/wp-content\/uploads\/2025\/02\/staff_certificate-of-attendance.doc\" target=\"_blank\" rel=\"noopener\">Certificate of Attendance &#8211; munkat\u00e1rsi mobilit\u00e1s<\/a><\/p> <p><a href=\"https:\/\/univet.hu\/wp-content\/uploads\/2025\/02\/Staff-szakmai_beszamolo.doc\" target=\"_blank\" rel=\"noopener\">Szakmai besz\u00e1mol\u00f3 sablon<\/a><\/p> <p>&nbsp;<\/p> <p>B\u0151vebb inform\u00e1ci\u00f3kat itt tal\u00e1l:<\/p> <p>https:\/\/pannoniaosztondij.hu\/egyeni_palyazatok_oktatoknak_a_pannonia_osztondijprogramban<\/p>","protected":false},"excerpt":{"rendered":"<p>PANN\u00d3NIA P\u00c1LY\u00c1ZATI FELH\u00cdV\u00c1S &#8211; OKTAT\u00d3K\/MUNKAT\u00c1RSAK NEMZETK\u00d6ZI MOBILIT\u00c1SA &nbsp; T\u00e1j\u00e9koztatjuk oktat\u00f3inkat \u00e9s munkat\u00e1rsainkat, hogy egyetem\u00fcnk p\u00e1ly\u00e1zatot hirdet a Pann\u00f3nia nemzetk\u00f6zi mobilit\u00e1si \u00f6szt\u00f6nd\u00edjra. A programban r\u00e9szt vev\u0151 oktat\u00f3k\/munkat\u00e1rsak \u00f6szt\u00f6nd\u00edj t\u00e1mogat\u00e1ssal v\u00e9gezhetnek oktat\u00e1si\/kutat\u00e1si tev\u00e9kenys\u00e9get k\u00fclf\u00f6ld\u00f6n, illetve vehetnek r\u00e9szt szakmai k\u00e9pz\u00e9seken. Ig\u00e9nyelhet\u0151 t\u00e1mogat\u00e1s \u00d6szt\u00f6nd\u00edj m\u00e9rt\u00e9ke a program id\u0151tartalm\u00e1t\u00f3l \u00e9s a c\u00e9lorsz\u00e1gt\u00f3l f\u00fcgg\u0151en v\u00e1ltozhat. Orsz\u00e1gcsoport C\u00e9lorsz\u00e1gok I. orsz\u00e1gcsoport Ausztria, Belgium,<\/p>\n","protected":false},"author":65,"featured_media":0,"parent":99125,"menu_order":0,"comment_status":"open","ping_status":"open","template":"","meta":{"_acf_changed":false,"footnotes":""},"categories":[],"tags":[],"class_list":["post-99138","page","type-page","status-publish","hentry"],"acf":[],"_links":{"self":[{"href":"https:\/\/univet.hu\/hu\/wp-json\/wp\/v2\/pages\/99138","targetHints":{"allow":["GET"]}}],"collection":[{"href":"https:\/\/univet.hu\/hu\/wp-json\/wp\/v2\/pages"}],"about":[{"href":"https:\/\/univet.hu\/hu\/wp-json\/wp\/v2\/types\/page"}],"author":[{"embeddable":true,"href":"https:\/\/univet.hu\/hu\/wp-json\/wp\/v2\/users\/65"}],"replies":[{"embeddable":true,"href":"https:\/\/univet.hu\/hu\/wp-json\/wp\/v2\/comments?post=99138"}],"version-history":[{"count":5,"href":"https:\/\/univet.hu\/hu\/wp-json\/wp\/v2\/pages\/99138\/revisions"}],"predecessor-version":[{"id":176489,"href":"https:\/\/univet.hu\/hu\/wp-json\/wp\/v2\/pages\/99138\/revisions\/176489"}],"up":[{"embeddable":true,"href":"https:\/\/univet.hu\/hu\/wp-json\/wp\/v2\/pages\/99125"}],"wp:attachment":[{"href":"https:\/\/univet.hu\/hu\/wp-json\/wp\/v2\/media?parent=99138"}],"wp:term":[{"taxonomy":"category","embeddable":true,"href":"https:\/\/univet.hu\/hu\/wp-json\/wp\/v2\/categories?post=99138"},{"taxonomy":"post_tag","embeddable":true,"href":"https:\/\/univet.hu\/hu\/wp-json\/wp\/v2\/tags?post=99138"}],"curies":[{"name":"wp","href":"https:\/\/api.w.org\/{rel}","templated":true}]}}