{"id":99305,"date":"2024-03-13T10:35:09","date_gmt":"2024-03-13T09:35:09","guid":{"rendered":"https:\/\/univet.hu\/hu\/egyetem\/nemzetkozi-kapcsolatok\/nemzetkoziesites-staff\/"},"modified":"2024-03-13T10:53:39","modified_gmt":"2024-03-13T09:53:39","slug":"nemzetkoziesitesi-tamogatas-oktatok-es-munkatarsak","status":"publish","type":"page","link":"https:\/\/univet.hu\/hu\/egyetem\/nemzetkozi-kapcsolatok\/nemzetkoziesitesi-tamogatas-oktatok-es-munkatarsak\/","title":{"rendered":"Nemzetk\u00f6zies\u00edt\u00e9si t\u00e1mogat\u00e1s &#8211; oktat\u00f3k \u00e9s munkat\u00e1rsak"},"content":{"rendered":"<p>A nemzetk\u00f6zies\u00edt\u00e9si t\u00e1mogat\u00e1s felhaszn\u00e1l\u00e1s\u00e1val a munkat\u00e1rsak mobilit\u00e1s\u00e1ban a fels\u0151oktat\u00e1si int\u00e9zm\u00e9nyek b\u00e1rmely munkat\u00e1rsa r\u00e9szt vehet. A mobilit\u00e1si tev\u00e9kenys\u00e9geknek kapcsol\u00f3dniuk kell az adott munkat\u00e1rs szakmai fejl\u0151d\u00e9s\u00e9hez. K\u00fclf\u00f6ldi fels\u0151oktat\u00e1si partnerint\u00e9zm\u00e9nyben t\u00f6lt\u00f6tt oktat\u00e1si c\u00e9l\u00fa mobilit\u00e1s eset\u00e9n az \u00e9rintett munkat\u00e1rs egy fels\u0151oktat\u00e1si partnerint\u00e9zm\u00e9nyn\u00e9l v\u00e9gezhet oktat\u00f3i tev\u00e9kenys\u00e9get b\u00e1rmilyen tanulm\u00e1nyi ter\u00fcleten. K\u00e9pz\u00e9si c\u00e9l\u00fa munkat\u00e1rsi mobilit\u00e1s eset\u00e9n a r\u00e9szt vev\u0151 munkat\u00e1rs egy k\u00fclf\u00f6ldi fels\u0151oktat\u00e1si partnerint\u00e9zm\u00e9nyn\u00e9l, v\u00e1llalkoz\u00e1sn\u00e1l vagy m\u00e1s relev\u00e1ns munkahelyen vehet r\u00e9szt olyan k\u00e9pz\u00e9si tev\u00e9kenys\u00e9gben, ami relev\u00e1ns a fels\u0151oktat\u00e1si int\u00e9zm\u00e9nyn\u00e9l v\u00e9gzett mindennapi munk\u00e1ja szempontj\u00e1b\u00f3l. A k\u00e9pz\u00e9s megval\u00f3s\u00edthat\u00f3 k\u00e9pz\u00e9si esem\u00e9nyek, szakmai l\u00e1togat\u00e1sok vagy megfigyel\u00e9si id\u0151szakok form\u00e1j\u00e1ban is. A konferenci\u00e1kon t\u00f6rt\u00e9n\u0151 r\u00e9szv\u00e9tel nem min\u0151s\u00fcl k\u00e9pz\u00e9si c\u00e9l\u00fa munkat\u00e1rsi mobilit\u00e1snak.<\/p> <ul> <li>Oktat\u00e1si c\u00e9l\u00fa munkat\u00e1rsi mobilit\u00e1s: olyan oktat\u00e1si c\u00e9llal megval\u00f3s\u00edtott, k\u00fclf\u00f6ldre ir\u00e1nyul\u00f3, int\u00e9zm\u00e9nyk\u00f6zi meg\u00e1llapod\u00e1son alapul\u00f3 munkat\u00e1rsi mobilit\u00e1s, melynek id\u0151tartama minimum 2, maximum 30 nap;<\/li> <li>K\u00e9pz\u00e9si c\u00e9l\u00fa munkat\u00e1rsi mobilit\u00e1s: olyan k\u00e9pz\u00e9si c\u00e9llal megval\u00f3s\u00edtott, k\u00fclf\u00f6ldre ir\u00e1nyul\u00f3 munkat\u00e1rsi mobilit\u00e1s, melynek id\u0151tartama minimum 2, maximum 30 nap.<\/li> <\/ul> <p>Az al\u00e1bbi linkek seg\u00edts\u00e9get ny\u00fajthatnak a r\u00f6vidt\u00e1v\u00fa k\u00e9pz\u00e9sek keres\u00e9s\u00e9n\u00e9l:<\/p> <p><a href=\"http:\/\/staffmobility.eu\/staff-week-search\">http:\/\/staffmobility.eu\/staff-week-search<\/a><\/p> <p><a href=\"https:\/\/www.atlanticlanguage.com\/\">https:\/\/www.atlanticlanguage.com\/<\/a><\/p> <p>Felhaszn\u00e1l\u00e1si id\u0151szak: 2023.08.24. &#8211; 2024.07.31.<\/p> <p>Megp\u00e1ly\u00e1zath\u00f3 id\u0151tartam: 10 napt\u00e1ri nap<\/p> <p>T\u00e1mogat\u00e1si \u00f6sszeg:\u00a0Oktat\u00e1si vagy k\u00e9pz\u00e9si c\u00e9l\u00fa munkat\u00e1rsi mobilit\u00e1s eset\u00e9n: 60.000 Ft \/ f\u0151 \/ nap<\/p> <p>Az oktat\u00e1si vagy k\u00e9pz\u00e9si c\u00e9l\u00fa mobilit\u00e1s t\u00e1mogat\u00e1sa a r\u00e9sztvev\u0151knek ny\u00fajtott \u00f6szt\u00f6nd\u00edjat jelent, amely nem sz\u00fcks\u00e9gszer\u0171en fedezi a kiutaz\u00f3k minden felmer\u00fcl\u0151 k\u00f6lts\u00e9g\u00e9t. A munkat\u00e1rsnak a sz\u00e1m\u00e1ra kifizetett \u00f6szt\u00f6nd\u00edjjal nem kell t\u00e9telesen elsz\u00e1molnia.<\/p> <p>A t\u00e1mogat\u00e1sra p\u00e1ly\u00e1zni kit\u00f6lt\u00f6tt, k\u00f6zvetlen vezet\u0151 \u00e1ltal j\u00f3v\u00e1hagyott <a href=\"https:\/\/univet.hu\/wp-content\/uploads\/2024\/03\/szem\u00e9lyzeti-munkaterv_2023-2024.doc\" target=\"_blank\" rel=\"noopener\">munkaterv<\/a>vel lehets\u00e9ges.<\/p> <p>A program keret\u00e9n bel\u00fcl 25 oktat\u00f3\/munkat\u00e1rs mobilit\u00e1s\u00e1t tudjuk int\u00e9zm\u00e9nyi szinten t\u00e1mogatni. A p\u00e1ly\u00e1zatok elb\u00edr\u00e1l\u00e1sa \u00e9rkez\u00e9si sorrendben a keret kimer\u00fcl\u00e9s\u00e9ig folyamatosan t\u00f6rt\u00e9nik.<\/p> <p>A fentiekkel kapcsolatban tov\u00e1bbi inform\u00e1ci\u00f3 k\u00e9rhet\u0151 az <a class=\"decrypt\" rel=\"olpAvojwfu\/iv\" href=\"javascript:void(0);\">[Kattintson az emailc\u00edmhez]<\/a> email c\u00edmen vagy szem\u00e9lyesen a Rottenbiller 50. 1. emelet, 30-as irod\u00e1j\u00e1ban Nemzetk\u00f6zi kapcsolatok koordin\u00e1torn\u00e1l, P\u00f3kay Juliann\u00e1t\u00f3l.<\/p>","protected":false},"excerpt":{"rendered":"<p>A nemzetk\u00f6zies\u00edt\u00e9si t\u00e1mogat\u00e1s felhaszn\u00e1l\u00e1s\u00e1val a munkat\u00e1rsak mobilit\u00e1s\u00e1ban a fels\u0151oktat\u00e1si int\u00e9zm\u00e9nyek b\u00e1rmely munkat\u00e1rsa r\u00e9szt vehet. A mobilit\u00e1si tev\u00e9kenys\u00e9geknek kapcsol\u00f3dniuk kell az adott munkat\u00e1rs szakmai fejl\u0151d\u00e9s\u00e9hez. K\u00fclf\u00f6ldi fels\u0151oktat\u00e1si partnerint\u00e9zm\u00e9nyben t\u00f6lt\u00f6tt oktat\u00e1si c\u00e9l\u00fa mobilit\u00e1s eset\u00e9n az \u00e9rintett munkat\u00e1rs egy fels\u0151oktat\u00e1si partnerint\u00e9zm\u00e9nyn\u00e9l v\u00e9gezhet oktat\u00f3i tev\u00e9kenys\u00e9get b\u00e1rmilyen tanulm\u00e1nyi ter\u00fcleten. K\u00e9pz\u00e9si c\u00e9l\u00fa munkat\u00e1rsi mobilit\u00e1s eset\u00e9n a r\u00e9szt vev\u0151 munkat\u00e1rs egy k\u00fclf\u00f6ldi<\/p>\n","protected":false},"author":65,"featured_media":0,"parent":1116,"menu_order":0,"comment_status":"open","ping_status":"open","template":"","meta":{"_acf_changed":false,"footnotes":""},"categories":[],"tags":[],"class_list":["post-99305","page","type-page","status-publish","hentry"],"acf":[],"_links":{"self":[{"href":"https:\/\/univet.hu\/hu\/wp-json\/wp\/v2\/pages\/99305","targetHints":{"allow":["GET"]}}],"collection":[{"href":"https:\/\/univet.hu\/hu\/wp-json\/wp\/v2\/pages"}],"about":[{"href":"https:\/\/univet.hu\/hu\/wp-json\/wp\/v2\/types\/page"}],"author":[{"embeddable":true,"href":"https:\/\/univet.hu\/hu\/wp-json\/wp\/v2\/users\/65"}],"replies":[{"embeddable":true,"href":"https:\/\/univet.hu\/hu\/wp-json\/wp\/v2\/comments?post=99305"}],"version-history":[{"count":0,"href":"https:\/\/univet.hu\/hu\/wp-json\/wp\/v2\/pages\/99305\/revisions"}],"up":[{"embeddable":true,"href":"https:\/\/univet.hu\/hu\/wp-json\/wp\/v2\/pages\/1116"}],"wp:attachment":[{"href":"https:\/\/univet.hu\/hu\/wp-json\/wp\/v2\/media?parent=99305"}],"wp:term":[{"taxonomy":"category","embeddable":true,"href":"https:\/\/univet.hu\/hu\/wp-json\/wp\/v2\/categories?post=99305"},{"taxonomy":"post_tag","embeddable":true,"href":"https:\/\/univet.hu\/hu\/wp-json\/wp\/v2\/tags?post=99305"}],"curies":[{"name":"wp","href":"https:\/\/api.w.org\/{rel}","templated":true}]}}