{"id":99313,"date":"2024-03-13T11:43:47","date_gmt":"2024-03-13T10:43:47","guid":{"rendered":"https:\/\/univet.hu\/hu\/egyetem\/nemzetkozi-kapcsolatok\/nemzetkoziesites-hallgatok\/"},"modified":"2024-03-13T11:43:47","modified_gmt":"2024-03-13T10:43:47","slug":"nemzetkoziesitesi-tamogatas-hallgatoi-mobilitas","status":"publish","type":"page","link":"https:\/\/univet.hu\/hu\/egyetem\/nemzetkozi-kapcsolatok\/nemzetkoziesitesi-tamogatas-hallgatoi-mobilitas\/","title":{"rendered":"Nemzetk\u00f6zies\u00edt\u00e9si t\u00e1mogat\u00e1s &#8211; hallgat\u00f3i mobilit\u00e1s"},"content":{"rendered":"<p>A nemzetk\u00f6zies\u00edt\u00e9si t\u00e1mogat\u00e1s keret\u00e9ben hallgat\u00f3i szakmai gyakorlat b\u00e1rmely tanulm\u00e1nyi ciklus\u00fa tanulm\u00e1nyok keret\u00e9ben, valamint a frissen v\u00e9gzettek eset\u00e9ben is megval\u00f3s\u00edthat\u00f3 b\u00e1rmely, a tanulm\u00e1nyaik szempontj\u00e1b\u00f3l relev\u00e1ns k\u00fclf\u00f6ldi fogad\u00f3 helyen. Amennyiben lehets\u00e9ges, a szakmai gyakorlatnak a hallgat\u00f3 tanulm\u00e1nyi programj\u00e1nak szerves r\u00e9sz\u00e9t kell k\u00e9peznie. A szakmai gyakorlat keret\u00e9ben a r\u00e9sztvev\u0151knek teljes munkaid\u0151ben kell dolgozniuk, a fogad\u00f3 szervezet\/int\u00e9zm\u00e9ny munkaideje alapj\u00e1n.<\/p> <p>Hallgat\u00f3i szakmai gyakorlat: olyan tanulm\u00e1nyokhoz kapcsol\u00f3d\u00f3, k\u00fclf\u00f6ld\u00f6n v\u00e9gzett, tantervbe foglalt vagy szabadon v\u00e1lasztott hallgat\u00f3i szakmai gyakorlat, melynek id\u0151tartama minimum 2, maximum 12 h\u00f3nap;<\/p> <p>A t\u00e1mogat\u00e1s \u00f6sszege hallgat\u00f3i szakmai gyakorlat eset\u00e9n: <strong>268.000 Ft \/ f\u0151 \/ h\u00f3nap<\/strong><\/p> <p>A szakmai gyakorlat t\u00e1mogat\u00e1sa a r\u00e9sztvev\u0151knek ny\u00fajtott \u00f6szt\u00f6nd\u00edjat jelent, amely nem sz\u00fcks\u00e9gszer\u0171en fedezi a kiutaz\u00f3k minden felmer\u00fcl\u0151 k\u00f6lts\u00e9g\u00e9t. Az \u00f6szt\u00f6nd\u00edjasnak a sz\u00e1m\u00e1ra kifizetett \u00f6szt\u00f6nd\u00edjjal nem kell t\u00e9telesen elsz\u00e1molnia.<\/p> <p>Teljes\u00edt\u00e9si id\u0151szak: <strong>2023.08.24. &#8211; 2024.07.31.<\/strong><\/p> <p>Megp\u00e1ly\u00e1zhat\u00f3 id\u0151tartam: <strong>min. \u00e9s max. 2 h\u00f3nap (60 napt\u00e1ri nap)<\/strong><\/p> <p><strong>P\u00e1ly\u00e1zati felt\u00e9telek:<\/strong><\/p> <ul> <li><strong>3. illetve 4. \u00e9ves hallgat\u00f3i jogviszony,<\/strong><\/li> <li>fenn\u00e1ll\u00f3 akt\u00edv hallgat\u00f3i jogviszony,<\/li> <li>megfelel\u0151 B2 szint\u0171 nyelvtud\u00e1s (minimum k\u00f6z\u00e9pfok\u00fa nyelvvizsga angol vagy az adott c\u00e9lorsz\u00e1g nyelv\u00e9n), nyelvvizsga n\u00e9lk\u00fcl szintfelm\u00e9r\u0151 vizsga sz\u00fcks\u00e9ges az Idegennyelvi Lektor\u00e1tus \u00e1ltal.<\/li> <\/ul> <p><strong>Elb\u00edr\u00e1l\u00e1si szempont:<\/strong><\/p> <p><strong>&#8211; el\u0151z\u0151 teljes\u00edtett f\u00e9l\u00e9v \u00f6szt\u00f6nd\u00edj \u00e1tlaga alapj\u00e1n<\/strong><\/p> <p>A k\u00f6telez\u0151 gyakorlati tervek \u00f6ssze\u00e1ll\u00edt\u00e1sa a sikeres p\u00e1ly\u00e1z\u00f3kkal t\u00f6rt\u00e9n\u0151 egyeztet\u00e9s alapj\u00e1n t\u00f6rt\u00e9nik, melyet az int\u00e9zm\u00e9nyek k\u00f6z\u00f6tt tanulm\u00e1nyi szerz\u0151d\u00e9sben r\u00f6gz\u00edt\u00fcnk.<\/p> <p>Jelentkezni a kit\u00f6lt\u00f6tt, al\u00ed\u00e1rt jelentkezi \u0171rlap <a class=\"decrypt\" rel=\"olpAvojwfu\/iv\" href=\"javascript:void(0);\">[Kattintson az emailc\u00edmhez]<\/a> email c\u00edmre val\u00f3 elk\u00fcld\u00e9s\u00e9vel lehets\u00e9ges.<\/p> <p>A jelentkez\u00e9si \u0171rlap let\u00f6lthet\u0151 <a href=\"https:\/\/univet.hu\/wp-content\/uploads\/2024\/03\/Nemzetk\u00f6zies\u00edt\u00e9si-jelentkez\u00e9si-lap-2024_summer.docx\">ITT<\/a><\/p> <p><span style=\"color: #ff0000;\"><strong>P\u00e1ly\u00e1zat beny\u00fajt\u00e1si hat\u00e1rid\u0151: 2024. \u00e1prilis 19.p\u00e9ntek 12:00<\/strong><\/span><\/p> <p>&nbsp;<\/p> <p>A fentiekkel kapcsolatban tov\u00e1bbi inform\u00e1ci\u00f3 k\u00e9rhet\u0151 az <a class=\"decrypt\" rel=\"olpAvojwfu\/iv\" href=\"javascript:void(0);\">[Kattintson az emailc\u00edmhez]<\/a> email c\u00edmen vagy szem\u00e9lyesen a Rottenbiller 50. 1. emelet, 30-as irod\u00e1j\u00e1ban P\u00f3kay Juliann\u00e1t\u00f3l.<\/p>","protected":false},"excerpt":{"rendered":"<p>A nemzetk\u00f6zies\u00edt\u00e9si t\u00e1mogat\u00e1s keret\u00e9ben hallgat\u00f3i szakmai gyakorlat b\u00e1rmely tanulm\u00e1nyi ciklus\u00fa tanulm\u00e1nyok keret\u00e9ben, valamint a frissen v\u00e9gzettek eset\u00e9ben is megval\u00f3s\u00edthat\u00f3 b\u00e1rmely, a tanulm\u00e1nyaik szempontj\u00e1b\u00f3l relev\u00e1ns k\u00fclf\u00f6ldi fogad\u00f3 helyen. Amennyiben lehets\u00e9ges, a szakmai gyakorlatnak a hallgat\u00f3 tanulm\u00e1nyi programj\u00e1nak szerves r\u00e9sz\u00e9t kell k\u00e9peznie. A szakmai gyakorlat keret\u00e9ben a r\u00e9sztvev\u0151knek teljes munkaid\u0151ben kell dolgozniuk, a fogad\u00f3 szervezet\/int\u00e9zm\u00e9ny munkaideje alapj\u00e1n.<\/p>\n","protected":false},"author":65,"featured_media":0,"parent":1116,"menu_order":0,"comment_status":"open","ping_status":"open","template":"","meta":{"_acf_changed":false,"footnotes":""},"categories":[],"tags":[],"class_list":["post-99313","page","type-page","status-publish","hentry"],"acf":[],"_links":{"self":[{"href":"https:\/\/univet.hu\/hu\/wp-json\/wp\/v2\/pages\/99313","targetHints":{"allow":["GET"]}}],"collection":[{"href":"https:\/\/univet.hu\/hu\/wp-json\/wp\/v2\/pages"}],"about":[{"href":"https:\/\/univet.hu\/hu\/wp-json\/wp\/v2\/types\/page"}],"author":[{"embeddable":true,"href":"https:\/\/univet.hu\/hu\/wp-json\/wp\/v2\/users\/65"}],"replies":[{"embeddable":true,"href":"https:\/\/univet.hu\/hu\/wp-json\/wp\/v2\/comments?post=99313"}],"version-history":[{"count":0,"href":"https:\/\/univet.hu\/hu\/wp-json\/wp\/v2\/pages\/99313\/revisions"}],"up":[{"embeddable":true,"href":"https:\/\/univet.hu\/hu\/wp-json\/wp\/v2\/pages\/1116"}],"wp:attachment":[{"href":"https:\/\/univet.hu\/hu\/wp-json\/wp\/v2\/media?parent=99313"}],"wp:term":[{"taxonomy":"category","embeddable":true,"href":"https:\/\/univet.hu\/hu\/wp-json\/wp\/v2\/categories?post=99313"},{"taxonomy":"post_tag","embeddable":true,"href":"https:\/\/univet.hu\/hu\/wp-json\/wp\/v2\/tags?post=99313"}],"curies":[{"name":"wp","href":"https:\/\/api.w.org\/{rel}","templated":true}]}}