{"id":99340,"date":"2024-03-18T11:28:50","date_gmt":"2024-03-18T10:28:50","guid":{"rendered":"https:\/\/univet.hu\/hu\/egyetem\/szervezeti-egysegek\/allattenyesztesi-takarmanyozastani-es-laborallat-tudomanyi-tanszek\/laborallattudomanyi-es-allatvedelmi-tanszek\/tdk-es-szakdolgozatok\/name\/"},"modified":"2024-03-18T11:28:50","modified_gmt":"2024-03-18T10:28:50","slug":"ugraine-dr-kiss-annamaria","status":"publish","type":"page","link":"https:\/\/univet.hu\/hu\/egyetem\/szervezeti-egysegek\/allattenyesztesi-takarmanyozastani-es-laborallat-tudomanyi-tanszek\/laborallattudomanyi-es-allatvedelmi-tanszek\/tdk-es-szakdolgozatok\/ugraine-dr-kiss-annamaria\/","title":{"rendered":"Ugrain\u00e9 Dr. Kiss Annam\u00e1ria"},"content":{"rendered":"<p>2023\/2024<\/p> <table style=\"height: 247px; width: 1072px;\" width=\"604\"> <tbody> <tr> <td style=\"width: 518.844px; text-align: center;\"><strong>Hallgat\u00f3 neve<\/strong><\/td> <td style=\"width: 537.156px; text-align: center;\"><strong>Diplomamunka\/Szakdolgozat c\u00edme<\/strong><\/td> <\/tr> <tr> <td style=\"width: 518.844px; text-align: left;\">K\u00f6nczei Kinga<\/td> <td style=\"width: 537.156px; text-align: left;\">A kutyaviadalok leleplez\u00e9s\u00e9nek, felsz\u00e1mol\u00e1s\u00e1nak folyamata \u00e9s az \u00e1llatviadalokr\u00f3l elkobzott kuty\u00e1k rehabilit\u00e1ci\u00f3j\u00e1nak lehet\u0151s\u00e9gei.<\/td> <\/tr> <tr> <td style=\"width: 518.844px; text-align: left;\">Nora Mork<\/td> <td style=\"width: 537.156px; text-align: left;\">Rehabilitation of agressive dogs comparative survey between Scandinavia and AmericaRehabilitation of agressive dogs comparative survey between Scandinavia and America<\/td> <\/tr> <tr> <td style=\"width: 518.844px; text-align: left;\"> <p>Patricia Farrugia:<\/p> <p>&nbsp;<\/td> <td style=\"width: 537.156px; text-align: left;\">The effect of that standard racehorse training has on the horses limbs from an animal welfare aspect.<strong><br \/> <\/strong><\/td> <\/tr> <\/tbody> <\/table> <p>2024\/2025<\/p> <table style=\"height: 240px;\" width=\"1075\"> <tbody> <tr style=\"height: 24px;\"> <td style=\"width: 529.5px; text-align: center; height: 24px;\"><strong>Hallgat\u00f3 neve<\/strong><\/td> <td style=\"width: 529.5px; text-align: center; height: 24px;\"><strong>Diplomamunka\/Szakdolgozat c\u00edme<\/strong><\/td> <\/tr> <tr style=\"height: 24px;\"> <td style=\"width: 529.5px; height: 24px;\">Armenia Emanuele<\/td> <td style=\"width: 529.5px; height: 24px;\"><\/td> <\/tr> <tr style=\"height: 24px;\"> <td style=\"width: 529.5px; height: 24px;\">Bog\u00e1di Botond<\/td> <td style=\"width: 529.5px; height: 24px;\"><\/td> <\/tr> <tr style=\"height: 24px;\"> <td style=\"width: 529.5px; height: 24px;\">Christine Quinn<\/td> <td style=\"width: 529.5px; height: 24px;\"><\/td> <\/tr> <tr style=\"height: 24px;\"> <td style=\"width: 529.5px; height: 24px;\">Emma Kristine Vassbotn<\/td> <td style=\"width: 529.5px; height: 24px;\"><\/td> <\/tr> <tr style=\"height: 24px;\"> <td style=\"width: 529.5px; height: 24px;\">Hannah Xerri<\/td> <td style=\"width: 529.5px; height: 24px;\"><\/td> <\/tr> <tr style=\"height: 24px;\"> <td style=\"width: 529.5px; height: 24px;\">Julia Hamm<\/td> <td style=\"width: 529.5px; height: 24px;\"><\/td> <\/tr> <tr style=\"height: 24px;\"> <td style=\"width: 529.5px; height: 24px;\">Julius Nehm<\/td> <td style=\"width: 529.5px; height: 24px;\"><\/td> <\/tr> <tr style=\"height: 24px;\"> <td style=\"width: 529.5px; height: 24px;\">Moritz Ermisch<\/td> <td style=\"width: 529.5px; height: 24px;\"><\/td> <\/tr> <tr style=\"height: 24px;\"> <td style=\"width: 529.5px; height: 24px;\">Shevonne Eikrem<\/td> <td style=\"width: 529.5px; height: 24px;\"><\/td> <\/tr> <\/tbody> <\/table> <p><\/p>","protected":false},"excerpt":{"rendered":"<p>2023\/2024 Hallgat\u00f3 neve Diplomamunka\/Szakdolgozat c\u00edme K\u00f6nczei Kinga A kutyaviadalok leleplez\u00e9s\u00e9nek, felsz\u00e1mol\u00e1s\u00e1nak folyamata \u00e9s az \u00e1llatviadalokr\u00f3l elkobzott kuty\u00e1k rehabilit\u00e1ci\u00f3j\u00e1nak lehet\u0151s\u00e9gei. Nora Mork Rehabilitation of agressive dogs comparative survey between Scandinavia and AmericaRehabilitation of agressive dogs comparative survey between Scandinavia and America Patricia Farrugia: &nbsp; The effect of that standard racehorse training has on the horses limbs<\/p>\n","protected":false},"author":3837,"featured_media":0,"parent":77371,"menu_order":0,"comment_status":"open","ping_status":"open","template":"","meta":{"_acf_changed":false,"footnotes":""},"categories":[],"tags":[],"class_list":["post-99340","page","type-page","status-publish","hentry"],"acf":[],"_links":{"self":[{"href":"https:\/\/univet.hu\/hu\/wp-json\/wp\/v2\/pages\/99340","targetHints":{"allow":["GET"]}}],"collection":[{"href":"https:\/\/univet.hu\/hu\/wp-json\/wp\/v2\/pages"}],"about":[{"href":"https:\/\/univet.hu\/hu\/wp-json\/wp\/v2\/types\/page"}],"author":[{"embeddable":true,"href":"https:\/\/univet.hu\/hu\/wp-json\/wp\/v2\/users\/3837"}],"replies":[{"embeddable":true,"href":"https:\/\/univet.hu\/hu\/wp-json\/wp\/v2\/comments?post=99340"}],"version-history":[{"count":0,"href":"https:\/\/univet.hu\/hu\/wp-json\/wp\/v2\/pages\/99340\/revisions"}],"up":[{"embeddable":true,"href":"https:\/\/univet.hu\/hu\/wp-json\/wp\/v2\/pages\/77371"}],"wp:attachment":[{"href":"https:\/\/univet.hu\/hu\/wp-json\/wp\/v2\/media?parent=99340"}],"wp:term":[{"taxonomy":"category","embeddable":true,"href":"https:\/\/univet.hu\/hu\/wp-json\/wp\/v2\/categories?post=99340"},{"taxonomy":"post_tag","embeddable":true,"href":"https:\/\/univet.hu\/hu\/wp-json\/wp\/v2\/tags?post=99340"}],"curies":[{"name":"wp","href":"https:\/\/api.w.org\/{rel}","templated":true}]}}