{"id":99578,"date":"2024-04-02T11:03:03","date_gmt":"2024-04-02T09:03:03","guid":{"rendered":"https:\/\/univet.hu\/?page_id=99578"},"modified":"2024-04-02T11:03:03","modified_gmt":"2024-04-02T09:03:03","slug":"nexum-kft","status":"publish","type":"page","link":"https:\/\/univet.hu\/hu\/oktatas\/tanulmanyi-osztaly\/allasajanlatok\/nexum-kft\/","title":{"rendered":"Nexum Kft."},"content":{"rendered":"<p>2024.04.02<\/p> <p><strong>NEXUM Kft. \u00e1ll\u00e1st k\u00edn\u00e1l<\/strong><\/p> <p><strong>Sz\u00e1zhalombattai, \u00e9s T\u00e1rnoki \u00c1llatorvosi rendel\u0151nkbe f\u0151- vagy mell\u00e9k\u00e1ll\u00e1sban <\/strong><\/p> <p><strong>\u00c1llatorvos munkat\u00e1rsat keres\u00fcnk<\/strong><\/p> <p>Sz\u00e1zhalombattai \u00e9s T\u00e1rnoki rendel\u0151nkbe r\u00e9sz illetve teljes munkaid\u0151s \u00e1llatorvos koll\u00e9gan\u0151t vagy koll\u00e9g\u00e1t keres\u00fcnk.<\/p> <p>A rendel\u0151k t\u00f6megk\u00f6zleked\u00e9ssel (Vol\u00e1nbusz, vas\u00fat) k\u00f6nnyen megk\u00f6zel\u00edthet\u0151ek. Budapestt\u0151l 10 km-re).<\/p> <p>Jelenleg a szerda, cs\u00fct\u00f6rt\u00f6k, p\u00e9ntek d\u00e9lut\u00e1nokra 16.00-19.00 \u00e9s v\u00e1lt\u00e1sban szombat d\u00e9lel\u0151tt\u00f6kre 9.00-11.00 k\u00f6z\u00f6tt. A munkaid\u0151 beoszt\u00e1s megegyez\u00e9s szerint v\u00e1ltozhat. \u00dcnnepnapokon z\u00e1rva tartunk.<\/p> <p>Elv\u00e1r\u00e1sok:<\/p> <ul> <li>\u00c1llatorvosi diploma<\/li> <li>Megb\u00edzhat\u00f3s\u00e1g \u00e9s precizit\u00e1s<\/li> <li>J\u00f3 kommunik\u00e1ci\u00f3s k\u00e9szs\u00e9g<\/li> <li>Rugalmass\u00e1g<\/li> <li>Terhelhet\u0151s\u00e9g<\/li> <\/ul> <p>Feladata:<\/p> <ul> <li>\u00c1llateg\u00e9szs\u00e9g\u00fcgyi ell\u00e1t\u00e1s biztos\u00edt\u00e1sa (jellemz\u0151en kis\u00e1llat)<\/li> <li>Betegs\u00e9gek diagnosztiz\u00e1l\u00e1sa \u00e9s kezel\u00e9se<\/li> <li>Seb\u00e9szeti beavatkoz\u00e1sok (az \u00e1tlagosn\u00e1l magasabb esetsz\u00e1m, \u00e1llatv\u00e9d\u0151 szervezetekkel val\u00f3 kapcsolat ok\u00e1n)<\/li> <li>\u00dcgyfelek t\u00e1j\u00e9koztat\u00e1sa az \u00e1llatok betegs\u00e9geinek megel\u0151z\u00e9s\u00e9r\u0151l<\/li> <li>Egy\u00fcttm\u0171k\u00f6d\u00e9s a munkat\u00e1rsakkal<\/li> <\/ul> <p>El\u0151nyt jelent:<\/p> <ul> <li>Jogos\u00edtv\u00e1ny<\/li> <li>Gyakorlat az \u00e1llatgy\u00f3gy\u00e1szat ter\u00fclet\u00e9n<\/li> <li>K\u00fcl\u00f6nleges szaktud\u00e1s, \u00e9rdekl\u0151d\u00e9s<\/li> <\/ul> <p>Modern j\u00f3l felszerelt munkak\u00f6rnyezet. \u00a0(hematol\u00f3giai \u00e9s biok\u00e9miai automata, UH, digit\u00e1lis r\u00f6ntgen, elektrokauter, endoszk\u00f3p) Bejelentett munkaviszony. Csal\u00e1dias k\u00f6rnyezet \u00e9s l\u00e9gk\u00f6r. Valamint t\u00e1mogatjuk a szakmai fejl\u0151d\u00e9st is.<\/p> <p>Rendel\u0151kr\u0151l b\u0151vebben<\/p> <ul> <li><a href=\"http:\/\/www.drbubu.hu\">drbubu.hu<\/a><\/li> <\/ul> <p>Amennyiben felkeltett\u00fck \u00e9rdekl\u0151d\u00e9sedet k\u00e9rj\u00fck, k\u00fcldj emailt a <a class=\"decrypt\" rel=\"escvcvsfoefmplAhnbjm\/dpn\" href=\"javascript:void(0);\">[Kattintson az emailc\u00edmhez]<\/a><\/p> <p>telefonsz\u00e1m: +36 20\u00a0981 64 74 Dr. Fekete Bal\u00e1zs<\/p>","protected":false},"excerpt":{"rendered":"<p>2024.04.02 NEXUM Kft. \u00e1ll\u00e1st k\u00edn\u00e1l Sz\u00e1zhalombattai, \u00e9s T\u00e1rnoki \u00c1llatorvosi rendel\u0151nkbe f\u0151- vagy mell\u00e9k\u00e1ll\u00e1sban \u00c1llatorvos munkat\u00e1rsat keres\u00fcnk Sz\u00e1zhalombattai \u00e9s T\u00e1rnoki rendel\u0151nkbe r\u00e9sz illetve teljes munkaid\u0151s \u00e1llatorvos koll\u00e9gan\u0151t vagy koll\u00e9g\u00e1t keres\u00fcnk. A rendel\u0151k t\u00f6megk\u00f6zleked\u00e9ssel (Vol\u00e1nbusz, vas\u00fat) k\u00f6nnyen megk\u00f6zel\u00edthet\u0151ek. Budapestt\u0151l 10 km-re). Jelenleg a szerda, cs\u00fct\u00f6rt\u00f6k, p\u00e9ntek d\u00e9lut\u00e1nokra 16.00-19.00 \u00e9s v\u00e1lt\u00e1sban szombat d\u00e9lel\u0151tt\u00f6kre 9.00-11.00 k\u00f6z\u00f6tt. A munkaid\u0151 beoszt\u00e1s<\/p>\n","protected":false},"author":2961,"featured_media":0,"parent":26415,"menu_order":112,"comment_status":"closed","ping_status":"closed","template":"","meta":{"_acf_changed":false,"footnotes":""},"categories":[],"tags":[],"class_list":["post-99578","page","type-page","status-publish","hentry"],"acf":[],"_links":{"self":[{"href":"https:\/\/univet.hu\/hu\/wp-json\/wp\/v2\/pages\/99578","targetHints":{"allow":["GET"]}}],"collection":[{"href":"https:\/\/univet.hu\/hu\/wp-json\/wp\/v2\/pages"}],"about":[{"href":"https:\/\/univet.hu\/hu\/wp-json\/wp\/v2\/types\/page"}],"author":[{"embeddable":true,"href":"https:\/\/univet.hu\/hu\/wp-json\/wp\/v2\/users\/2961"}],"replies":[{"embeddable":true,"href":"https:\/\/univet.hu\/hu\/wp-json\/wp\/v2\/comments?post=99578"}],"version-history":[{"count":0,"href":"https:\/\/univet.hu\/hu\/wp-json\/wp\/v2\/pages\/99578\/revisions"}],"up":[{"embeddable":true,"href":"https:\/\/univet.hu\/hu\/wp-json\/wp\/v2\/pages\/26415"}],"wp:attachment":[{"href":"https:\/\/univet.hu\/hu\/wp-json\/wp\/v2\/media?parent=99578"}],"wp:term":[{"taxonomy":"category","embeddable":true,"href":"https:\/\/univet.hu\/hu\/wp-json\/wp\/v2\/categories?post=99578"},{"taxonomy":"post_tag","embeddable":true,"href":"https:\/\/univet.hu\/hu\/wp-json\/wp\/v2\/tags?post=99578"}],"curies":[{"name":"wp","href":"https:\/\/api.w.org\/{rel}","templated":true}]}}