{"id":99614,"date":"2024-04-03T11:19:51","date_gmt":"2024-04-03T09:19:51","guid":{"rendered":"https:\/\/univet.hu\/?page_id=99614"},"modified":"2024-04-03T11:19:51","modified_gmt":"2024-04-03T09:19:51","slug":"dunavet-b-zrt","status":"publish","type":"page","link":"https:\/\/univet.hu\/hu\/oktatas\/tanulmanyi-osztaly\/allasajanlatok\/dunavet-b-zrt\/","title":{"rendered":"Dunavet-B Zrt."},"content":{"rendered":"<p>2024.04.03<\/p> <p><img loading=\"lazy\" decoding=\"async\" class=\"alignnone  wp-image-99615\" src=\"https:\/\/univet.hu\/wp-content\/uploads\/2024\/04\/Ter\u00fcleti_k\u00e9pvisel\u0151_dun\u00e1nt\u00fal-2024.png\" alt=\"\" width=\"872\" height=\"1234\" srcset=\"https:\/\/univet.hu\/wp-content\/uploads\/2024\/04\/Ter\u00fcleti_k\u00e9pvisel\u0151_dun\u00e1nt\u00fal-2024.png 1587w, https:\/\/univet.hu\/wp-content\/uploads\/2024\/04\/Ter\u00fcleti_k\u00e9pvisel\u0151_dun\u00e1nt\u00fal-2024-226x320.png 226w, https:\/\/univet.hu\/wp-content\/uploads\/2024\/04\/Ter\u00fcleti_k\u00e9pvisel\u0151_dun\u00e1nt\u00fal-2024-768x1086.png 768w, https:\/\/univet.hu\/wp-content\/uploads\/2024\/04\/Ter\u00fcleti_k\u00e9pvisel\u0151_dun\u00e1nt\u00fal-2024-679x960.png 679w\" sizes=\"auto, (max-width: 872px) 100vw, 872px\" \/> <img loading=\"lazy\" decoding=\"async\" class=\"alignnone  wp-image-99616\" src=\"https:\/\/univet.hu\/wp-content\/uploads\/2024\/04\/ter\u00fcleti_szarvasmarh_specialista-2024.png\" alt=\"\" width=\"871\" height=\"1232\" srcset=\"https:\/\/univet.hu\/wp-content\/uploads\/2024\/04\/ter\u00fcleti_szarvasmarh_specialista-2024.png 1587w, https:\/\/univet.hu\/wp-content\/uploads\/2024\/04\/ter\u00fcleti_szarvasmarh_specialista-2024-226x320.png 226w, https:\/\/univet.hu\/wp-content\/uploads\/2024\/04\/ter\u00fcleti_szarvasmarh_specialista-2024-768x1086.png 768w, https:\/\/univet.hu\/wp-content\/uploads\/2024\/04\/ter\u00fcleti_szarvasmarh_specialista-2024-679x960.png 679w\" sizes=\"auto, (max-width: 871px) 100vw, 871px\" \/><\/p>","protected":false},"excerpt":{"rendered":"<p>2024.04.03<\/p>\n","protected":false},"author":2961,"featured_media":0,"parent":26415,"menu_order":112,"comment_status":"closed","ping_status":"closed","template":"","meta":{"_acf_changed":false,"footnotes":""},"categories":[],"tags":[],"class_list":["post-99614","page","type-page","status-publish","hentry"],"acf":[],"_links":{"self":[{"href":"https:\/\/univet.hu\/hu\/wp-json\/wp\/v2\/pages\/99614","targetHints":{"allow":["GET"]}}],"collection":[{"href":"https:\/\/univet.hu\/hu\/wp-json\/wp\/v2\/pages"}],"about":[{"href":"https:\/\/univet.hu\/hu\/wp-json\/wp\/v2\/types\/page"}],"author":[{"embeddable":true,"href":"https:\/\/univet.hu\/hu\/wp-json\/wp\/v2\/users\/2961"}],"replies":[{"embeddable":true,"href":"https:\/\/univet.hu\/hu\/wp-json\/wp\/v2\/comments?post=99614"}],"version-history":[{"count":0,"href":"https:\/\/univet.hu\/hu\/wp-json\/wp\/v2\/pages\/99614\/revisions"}],"up":[{"embeddable":true,"href":"https:\/\/univet.hu\/hu\/wp-json\/wp\/v2\/pages\/26415"}],"wp:attachment":[{"href":"https:\/\/univet.hu\/hu\/wp-json\/wp\/v2\/media?parent=99614"}],"wp:term":[{"taxonomy":"category","embeddable":true,"href":"https:\/\/univet.hu\/hu\/wp-json\/wp\/v2\/categories?post=99614"},{"taxonomy":"post_tag","embeddable":true,"href":"https:\/\/univet.hu\/hu\/wp-json\/wp\/v2\/tags?post=99614"}],"curies":[{"name":"wp","href":"https:\/\/api.w.org\/{rel}","templated":true}]}}