{"id":99813,"date":"2025-04-30T10:41:09","date_gmt":"2025-04-30T08:41:09","guid":{"rendered":"https:\/\/univet.hu\/hu\/egyetem\/palyazati-projektek\/nkfih-palyazatok\/name-2\/"},"modified":"2026-04-24T14:51:42","modified_gmt":"2026-04-24T12:51:42","slug":"ekop","status":"publish","type":"page","link":"https:\/\/univet.hu\/hu\/egyetem\/palyazati-projektek\/nkfih-palyazatok\/ekop\/","title":{"rendered":"Egyetemi Kutat\u00f3i \u00d6szt\u00f6nd\u00edj Program (EK\u00d6P)"},"content":{"rendered":"<p>A nemzeti fels\u0151oktat\u00e1si kiv\u00e1l\u00f3s\u00e1gr\u00f3l sz\u00f3l\u00f3 24\/2013. (II. 5.) Korm. rendelet 9. \u00a7-a alapj\u00e1n a Korm\u00e1ny nemzeti fels\u0151oktat\u00e1si kiv\u00e1l\u00f3s\u00e1g \u00f6szt\u00f6nd\u00edjat alap\u00edt Egyetemi Kutat\u00f3i \u00d6szt\u00f6nd\u00edj Program (EK\u00d6P) n\u00e9ven, valamint ennek r\u00e9szek\u00e9nt Kooperat\u00edv Doktori Program (EK\u00d6P-KDP) n\u00e9ven. Az EK\u00d6P \u00f6szt\u00f6nd\u00edjprogram fedezet\u00e9t a Nemzeti Kutat\u00e1si, Fejleszt\u00e9si \u00e9s Innov\u00e1ci\u00f3s Alap biztos\u00edtja.<\/p> <p>Az EK\u00d6P c\u00e9lja a fels\u0151oktat\u00e1si int\u00e9zm\u00e9nyek oktat\u00f3i \u00e9s kutat\u00f3i ut\u00e1np\u00f3tl\u00e1s\u00e1nak, valamint az innovat\u00edv magyar v\u00e1llalkoz\u00e1sok kutat\u00f3-fejleszt\u0151i ut\u00e1np\u00f3tl\u00e1s\u00e1nak biztos\u00edt\u00e1sa, \u00e9s a legtehets\u00e9gesebb hallgat\u00f3k a fels\u0151oktat\u00e1si tehets\u00e9ggondoz\u00e1sba val\u00f3 bevon\u00e1sa.<\/p> <p>A program meghirdet\u00e9sre ker\u00fcl\u0151 \u00f6szt\u00f6nd\u00edj-p\u00e1ly\u00e1zatai a fels\u0151oktat\u00e1sban r\u00e9szt vev\u0151 hallgat\u00f3i, kutat\u00f3i kiv\u00e1l\u00f3s\u00e1got t\u00e1mogatj\u00e1k olyan \u2013osztatlan k\u00e9pz\u00e9sben, mesterk\u00e9pz\u00e9sben vagy doktori k\u00e9pz\u00e9sben r\u00e9szt vev\u0151 \u2013 hallgat\u00f3k, valamint fiatal oktat\u00f3k, kutat\u00f3k t\u00e1mogat\u00e1s\u00e1val, akik a fels\u0151oktat\u00e1si int\u00e9zm\u00e9nyben eredm\u00e9nyes kutat\u00e1si tev\u00e9kenys\u00e9get folytatnak.<\/p> <p><span style=\"font-size: 14pt\"><strong>2026. \u00e1prilis 20-\u00e1n megjelenik a 2026\/27-es tan\u00e9vre sz\u00f3l\u00f3 EK\u00d6P p\u00e1ly\u00e1zati ki\u00edr\u00e1s!! L\u00e1sd 2026\/2027 EK\u00d6P aloldal.<\/strong><\/span><\/p> <h5><span style=\"font-size: 12pt\">EK\u00d6P p\u00e1ly\u00e1zat beny\u00fajt\u00e1si hat\u00e1rid\u0151: 2026. 06.01 (h\u00e9tf\u0151)<\/span><\/h5> <p>P\u00e1ly\u00e1zati felh\u00edv\u00e1s \u00e9s egy\u00e9b dokumentumok az EK\u00d6P aloldalon tal\u00e1lhat\u00f3ak.<\/p> <p><strong>EK\u00d6P KONFERENCIA \u2013 \u2013 2026. m\u00e1jus 12.<\/strong><\/p> <p>2026. m\u00e1jus 12-\u00e9n megrendez\u00e9sre ker\u00fcl a 2025\/26-os tan\u00e9vi EK\u00d6P konferencia, melyen egyetem\u00fcnk \u00f6szt\u00f6nd\u00edjasai mutatj\u00e1k be kutat\u00e1saikat \u00e9s eddig el\u00e9rt eredm\u00e9nyeiket. Folyamatosan v\u00e1runk minden \u00e9rdekl\u0151d\u0151t, a r\u00e9szv\u00e9tel nem regisztr\u00e1ci\u00f3hoz k\u00f6t\u00f6tt.<\/p> <p><a href=\"https:\/\/univet.hu\/hu\/egyetem\/palyazati-projektek\/nkfih-palyazatok\/ekop\/ekop-2\/eloadok_ekop_2026\/\" rel=\"attachment wp-att-205645\">EK\u00d6P \u00f6szt\u00f6nd\u00edjas el\u0151ad\u00f3k<\/a><\/p> <p>A kutat\u00e1sokr\u00f3l, eredm\u00e9nyekr\u0151l k\u00e9sz\u00fclt r\u00f6vid \u00f6sszefoglal\u00f3 kiadv\u00e1ny r\u00f6videsen el\u00e9rhet\u0151: EK\u00d6P KUTAT\u00c1SOK 2025\/26.<\/p> <p><a href=\"https:\/\/univet.hu\/hu\/egyetem\/palyazati-projektek\/nkfih-palyazatok\/ekop\/ekop-2\/plakat_ekop\/\" rel=\"attachment wp-att-205664\"><img loading=\"lazy\" decoding=\"async\" class=\"alignnone size-large wp-image-205664\" src=\"https:\/\/univet.hu\/wp-content\/uploads\/2026\/04\/plakat_EKOP-679x960.jpg\" alt=\"\" width=\"679\" height=\"960\" srcset=\"https:\/\/univet.hu\/wp-content\/uploads\/2026\/04\/plakat_EKOP-679x960.jpg 679w, https:\/\/univet.hu\/wp-content\/uploads\/2026\/04\/plakat_EKOP-226x320.jpg 226w, https:\/\/univet.hu\/wp-content\/uploads\/2026\/04\/plakat_EKOP-768x1086.jpg 768w, https:\/\/univet.hu\/wp-content\/uploads\/2026\/04\/plakat_EKOP-1086x1536.jpg 1086w, https:\/\/univet.hu\/wp-content\/uploads\/2026\/04\/plakat_EKOP-1448x2048.jpg 1448w, https:\/\/univet.hu\/wp-content\/uploads\/2026\/04\/plakat_EKOP.jpg 1587w\" sizes=\"auto, (max-width: 679px) 100vw, 679px\" \/><\/a><\/p> <p>&nbsp;<\/p> <p><a href=\"https:\/\/univet.hu\/en\/egyetem\/palyazati-projektek\/nkfih-palyazatok\/ekop\/ekop\/ekop-logo-rgb-vertical_0003_color_palyazati-felhivas\/\" rel=\"attachment wp-att-100805\"><img loading=\"lazy\" decoding=\"async\" class=\"wp-image-100805 alignnone\" src=\"https:\/\/univet.hu\/wp-content\/uploads\/2024\/06\/ekop-logo-rgb-vertical_0003_color_p\u00e1ly\u00e1zati-felh\u00edv\u00e1s-802x960.png\" alt=\"\" width=\"166\" height=\"199\" srcset=\"https:\/\/univet.hu\/wp-content\/uploads\/2024\/06\/ekop-logo-rgb-vertical_0003_color_p\u00e1ly\u00e1zati-felh\u00edv\u00e1s-802x960.png 802w, https:\/\/univet.hu\/wp-content\/uploads\/2024\/06\/ekop-logo-rgb-vertical_0003_color_p\u00e1ly\u00e1zati-felh\u00edv\u00e1s-267x320.png 267w, https:\/\/univet.hu\/wp-content\/uploads\/2024\/06\/ekop-logo-rgb-vertical_0003_color_p\u00e1ly\u00e1zati-felh\u00edv\u00e1s-768x919.png 768w, https:\/\/univet.hu\/wp-content\/uploads\/2024\/06\/ekop-logo-rgb-vertical_0003_color_p\u00e1ly\u00e1zati-felh\u00edv\u00e1s.png 1772w\" sizes=\"auto, (max-width: 166px) 100vw, 166px\" \/><\/a><\/p> <h5>B\u0151vebb inform\u00e1ci\u00f3:<\/h5> <p>Udvarias Csilla<br \/> Innov\u00e1ci\u00f3s \u00e9s P\u00e1ly\u00e1zati Igazgat\u00f3s\u00e1g<\/p> <p>EK\u00d6P programot \u00e9rint\u0151 k\u00e9rd\u00e9sekben: <a class=\"decrypt\" rel=\"flpqAvojwfu\/iv\" href=\"javascript:void(0);\">[Kattintson az emailc\u00edmhez]<\/a><\/p> <p>EK\u00d6P-KDP programot \u00e9rint\u0151 k\u00e9rd\u00e9sekben: <a class=\"decrypt\" rel=\"flpq\/leqAvojwfu\/iv\" href=\"javascript:void(0);\">[Kattintson az emailc\u00edmhez]<\/a><\/p>","protected":false},"excerpt":{"rendered":"<p>A nemzeti fels\u0151oktat\u00e1si kiv\u00e1l\u00f3s\u00e1gr\u00f3l sz\u00f3l\u00f3 24\/2013. (II. 5.) Korm. rendelet 9. \u00a7-a alapj\u00e1n a Korm\u00e1ny nemzeti fels\u0151oktat\u00e1si kiv\u00e1l\u00f3s\u00e1g \u00f6szt\u00f6nd\u00edjat alap\u00edt Egyetemi Kutat\u00f3i \u00d6szt\u00f6nd\u00edj Program (EK\u00d6P) n\u00e9ven, valamint ennek r\u00e9szek\u00e9nt Kooperat\u00edv Doktori Program (EK\u00d6P-KDP) n\u00e9ven. Az EK\u00d6P \u00f6szt\u00f6nd\u00edjprogram fedezet\u00e9t a Nemzeti Kutat\u00e1si, Fejleszt\u00e9si \u00e9s Innov\u00e1ci\u00f3s Alap biztos\u00edtja. Az EK\u00d6P c\u00e9lja a fels\u0151oktat\u00e1si int\u00e9zm\u00e9nyek oktat\u00f3i \u00e9s kutat\u00f3i<\/p>\n","protected":false},"author":2572,"featured_media":0,"parent":45583,"menu_order":0,"comment_status":"open","ping_status":"open","template":"","meta":{"_acf_changed":false,"footnotes":""},"categories":[],"tags":[],"class_list":["post-99813","page","type-page","status-publish","hentry"],"acf":[],"_links":{"self":[{"href":"https:\/\/univet.hu\/hu\/wp-json\/wp\/v2\/pages\/99813","targetHints":{"allow":["GET"]}}],"collection":[{"href":"https:\/\/univet.hu\/hu\/wp-json\/wp\/v2\/pages"}],"about":[{"href":"https:\/\/univet.hu\/hu\/wp-json\/wp\/v2\/types\/page"}],"author":[{"embeddable":true,"href":"https:\/\/univet.hu\/hu\/wp-json\/wp\/v2\/users\/2572"}],"replies":[{"embeddable":true,"href":"https:\/\/univet.hu\/hu\/wp-json\/wp\/v2\/comments?post=99813"}],"version-history":[{"count":5,"href":"https:\/\/univet.hu\/hu\/wp-json\/wp\/v2\/pages\/99813\/revisions"}],"predecessor-version":[{"id":206291,"href":"https:\/\/univet.hu\/hu\/wp-json\/wp\/v2\/pages\/99813\/revisions\/206291"}],"up":[{"embeddable":true,"href":"https:\/\/univet.hu\/hu\/wp-json\/wp\/v2\/pages\/45583"}],"wp:attachment":[{"href":"https:\/\/univet.hu\/hu\/wp-json\/wp\/v2\/media?parent=99813"}],"wp:term":[{"taxonomy":"category","embeddable":true,"href":"https:\/\/univet.hu\/hu\/wp-json\/wp\/v2\/categories?post=99813"},{"taxonomy":"post_tag","embeddable":true,"href":"https:\/\/univet.hu\/hu\/wp-json\/wp\/v2\/tags?post=99813"}],"curies":[{"name":"wp","href":"https:\/\/api.w.org\/{rel}","templated":true}]}}