{"id":99817,"date":"2024-04-09T09:45:12","date_gmt":"2024-04-09T07:45:12","guid":{"rendered":"https:\/\/univet.hu\/hu\/egyetem\/palyazati-projektek\/nkfih-palyazatok\/egyetemi-kutatoi-osztondij-program-ekop\/name\/"},"modified":"2025-08-27T17:20:39","modified_gmt":"2025-08-27T15:20:39","slug":"ekop-kdp","status":"publish","type":"page","link":"https:\/\/univet.hu\/hu\/egyetem\/palyazati-projektek\/nkfih-palyazatok\/ekop\/ekop-kdp\/","title":{"rendered":"EK\u00d6P-KDP"},"content":{"rendered":"<p><strong>Egyetemi Kutat\u00f3i \u00d6szt\u00f6nd\u00edj Program &#8211; Kooperat\u00edv Doktori Program (EK\u00d6P-KDP)<\/strong><\/p> <p><strong>Az EK\u00d6P-KDP <\/strong>program c\u00e9lja, hogy a kutat\u00e1s-fejleszt\u00e9s-innov\u00e1ci\u00f3 ter\u00fclet\u00e9n tov\u00e1bb b\u0151v\u00edtse azon munkav\u00e1llal\u00f3k l\u00e9tsz\u00e1m\u00e1t, akik szakmai ismereteiket a legfrissebb tudom\u00e1nyos kutat\u00e1si eredm\u00e9nyekkel k\u00edv\u00e1nj\u00e1k gyarap\u00edtani, \u00e9s elk\u00f6telezettek tud\u00e1suk t\u00e1rsadalmi \u00e9s gazdas\u00e1gi hasznos\u00edt\u00e1s\u00e1ban. A Program azok sz\u00e1m\u00e1ra biztos\u00edt t\u00e1mogat\u00e1st, akik doktori hallgat\u00f3i st\u00e1tuszuk mellett fels\u0151oktat\u00e1si int\u00e9zm\u00e9nyen k\u00edv\u00fcl m\u00e1s munkahelyen is v\u00e9geznek kutat\u00f3munk\u00e1t, amely el\u0151seg\u00edti tudom\u00e1nyos eredm\u00e9nyeik gyakorlati hasznosul\u00e1s\u00e1t. (kor\u00e1bbi \u00e9v p\u00e1ly\u00e1zati felh\u00edv\u00e1sa aloldalon el\u00e9rhet\u0151)<\/p> <p><a href=\"https:\/\/univet.hu\/hu\/egyetem\/palyazati-projektek\/nkfih-palyazatok\/ekop\/ekop-kdp\/ekop-kdp_osztondijasok_2025\/\" rel=\"attachment wp-att-189544\">EK\u00d6P-KDP 2025. \u00e9vi \u00f6szt\u00f6nd\u00edjasai<\/a><\/p> <h5><span style=\"font-size: 14pt\">P\u00e1ly\u00e1zat beny\u00fajt\u00e1si hat\u00e1rid\u0151: <strong>2025. j\u00fanius 16.<\/strong><\/span><\/h5> <ul> <li><strong>T\u00e1mogat\u00e1s \u00f6sszege<\/strong>: 400.000 Ft\/h\u00f3\/f\u0151 \u00f6szt\u00f6nd\u00edj. Az \u00f6szt\u00f6nd\u00edjast seg\u00edt\u0151, a p\u00e1ly\u00e1zat megval\u00f3s\u00edt\u00e1s\u00e1ban k\u00f6zrem\u0171k\u00f6d\u0151 t\u00e9mavezet\u0151 \u00e9s szak\u00e9rt\u0151 szint\u00e9n d\u00edjaz\u00e1sban r\u00e9szes\u00fcl, ennek \u00f6sszege max. brutt\u00f3 120 000 Ft\/h\u00f3.<\/li> <li><strong>P\u00e1ly\u00e1zat futamideje:<\/strong> 24, 29, 36, 41, 48 h\u00f3nap, az \u00f6szt\u00f6nd\u00edjas jogviszony kezdete: 2025.09.01.<\/li> <\/ul> <table style=\"border-collapse: collapse;width: 100%\"> <tbody> <tr> <td style=\"width: 50%\"><strong>EGYETEMI KUTAT\u00d3I \u00d6SZT\u00d6ND\u00cdJ PROGRAM &#8211; KOOPERAT\u00cdV DOKTORI PROGRAM <\/strong><br \/> <strong> (EK\u00d6P-KDP-2025)<\/strong><\/td> <td style=\"width: 50%\"><strong>K\u00d6ZZ\u00c9T\u00c9VE<\/strong><\/td> <\/tr> <tr> <td style=\"width: 50%\"><a href=\"https:\/\/univet.hu\/hu\/egyetem\/palyazati-projektek\/nkfih-palyazatok\/ekop\/ekop-kdp\/ekop-kdp_palyazati_felhivas_2025\/\" rel=\"attachment wp-att-181621\">P\u00e1ly\u00e1zati Felh\u00edv\u00e1s 2025<\/a><\/td> <td style=\"width: 50%\">2025.04.30<\/td> <\/tr> <\/tbody> <\/table> <table style=\"border-collapse: collapse;width: 100%\"> <tbody> <tr style=\"height: 24px\"> <td style=\"width: 45.0151%;height: 24px;text-align: center\"><a href=\"https:\/\/univet.hu\/hu\/egyetem\/palyazati-projektek\/nkfih-palyazatok\/ekop\/ekop-kdp\/01_ekop_kdp-2025_1-sz-melleklet_palyazati_adatlap_2025-2\/\" rel=\"attachment wp-att-185625\">P\u00e1ly\u00e1zati adatlap<\/a><\/td> <td style=\"width: 68.0609%;height: 24px;text-align: center\"> <p>Friss\u00edtve: 2025. 06.10<\/p> <p>2025.04.30<\/td> <\/tr> <tr style=\"height: 24px\"> <td style=\"width: 45.0151%;height: 24px;text-align: center\"><a href=\"https:\/\/univet.hu\/hu\/egyetem\/palyazati-projektek\/nkfih-palyazatok\/ekop\/ekop-kdp\/02_ekop_kdp-2025_2-sz-melleklet_palyazoi_nyilatkozat_2025\/\" rel=\"attachment wp-att-181600\">P\u00e1ly\u00e1z\u00f3i nyilatkozat<\/a><\/td> <td style=\"width: 68.0609%;height: 24px;text-align: center\">2025.04.30<\/td> <\/tr> <tr style=\"height: 24px\"> <td style=\"width: 45.0151%;height: 24px;text-align: center\"><a href=\"https:\/\/univet.hu\/hu\/egyetem\/palyazati-projektek\/nkfih-palyazatok\/ekop\/ekop-kdp\/03_ekop_kdp-2025_3-sz-melleklet_kutatasi_terv_2025\/\" rel=\"attachment wp-att-181603\">Kutat\u00e1si Terv<\/a><\/td> <td style=\"width: 68.0609%;height: 24px;text-align: center\">2025.04.30<\/td> <\/tr> <tr style=\"height: 24px\"> <td style=\"width: 45.0151%;height: 24px;text-align: center\"><a href=\"https:\/\/univet.hu\/hu\/egyetem\/palyazati-projektek\/nkfih-palyazatok\/ekop\/ekop-kdp\/04_ekop_kdp-2025_4-sz-melleklet_doktori_iskola_nyilatkozat_2025\/\" rel=\"attachment wp-att-181606\">Doktori Iskola nyilatkozata<\/a><\/td> <td style=\"width: 68.0609%;height: 24px;text-align: center\">2025.04.30<\/td> <\/tr> <tr style=\"height: 24px\"> <td style=\"width: 45.0151%;height: 24px;text-align: center\"><a href=\"https:\/\/univet.hu\/hu\/egyetem\/palyazati-projektek\/nkfih-palyazatok\/ekop\/ekop-kdp\/05_ekop_kdp-2025_5-sz-melleklet_temavezetoi_nyilatkozat_2025\/\" rel=\"attachment wp-att-181609\">T\u00e9mavezet\u0151i nyilatkozat<\/a><\/td> <td style=\"width: 68.0609%;height: 24px;text-align: center\">2025.04.30<\/td> <\/tr> <tr style=\"height: 24px\"> <td style=\"width: 45.0151%;height: 24px;text-align: center\"><a href=\"https:\/\/univet.hu\/hu\/egyetem\/palyazati-projektek\/nkfih-palyazatok\/ekop\/ekop-kdp\/06_ekop_kdp-2025_6_melleklet_munkaltatoi_nyilatkozat_2025\/\" rel=\"attachment wp-att-181612\">Munk\u00e1ltat\u00f3i nyilatkozat<\/a><\/td> <td style=\"width: 68.0609%;height: 24px;text-align: center\">2025.04.30<\/td> <\/tr> <tr style=\"height: 24px\"> <td style=\"width: 45.0151%;height: 24px;text-align: center\"><a href=\"https:\/\/univet.hu\/hu\/egyetem\/palyazati-projektek\/nkfih-palyazatok\/ekop\/ekop-kdp\/07_ekop_kdp-2025_7_melleklet_szakertoi_nyilatkozat_2025\/\" rel=\"attachment wp-att-181615\">Szak\u00e9rt\u0151i nyilatkozat<\/a><\/td> <td style=\"width: 68.0609%;height: 24px;text-align: center\">2025.04.30<\/td> <\/tr> <tr style=\"height: 24px\"> <td style=\"width: 45.0151%;height: 24px;text-align: center\"><a href=\"https:\/\/univet.hu\/hu\/egyetem\/palyazati-projektek\/nkfih-palyazatok\/ekop\/ekop-kdp\/08_ekop_kdp-2025_8-sz-melleklet_tudomanyagi_kepzesi_besorolas_2025\/\" rel=\"attachment wp-att-181618\">Tudom\u00e1ny\u00e1gi besorol\u00e1s<\/a><\/td> <td style=\"width: 68.0609%;height: 24px;text-align: center\">2025.04.30<\/td> <\/tr> <tr> <td style=\"width: 45.0151%\"><\/td> <td style=\"width: 68.0609%\"><\/td> <\/tr> <\/tbody> <\/table> <p>&nbsp;<\/p> <p><a href=\"https:\/\/univet.hu\/en\/egyetem\/palyazati-projektek\/nkfih-palyazatok\/ekop\/ekop\/ekop-logo-rgb-vertical_0003_color_palyazati-felhivas\/\" rel=\"attachment wp-att-100805\"><img loading=\"lazy\" decoding=\"async\" class=\"wp-image-100805 alignnone\" src=\"https:\/\/univet.hu\/wp-content\/uploads\/2024\/06\/ekop-logo-rgb-vertical_0003_color_p%C3%A1ly%C3%A1zati-felh%C3%ADv%C3%A1s-802x960.png\" alt=\"\" width=\"122\" height=\"146\" \/><\/a><\/p> <h5><\/h5> <h5>EK\u00d6P-KDP \u00fcgyint\u00e9z\u0151:<\/h5> <p>Udvarias Csilla<br \/> Innov\u00e1ci\u00f3s \u00e9s P\u00e1ly\u00e1zati Igazgat\u00f3s\u00e1g<\/p> <p><a class=\"decrypt\" rel=\"flpqAvojwfu\/iv\"><a class=\"decrypt\" rel=\"flpq\/leqAvojwfu\/iv\" href=\"javascript:void(0);\">[Kattintson az emailc\u00edmhez]<\/a><\/a><\/p>","protected":false},"excerpt":{"rendered":"<p>Egyetemi Kutat\u00f3i \u00d6szt\u00f6nd\u00edj Program &#8211; Kooperat\u00edv Doktori Program (EK\u00d6P-KDP) Az EK\u00d6P-KDP program c\u00e9lja, hogy a kutat\u00e1s-fejleszt\u00e9s-innov\u00e1ci\u00f3 ter\u00fclet\u00e9n tov\u00e1bb b\u0151v\u00edtse azon munkav\u00e1llal\u00f3k l\u00e9tsz\u00e1m\u00e1t, akik szakmai ismereteiket a legfrissebb tudom\u00e1nyos kutat\u00e1si eredm\u00e9nyekkel k\u00edv\u00e1nj\u00e1k gyarap\u00edtani, \u00e9s elk\u00f6telezettek tud\u00e1suk t\u00e1rsadalmi \u00e9s gazdas\u00e1gi hasznos\u00edt\u00e1s\u00e1ban. A Program azok sz\u00e1m\u00e1ra biztos\u00edt t\u00e1mogat\u00e1st, akik doktori hallgat\u00f3i st\u00e1tuszuk mellett fels\u0151oktat\u00e1si int\u00e9zm\u00e9nyen k\u00edv\u00fcl m\u00e1s munkahelyen<\/p>\n","protected":false},"author":2572,"featured_media":0,"parent":99813,"menu_order":0,"comment_status":"open","ping_status":"open","template":"","meta":{"_acf_changed":false,"footnotes":""},"categories":[],"tags":[],"class_list":["post-99817","page","type-page","status-publish","hentry"],"acf":[],"_links":{"self":[{"href":"https:\/\/univet.hu\/hu\/wp-json\/wp\/v2\/pages\/99817","targetHints":{"allow":["GET"]}}],"collection":[{"href":"https:\/\/univet.hu\/hu\/wp-json\/wp\/v2\/pages"}],"about":[{"href":"https:\/\/univet.hu\/hu\/wp-json\/wp\/v2\/types\/page"}],"author":[{"embeddable":true,"href":"https:\/\/univet.hu\/hu\/wp-json\/wp\/v2\/users\/2572"}],"replies":[{"embeddable":true,"href":"https:\/\/univet.hu\/hu\/wp-json\/wp\/v2\/comments?post=99817"}],"version-history":[{"count":5,"href":"https:\/\/univet.hu\/hu\/wp-json\/wp\/v2\/pages\/99817\/revisions"}],"predecessor-version":[{"id":189547,"href":"https:\/\/univet.hu\/hu\/wp-json\/wp\/v2\/pages\/99817\/revisions\/189547"}],"up":[{"embeddable":true,"href":"https:\/\/univet.hu\/hu\/wp-json\/wp\/v2\/pages\/99813"}],"wp:attachment":[{"href":"https:\/\/univet.hu\/hu\/wp-json\/wp\/v2\/media?parent=99817"}],"wp:term":[{"taxonomy":"category","embeddable":true,"href":"https:\/\/univet.hu\/hu\/wp-json\/wp\/v2\/categories?post=99817"},{"taxonomy":"post_tag","embeddable":true,"href":"https:\/\/univet.hu\/hu\/wp-json\/wp\/v2\/tags?post=99817"}],"curies":[{"name":"wp","href":"https:\/\/api.w.org\/{rel}","templated":true}]}}