{"id":3342,"date":"1970-01-01T00:00:00","date_gmt":"1969-12-31T23:00:00","guid":{"rendered":"http:\/\/univet.hu\/universitaet\/organisationseinheiten\/fremdsprachenabteilung\/"},"modified":"2025-03-20T07:38:40","modified_gmt":"2025-03-20T06:38:40","slug":"fremdsprachenabteilung","status":"publish","type":"page","link":"https:\/\/univet.hu\/idegennyelvi-lektoratus\/de\/","title":{"rendered":"Fremdsprachenabteilung"},"content":{"rendered":"<h2>Geschichte<\/h2> <div> <p><strong>Geschichte der Abteilung<\/strong><\/p> <p>Der Fremdsprachenunterricht wurde an unserer Universit\u00e4t 1949 eingef\u00fchrt, in den ersten Jahren beschr\u00e4nkte er sich auf die russische Sprache, auf w\u00f6chentlich 2 Stunden.<br \/> 1954 wurde der Unterricht in Latein im ersten Jahrgang mit w\u00f6chentlich 2 Stunden eingef\u00fchrt.<br \/> 1955 begann der obligatorische Unterricht von westlichen Sprachen. Parallel dazu nahm die Organisationseinheit den Namen \u201eFremdsprachenlektorat\u201c an.<br \/> Seit 1982 findet der obligatorische Sprachunterricht in 4 Wochenstunden statt, bis 1995 in vier, seit 1995 in drei Jahrg\u00e4ngen. Seit 1994 unterrichten wir die Fachsprache Veterin\u00e4rmedizin Englisch fakultativ.<br \/> Zum Aufgabenbereich des Lektorats geh\u00f6ren die Vorbereitung auf die staatlich anerkannten Sprachpr\u00fcfungen in Englisch und Deutsch, der Latein-Unterricht im I. Jahrgang, Fachsprachenunterricht, Organisation von Sprachkursen f\u00fcr die Mitarbeiter der Fakult\u00e4t in Englisch und Deutsch sowie fakultative Ungarisch- und Latein-Kurse f\u00fcr die Studenten in der fremdsprachlichen Ausbildung.<\/p> <\/div>","protected":false},"excerpt":{"rendered":"<p>Geschichte Geschichte der Abteilung Der Fremdsprachenunterricht wurde an unserer Universit\u00e4t 1949 eingef\u00fchrt, in den ersten Jahren beschr\u00e4nkte er sich auf die russische Sprache, auf w\u00f6chentlich 2 Stunden. 1954 wurde der Unterricht in Latein im ersten Jahrgang mit w\u00f6chentlich 2 Stunden eingef\u00fchrt. 1955 begann der obligatorische Unterricht von westlichen Sprachen. Parallel dazu nahm die Organisationseinheit den<\/p>\n","protected":false},"author":3837,"featured_media":0,"parent":0,"menu_order":135,"comment_status":"closed","ping_status":"closed","template":"","meta":{"_acf_changed":false,"footnotes":""},"categories":[16],"tags":[],"class_list":["post-3342","page","type-page","status-publish","hentry","category-abteilungen"],"acf":[],"yoast_head":"<!-- This site is optimized with the Yoast SEO plugin v27.2 - https:\/\/yoast.com\/product\/yoast-seo-wordpress\/ -->\n<title>Fremdsprachenabteilung - Idegennyelvi Lektor\u00e1tus<\/title>\n<meta name=\"robots\" content=\"index, follow, max-snippet:-1, max-image-preview:large, max-video-preview:-1\" \/>\n<link rel=\"canonical\" href=\"https:\/\/univet.hu\/idegennyelvi-lektoratus\/de\/\" \/>\n<meta property=\"og:locale\" content=\"de_DE\" \/>\n<meta property=\"og:type\" content=\"article\" \/>\n<meta property=\"og:title\" content=\"Fremdsprachenabteilung - Idegennyelvi Lektor\u00e1tus\" \/>\n<meta property=\"og:description\" content=\"Geschichte Geschichte der Abteilung Der Fremdsprachenunterricht wurde an unserer Universit\u00e4t 1949 eingef\u00fchrt, in den ersten Jahren beschr\u00e4nkte er sich auf die russische Sprache, auf w\u00f6chentlich 2 Stunden. 1954 wurde der Unterricht in Latein im ersten Jahrgang mit w\u00f6chentlich 2 Stunden eingef\u00fchrt. 1955 begann der obligatorische Unterricht von westlichen Sprachen. Parallel dazu nahm die Organisationseinheit den\" \/>\n<meta property=\"og:url\" content=\"https:\/\/univet.hu\/idegennyelvi-lektoratus\/de\/\" \/>\n<meta property=\"og:site_name\" content=\"Idegennyelvi Lektor\u00e1tus\" \/>\n<meta property=\"article:modified_time\" content=\"2025-03-20T06:38:40+00:00\" \/>\n<meta name=\"twitter:card\" content=\"summary_large_image\" \/>\n<meta name=\"twitter:label1\" content=\"Gesch\u00e4tzte Lesezeit\" \/>\n\t<meta name=\"twitter:data1\" content=\"1\u00a0Minute\" \/>\n<script type=\"application\/ld+json\" class=\"yoast-schema-graph\">{\"@context\":\"https:\/\/schema.org\",\"@graph\":[{\"@type\":\"WebPage\",\"@id\":\"https:\/\/univet.hu\/idegennyelvi-lektoratus\/de\/\",\"url\":\"https:\/\/univet.hu\/idegennyelvi-lektoratus\/de\/\",\"name\":\"Fremdsprachenabteilung - Idegennyelvi Lektor\u00e1tus\",\"isPartOf\":{\"@id\":\"https:\/\/univet.hu\/idegennyelvi-lektoratus\/en\/#website\"},\"datePublished\":\"1969-12-31T23:00:00+00:00\",\"dateModified\":\"2025-03-20T06:38:40+00:00\",\"breadcrumb\":{\"@id\":\"https:\/\/univet.hu\/idegennyelvi-lektoratus\/de\/#breadcrumb\"},\"inLanguage\":\"de\",\"potentialAction\":[{\"@type\":\"ReadAction\",\"target\":[\"https:\/\/univet.hu\/idegennyelvi-lektoratus\/de\/\"]}]},{\"@type\":\"BreadcrumbList\",\"@id\":\"https:\/\/univet.hu\/idegennyelvi-lektoratus\/de\/#breadcrumb\",\"itemListElement\":[{\"@type\":\"ListItem\",\"position\":1,\"name\":\"Kezd\u0151lap\",\"item\":\"https:\/\/univet.hu\/idegennyelvi-lektoratus\/de\/\"},{\"@type\":\"ListItem\",\"position\":2,\"name\":\"Fremdsprachenabteilung\"}]},{\"@type\":\"WebSite\",\"@id\":\"https:\/\/univet.hu\/idegennyelvi-lektoratus\/en\/#website\",\"url\":\"https:\/\/univet.hu\/idegennyelvi-lektoratus\/en\/\",\"name\":\"Idegennyelvi Lektor\u00e1tus\",\"description\":\"\",\"potentialAction\":[{\"@type\":\"SearchAction\",\"target\":{\"@type\":\"EntryPoint\",\"urlTemplate\":\"https:\/\/univet.hu\/idegennyelvi-lektoratus\/en\/?s={search_term_string}\"},\"query-input\":{\"@type\":\"PropertyValueSpecification\",\"valueRequired\":true,\"valueName\":\"search_term_string\"}}],\"inLanguage\":\"de\"}]}<\/script>\n<!-- \/ Yoast SEO plugin. -->","yoast_head_json":{"title":"Fremdsprachenabteilung - Idegennyelvi Lektor\u00e1tus","robots":{"index":"index","follow":"follow","max-snippet":"max-snippet:-1","max-image-preview":"max-image-preview:large","max-video-preview":"max-video-preview:-1"},"canonical":"https:\/\/univet.hu\/idegennyelvi-lektoratus\/de\/","og_locale":"de_DE","og_type":"article","og_title":"Fremdsprachenabteilung - Idegennyelvi Lektor\u00e1tus","og_description":"Geschichte Geschichte der Abteilung Der Fremdsprachenunterricht wurde an unserer Universit\u00e4t 1949 eingef\u00fchrt, in den ersten Jahren beschr\u00e4nkte er sich auf die russische Sprache, auf w\u00f6chentlich 2 Stunden. 1954 wurde der Unterricht in Latein im ersten Jahrgang mit w\u00f6chentlich 2 Stunden eingef\u00fchrt. 1955 begann der obligatorische Unterricht von westlichen Sprachen. Parallel dazu nahm die Organisationseinheit den","og_url":"https:\/\/univet.hu\/idegennyelvi-lektoratus\/de\/","og_site_name":"Idegennyelvi Lektor\u00e1tus","article_modified_time":"2025-03-20T06:38:40+00:00","twitter_card":"summary_large_image","twitter_misc":{"Gesch\u00e4tzte Lesezeit":"1\u00a0Minute"},"schema":{"@context":"https:\/\/schema.org","@graph":[{"@type":"WebPage","@id":"https:\/\/univet.hu\/idegennyelvi-lektoratus\/de\/","url":"https:\/\/univet.hu\/idegennyelvi-lektoratus\/de\/","name":"Fremdsprachenabteilung - Idegennyelvi Lektor\u00e1tus","isPartOf":{"@id":"https:\/\/univet.hu\/idegennyelvi-lektoratus\/en\/#website"},"datePublished":"1969-12-31T23:00:00+00:00","dateModified":"2025-03-20T06:38:40+00:00","breadcrumb":{"@id":"https:\/\/univet.hu\/idegennyelvi-lektoratus\/de\/#breadcrumb"},"inLanguage":"de","potentialAction":[{"@type":"ReadAction","target":["https:\/\/univet.hu\/idegennyelvi-lektoratus\/de\/"]}]},{"@type":"BreadcrumbList","@id":"https:\/\/univet.hu\/idegennyelvi-lektoratus\/de\/#breadcrumb","itemListElement":[{"@type":"ListItem","position":1,"name":"Kezd\u0151lap","item":"https:\/\/univet.hu\/idegennyelvi-lektoratus\/de\/"},{"@type":"ListItem","position":2,"name":"Fremdsprachenabteilung"}]},{"@type":"WebSite","@id":"https:\/\/univet.hu\/idegennyelvi-lektoratus\/en\/#website","url":"https:\/\/univet.hu\/idegennyelvi-lektoratus\/en\/","name":"Idegennyelvi Lektor\u00e1tus","description":"","potentialAction":[{"@type":"SearchAction","target":{"@type":"EntryPoint","urlTemplate":"https:\/\/univet.hu\/idegennyelvi-lektoratus\/en\/?s={search_term_string}"},"query-input":{"@type":"PropertyValueSpecification","valueRequired":true,"valueName":"search_term_string"}}],"inLanguage":"de"}]}},"_links":{"self":[{"href":"https:\/\/univet.hu\/idegennyelvi-lektoratus\/de\/wp-json\/wp\/v2\/pages\/3342","targetHints":{"allow":["GET"]}}],"collection":[{"href":"https:\/\/univet.hu\/idegennyelvi-lektoratus\/de\/wp-json\/wp\/v2\/pages"}],"about":[{"href":"https:\/\/univet.hu\/idegennyelvi-lektoratus\/de\/wp-json\/wp\/v2\/types\/page"}],"author":[{"embeddable":true,"href":"https:\/\/univet.hu\/idegennyelvi-lektoratus\/de\/wp-json\/wp\/v2\/users\/3837"}],"replies":[{"embeddable":true,"href":"https:\/\/univet.hu\/idegennyelvi-lektoratus\/de\/wp-json\/wp\/v2\/comments?post=3342"}],"version-history":[{"count":1,"href":"https:\/\/univet.hu\/idegennyelvi-lektoratus\/de\/wp-json\/wp\/v2\/pages\/3342\/revisions"}],"predecessor-version":[{"id":83696,"href":"https:\/\/univet.hu\/idegennyelvi-lektoratus\/de\/wp-json\/wp\/v2\/pages\/3342\/revisions\/83696"}],"wp:attachment":[{"href":"https:\/\/univet.hu\/idegennyelvi-lektoratus\/de\/wp-json\/wp\/v2\/media?parent=3342"}],"wp:term":[{"taxonomy":"category","embeddable":true,"href":"https:\/\/univet.hu\/idegennyelvi-lektoratus\/de\/wp-json\/wp\/v2\/categories?post=3342"},{"taxonomy":"post_tag","embeddable":true,"href":"https:\/\/univet.hu\/idegennyelvi-lektoratus\/de\/wp-json\/wp\/v2\/tags?post=3342"}],"curies":[{"name":"wp","href":"https:\/\/api.w.org\/{rel}","templated":true}]}}