{"id":16120,"date":"1970-01-01T01:00:00","date_gmt":"1970-01-01T00:00:00","guid":{"rendered":"http:\/\/univet.hu\/about\/units\/department-of-foreign-languages\/consultations-2017-18-spring-semester\/"},"modified":"2025-03-20T07:38:40","modified_gmt":"2025-03-20T06:38:40","slug":"consultations-2017-18-spring-semester","status":"publish","type":"page","link":"https:\/\/univet.hu\/idegennyelvi-lektoratus\/en\/department-of-foreign-languages\/consultations-2017-18-spring-semester\/","title":{"rendered":"Consultations"},"content":{"rendered":"<p>Dr Terein\u00e9 B\u00e1n Andrea\u00a0 \u00a0 \u00a0 \u00a0 \u00a0 Tuesday 11:00-12:00\u00a0 \u00a0 \u00a0 \u00a0 \u00a0 \u00a0 <a class=\"decrypt\" rel=\"cbo\/boesfbAvojwfu\/iv\" href=\"javascript:void(0);\">[Click to see email]<\/a><br \/> Nagy Nikoletta\u00a0 \u00a0 \u00a0 \u00a0 \u00a0 \u00a0 \u00a0 \u00a0 \u00a0 \u00a0 \u00a0 \u00a0 \u00a0Thursday\u00a0 12:45-13:45\u00a0 \u00a0 \u00a0 \u00a0 \u00a0 <a class=\"decrypt\" rel=\"obhz\/ojlpmfuub\/bhoftAvojwfu\/iv\" href=\"javascript:void(0);\">[Click to see email]<\/a><br \/> Rudolf Radenhausen\u00a0 \u00a0 \u00a0 \u00a0 \u00a0 \u00a0 \u00a0 Thursday\u00a0 10:00-11:00\u00a0 \u00a0 \u00a0 \u00a0 \u00a0<a class=\"decrypt\" rel=\"sbefoibvtfo\/svepmgAvojwfu\/iv\" href=\"javascript:void(0);\">[Click to see email]<\/a><br \/> Hartmann Krisztina\u00a0 \u00a0 \u00a0 \u00a0 \u00a0 \u00a0 \u00a0 \u00a0Tuesday 10:30-11:30\u00a0 \u00a0 \u00a0 \u00a0 \u00a0 \u00a0 \u00a0<a class=\"decrypt\" rel=\"nbooibsulsjAhnbjm\/dpn\" href=\"javascript:void(0);\">[Click to see email]<\/a><br \/> Ag\u00f3cs J\u00falia (on Maternity Leave)<\/p> <p>&nbsp;<\/p> <p><strong>Contract teachers\u00a0 \u00a0<\/strong> \u00a0 \u00a0 \u00a0 \u00a0 \u00a0 \u00a0 \u00a0 <em>subject to discussion<\/em><\/p> <p>Dr. Boronkai Iv\u00e1nn\u00e9 Dr. Bellus Ibolya\u00a0 \u00a0 \u00a0 \u00a0<a class=\"decrypt\" rel=\"cfmmvtjcpmzbAzbipp\/dpn\" href=\"javascript:void(0);\">[Click to see email]<\/a><\/p> <p>Dr. Luk\u00e1cs Andr\u00e1s\u00a0 \u00a0 \u00a0 \u00a0 \u00a0 \u00a0 \u00a0 \u00a0 \u00a0 \u00a0\u00a0<a class=\"decrypt\" rel=\"mvlbdt\/boesbtAvojwfu\/iv\" href=\"javascript:void(0);\">[Click to see email]<\/a><\/p> <p>Nyiredy Krisztina\u00a0 \u00a0 \u00a0 \u00a0 \u00a0 \u00a0 \u00a0 \u00a0<a class=\"decrypt\" rel=\"lsjt{ub\/ozjsfezAhnbjm\/dpn\" href=\"javascript:void(0);\">[Click to see email]<\/a><\/p> <p>Popr\u00e1dy Judit\u00a0 \u00a0 \u00a0 \u00a0 \u00a0 \u00a0 \u00a0 \u00a0 \u00a0 \u00a0 \u00a0<a class=\"decrypt\" rel=\"qpqsbez\/kvejuAvojwfu\/iv\" href=\"javascript:void(0);\">[Click to see email]<\/a><\/p> <p>Dr. Szaszovszky J\u00f3zsef\u00a0 \u00a0 \u00a0 \u00a0 \u00a0 \u00a0 \u00a0 \u00a0<a class=\"decrypt\" rel=\"t{bt{pwAu.pomjof\/iv\" href=\"javascript:void(0);\">[Click to see email]<\/a><\/p> <p>Dr. Tunkli L\u00e1szl\u00f3n\u00e9 Ilona\u00a0 \u00a0 \u00a0 \u00a0\u00a0<a class=\"decrypt\" rel=\"gvmqnft56Ahnbjm\/dpn\" href=\"javascript:void(0);\">[Click to see email]<\/a><\/p> <p>Miltenyi Kinga\u00a0 \u00a0 \u00a0 \u00a0 \u00a0 \u00a0 \u00a0 \u00a0 \u00a0 \u00a0 \u00a0<a class=\"decrypt\" rel=\"njmufozjAgsfftubsu\/iv\" href=\"javascript:void(0);\">[Click to see email]<\/a><\/p> <p>&nbsp;<\/p>","protected":false},"excerpt":{"rendered":"<p>Dr Terein\u00e9 B\u00e1n Andrea\u00a0 \u00a0 \u00a0 \u00a0 \u00a0 Tuesday 11:00-12:00\u00a0 \u00a0 \u00a0 \u00a0 \u00a0 \u00a0 [Click to see email] Nagy Nikoletta\u00a0 \u00a0 \u00a0 \u00a0 \u00a0 \u00a0 \u00a0 \u00a0 \u00a0 \u00a0 \u00a0 \u00a0 \u00a0Thursday\u00a0 12:45-13:45\u00a0 \u00a0 \u00a0 \u00a0 \u00a0 [Click to see email] Rudolf Radenhausen\u00a0 \u00a0 \u00a0 \u00a0 \u00a0 \u00a0 \u00a0 Thursday\u00a0 10:00-11:00\u00a0 \u00a0 \u00a0 \u00a0<\/p>\n","protected":false},"author":3837,"featured_media":0,"parent":3341,"menu_order":0,"comment_status":"closed","ping_status":"closed","template":"","meta":{"_acf_changed":false,"footnotes":""},"categories":[],"tags":[],"class_list":["post-16120","page","type-page","status-publish","hentry"],"acf":[],"yoast_head":"<!-- This site is optimized with the Yoast SEO plugin v27.2 - https:\/\/yoast.com\/product\/yoast-seo-wordpress\/ -->\n<title>Consultations - Idegennyelvi Lektor\u00e1tus<\/title>\n<meta name=\"robots\" content=\"index, follow, max-snippet:-1, max-image-preview:large, max-video-preview:-1\" \/>\n<link rel=\"canonical\" href=\"https:\/\/univet.hu\/idegennyelvi-lektoratus\/en\/department-of-foreign-languages\/consultations-2017-18-spring-semester\/\" \/>\n<meta property=\"og:locale\" content=\"en_US\" \/>\n<meta property=\"og:type\" content=\"article\" \/>\n<meta property=\"og:title\" content=\"Consultations - Idegennyelvi Lektor\u00e1tus\" \/>\n<meta property=\"og:description\" content=\"Dr Terein\u00e9 B\u00e1n Andrea\u00a0 \u00a0 \u00a0 \u00a0 \u00a0 Tuesday 11:00-12:00\u00a0 \u00a0 \u00a0 \u00a0 \u00a0 \u00a0 [Click to see email] Nagy Nikoletta\u00a0 \u00a0 \u00a0 \u00a0 \u00a0 \u00a0 \u00a0 \u00a0 \u00a0 \u00a0 \u00a0 \u00a0 \u00a0Thursday\u00a0 12:45-13:45\u00a0 \u00a0 \u00a0 \u00a0 \u00a0 [Click to see email] Rudolf Radenhausen\u00a0 \u00a0 \u00a0 \u00a0 \u00a0 \u00a0 \u00a0 Thursday\u00a0 10:00-11:00\u00a0 \u00a0 \u00a0 \u00a0\" \/>\n<meta property=\"og:url\" content=\"https:\/\/univet.hu\/idegennyelvi-lektoratus\/en\/department-of-foreign-languages\/consultations-2017-18-spring-semester\/\" \/>\n<meta property=\"og:site_name\" content=\"Idegennyelvi Lektor\u00e1tus\" \/>\n<meta property=\"article:modified_time\" content=\"2025-03-20T06:38:40+00:00\" \/>\n<meta name=\"twitter:card\" content=\"summary_large_image\" \/>\n<meta name=\"twitter:label1\" content=\"Est. reading time\" \/>\n\t<meta name=\"twitter:data1\" content=\"1 minute\" \/>\n<script type=\"application\/ld+json\" class=\"yoast-schema-graph\">{\"@context\":\"https:\/\/schema.org\",\"@graph\":[{\"@type\":\"WebPage\",\"@id\":\"https:\/\/univet.hu\/idegennyelvi-lektoratus\/en\/department-of-foreign-languages\/consultations-2017-18-spring-semester\/\",\"url\":\"https:\/\/univet.hu\/idegennyelvi-lektoratus\/en\/department-of-foreign-languages\/consultations-2017-18-spring-semester\/\",\"name\":\"Consultations - Idegennyelvi Lektor\u00e1tus\",\"isPartOf\":{\"@id\":\"https:\/\/univet.hu\/idegennyelvi-lektoratus\/en\/#website\"},\"datePublished\":\"1970-01-01T00:00:00+00:00\",\"dateModified\":\"2025-03-20T06:38:40+00:00\",\"breadcrumb\":{\"@id\":\"https:\/\/univet.hu\/idegennyelvi-lektoratus\/en\/department-of-foreign-languages\/consultations-2017-18-spring-semester\/#breadcrumb\"},\"inLanguage\":\"en-US\",\"potentialAction\":[{\"@type\":\"ReadAction\",\"target\":[\"https:\/\/univet.hu\/idegennyelvi-lektoratus\/en\/department-of-foreign-languages\/consultations-2017-18-spring-semester\/\"]}]},{\"@type\":\"BreadcrumbList\",\"@id\":\"https:\/\/univet.hu\/idegennyelvi-lektoratus\/en\/department-of-foreign-languages\/consultations-2017-18-spring-semester\/#breadcrumb\",\"itemListElement\":[{\"@type\":\"ListItem\",\"position\":1,\"name\":\"Kezd\u0151lap\",\"item\":\"https:\/\/univet.hu\/idegennyelvi-lektoratus\/en\/\"},{\"@type\":\"ListItem\",\"position\":2,\"name\":\"Department of Foreign Languages\",\"item\":\"https:\/\/univet.hu\/idegennyelvi-lektoratus\/en\/\"},{\"@type\":\"ListItem\",\"position\":3,\"name\":\"Consultations\"}]},{\"@type\":\"WebSite\",\"@id\":\"https:\/\/univet.hu\/idegennyelvi-lektoratus\/en\/#website\",\"url\":\"https:\/\/univet.hu\/idegennyelvi-lektoratus\/en\/\",\"name\":\"Idegennyelvi Lektor\u00e1tus\",\"description\":\"\",\"potentialAction\":[{\"@type\":\"SearchAction\",\"target\":{\"@type\":\"EntryPoint\",\"urlTemplate\":\"https:\/\/univet.hu\/idegennyelvi-lektoratus\/en\/?s={search_term_string}\"},\"query-input\":{\"@type\":\"PropertyValueSpecification\",\"valueRequired\":true,\"valueName\":\"search_term_string\"}}],\"inLanguage\":\"en-US\"}]}<\/script>\n<!-- \/ Yoast SEO plugin. -->","yoast_head_json":{"title":"Consultations - Idegennyelvi Lektor\u00e1tus","robots":{"index":"index","follow":"follow","max-snippet":"max-snippet:-1","max-image-preview":"max-image-preview:large","max-video-preview":"max-video-preview:-1"},"canonical":"https:\/\/univet.hu\/idegennyelvi-lektoratus\/en\/department-of-foreign-languages\/consultations-2017-18-spring-semester\/","og_locale":"en_US","og_type":"article","og_title":"Consultations - Idegennyelvi Lektor\u00e1tus","og_description":"Dr Terein\u00e9 B\u00e1n Andrea\u00a0 \u00a0 \u00a0 \u00a0 \u00a0 Tuesday 11:00-12:00\u00a0 \u00a0 \u00a0 \u00a0 \u00a0 \u00a0 [Click to see email] Nagy Nikoletta\u00a0 \u00a0 \u00a0 \u00a0 \u00a0 \u00a0 \u00a0 \u00a0 \u00a0 \u00a0 \u00a0 \u00a0 \u00a0Thursday\u00a0 12:45-13:45\u00a0 \u00a0 \u00a0 \u00a0 \u00a0 [Click to see email] Rudolf Radenhausen\u00a0 \u00a0 \u00a0 \u00a0 \u00a0 \u00a0 \u00a0 Thursday\u00a0 10:00-11:00\u00a0 \u00a0 \u00a0 \u00a0","og_url":"https:\/\/univet.hu\/idegennyelvi-lektoratus\/en\/department-of-foreign-languages\/consultations-2017-18-spring-semester\/","og_site_name":"Idegennyelvi Lektor\u00e1tus","article_modified_time":"2025-03-20T06:38:40+00:00","twitter_card":"summary_large_image","twitter_misc":{"Est. reading time":"1 minute"},"schema":{"@context":"https:\/\/schema.org","@graph":[{"@type":"WebPage","@id":"https:\/\/univet.hu\/idegennyelvi-lektoratus\/en\/department-of-foreign-languages\/consultations-2017-18-spring-semester\/","url":"https:\/\/univet.hu\/idegennyelvi-lektoratus\/en\/department-of-foreign-languages\/consultations-2017-18-spring-semester\/","name":"Consultations - Idegennyelvi Lektor\u00e1tus","isPartOf":{"@id":"https:\/\/univet.hu\/idegennyelvi-lektoratus\/en\/#website"},"datePublished":"1970-01-01T00:00:00+00:00","dateModified":"2025-03-20T06:38:40+00:00","breadcrumb":{"@id":"https:\/\/univet.hu\/idegennyelvi-lektoratus\/en\/department-of-foreign-languages\/consultations-2017-18-spring-semester\/#breadcrumb"},"inLanguage":"en-US","potentialAction":[{"@type":"ReadAction","target":["https:\/\/univet.hu\/idegennyelvi-lektoratus\/en\/department-of-foreign-languages\/consultations-2017-18-spring-semester\/"]}]},{"@type":"BreadcrumbList","@id":"https:\/\/univet.hu\/idegennyelvi-lektoratus\/en\/department-of-foreign-languages\/consultations-2017-18-spring-semester\/#breadcrumb","itemListElement":[{"@type":"ListItem","position":1,"name":"Kezd\u0151lap","item":"https:\/\/univet.hu\/idegennyelvi-lektoratus\/en\/"},{"@type":"ListItem","position":2,"name":"Department of Foreign Languages","item":"https:\/\/univet.hu\/idegennyelvi-lektoratus\/en\/"},{"@type":"ListItem","position":3,"name":"Consultations"}]},{"@type":"WebSite","@id":"https:\/\/univet.hu\/idegennyelvi-lektoratus\/en\/#website","url":"https:\/\/univet.hu\/idegennyelvi-lektoratus\/en\/","name":"Idegennyelvi Lektor\u00e1tus","description":"","potentialAction":[{"@type":"SearchAction","target":{"@type":"EntryPoint","urlTemplate":"https:\/\/univet.hu\/idegennyelvi-lektoratus\/en\/?s={search_term_string}"},"query-input":{"@type":"PropertyValueSpecification","valueRequired":true,"valueName":"search_term_string"}}],"inLanguage":"en-US"}]}},"_links":{"self":[{"href":"https:\/\/univet.hu\/idegennyelvi-lektoratus\/en\/wp-json\/wp\/v2\/pages\/16120","targetHints":{"allow":["GET"]}}],"collection":[{"href":"https:\/\/univet.hu\/idegennyelvi-lektoratus\/en\/wp-json\/wp\/v2\/pages"}],"about":[{"href":"https:\/\/univet.hu\/idegennyelvi-lektoratus\/en\/wp-json\/wp\/v2\/types\/page"}],"author":[{"embeddable":true,"href":"https:\/\/univet.hu\/idegennyelvi-lektoratus\/en\/wp-json\/wp\/v2\/users\/3837"}],"replies":[{"embeddable":true,"href":"https:\/\/univet.hu\/idegennyelvi-lektoratus\/en\/wp-json\/wp\/v2\/comments?post=16120"}],"version-history":[{"count":1,"href":"https:\/\/univet.hu\/idegennyelvi-lektoratus\/en\/wp-json\/wp\/v2\/pages\/16120\/revisions"}],"predecessor-version":[{"id":83691,"href":"https:\/\/univet.hu\/idegennyelvi-lektoratus\/en\/wp-json\/wp\/v2\/pages\/16120\/revisions\/83691"}],"up":[{"embeddable":true,"href":"https:\/\/univet.hu\/idegennyelvi-lektoratus\/en\/wp-json\/wp\/v2\/pages\/3341"}],"wp:attachment":[{"href":"https:\/\/univet.hu\/idegennyelvi-lektoratus\/en\/wp-json\/wp\/v2\/media?parent=16120"}],"wp:term":[{"taxonomy":"category","embeddable":true,"href":"https:\/\/univet.hu\/idegennyelvi-lektoratus\/en\/wp-json\/wp\/v2\/categories?post=16120"},{"taxonomy":"post_tag","embeddable":true,"href":"https:\/\/univet.hu\/idegennyelvi-lektoratus\/en\/wp-json\/wp\/v2\/tags?post=16120"}],"curies":[{"name":"wp","href":"https:\/\/api.w.org\/{rel}","templated":true}]}}