{"id":13635,"date":"2018-09-04T12:04:25","date_gmt":"2018-09-04T10:04:25","guid":{"rendered":"http:\/\/univet.hu\/egyetem\/szervezeti-egysegek\/kemiai-tanszek\/kutatas\/"},"modified":"2025-03-14T13:11:06","modified_gmt":"2025-03-14T12:11:06","slug":"kutatas","status":"publish","type":"page","link":"https:\/\/univet.hu\/kemiai-tanszek\/kemiai-tanszek\/kutatas\/","title":{"rendered":"Kutat\u00e1s"},"content":{"rendered":"<p><strong>7-nitro-tetrahidro-pirrolizinek el\u0151\u00e1ll\u00edt\u00e1sa j\u00f3d-nitroenaminb\u00f3l Heck&amp;aza-Michael reakci\u00f3val<\/strong><\/p> <p>A pirrolizin egy biciklusos gy\u0171r\u0171rendszer, amely sz\u00e1mos term\u00e9szetes \u00e9s szintetikus anyag alapv\u00e1z\u00e1t k\u00e9pezi \u00e9s v\u00e1ltozatos biol\u00f3giai hat\u00e1ssal rendelkez\u0151 vegy\u00fcletek, mint p\u00e9ld\u00e1ul gyullad\u00e1sg\u00e1tl\u00f3, nootr\u00f3p, h\u00e1ny\u00e1scsillap\u00edt\u00f3, antibakteri\u00e1lis, v\u00edrusellenes, g\u00f6rcsold\u00f3, antiaritmi\u00e1s \u00e9s r\u00e1kellenes molekul\u00e1k tartoznak k\u00f6z\u00e9j\u00fck [1].<\/p> <p>A nitroenaminb\u00f3l k\u00f6nnyen, j\u00f3 kitermel\u00e9ssel el\u0151\u00e1ll\u00edthat\u00f3 j\u00f3d-nitroenamin \u00edg\u00e9retes alapanyag, m\u00edg a deanol (2-dimetilamino-etanol) old\u00f3szer, b\u00e1zis, kel\u00e1tk\u00e9pz\u0151-ligandum \u00e9s reduk\u00e1l\u00f3szer (Pd(II) \u2192 Pd) egyben [2].<\/p> <p>1) \u201cPyrrolizines: natural and synthetic derivatives with diverse biological activities\u201d by Samir M. El-Moghazy Aly <em>et al <\/em>in <em>International Journal of Clinical Medical Research<\/em>, 171-184 (2024).<\/p> <p>2) \u00a0\u201cTriethanolamine as an efficient and reusable base, ligand and reaction medium for phosphane-free palladium-catalyzed Heck reactions\u201d by Hong Ji Li and Lei Wang in \u201c<em>Eur. J. Org. Chem.<\/em>\u201d 5099\u20135102 (2006).<\/p>","protected":false},"excerpt":{"rendered":"<p>7-nitro-tetrahidro-pirrolizinek el\u0151\u00e1ll\u00edt\u00e1sa j\u00f3d-nitroenaminb\u00f3l Heck&amp;aza-Michael reakci\u00f3val A pirrolizin egy biciklusos gy\u0171r\u0171rendszer, amely sz\u00e1mos term\u00e9szetes \u00e9s szintetikus anyag alapv\u00e1z\u00e1t k\u00e9pezi \u00e9s v\u00e1ltozatos biol\u00f3giai hat\u00e1ssal rendelkez\u0151 vegy\u00fcletek, mint p\u00e9ld\u00e1ul gyullad\u00e1sg\u00e1tl\u00f3, nootr\u00f3p, h\u00e1ny\u00e1scsillap\u00edt\u00f3, antibakteri\u00e1lis, v\u00edrusellenes, g\u00f6rcsold\u00f3, antiaritmi\u00e1s \u00e9s r\u00e1kellenes molekul\u00e1k tartoznak k\u00f6z\u00e9j\u00fck [1]. A nitroenaminb\u00f3l k\u00f6nnyen, j\u00f3 kitermel\u00e9ssel el\u0151\u00e1ll\u00edthat\u00f3 j\u00f3d-nitroenamin \u00edg\u00e9retes alapanyag, m\u00edg a deanol (2-dimetilamino-etanol) old\u00f3szer, b\u00e1zis, kel\u00e1tk\u00e9pz\u0151-ligandum<\/p>\n","protected":false},"author":3837,"featured_media":0,"parent":3352,"menu_order":0,"comment_status":"closed","ping_status":"closed","template":"","meta":{"_acf_changed":false,"footnotes":""},"categories":[],"tags":[],"class_list":["post-13635","page","type-page","status-publish","hentry"],"acf":[],"yoast_head":"<!-- This site is optimized with the Yoast SEO plugin v27.2 - https:\/\/yoast.com\/product\/yoast-seo-wordpress\/ -->\n<title>Kutat\u00e1s - K\u00e9miai Tansz\u00e9k<\/title>\n<meta name=\"robots\" content=\"index, follow, max-snippet:-1, max-image-preview:large, max-video-preview:-1\" \/>\n<link rel=\"canonical\" href=\"https:\/\/univet.hu\/kemiai-tanszek\/kemiai-tanszek\/kutatas\/\" \/>\n<meta property=\"og:locale\" content=\"hu_HU\" \/>\n<meta property=\"og:type\" content=\"article\" \/>\n<meta property=\"og:title\" content=\"Kutat\u00e1s - K\u00e9miai Tansz\u00e9k\" \/>\n<meta property=\"og:description\" content=\"7-nitro-tetrahidro-pirrolizinek el\u0151\u00e1ll\u00edt\u00e1sa j\u00f3d-nitroenaminb\u00f3l Heck&amp;aza-Michael reakci\u00f3val A pirrolizin egy biciklusos gy\u0171r\u0171rendszer, amely sz\u00e1mos term\u00e9szetes \u00e9s szintetikus anyag alapv\u00e1z\u00e1t k\u00e9pezi \u00e9s v\u00e1ltozatos biol\u00f3giai hat\u00e1ssal rendelkez\u0151 vegy\u00fcletek, mint p\u00e9ld\u00e1ul gyullad\u00e1sg\u00e1tl\u00f3, nootr\u00f3p, h\u00e1ny\u00e1scsillap\u00edt\u00f3, antibakteri\u00e1lis, v\u00edrusellenes, g\u00f6rcsold\u00f3, antiaritmi\u00e1s \u00e9s r\u00e1kellenes molekul\u00e1k tartoznak k\u00f6z\u00e9j\u00fck [1]. A nitroenaminb\u00f3l k\u00f6nnyen, j\u00f3 kitermel\u00e9ssel el\u0151\u00e1ll\u00edthat\u00f3 j\u00f3d-nitroenamin \u00edg\u00e9retes alapanyag, m\u00edg a deanol (2-dimetilamino-etanol) old\u00f3szer, b\u00e1zis, kel\u00e1tk\u00e9pz\u0151-ligandum\" \/>\n<meta property=\"og:url\" content=\"https:\/\/univet.hu\/kemiai-tanszek\/kemiai-tanszek\/kutatas\/\" \/>\n<meta property=\"og:site_name\" content=\"K\u00e9miai Tansz\u00e9k\" \/>\n<meta property=\"article:modified_time\" content=\"2025-03-14T12:11:06+00:00\" \/>\n<meta name=\"twitter:card\" content=\"summary_large_image\" \/>\n<meta name=\"twitter:label1\" content=\"Becs\u00fclt olvas\u00e1si id\u0151\" \/>\n\t<meta name=\"twitter:data1\" content=\"1 perc\" \/>\n<script type=\"application\/ld+json\" class=\"yoast-schema-graph\">{\"@context\":\"https:\/\/schema.org\",\"@graph\":[{\"@type\":\"WebPage\",\"@id\":\"https:\/\/univet.hu\/kemiai-tanszek\/kemiai-tanszek\/kutatas\/\",\"url\":\"https:\/\/univet.hu\/kemiai-tanszek\/kemiai-tanszek\/kutatas\/\",\"name\":\"Kutat\u00e1s - K\u00e9miai Tansz\u00e9k\",\"isPartOf\":{\"@id\":\"https:\/\/univet.hu\/kemiai-tanszek\/en\/#website\"},\"datePublished\":\"2018-09-04T10:04:25+00:00\",\"dateModified\":\"2025-03-14T12:11:06+00:00\",\"breadcrumb\":{\"@id\":\"https:\/\/univet.hu\/kemiai-tanszek\/kemiai-tanszek\/kutatas\/#breadcrumb\"},\"inLanguage\":\"hu\",\"potentialAction\":[{\"@type\":\"ReadAction\",\"target\":[\"https:\/\/univet.hu\/kemiai-tanszek\/kemiai-tanszek\/kutatas\/\"]}]},{\"@type\":\"BreadcrumbList\",\"@id\":\"https:\/\/univet.hu\/kemiai-tanszek\/kemiai-tanszek\/kutatas\/#breadcrumb\",\"itemListElement\":[{\"@type\":\"ListItem\",\"position\":1,\"name\":\"Kezd\u0151lap\",\"item\":\"https:\/\/univet.hu\/kemiai-tanszek\/\"},{\"@type\":\"ListItem\",\"position\":2,\"name\":\"K\u00e9miai Tansz\u00e9k\",\"item\":\"https:\/\/univet.hu\/kemiai-tanszek\/\"},{\"@type\":\"ListItem\",\"position\":3,\"name\":\"Kutat\u00e1s\"}]},{\"@type\":\"WebSite\",\"@id\":\"https:\/\/univet.hu\/kemiai-tanszek\/en\/#website\",\"url\":\"https:\/\/univet.hu\/kemiai-tanszek\/en\/\",\"name\":\"K\u00e9miai Tansz\u00e9k\",\"description\":\"\",\"potentialAction\":[{\"@type\":\"SearchAction\",\"target\":{\"@type\":\"EntryPoint\",\"urlTemplate\":\"https:\/\/univet.hu\/kemiai-tanszek\/en\/?s={search_term_string}\"},\"query-input\":{\"@type\":\"PropertyValueSpecification\",\"valueRequired\":true,\"valueName\":\"search_term_string\"}}],\"inLanguage\":\"hu\"}]}<\/script>\n<!-- \/ Yoast SEO plugin. -->","yoast_head_json":{"title":"Kutat\u00e1s - K\u00e9miai Tansz\u00e9k","robots":{"index":"index","follow":"follow","max-snippet":"max-snippet:-1","max-image-preview":"max-image-preview:large","max-video-preview":"max-video-preview:-1"},"canonical":"https:\/\/univet.hu\/kemiai-tanszek\/kemiai-tanszek\/kutatas\/","og_locale":"hu_HU","og_type":"article","og_title":"Kutat\u00e1s - K\u00e9miai Tansz\u00e9k","og_description":"7-nitro-tetrahidro-pirrolizinek el\u0151\u00e1ll\u00edt\u00e1sa j\u00f3d-nitroenaminb\u00f3l Heck&amp;aza-Michael reakci\u00f3val A pirrolizin egy biciklusos gy\u0171r\u0171rendszer, amely sz\u00e1mos term\u00e9szetes \u00e9s szintetikus anyag alapv\u00e1z\u00e1t k\u00e9pezi \u00e9s v\u00e1ltozatos biol\u00f3giai hat\u00e1ssal rendelkez\u0151 vegy\u00fcletek, mint p\u00e9ld\u00e1ul gyullad\u00e1sg\u00e1tl\u00f3, nootr\u00f3p, h\u00e1ny\u00e1scsillap\u00edt\u00f3, antibakteri\u00e1lis, v\u00edrusellenes, g\u00f6rcsold\u00f3, antiaritmi\u00e1s \u00e9s r\u00e1kellenes molekul\u00e1k tartoznak k\u00f6z\u00e9j\u00fck [1]. A nitroenaminb\u00f3l k\u00f6nnyen, j\u00f3 kitermel\u00e9ssel el\u0151\u00e1ll\u00edthat\u00f3 j\u00f3d-nitroenamin \u00edg\u00e9retes alapanyag, m\u00edg a deanol (2-dimetilamino-etanol) old\u00f3szer, b\u00e1zis, kel\u00e1tk\u00e9pz\u0151-ligandum","og_url":"https:\/\/univet.hu\/kemiai-tanszek\/kemiai-tanszek\/kutatas\/","og_site_name":"K\u00e9miai Tansz\u00e9k","article_modified_time":"2025-03-14T12:11:06+00:00","twitter_card":"summary_large_image","twitter_misc":{"Becs\u00fclt olvas\u00e1si id\u0151":"1 perc"},"schema":{"@context":"https:\/\/schema.org","@graph":[{"@type":"WebPage","@id":"https:\/\/univet.hu\/kemiai-tanszek\/kemiai-tanszek\/kutatas\/","url":"https:\/\/univet.hu\/kemiai-tanszek\/kemiai-tanszek\/kutatas\/","name":"Kutat\u00e1s - K\u00e9miai Tansz\u00e9k","isPartOf":{"@id":"https:\/\/univet.hu\/kemiai-tanszek\/en\/#website"},"datePublished":"2018-09-04T10:04:25+00:00","dateModified":"2025-03-14T12:11:06+00:00","breadcrumb":{"@id":"https:\/\/univet.hu\/kemiai-tanszek\/kemiai-tanszek\/kutatas\/#breadcrumb"},"inLanguage":"hu","potentialAction":[{"@type":"ReadAction","target":["https:\/\/univet.hu\/kemiai-tanszek\/kemiai-tanszek\/kutatas\/"]}]},{"@type":"BreadcrumbList","@id":"https:\/\/univet.hu\/kemiai-tanszek\/kemiai-tanszek\/kutatas\/#breadcrumb","itemListElement":[{"@type":"ListItem","position":1,"name":"Kezd\u0151lap","item":"https:\/\/univet.hu\/kemiai-tanszek\/"},{"@type":"ListItem","position":2,"name":"K\u00e9miai Tansz\u00e9k","item":"https:\/\/univet.hu\/kemiai-tanszek\/"},{"@type":"ListItem","position":3,"name":"Kutat\u00e1s"}]},{"@type":"WebSite","@id":"https:\/\/univet.hu\/kemiai-tanszek\/en\/#website","url":"https:\/\/univet.hu\/kemiai-tanszek\/en\/","name":"K\u00e9miai Tansz\u00e9k","description":"","potentialAction":[{"@type":"SearchAction","target":{"@type":"EntryPoint","urlTemplate":"https:\/\/univet.hu\/kemiai-tanszek\/en\/?s={search_term_string}"},"query-input":{"@type":"PropertyValueSpecification","valueRequired":true,"valueName":"search_term_string"}}],"inLanguage":"hu"}]}},"_links":{"self":[{"href":"https:\/\/univet.hu\/kemiai-tanszek\/wp-json\/wp\/v2\/pages\/13635","targetHints":{"allow":["GET"]}}],"collection":[{"href":"https:\/\/univet.hu\/kemiai-tanszek\/wp-json\/wp\/v2\/pages"}],"about":[{"href":"https:\/\/univet.hu\/kemiai-tanszek\/wp-json\/wp\/v2\/types\/page"}],"author":[{"embeddable":true,"href":"https:\/\/univet.hu\/kemiai-tanszek\/wp-json\/wp\/v2\/users\/3837"}],"replies":[{"embeddable":true,"href":"https:\/\/univet.hu\/kemiai-tanszek\/wp-json\/wp\/v2\/comments?post=13635"}],"version-history":[{"count":5,"href":"https:\/\/univet.hu\/kemiai-tanszek\/wp-json\/wp\/v2\/pages\/13635\/revisions"}],"predecessor-version":[{"id":34352,"href":"https:\/\/univet.hu\/kemiai-tanszek\/wp-json\/wp\/v2\/pages\/13635\/revisions\/34352"}],"up":[{"embeddable":true,"href":"https:\/\/univet.hu\/kemiai-tanszek\/wp-json\/wp\/v2\/pages\/3352"}],"wp:attachment":[{"href":"https:\/\/univet.hu\/kemiai-tanszek\/wp-json\/wp\/v2\/media?parent=13635"}],"wp:term":[{"taxonomy":"category","embeddable":true,"href":"https:\/\/univet.hu\/kemiai-tanszek\/wp-json\/wp\/v2\/categories?post=13635"},{"taxonomy":"post_tag","embeddable":true,"href":"https:\/\/univet.hu\/kemiai-tanszek\/wp-json\/wp\/v2\/tags?post=13635"}],"curies":[{"name":"wp","href":"https:\/\/api.w.org\/{rel}","templated":true}]}}