{"id":1250,"date":"2026-01-16T07:07:03","date_gmt":"2026-01-16T06:07:03","guid":{"rendered":"https:\/\/univet.hu\/konyvtar\/?page_id=1250"},"modified":"2026-01-16T07:07:03","modified_gmt":"2026-01-16T06:07:03","slug":"ais-environmental-impact","status":"publish","type":"page","link":"https:\/\/univet.hu\/konyvtar\/en\/artificial-intelligence-ai\/ais-environmental-impact\/","title":{"rendered":"AI&#8217;s environmental impact"},"content":{"rendered":"<p data-start=\"0\" data-end=\"488\">The application of artificial intelligence has significant environmental impacts, as the training and operation of models rely on data centres with high energy and water demands. This can increase carbon dioxide emissions and the volume of electronic waste, particularly when energy is sourced from non-renewable resources. At the same time, AI can enhance the efficiency of industrial processes, energy management, and transportation, potentially reducing emissions overall.<\/p> <p data-start=\"490\" data-end=\"968\">Reducing the ecological footprint of AI requires a thoughtful, deliberate approach: AI should be used only when it provides genuine added value and its application is planned in advance. Unnecessary, ubiquitous, and repeatedly executed processes should be avoided, as they disproportionately increase resource consumption. Preference should be given to smaller, task-specific models, the optimisation and reuse of results, and the use of energy-efficient infrastructure.<\/p> <p data-start=\"970\" data-end=\"1143\" data-is-last-node=\"\" data-is-only-node=\"\"><strong>Ultimately, conscious decision-making and moderate use make it possible to benefit from AI&#8217;s advantages while acting responsibly towards the planet\u2019s natural resources.<\/strong><\/p>","protected":false},"excerpt":{"rendered":"<p>The application of artificial intelligence has significant environmental impacts, as the training and operation of models rely on data centres with high energy and water demands. This can increase carbon dioxide emissions and the volume of electronic waste, particularly when energy is sourced from non-renewable resources. At the same time, AI can enhance the efficiency<\/p>\n","protected":false},"author":58,"featured_media":0,"parent":818,"menu_order":3,"comment_status":"closed","ping_status":"closed","template":"","meta":{"_acf_changed":false,"_eb_attr":"","footnotes":""},"categories":[],"tags":[],"class_list":["post-1250","page","type-page","status-publish","hentry"],"acf":[],"yoast_head":"<!-- This site is optimized with the Yoast SEO plugin v27.2 - https:\/\/yoast.com\/product\/yoast-seo-wordpress\/ -->\n<title>AI&#039;s environmental impact - Hut\u00ffra Ferenc K\u00f6nyvt\u00e1r, Lev\u00e9lt\u00e1r \u00e9s M\u00fazeum<\/title>\n<meta name=\"robots\" content=\"index, follow, max-snippet:-1, max-image-preview:large, max-video-preview:-1\" \/>\n<link rel=\"canonical\" href=\"https:\/\/univet.hu\/konyvtar\/en\/artificial-intelligence-ai\/ais-environmental-impact\/\" \/>\n<meta property=\"og:locale\" content=\"en_US\" \/>\n<meta property=\"og:type\" content=\"article\" \/>\n<meta property=\"og:title\" content=\"AI&#039;s environmental impact - Hut\u00ffra Ferenc K\u00f6nyvt\u00e1r, Lev\u00e9lt\u00e1r \u00e9s M\u00fazeum\" \/>\n<meta property=\"og:description\" content=\"The application of artificial intelligence has significant environmental impacts, as the training and operation of models rely on data centres with high energy and water demands. This can increase carbon dioxide emissions and the volume of electronic waste, particularly when energy is sourced from non-renewable resources. At the same time, AI can enhance the efficiency\" \/>\n<meta property=\"og:url\" content=\"https:\/\/univet.hu\/konyvtar\/en\/artificial-intelligence-ai\/ais-environmental-impact\/\" \/>\n<meta property=\"og:site_name\" content=\"Hut\u00ffra Ferenc K\u00f6nyvt\u00e1r, Lev\u00e9lt\u00e1r \u00e9s M\u00fazeum\" \/>\n<meta name=\"twitter:card\" content=\"summary_large_image\" \/>\n<meta name=\"twitter:label1\" content=\"Est. reading time\" \/>\n\t<meta name=\"twitter:data1\" content=\"1 minute\" \/>\n<script type=\"application\/ld+json\" class=\"yoast-schema-graph\">{\"@context\":\"https:\/\/schema.org\",\"@graph\":[{\"@type\":\"WebPage\",\"@id\":\"https:\/\/univet.hu\/konyvtar\/en\/artificial-intelligence-ai\/ais-environmental-impact\/\",\"url\":\"https:\/\/univet.hu\/konyvtar\/en\/artificial-intelligence-ai\/ais-environmental-impact\/\",\"name\":\"AI's environmental impact - Hut\u00ffra Ferenc K\u00f6nyvt\u00e1r, Lev\u00e9lt\u00e1r \u00e9s M\u00fazeum\",\"isPartOf\":{\"@id\":\"https:\/\/univet.hu\/konyvtar\/#website\"},\"datePublished\":\"2026-01-16T06:07:03+00:00\",\"breadcrumb\":{\"@id\":\"https:\/\/univet.hu\/konyvtar\/en\/artificial-intelligence-ai\/ais-environmental-impact\/#breadcrumb\"},\"inLanguage\":\"en-US\",\"potentialAction\":[{\"@type\":\"ReadAction\",\"target\":[\"https:\/\/univet.hu\/konyvtar\/en\/artificial-intelligence-ai\/ais-environmental-impact\/\"]}]},{\"@type\":\"BreadcrumbList\",\"@id\":\"https:\/\/univet.hu\/konyvtar\/en\/artificial-intelligence-ai\/ais-environmental-impact\/#breadcrumb\",\"itemListElement\":[{\"@type\":\"ListItem\",\"position\":1,\"name\":\"Kezd\u0151lap\",\"item\":\"https:\/\/univet.hu\/konyvtar\/\"},{\"@type\":\"ListItem\",\"position\":2,\"name\":\"Artificial intelligence (AI)\",\"item\":\"https:\/\/univet.hu\/konyvtar\/en\/artificial-intelligence-ai\/\"},{\"@type\":\"ListItem\",\"position\":3,\"name\":\"AI&#8217;s environmental impact\"}]},{\"@type\":\"WebSite\",\"@id\":\"https:\/\/univet.hu\/konyvtar\/#website\",\"url\":\"https:\/\/univet.hu\/konyvtar\/\",\"name\":\"Hut\u00ffra Ferenc K\u00f6nyvt\u00e1r, Lev\u00e9lt\u00e1r \u00e9s M\u00fazeum\",\"description\":\"\",\"potentialAction\":[{\"@type\":\"SearchAction\",\"target\":{\"@type\":\"EntryPoint\",\"urlTemplate\":\"https:\/\/univet.hu\/konyvtar\/?s={search_term_string}\"},\"query-input\":{\"@type\":\"PropertyValueSpecification\",\"valueRequired\":true,\"valueName\":\"search_term_string\"}}],\"inLanguage\":\"en-US\"}]}<\/script>\n<!-- \/ Yoast SEO plugin. -->","yoast_head_json":{"title":"AI's environmental impact - Hut\u00ffra Ferenc K\u00f6nyvt\u00e1r, Lev\u00e9lt\u00e1r \u00e9s M\u00fazeum","robots":{"index":"index","follow":"follow","max-snippet":"max-snippet:-1","max-image-preview":"max-image-preview:large","max-video-preview":"max-video-preview:-1"},"canonical":"https:\/\/univet.hu\/konyvtar\/en\/artificial-intelligence-ai\/ais-environmental-impact\/","og_locale":"en_US","og_type":"article","og_title":"AI's environmental impact - Hut\u00ffra Ferenc K\u00f6nyvt\u00e1r, Lev\u00e9lt\u00e1r \u00e9s M\u00fazeum","og_description":"The application of artificial intelligence has significant environmental impacts, as the training and operation of models rely on data centres with high energy and water demands. This can increase carbon dioxide emissions and the volume of electronic waste, particularly when energy is sourced from non-renewable resources. At the same time, AI can enhance the efficiency","og_url":"https:\/\/univet.hu\/konyvtar\/en\/artificial-intelligence-ai\/ais-environmental-impact\/","og_site_name":"Hut\u00ffra Ferenc K\u00f6nyvt\u00e1r, Lev\u00e9lt\u00e1r \u00e9s M\u00fazeum","twitter_card":"summary_large_image","twitter_misc":{"Est. reading time":"1 minute"},"schema":{"@context":"https:\/\/schema.org","@graph":[{"@type":"WebPage","@id":"https:\/\/univet.hu\/konyvtar\/en\/artificial-intelligence-ai\/ais-environmental-impact\/","url":"https:\/\/univet.hu\/konyvtar\/en\/artificial-intelligence-ai\/ais-environmental-impact\/","name":"AI's environmental impact - Hut\u00ffra Ferenc K\u00f6nyvt\u00e1r, Lev\u00e9lt\u00e1r \u00e9s M\u00fazeum","isPartOf":{"@id":"https:\/\/univet.hu\/konyvtar\/#website"},"datePublished":"2026-01-16T06:07:03+00:00","breadcrumb":{"@id":"https:\/\/univet.hu\/konyvtar\/en\/artificial-intelligence-ai\/ais-environmental-impact\/#breadcrumb"},"inLanguage":"en-US","potentialAction":[{"@type":"ReadAction","target":["https:\/\/univet.hu\/konyvtar\/en\/artificial-intelligence-ai\/ais-environmental-impact\/"]}]},{"@type":"BreadcrumbList","@id":"https:\/\/univet.hu\/konyvtar\/en\/artificial-intelligence-ai\/ais-environmental-impact\/#breadcrumb","itemListElement":[{"@type":"ListItem","position":1,"name":"Kezd\u0151lap","item":"https:\/\/univet.hu\/konyvtar\/"},{"@type":"ListItem","position":2,"name":"Artificial intelligence (AI)","item":"https:\/\/univet.hu\/konyvtar\/en\/artificial-intelligence-ai\/"},{"@type":"ListItem","position":3,"name":"AI&#8217;s environmental impact"}]},{"@type":"WebSite","@id":"https:\/\/univet.hu\/konyvtar\/#website","url":"https:\/\/univet.hu\/konyvtar\/","name":"Hut\u00ffra Ferenc K\u00f6nyvt\u00e1r, Lev\u00e9lt\u00e1r \u00e9s M\u00fazeum","description":"","potentialAction":[{"@type":"SearchAction","target":{"@type":"EntryPoint","urlTemplate":"https:\/\/univet.hu\/konyvtar\/?s={search_term_string}"},"query-input":{"@type":"PropertyValueSpecification","valueRequired":true,"valueName":"search_term_string"}}],"inLanguage":"en-US"}]}},"_links":{"self":[{"href":"https:\/\/univet.hu\/konyvtar\/en\/wp-json\/wp\/v2\/pages\/1250","targetHints":{"allow":["GET"]}}],"collection":[{"href":"https:\/\/univet.hu\/konyvtar\/en\/wp-json\/wp\/v2\/pages"}],"about":[{"href":"https:\/\/univet.hu\/konyvtar\/en\/wp-json\/wp\/v2\/types\/page"}],"author":[{"embeddable":true,"href":"https:\/\/univet.hu\/konyvtar\/en\/wp-json\/wp\/v2\/users\/58"}],"replies":[{"embeddable":true,"href":"https:\/\/univet.hu\/konyvtar\/en\/wp-json\/wp\/v2\/comments?post=1250"}],"version-history":[{"count":1,"href":"https:\/\/univet.hu\/konyvtar\/en\/wp-json\/wp\/v2\/pages\/1250\/revisions"}],"predecessor-version":[{"id":1251,"href":"https:\/\/univet.hu\/konyvtar\/en\/wp-json\/wp\/v2\/pages\/1250\/revisions\/1251"}],"up":[{"embeddable":true,"href":"https:\/\/univet.hu\/konyvtar\/en\/wp-json\/wp\/v2\/pages\/818"}],"wp:attachment":[{"href":"https:\/\/univet.hu\/konyvtar\/en\/wp-json\/wp\/v2\/media?parent=1250"}],"wp:term":[{"taxonomy":"category","embeddable":true,"href":"https:\/\/univet.hu\/konyvtar\/en\/wp-json\/wp\/v2\/categories?post=1250"},{"taxonomy":"post_tag","embeddable":true,"href":"https:\/\/univet.hu\/konyvtar\/en\/wp-json\/wp\/v2\/tags?post=1250"}],"curies":[{"name":"wp","href":"https:\/\/api.w.org\/{rel}","templated":true}]}}