{"id":410,"date":"2025-07-10T08:23:41","date_gmt":"2025-07-10T06:23:41","guid":{"rendered":"https:\/\/univet.hu\/konyvtar\/service-fees\/"},"modified":"2026-01-12T13:55:14","modified_gmt":"2026-01-12T12:55:14","slug":"service-fees","status":"publish","type":"page","link":"https:\/\/univet.hu\/konyvtar\/en\/services\/service-fees\/","title":{"rendered":"Service fees"},"content":{"rendered":"<table style=\"border-collapse: collapse;width: 100%;height: 384px\"> <tbody> <tr style=\"height: 120px\"> <td style=\"width: 25%;text-align: center;height: 120px\"><\/td> <td style=\"width: 25%;text-align: center;height: 120px\">ATE students, teachers,<br \/> PHD-students, researchers<br \/> and other workers<br \/> people under 25 years of age, over 70 years of age, people with disabilities<\/td> <td style=\"width: 25%;height: 120px;text-align: center\">Students from<br \/> other universities,<br \/> pensioners<\/td> <td style=\"width: 25%;height: 120px;text-align: center\">other readers<\/td> <\/tr> <tr style=\"height: 24px\"> <td style=\"width: 25%;height: 24px\"><strong>Library use (on site)<\/strong><\/td> <td style=\"width: 25%;height: 24px;text-align: center\" colspan=\"3\">free<\/td> <\/tr> <tr style=\"height: 24px\"> <td style=\"width: 25%;height: 24px\"><strong>Registration<\/strong><\/td> <td style=\"width: 25%;height: 24px;text-align: center\">free<\/td> <td style=\"width: 25%;height: 24px;text-align: center\">500 Ft \/year<\/td> <td style=\"width: 25%;height: 24px;text-align: center\">1000 Ft \/ year<\/td> <\/tr> <tr style=\"height: 24px\"> <td style=\"width: 25%;height: 24px\"><strong>Printing &amp; copies<\/strong><\/td> <td style=\"width: 25%;height: 24px;text-align: center\" colspan=\"3\"> <p>A4 b&amp;w single-sided: 30 Ft \/ sheet<\/p> <p>A4 b&amp;w double-sided: 35 Ft \/ sheet<\/td> <\/tr> <tr style=\"height: 24px\"> <td style=\"width: 25%;height: 24px\"><strong>Copying from historic documents<\/strong><\/td> <td style=\"width: 25%;height: 24px;text-align: center\" colspan=\"3\">90 Ft \/ page<\/td> <\/tr> <tr style=\"height: 24px\"> <td style=\"width: 25%;height: 24px\"><strong>Color printing<\/strong><\/td> <td style=\"width: 25%;height: 24px;text-align: center\" colspan=\"3\"> <p>A4 colour single-sided: 120 Ft \/ sheet<\/p> <p>A4 colour double-sided: 200 Ft \/ sheet<\/td> <\/tr> <tr style=\"height: 24px\"> <td style=\"width: 25%;height: 24px\"><strong>Articles from Hungary<\/strong><\/td> <td style=\"width: 25%;height: 24px;text-align: center\" colspan=\"3\">300 Ft \/ article<\/td> <\/tr> <tr style=\"height: 24px\"> <td style=\"width: 25%;height: 24px\"><strong>Articles from abroad<\/strong><\/td> <td style=\"width: 25%;height: 24px;text-align: center\" colspan=\"3\">min. 9000 Ft \/ article<br \/> advance payment 50%<\/td> <\/tr> <tr style=\"height: 24px\"> <td style=\"width: 25%;height: 24px\"><strong>Self-service scanning<\/strong><\/td> <td style=\"width: 25%;height: 24px;text-align: center\" colspan=\"3\">free<\/td> <\/tr> <tr style=\"height: 24px\"> <td style=\"width: 25%;height: 24px\"><strong>Scanning on order<\/strong><\/td> <td style=\"width: 25%;height: 24px;text-align: center\" colspan=\"3\">60 Ft \/ page<\/td> <\/tr> <tr style=\"height: 24px\"> <td style=\"width: 25%;height: 24px\"><strong>Borrowing CD-ROM<\/strong><\/td> <td style=\"width: 25%;height: 24px;text-align: center\" colspan=\"3\">3000 Ft deposit\/pc.<\/td> <\/tr> <tr style=\"height: 24px\"> <td style=\"width: 25%;height: 24px\"><strong>Literature search<\/strong><\/td> <td style=\"width: 25%;height: 24px;text-align: center\" colspan=\"3\">\u00a0From 9000 Ft per hour, available based on individual offer..<\/td> <\/tr> <\/tbody> <\/table> <p>&nbsp;<\/p>","protected":false},"excerpt":{"rendered":"<p>ATE students, teachers, PHD-students, researchers and other workers people under 25 years of age, over 70 years of age, people with disabilities Students from other universities, pensioners other readers Library use (on site) free Registration free 500 Ft \/year 1000 Ft \/ year Printing &amp; copies A4 b&amp;w single-sided: 30 Ft \/ sheet A4 b&amp;w<\/p>\n","protected":false},"author":58,"featured_media":0,"parent":546,"menu_order":0,"comment_status":"closed","ping_status":"closed","template":"","meta":{"_acf_changed":false,"_eb_attr":"","footnotes":""},"categories":[22],"tags":[],"class_list":["post-410","page","type-page","status-publish","hentry","category-szolgaltatasok-en"],"acf":[],"yoast_head":"<!-- This site is optimized with the Yoast SEO plugin v27.2 - https:\/\/yoast.com\/product\/yoast-seo-wordpress\/ -->\n<title>Service fees - Hut\u00ffra Ferenc K\u00f6nyvt\u00e1r, Lev\u00e9lt\u00e1r \u00e9s M\u00fazeum<\/title>\n<meta name=\"robots\" content=\"index, follow, max-snippet:-1, max-image-preview:large, max-video-preview:-1\" \/>\n<link rel=\"canonical\" href=\"https:\/\/univet.hu\/konyvtar\/en\/services\/service-fees\/\" \/>\n<meta property=\"og:locale\" content=\"en_US\" \/>\n<meta property=\"og:type\" content=\"article\" \/>\n<meta property=\"og:title\" content=\"Service fees - Hut\u00ffra Ferenc K\u00f6nyvt\u00e1r, Lev\u00e9lt\u00e1r \u00e9s M\u00fazeum\" \/>\n<meta property=\"og:description\" content=\"ATE students, teachers, PHD-students, researchers and other workers people under 25 years of age, over 70 years of age, people with disabilities Students from other universities, pensioners other readers Library use (on site) free Registration free 500 Ft \/year 1000 Ft \/ year Printing &amp; copies A4 b&amp;w single-sided: 30 Ft \/ sheet A4 b&amp;w\" \/>\n<meta property=\"og:url\" content=\"https:\/\/univet.hu\/konyvtar\/en\/services\/service-fees\/\" \/>\n<meta property=\"og:site_name\" content=\"Hut\u00ffra Ferenc K\u00f6nyvt\u00e1r, Lev\u00e9lt\u00e1r \u00e9s M\u00fazeum\" \/>\n<meta property=\"article:modified_time\" content=\"2026-01-12T12:55:14+00:00\" \/>\n<meta name=\"twitter:card\" content=\"summary_large_image\" \/>\n<meta name=\"twitter:label1\" content=\"Est. reading time\" \/>\n\t<meta name=\"twitter:data1\" content=\"1 minute\" \/>\n<script type=\"application\/ld+json\" class=\"yoast-schema-graph\">{\"@context\":\"https:\/\/schema.org\",\"@graph\":[{\"@type\":\"WebPage\",\"@id\":\"https:\/\/univet.hu\/konyvtar\/en\/services\/service-fees\/\",\"url\":\"https:\/\/univet.hu\/konyvtar\/en\/services\/service-fees\/\",\"name\":\"Service fees - Hut\u00ffra Ferenc K\u00f6nyvt\u00e1r, Lev\u00e9lt\u00e1r \u00e9s M\u00fazeum\",\"isPartOf\":{\"@id\":\"https:\/\/univet.hu\/konyvtar\/#website\"},\"datePublished\":\"2025-07-10T06:23:41+00:00\",\"dateModified\":\"2026-01-12T12:55:14+00:00\",\"breadcrumb\":{\"@id\":\"https:\/\/univet.hu\/konyvtar\/en\/services\/service-fees\/#breadcrumb\"},\"inLanguage\":\"en-US\",\"potentialAction\":[{\"@type\":\"ReadAction\",\"target\":[\"https:\/\/univet.hu\/konyvtar\/en\/services\/service-fees\/\"]}]},{\"@type\":\"BreadcrumbList\",\"@id\":\"https:\/\/univet.hu\/konyvtar\/en\/services\/service-fees\/#breadcrumb\",\"itemListElement\":[{\"@type\":\"ListItem\",\"position\":1,\"name\":\"Kezd\u0151lap\",\"item\":\"https:\/\/univet.hu\/konyvtar\/\"},{\"@type\":\"ListItem\",\"position\":2,\"name\":\"Services\",\"item\":\"https:\/\/univet.hu\/konyvtar\/en\/services\/\"},{\"@type\":\"ListItem\",\"position\":3,\"name\":\"Service fees\"}]},{\"@type\":\"WebSite\",\"@id\":\"https:\/\/univet.hu\/konyvtar\/#website\",\"url\":\"https:\/\/univet.hu\/konyvtar\/\",\"name\":\"Hut\u00ffra Ferenc K\u00f6nyvt\u00e1r, Lev\u00e9lt\u00e1r \u00e9s M\u00fazeum\",\"description\":\"\",\"potentialAction\":[{\"@type\":\"SearchAction\",\"target\":{\"@type\":\"EntryPoint\",\"urlTemplate\":\"https:\/\/univet.hu\/konyvtar\/?s={search_term_string}\"},\"query-input\":{\"@type\":\"PropertyValueSpecification\",\"valueRequired\":true,\"valueName\":\"search_term_string\"}}],\"inLanguage\":\"en-US\"}]}<\/script>\n<!-- \/ Yoast SEO plugin. -->","yoast_head_json":{"title":"Service fees - Hut\u00ffra Ferenc K\u00f6nyvt\u00e1r, Lev\u00e9lt\u00e1r \u00e9s M\u00fazeum","robots":{"index":"index","follow":"follow","max-snippet":"max-snippet:-1","max-image-preview":"max-image-preview:large","max-video-preview":"max-video-preview:-1"},"canonical":"https:\/\/univet.hu\/konyvtar\/en\/services\/service-fees\/","og_locale":"en_US","og_type":"article","og_title":"Service fees - Hut\u00ffra Ferenc K\u00f6nyvt\u00e1r, Lev\u00e9lt\u00e1r \u00e9s M\u00fazeum","og_description":"ATE students, teachers, PHD-students, researchers and other workers people under 25 years of age, over 70 years of age, people with disabilities Students from other universities, pensioners other readers Library use (on site) free Registration free 500 Ft \/year 1000 Ft \/ year Printing &amp; copies A4 b&amp;w single-sided: 30 Ft \/ sheet A4 b&amp;w","og_url":"https:\/\/univet.hu\/konyvtar\/en\/services\/service-fees\/","og_site_name":"Hut\u00ffra Ferenc K\u00f6nyvt\u00e1r, Lev\u00e9lt\u00e1r \u00e9s M\u00fazeum","article_modified_time":"2026-01-12T12:55:14+00:00","twitter_card":"summary_large_image","twitter_misc":{"Est. reading time":"1 minute"},"schema":{"@context":"https:\/\/schema.org","@graph":[{"@type":"WebPage","@id":"https:\/\/univet.hu\/konyvtar\/en\/services\/service-fees\/","url":"https:\/\/univet.hu\/konyvtar\/en\/services\/service-fees\/","name":"Service fees - Hut\u00ffra Ferenc K\u00f6nyvt\u00e1r, Lev\u00e9lt\u00e1r \u00e9s M\u00fazeum","isPartOf":{"@id":"https:\/\/univet.hu\/konyvtar\/#website"},"datePublished":"2025-07-10T06:23:41+00:00","dateModified":"2026-01-12T12:55:14+00:00","breadcrumb":{"@id":"https:\/\/univet.hu\/konyvtar\/en\/services\/service-fees\/#breadcrumb"},"inLanguage":"en-US","potentialAction":[{"@type":"ReadAction","target":["https:\/\/univet.hu\/konyvtar\/en\/services\/service-fees\/"]}]},{"@type":"BreadcrumbList","@id":"https:\/\/univet.hu\/konyvtar\/en\/services\/service-fees\/#breadcrumb","itemListElement":[{"@type":"ListItem","position":1,"name":"Kezd\u0151lap","item":"https:\/\/univet.hu\/konyvtar\/"},{"@type":"ListItem","position":2,"name":"Services","item":"https:\/\/univet.hu\/konyvtar\/en\/services\/"},{"@type":"ListItem","position":3,"name":"Service fees"}]},{"@type":"WebSite","@id":"https:\/\/univet.hu\/konyvtar\/#website","url":"https:\/\/univet.hu\/konyvtar\/","name":"Hut\u00ffra Ferenc K\u00f6nyvt\u00e1r, Lev\u00e9lt\u00e1r \u00e9s M\u00fazeum","description":"","potentialAction":[{"@type":"SearchAction","target":{"@type":"EntryPoint","urlTemplate":"https:\/\/univet.hu\/konyvtar\/?s={search_term_string}"},"query-input":{"@type":"PropertyValueSpecification","valueRequired":true,"valueName":"search_term_string"}}],"inLanguage":"en-US"}]}},"_links":{"self":[{"href":"https:\/\/univet.hu\/konyvtar\/en\/wp-json\/wp\/v2\/pages\/410","targetHints":{"allow":["GET"]}}],"collection":[{"href":"https:\/\/univet.hu\/konyvtar\/en\/wp-json\/wp\/v2\/pages"}],"about":[{"href":"https:\/\/univet.hu\/konyvtar\/en\/wp-json\/wp\/v2\/types\/page"}],"author":[{"embeddable":true,"href":"https:\/\/univet.hu\/konyvtar\/en\/wp-json\/wp\/v2\/users\/58"}],"replies":[{"embeddable":true,"href":"https:\/\/univet.hu\/konyvtar\/en\/wp-json\/wp\/v2\/comments?post=410"}],"version-history":[{"count":2,"href":"https:\/\/univet.hu\/konyvtar\/en\/wp-json\/wp\/v2\/pages\/410\/revisions"}],"predecessor-version":[{"id":998,"href":"https:\/\/univet.hu\/konyvtar\/en\/wp-json\/wp\/v2\/pages\/410\/revisions\/998"}],"up":[{"embeddable":true,"href":"https:\/\/univet.hu\/konyvtar\/en\/wp-json\/wp\/v2\/pages\/546"}],"wp:attachment":[{"href":"https:\/\/univet.hu\/konyvtar\/en\/wp-json\/wp\/v2\/media?parent=410"}],"wp:term":[{"taxonomy":"category","embeddable":true,"href":"https:\/\/univet.hu\/konyvtar\/en\/wp-json\/wp\/v2\/categories?post=410"},{"taxonomy":"post_tag","embeddable":true,"href":"https:\/\/univet.hu\/konyvtar\/en\/wp-json\/wp\/v2\/tags?post=410"}],"curies":[{"name":"wp","href":"https:\/\/api.w.org\/{rel}","templated":true}]}}