{"id":412,"date":"2025-07-10T08:25:19","date_gmt":"2025-07-10T06:25:19","guid":{"rendered":"https:\/\/univet.hu\/konyvtar\/mtmt\/"},"modified":"2026-01-12T13:55:14","modified_gmt":"2026-01-12T12:55:14","slug":"mtmt","status":"publish","type":"page","link":"https:\/\/univet.hu\/konyvtar\/en\/services\/mtmt\/","title":{"rendered":"MTMT"},"content":{"rendered":"<p data-start=\"0\" data-end=\"188\">The\u00a0<strong>Hungarian Science Bibliography (MTMT)<\/strong>, the database of Hungarian scientific publications,<strong data-start=\"4\" data-end=\"57\">\u00a0<\/strong>\u00a0is the official bibliographic database for scientific publications by Hungarian authors and the citations of these publications.<\/p> <p data-start=\"190\" data-end=\"406\">Since 2007, the database has fully recorded the scientific publications of the university\u2019s staff and PhD students, while non-scientific publications and those published before 2007 are included optionally.<\/p> <p data-start=\"408\" data-end=\"565\">The Rector\u2019s Directive No. 1\/2016 outlines the obligations of University of Veterinary Medicine Budapest (\u00c1TE) employees regarding MTMT.<\/p> <p data-start=\"567\" data-end=\"969\">Since the summer of 2019, all employees of the University of Veterinary Medicine Budapest with a\u00a0<strong data-start=\"664\" data-end=\"698\">public employment relationship<\/strong>\u00a0are required to have their scientific articles (including review articles and short communications), conference papers (excluding abstracts), books, and book chapters affiliated with the university or its organizational units recorded in MTMT by the\u00a0<strong data-start=\"949\" data-end=\"966\">library staff<\/strong>.<\/p> <p data-start=\"971\" data-end=\"1153\" data-is-last-node=\"\" data-is-only-node=\"\">A prerequisite for the system to function correctly is that the corresponding author\u00a0<strong data-start=\"1055\" data-end=\"1079\">contacts the library<\/strong>\u00a0via email at <a class=\"decrypt\" rel=\"nunuAvojwfu\/iv\" href=\"javascript:void(0);\">[Click to see email]<\/a> at the time of the article\u2019s publication.<\/p> <p>Az Egyetem megb\u00edzott MTMT adminisztr\u00e1torai:<\/p> <hr \/> <p><strong>Bea Winkler<\/strong>\u00a0\u2013 Chief administrator of the MTMT<\/p> <ul> <li>Email: <a class=\"decrypt\" rel=\"xjolmfs\/cfbAvojwfu\/iv\" href=\"javascript:void(0);\">[Click to see email]<\/a><\/li> <li>Phone: +36 1 478 4226 or +36 1 478 4100<\/li> <li>Extension: 8801, 8814<\/li> <\/ul> <p><strong>Katalin Miszori\u00a0<\/strong>\u00a0\u2013 Chief administrator of the MTMT (maternity leave)<\/p> <ul> <li>Email: <a class=\"decrypt\" rel=\"njt{psj\/lbubmjoAvojwfu\/iv\" href=\"javascript:void(0);\">[Click to see email]<\/a><\/li> <li>Phone: +36 1 478 4226 or +36 1 478 4100<\/li> <li>Extension: 8812, 8814<\/li> <\/ul> <p><strong>Bettina Bir\u00f3\u00a0<\/strong><\/p> <ul> <li>Email: <a class=\"decrypt\" rel=\"cjsp\/cfuujobAvojwfu\/iv\" href=\"javascript:void(0);\">[Click to see email]<\/a><\/li> <li>Phone: +36 1 478 4226 or +36 1 478 4100<\/li> <li>Extension: 8802, 8814<\/li> <\/ul>","protected":false},"excerpt":{"rendered":"<p>The\u00a0Hungarian Science Bibliography (MTMT), the database of Hungarian scientific publications,\u00a0\u00a0is the official bibliographic database for scientific publications by Hungarian authors and the citations of these publications. Since 2007, the database has fully recorded the scientific publications of the university\u2019s staff and PhD students, while non-scientific publications and those published before 2007 are included optionally. The<\/p>\n","protected":false},"author":58,"featured_media":0,"parent":546,"menu_order":0,"comment_status":"closed","ping_status":"closed","template":"","meta":{"_acf_changed":false,"_eb_attr":"","footnotes":""},"categories":[22],"tags":[],"class_list":["post-412","page","type-page","status-publish","hentry","category-szolgaltatasok-en"],"acf":[],"yoast_head":"<!-- This site is optimized with the Yoast SEO plugin v27.2 - https:\/\/yoast.com\/product\/yoast-seo-wordpress\/ -->\n<title>MTMT - Hut\u00ffra Ferenc K\u00f6nyvt\u00e1r, Lev\u00e9lt\u00e1r \u00e9s M\u00fazeum<\/title>\n<meta name=\"robots\" content=\"index, follow, max-snippet:-1, max-image-preview:large, max-video-preview:-1\" \/>\n<link rel=\"canonical\" href=\"https:\/\/univet.hu\/konyvtar\/en\/services\/mtmt\/\" \/>\n<meta property=\"og:locale\" content=\"en_US\" \/>\n<meta property=\"og:type\" content=\"article\" \/>\n<meta property=\"og:title\" content=\"MTMT - Hut\u00ffra Ferenc K\u00f6nyvt\u00e1r, Lev\u00e9lt\u00e1r \u00e9s M\u00fazeum\" \/>\n<meta property=\"og:description\" content=\"The\u00a0Hungarian Science Bibliography (MTMT), the database of Hungarian scientific publications,\u00a0\u00a0is the official bibliographic database for scientific publications by Hungarian authors and the citations of these publications. Since 2007, the database has fully recorded the scientific publications of the university\u2019s staff and PhD students, while non-scientific publications and those published before 2007 are included optionally. The\" \/>\n<meta property=\"og:url\" content=\"https:\/\/univet.hu\/konyvtar\/en\/services\/mtmt\/\" \/>\n<meta property=\"og:site_name\" content=\"Hut\u00ffra Ferenc K\u00f6nyvt\u00e1r, Lev\u00e9lt\u00e1r \u00e9s M\u00fazeum\" \/>\n<meta property=\"article:modified_time\" content=\"2026-01-12T12:55:14+00:00\" \/>\n<meta name=\"twitter:card\" content=\"summary_large_image\" \/>\n<meta name=\"twitter:label1\" content=\"Est. reading time\" \/>\n\t<meta name=\"twitter:data1\" content=\"1 minute\" \/>\n<script type=\"application\/ld+json\" class=\"yoast-schema-graph\">{\"@context\":\"https:\/\/schema.org\",\"@graph\":[{\"@type\":\"WebPage\",\"@id\":\"https:\/\/univet.hu\/konyvtar\/en\/services\/mtmt\/\",\"url\":\"https:\/\/univet.hu\/konyvtar\/en\/services\/mtmt\/\",\"name\":\"MTMT - Hut\u00ffra Ferenc K\u00f6nyvt\u00e1r, Lev\u00e9lt\u00e1r \u00e9s M\u00fazeum\",\"isPartOf\":{\"@id\":\"https:\/\/univet.hu\/konyvtar\/#website\"},\"datePublished\":\"2025-07-10T06:25:19+00:00\",\"dateModified\":\"2026-01-12T12:55:14+00:00\",\"breadcrumb\":{\"@id\":\"https:\/\/univet.hu\/konyvtar\/en\/services\/mtmt\/#breadcrumb\"},\"inLanguage\":\"en-US\",\"potentialAction\":[{\"@type\":\"ReadAction\",\"target\":[\"https:\/\/univet.hu\/konyvtar\/en\/services\/mtmt\/\"]}]},{\"@type\":\"BreadcrumbList\",\"@id\":\"https:\/\/univet.hu\/konyvtar\/en\/services\/mtmt\/#breadcrumb\",\"itemListElement\":[{\"@type\":\"ListItem\",\"position\":1,\"name\":\"Kezd\u0151lap\",\"item\":\"https:\/\/univet.hu\/konyvtar\/\"},{\"@type\":\"ListItem\",\"position\":2,\"name\":\"Services\",\"item\":\"https:\/\/univet.hu\/konyvtar\/en\/services\/\"},{\"@type\":\"ListItem\",\"position\":3,\"name\":\"MTMT\"}]},{\"@type\":\"WebSite\",\"@id\":\"https:\/\/univet.hu\/konyvtar\/#website\",\"url\":\"https:\/\/univet.hu\/konyvtar\/\",\"name\":\"Hut\u00ffra Ferenc K\u00f6nyvt\u00e1r, Lev\u00e9lt\u00e1r \u00e9s M\u00fazeum\",\"description\":\"\",\"potentialAction\":[{\"@type\":\"SearchAction\",\"target\":{\"@type\":\"EntryPoint\",\"urlTemplate\":\"https:\/\/univet.hu\/konyvtar\/?s={search_term_string}\"},\"query-input\":{\"@type\":\"PropertyValueSpecification\",\"valueRequired\":true,\"valueName\":\"search_term_string\"}}],\"inLanguage\":\"en-US\"}]}<\/script>\n<!-- \/ Yoast SEO plugin. -->","yoast_head_json":{"title":"MTMT - Hut\u00ffra Ferenc K\u00f6nyvt\u00e1r, Lev\u00e9lt\u00e1r \u00e9s M\u00fazeum","robots":{"index":"index","follow":"follow","max-snippet":"max-snippet:-1","max-image-preview":"max-image-preview:large","max-video-preview":"max-video-preview:-1"},"canonical":"https:\/\/univet.hu\/konyvtar\/en\/services\/mtmt\/","og_locale":"en_US","og_type":"article","og_title":"MTMT - Hut\u00ffra Ferenc K\u00f6nyvt\u00e1r, Lev\u00e9lt\u00e1r \u00e9s M\u00fazeum","og_description":"The\u00a0Hungarian Science Bibliography (MTMT), the database of Hungarian scientific publications,\u00a0\u00a0is the official bibliographic database for scientific publications by Hungarian authors and the citations of these publications. Since 2007, the database has fully recorded the scientific publications of the university\u2019s staff and PhD students, while non-scientific publications and those published before 2007 are included optionally. The","og_url":"https:\/\/univet.hu\/konyvtar\/en\/services\/mtmt\/","og_site_name":"Hut\u00ffra Ferenc K\u00f6nyvt\u00e1r, Lev\u00e9lt\u00e1r \u00e9s M\u00fazeum","article_modified_time":"2026-01-12T12:55:14+00:00","twitter_card":"summary_large_image","twitter_misc":{"Est. reading time":"1 minute"},"schema":{"@context":"https:\/\/schema.org","@graph":[{"@type":"WebPage","@id":"https:\/\/univet.hu\/konyvtar\/en\/services\/mtmt\/","url":"https:\/\/univet.hu\/konyvtar\/en\/services\/mtmt\/","name":"MTMT - Hut\u00ffra Ferenc K\u00f6nyvt\u00e1r, Lev\u00e9lt\u00e1r \u00e9s M\u00fazeum","isPartOf":{"@id":"https:\/\/univet.hu\/konyvtar\/#website"},"datePublished":"2025-07-10T06:25:19+00:00","dateModified":"2026-01-12T12:55:14+00:00","breadcrumb":{"@id":"https:\/\/univet.hu\/konyvtar\/en\/services\/mtmt\/#breadcrumb"},"inLanguage":"en-US","potentialAction":[{"@type":"ReadAction","target":["https:\/\/univet.hu\/konyvtar\/en\/services\/mtmt\/"]}]},{"@type":"BreadcrumbList","@id":"https:\/\/univet.hu\/konyvtar\/en\/services\/mtmt\/#breadcrumb","itemListElement":[{"@type":"ListItem","position":1,"name":"Kezd\u0151lap","item":"https:\/\/univet.hu\/konyvtar\/"},{"@type":"ListItem","position":2,"name":"Services","item":"https:\/\/univet.hu\/konyvtar\/en\/services\/"},{"@type":"ListItem","position":3,"name":"MTMT"}]},{"@type":"WebSite","@id":"https:\/\/univet.hu\/konyvtar\/#website","url":"https:\/\/univet.hu\/konyvtar\/","name":"Hut\u00ffra Ferenc K\u00f6nyvt\u00e1r, Lev\u00e9lt\u00e1r \u00e9s M\u00fazeum","description":"","potentialAction":[{"@type":"SearchAction","target":{"@type":"EntryPoint","urlTemplate":"https:\/\/univet.hu\/konyvtar\/?s={search_term_string}"},"query-input":{"@type":"PropertyValueSpecification","valueRequired":true,"valueName":"search_term_string"}}],"inLanguage":"en-US"}]}},"_links":{"self":[{"href":"https:\/\/univet.hu\/konyvtar\/en\/wp-json\/wp\/v2\/pages\/412","targetHints":{"allow":["GET"]}}],"collection":[{"href":"https:\/\/univet.hu\/konyvtar\/en\/wp-json\/wp\/v2\/pages"}],"about":[{"href":"https:\/\/univet.hu\/konyvtar\/en\/wp-json\/wp\/v2\/types\/page"}],"author":[{"embeddable":true,"href":"https:\/\/univet.hu\/konyvtar\/en\/wp-json\/wp\/v2\/users\/58"}],"replies":[{"embeddable":true,"href":"https:\/\/univet.hu\/konyvtar\/en\/wp-json\/wp\/v2\/comments?post=412"}],"version-history":[{"count":1,"href":"https:\/\/univet.hu\/konyvtar\/en\/wp-json\/wp\/v2\/pages\/412\/revisions"}],"predecessor-version":[{"id":549,"href":"https:\/\/univet.hu\/konyvtar\/en\/wp-json\/wp\/v2\/pages\/412\/revisions\/549"}],"up":[{"embeddable":true,"href":"https:\/\/univet.hu\/konyvtar\/en\/wp-json\/wp\/v2\/pages\/546"}],"wp:attachment":[{"href":"https:\/\/univet.hu\/konyvtar\/en\/wp-json\/wp\/v2\/media?parent=412"}],"wp:term":[{"taxonomy":"category","embeddable":true,"href":"https:\/\/univet.hu\/konyvtar\/en\/wp-json\/wp\/v2\/categories?post=412"},{"taxonomy":"post_tag","embeddable":true,"href":"https:\/\/univet.hu\/konyvtar\/en\/wp-json\/wp\/v2\/tags?post=412"}],"curies":[{"name":"wp","href":"https:\/\/api.w.org\/{rel}","templated":true}]}}