{"id":429,"date":"2025-07-10T08:29:48","date_gmt":"2025-07-10T06:29:48","guid":{"rendered":"https:\/\/univet.hu\/konyvtar\/interlibrary-loan\/"},"modified":"2026-01-12T13:55:14","modified_gmt":"2026-01-12T12:55:14","slug":"interlibrary-loan","status":"publish","type":"page","link":"https:\/\/univet.hu\/konyvtar\/en\/services\/interlibrary-loan\/","title":{"rendered":"Interlibrary loan"},"content":{"rendered":"<div class=\"page-header\"> <p>Documents\/books which are\u00a0<span class=\"hps\">not available in our library<\/span>, may be requested\u00a0<span class=\"hps\">for a fee through<\/span>\u00a0<span class=\"hps\">the National Document<\/span><span class=\"hps\">Supply<\/span>\u00a0<span class=\"hps\">System<\/span>\u00a0<span class=\"hps\">(ODR<\/span>)\u00a0<span class=\"hps\">from other Hungarian libraries<\/span>\u00a0<span class=\"hps\">or<\/span>\u00a0from\u00a0<span class=\"hps\">abroad.<\/span><\/p> <\/div> <div> <p><span class=\"hps\">You can search for documents\/books available<\/span>\u00a0<span class=\"hps\">from Hungarian libraries in<\/span>\u00a0<span class=\"hps\">the<\/span>\u00a0<span class=\"hps\">MoKKA &#8211; ODR<\/span>\u00a0<span class=\"hps\">Common<\/span>\u00a0<span class=\"hps\">catalogue<\/span>:\u00a0<a href=\"http:\/\/www.odrportal.hu\/en\/web\/guest\/home\">http:\/\/www.odrportal.hu\/en\/web\/guest\/home<\/a><\/p> <p><span class=\"hps\">For information regarding borrowing<\/span>\u00a0<span class=\"hps\">conditions<\/span>,\u00a0<span class=\"hps\">fees<\/span>\u00a0<span class=\"hps\">and<\/span>\u00a0how to\u00a0<span class=\"hps\">order<\/span>\u00a0<span class=\"hps\">please contact<\/span> P\u00e1lfyn\u00e9 Varga Orsolya<\/p> <p>Phone:\u00a0<span class=\"hps\">+36-1-478-4100 \/ 8814 or 8809<\/span><span class=\"hps\">\u00a0(during library opening hours),<\/span>\u00a0<span class=\"hps\">or<\/span> at varga.orsolya<span class=\"hps\">@univet<\/span>.hu<\/p> <\/div>","protected":false},"excerpt":{"rendered":"<p>Documents\/books which are\u00a0not available in our library, may be requested\u00a0for a fee through\u00a0the National DocumentSupply\u00a0System\u00a0(ODR)\u00a0from other Hungarian libraries\u00a0or\u00a0from\u00a0abroad. You can search for documents\/books available\u00a0from Hungarian libraries in\u00a0the\u00a0MoKKA &#8211; ODR\u00a0Common\u00a0catalogue:\u00a0http:\/\/www.odrportal.hu\/en\/web\/guest\/home For information regarding borrowing\u00a0conditions,\u00a0fees\u00a0and\u00a0how to\u00a0order\u00a0please contact P\u00e1lfyn\u00e9 Varga Orsolya Phone:\u00a0+36-1-478-4100 \/ 8814 or 8809\u00a0(during library opening hours),\u00a0or at varga.orsolya@univet.hu<\/p>\n","protected":false},"author":58,"featured_media":0,"parent":546,"menu_order":0,"comment_status":"closed","ping_status":"closed","template":"","meta":{"_acf_changed":false,"_eb_attr":"","footnotes":""},"categories":[22],"tags":[],"class_list":["post-429","page","type-page","status-publish","hentry","category-szolgaltatasok-en"],"acf":[],"yoast_head":"<!-- This site is optimized with the Yoast SEO plugin v27.2 - https:\/\/yoast.com\/product\/yoast-seo-wordpress\/ -->\n<title>Interlibrary loan - Hut\u00ffra Ferenc K\u00f6nyvt\u00e1r, Lev\u00e9lt\u00e1r \u00e9s M\u00fazeum<\/title>\n<meta name=\"robots\" content=\"index, follow, max-snippet:-1, max-image-preview:large, max-video-preview:-1\" \/>\n<link rel=\"canonical\" href=\"https:\/\/univet.hu\/konyvtar\/en\/services\/interlibrary-loan\/\" \/>\n<meta property=\"og:locale\" content=\"en_US\" \/>\n<meta property=\"og:type\" content=\"article\" \/>\n<meta property=\"og:title\" content=\"Interlibrary loan - Hut\u00ffra Ferenc K\u00f6nyvt\u00e1r, Lev\u00e9lt\u00e1r \u00e9s M\u00fazeum\" \/>\n<meta property=\"og:description\" content=\"Documents\/books which are\u00a0not available in our library, may be requested\u00a0for a fee through\u00a0the National DocumentSupply\u00a0System\u00a0(ODR)\u00a0from other Hungarian libraries\u00a0or\u00a0from\u00a0abroad. You can search for documents\/books available\u00a0from Hungarian libraries in\u00a0the\u00a0MoKKA &#8211; ODR\u00a0Common\u00a0catalogue:\u00a0http:\/\/www.odrportal.hu\/en\/web\/guest\/home For information regarding borrowing\u00a0conditions,\u00a0fees\u00a0and\u00a0how to\u00a0order\u00a0please contact P\u00e1lfyn\u00e9 Varga Orsolya Phone:\u00a0+36-1-478-4100 \/ 8814 or 8809\u00a0(during library opening hours),\u00a0or at varga.orsolya@univet.hu\" \/>\n<meta property=\"og:url\" content=\"https:\/\/univet.hu\/konyvtar\/en\/services\/interlibrary-loan\/\" \/>\n<meta property=\"og:site_name\" content=\"Hut\u00ffra Ferenc K\u00f6nyvt\u00e1r, Lev\u00e9lt\u00e1r \u00e9s M\u00fazeum\" \/>\n<meta property=\"article:modified_time\" content=\"2026-01-12T12:55:14+00:00\" \/>\n<meta name=\"twitter:card\" content=\"summary_large_image\" \/>\n<script type=\"application\/ld+json\" class=\"yoast-schema-graph\">{\"@context\":\"https:\/\/schema.org\",\"@graph\":[{\"@type\":\"WebPage\",\"@id\":\"https:\/\/univet.hu\/konyvtar\/en\/services\/interlibrary-loan\/\",\"url\":\"https:\/\/univet.hu\/konyvtar\/en\/services\/interlibrary-loan\/\",\"name\":\"Interlibrary loan - Hut\u00ffra Ferenc K\u00f6nyvt\u00e1r, Lev\u00e9lt\u00e1r \u00e9s M\u00fazeum\",\"isPartOf\":{\"@id\":\"https:\/\/univet.hu\/konyvtar\/#website\"},\"datePublished\":\"2025-07-10T06:29:48+00:00\",\"dateModified\":\"2026-01-12T12:55:14+00:00\",\"breadcrumb\":{\"@id\":\"https:\/\/univet.hu\/konyvtar\/en\/services\/interlibrary-loan\/#breadcrumb\"},\"inLanguage\":\"en-US\",\"potentialAction\":[{\"@type\":\"ReadAction\",\"target\":[\"https:\/\/univet.hu\/konyvtar\/en\/services\/interlibrary-loan\/\"]}]},{\"@type\":\"BreadcrumbList\",\"@id\":\"https:\/\/univet.hu\/konyvtar\/en\/services\/interlibrary-loan\/#breadcrumb\",\"itemListElement\":[{\"@type\":\"ListItem\",\"position\":1,\"name\":\"Kezd\u0151lap\",\"item\":\"https:\/\/univet.hu\/konyvtar\/\"},{\"@type\":\"ListItem\",\"position\":2,\"name\":\"Services\",\"item\":\"https:\/\/univet.hu\/konyvtar\/en\/services\/\"},{\"@type\":\"ListItem\",\"position\":3,\"name\":\"Interlibrary loan\"}]},{\"@type\":\"WebSite\",\"@id\":\"https:\/\/univet.hu\/konyvtar\/#website\",\"url\":\"https:\/\/univet.hu\/konyvtar\/\",\"name\":\"Hut\u00ffra Ferenc K\u00f6nyvt\u00e1r, Lev\u00e9lt\u00e1r \u00e9s M\u00fazeum\",\"description\":\"\",\"potentialAction\":[{\"@type\":\"SearchAction\",\"target\":{\"@type\":\"EntryPoint\",\"urlTemplate\":\"https:\/\/univet.hu\/konyvtar\/?s={search_term_string}\"},\"query-input\":{\"@type\":\"PropertyValueSpecification\",\"valueRequired\":true,\"valueName\":\"search_term_string\"}}],\"inLanguage\":\"en-US\"}]}<\/script>\n<!-- \/ Yoast SEO plugin. -->","yoast_head_json":{"title":"Interlibrary loan - Hut\u00ffra Ferenc K\u00f6nyvt\u00e1r, Lev\u00e9lt\u00e1r \u00e9s M\u00fazeum","robots":{"index":"index","follow":"follow","max-snippet":"max-snippet:-1","max-image-preview":"max-image-preview:large","max-video-preview":"max-video-preview:-1"},"canonical":"https:\/\/univet.hu\/konyvtar\/en\/services\/interlibrary-loan\/","og_locale":"en_US","og_type":"article","og_title":"Interlibrary loan - Hut\u00ffra Ferenc K\u00f6nyvt\u00e1r, Lev\u00e9lt\u00e1r \u00e9s M\u00fazeum","og_description":"Documents\/books which are\u00a0not available in our library, may be requested\u00a0for a fee through\u00a0the National DocumentSupply\u00a0System\u00a0(ODR)\u00a0from other Hungarian libraries\u00a0or\u00a0from\u00a0abroad. You can search for documents\/books available\u00a0from Hungarian libraries in\u00a0the\u00a0MoKKA &#8211; ODR\u00a0Common\u00a0catalogue:\u00a0http:\/\/www.odrportal.hu\/en\/web\/guest\/home For information regarding borrowing\u00a0conditions,\u00a0fees\u00a0and\u00a0how to\u00a0order\u00a0please contact P\u00e1lfyn\u00e9 Varga Orsolya Phone:\u00a0+36-1-478-4100 \/ 8814 or 8809\u00a0(during library opening hours),\u00a0or at varga.orsolya@univet.hu","og_url":"https:\/\/univet.hu\/konyvtar\/en\/services\/interlibrary-loan\/","og_site_name":"Hut\u00ffra Ferenc K\u00f6nyvt\u00e1r, Lev\u00e9lt\u00e1r \u00e9s M\u00fazeum","article_modified_time":"2026-01-12T12:55:14+00:00","twitter_card":"summary_large_image","schema":{"@context":"https:\/\/schema.org","@graph":[{"@type":"WebPage","@id":"https:\/\/univet.hu\/konyvtar\/en\/services\/interlibrary-loan\/","url":"https:\/\/univet.hu\/konyvtar\/en\/services\/interlibrary-loan\/","name":"Interlibrary loan - Hut\u00ffra Ferenc K\u00f6nyvt\u00e1r, Lev\u00e9lt\u00e1r \u00e9s M\u00fazeum","isPartOf":{"@id":"https:\/\/univet.hu\/konyvtar\/#website"},"datePublished":"2025-07-10T06:29:48+00:00","dateModified":"2026-01-12T12:55:14+00:00","breadcrumb":{"@id":"https:\/\/univet.hu\/konyvtar\/en\/services\/interlibrary-loan\/#breadcrumb"},"inLanguage":"en-US","potentialAction":[{"@type":"ReadAction","target":["https:\/\/univet.hu\/konyvtar\/en\/services\/interlibrary-loan\/"]}]},{"@type":"BreadcrumbList","@id":"https:\/\/univet.hu\/konyvtar\/en\/services\/interlibrary-loan\/#breadcrumb","itemListElement":[{"@type":"ListItem","position":1,"name":"Kezd\u0151lap","item":"https:\/\/univet.hu\/konyvtar\/"},{"@type":"ListItem","position":2,"name":"Services","item":"https:\/\/univet.hu\/konyvtar\/en\/services\/"},{"@type":"ListItem","position":3,"name":"Interlibrary loan"}]},{"@type":"WebSite","@id":"https:\/\/univet.hu\/konyvtar\/#website","url":"https:\/\/univet.hu\/konyvtar\/","name":"Hut\u00ffra Ferenc K\u00f6nyvt\u00e1r, Lev\u00e9lt\u00e1r \u00e9s M\u00fazeum","description":"","potentialAction":[{"@type":"SearchAction","target":{"@type":"EntryPoint","urlTemplate":"https:\/\/univet.hu\/konyvtar\/?s={search_term_string}"},"query-input":{"@type":"PropertyValueSpecification","valueRequired":true,"valueName":"search_term_string"}}],"inLanguage":"en-US"}]}},"_links":{"self":[{"href":"https:\/\/univet.hu\/konyvtar\/en\/wp-json\/wp\/v2\/pages\/429","targetHints":{"allow":["GET"]}}],"collection":[{"href":"https:\/\/univet.hu\/konyvtar\/en\/wp-json\/wp\/v2\/pages"}],"about":[{"href":"https:\/\/univet.hu\/konyvtar\/en\/wp-json\/wp\/v2\/types\/page"}],"author":[{"embeddable":true,"href":"https:\/\/univet.hu\/konyvtar\/en\/wp-json\/wp\/v2\/users\/58"}],"replies":[{"embeddable":true,"href":"https:\/\/univet.hu\/konyvtar\/en\/wp-json\/wp\/v2\/comments?post=429"}],"version-history":[{"count":1,"href":"https:\/\/univet.hu\/konyvtar\/en\/wp-json\/wp\/v2\/pages\/429\/revisions"}],"predecessor-version":[{"id":551,"href":"https:\/\/univet.hu\/konyvtar\/en\/wp-json\/wp\/v2\/pages\/429\/revisions\/551"}],"up":[{"embeddable":true,"href":"https:\/\/univet.hu\/konyvtar\/en\/wp-json\/wp\/v2\/pages\/546"}],"wp:attachment":[{"href":"https:\/\/univet.hu\/konyvtar\/en\/wp-json\/wp\/v2\/media?parent=429"}],"wp:term":[{"taxonomy":"category","embeddable":true,"href":"https:\/\/univet.hu\/konyvtar\/en\/wp-json\/wp\/v2\/categories?post=429"},{"taxonomy":"post_tag","embeddable":true,"href":"https:\/\/univet.hu\/konyvtar\/en\/wp-json\/wp\/v2\/tags?post=429"}],"curies":[{"name":"wp","href":"https:\/\/api.w.org\/{rel}","templated":true}]}}