{"id":436,"date":"2025-07-10T08:34:48","date_gmt":"2025-07-10T06:34:48","guid":{"rendered":"https:\/\/univet.hu\/konyvtar\/databases\/"},"modified":"2026-03-12T19:21:18","modified_gmt":"2026-03-12T18:21:18","slug":"databases","status":"publish","type":"page","link":"https:\/\/univet.hu\/konyvtar\/en\/resources\/databases\/","title":{"rendered":"Databases"},"content":{"rendered":"<p>Subscription databases are available to teachers and students from home through VPN access.\u00a0<strong><a href=\"https:\/\/ibi.univet.hu\/index.php\/vpn-igenyles\/\" target=\"_blank\" rel=\"noopener noreferrer\">Information for VPN access can be found here.<\/a><\/strong><\/p> <table> <tbody> <tr> <td width=\"250px\"><strong>Name<\/strong><\/td> <td><strong>Access<\/strong><\/td> <td><strong>Link<\/strong><\/td> <td><strong>Handouts\/User\u2019s guide<\/strong><\/td> <\/tr> <tr> <td><strong>Agricola<\/strong><\/td> <td>free<\/td> <td><a href=\"https:\/\/library.udel.edu\/databases\/agricola\/\" target=\"blank\" rel=\"noopener noreferrer\">link<\/a><\/td> <td><\/td> <\/tr> <tr> <td>Topic(s):<\/td> <td colspan=\"3\">agriculture<\/td> <\/tr> <tr> <td><strong>Agris<\/strong><\/td> <td>free<\/td> <td><a href=\"http:\/\/agris.fao.org\" target=\"blank\" rel=\"noopener noreferrer\">link<\/a><\/td> <td><\/td> <\/tr> <tr> <td>Topic(s):<\/td> <td colspan=\"3\">agriculture<\/td> <\/tr> <tr> <td><strong>Animal Science Database<\/strong><\/td> <td>campus \/ VPN<\/td> <td><a href=\"https:\/\/www.cabi.org\/animalscience\" target=\"blank\" rel=\"noopener noreferrer\">link<\/a><\/td> <td><\/td> <\/tr> <tr> <td>Topic(s):<\/td> <td colspan=\"3\">The complete online animal science information service that covers nutrition, dairy science and technology, breeding, health, genetics and biotechnology<\/td> <\/tr> <tr> <td><strong>BA Biological Abstracts (2000-2005)<\/strong><\/td> <td>campus \/ VPN<\/td> <td><a href=\"http:\/\/gateway.ovid.com\/autologin\" target=\"blank\" rel=\"noopener noreferrer\">link<\/a><\/td> <td><\/td> <\/tr> <tr> <td>Topic(s):<\/td> <td colspan=\"3\">biology<\/td> <\/tr> <tr> <td><strong>CAB Abstracts (1973-t\u00f3l)<\/strong><\/td> <td>campus \/ VPN<\/td> <td><a href=\"http:\/\/search.ebscohost.com\/\" target=\"_blank\" rel=\"noopener noreferrer\">link<\/a><\/td> <td><\/td> <\/tr> <tr> <td>Topic(s):<\/td> <td colspan=\"3\">veterinary, plant sciences, animal sciences, health (human), parasitology, ecology, forestry, earth sciences, food science and food products, agricultural economics, biotechnology<\/td> <\/tr> <tr> <td><strong>FSTA \u2013 Food Science and Technology<\/strong><\/td> <td>campus \/ VPN<\/td> <td><a href=\"http:\/\/webofknowledge.com\/\" target=\"blank\" rel=\"noopener noreferrer\">link<\/a><\/td> <td><\/td> <\/tr> <tr> <td>Topic(s):<\/td> <td colspan=\"3\">food science and technology, human nutrition, every aspect of the food chain<\/td> <\/tr> <tr> <td><strong>Journal Highly Cited Data<\/strong><\/td> <td>campus \/ VPN<\/td> <td><a href=\"http:\/\/jcr.clarivate.com\/\" target=\"blank\" rel=\"noopener noreferrer\">link<\/a><\/td> <td><\/td> <\/tr> <tr> <td>Topic(s):<\/td> <td colspan=\"3\">JHCD on the Web provides the impact factor (the relative importance of journals within a given field).<\/td> <\/tr> <tr> <td><strong>Magyar \u00c1llatorvosi Bibliogr\u00e1fia<\/strong><\/td> <td>free<\/td> <td><a href=\"http:\/\/opac.univet.hu\/liberty\" target=\"blank\" rel=\"noopener noreferrer\">link<\/a><\/td> <td><\/td> <\/tr> <tr> <td>Topic(s):<\/td> <td colspan=\"3\">Hungarian veterinary bibliography.<\/td> <\/tr> <tr> <td><strong>Magyar Mez\u0151gazdas\u00e1gi Bibliogr\u00e1fia<\/strong><\/td> <td>free<\/td> <td><a href=\"http:\/\/www.mezogazdasagikonyvtar.hu\/szolgaltatasok\/mabi\" target=\"blank\" rel=\"noopener noreferrer\">link<\/a><\/td> <td><\/td> <\/tr> <tr> <td>Topic(s):<\/td> <td colspan=\"3\">agriculture<\/td> <\/tr> <tr> <td><strong>Magyar Orvosi Bibliogr\u00e1fia<\/strong><\/td> <td>free<\/td> <td><a href=\"http:\/\/mob.gyemszi.hu\/simplesearch.jsp\" target=\"blank\" rel=\"noopener noreferrer\">link<\/a><\/td> <td><\/td> <\/tr> <tr> <td>Topic(s):<\/td> <td colspan=\"3\">medical<\/td> <\/tr> <tr> <td><strong>MATARKA<\/strong><\/td> <td>free<\/td> <td><a href=\"http:\/\/www.matarka.hu\/\" target=\"blank\" rel=\"noopener noreferrer\">link<\/a><\/td> <td><\/td> <\/tr> <tr> <td>Topic(s):<\/td> <td colspan=\"3\">Hungarian Periodicals Table of Contents Database<\/td> <\/tr> <tr> <td><strong>MOKKA-ODR<\/strong><\/td> <td>free<\/td> <td><a href=\"http:\/\/www.mokka.hu\/\" target=\"blank\" rel=\"noopener noreferrer\">link<\/a><\/td> <td><\/td> <\/tr> <tr> <td>Topic(s):<\/td> <td colspan=\"3\">Search all available Hungarian bibliographic data through one single site!<\/td> <\/tr> <tr> <td><strong>PubAg<\/strong><\/td> <td>free<\/td> <td><a href=\"https:\/\/pubag.nal.usda.gov\/\" target=\"blank\" rel=\"noopener noreferrer\">link<\/a><\/td> <td><\/td> <\/tr> <tr> <td>Topic(s):<\/td> <td colspan=\"3\">agriculture<\/td> <\/tr> <tr> <td><strong>PubMed<\/strong><\/td> <td>free<\/td> <td><a href=\"https:\/\/pubmed.ncbi.nlm.nih.gov\/\" target=\"blank\" rel=\"noopener noreferrer\">link<\/a><\/td> <td><a href=\"http:\/\/konyvtar.univet.hu\/wp-content\/uploads\/2020\/04\/Pubmed_simple.pdf\" target=\"_blank\" rel=\"noopener noreferrer\">\u2013 simple search and bool operators<\/a>,<br \/> <a href=\"http:\/\/konyvtar.univet.hu\/wp-content\/uploads\/2020\/04\/Pubmed-https___pubmed.ncbi_.nlm_.nih_.gov_-2.pdf\" target=\"_blank\" rel=\"noopener noreferrer\">\u2013 advanced search and results<\/a><\/td> <\/tr> <tr> <td>Topic(s):<\/td> <td colspan=\"3\">A constantly expanding medical and veterinary database.<\/td> <\/tr> <tr> <td><strong>Scopus<\/strong><\/td> <td>Sibboleth (uni&#8217;s login)<\/td> <td>\u00a0<a href=\"https:\/\/shibboleth.statista.com\/Shibboleth.sso\/Login?entityID=https%3A%2F%2Fidp.univet.hu%2Fsimplesaml%2Fsaml2%2Fidp%2Fmetadata.php&amp;target=https%3A%2F%2Fshibboleth.statista.com%2Findex.php%3Fidp%3DaHR0cHM6Ly9pZHAudW5pdmV0Lmh1L3NpbXBsZXNhbWwvc2FtbDIvaWRwL21ldGFkYXRhLnBocA%253D%253D\" target=\"_blank\" rel=\"noopener\">link<\/a><\/td> <td><\/td> <\/tr> <tr> <td>Topic(s):<\/td> <td colspan=\"3\">abstract and citation database of peer-reviewed literature<\/td> <\/tr> <tr> <td><strong>Statista<\/strong><\/td> <td><\/td> <td>\u00a0<a href=\"http:\/\/www.statista.com\/\" target=\"blank\" rel=\"noopener noreferrer\">link<\/a><\/td> <td><\/td> <\/tr> <tr> <td>Topic(s):<\/td> <td colspan=\"3\">abstract and citation database of peer-reviewed literature<\/td> <\/tr> <tr> <td><strong>Web of Science<\/strong><\/td> <td><\/td> <td>\u00a0\u00a0<a href=\"http:\/\/webofknowledge.com\/\" target=\"blank\" rel=\"noopener noreferrer\">link<\/a><\/td> <td><\/td> <\/tr> <tr> <td>Topic(s):<\/td> <td colspan=\"3\">Statistics, consumer survey results and industry studies.<\/td> <\/tr> <\/tbody> <\/table> <p>&nbsp;<\/p>","protected":false},"excerpt":{"rendered":"<p>Subscription databases are available to teachers and students from home through VPN access.\u00a0Information for VPN access can be found here. Name Access Link Handouts\/User\u2019s guide Agricola free link Topic(s): agriculture Agris free link Topic(s): agriculture Animal Science Database campus \/ VPN link Topic(s): The complete online animal science information service that covers nutrition, dairy science<\/p>\n","protected":false},"author":58,"featured_media":0,"parent":553,"menu_order":0,"comment_status":"closed","ping_status":"closed","template":"","meta":{"_acf_changed":false,"_eb_attr":"","footnotes":""},"categories":[23],"tags":[],"class_list":["post-436","page","type-page","status-publish","hentry","category-forrasok-en"],"acf":[],"yoast_head":"<!-- This site is optimized with the Yoast SEO plugin v27.2 - https:\/\/yoast.com\/product\/yoast-seo-wordpress\/ -->\n<title>Databases - Hut\u00ffra Ferenc K\u00f6nyvt\u00e1r, Lev\u00e9lt\u00e1r \u00e9s M\u00fazeum<\/title>\n<meta name=\"robots\" content=\"index, follow, max-snippet:-1, max-image-preview:large, max-video-preview:-1\" \/>\n<link rel=\"canonical\" href=\"https:\/\/univet.hu\/konyvtar\/en\/resources\/databases\/\" \/>\n<meta property=\"og:locale\" content=\"en_US\" \/>\n<meta property=\"og:type\" content=\"article\" \/>\n<meta property=\"og:title\" content=\"Databases - Hut\u00ffra Ferenc K\u00f6nyvt\u00e1r, Lev\u00e9lt\u00e1r \u00e9s M\u00fazeum\" \/>\n<meta property=\"og:description\" content=\"Subscription databases are available to teachers and students from home through VPN access.\u00a0Information for VPN access can be found here. Name Access Link Handouts\/User\u2019s guide Agricola free link Topic(s): agriculture Agris free link Topic(s): agriculture Animal Science Database campus \/ VPN link Topic(s): The complete online animal science information service that covers nutrition, dairy science\" \/>\n<meta property=\"og:url\" content=\"https:\/\/univet.hu\/konyvtar\/en\/resources\/databases\/\" \/>\n<meta property=\"og:site_name\" content=\"Hut\u00ffra Ferenc K\u00f6nyvt\u00e1r, Lev\u00e9lt\u00e1r \u00e9s M\u00fazeum\" \/>\n<meta property=\"article:modified_time\" content=\"2026-03-12T18:21:18+00:00\" \/>\n<meta name=\"twitter:card\" content=\"summary_large_image\" \/>\n<meta name=\"twitter:label1\" content=\"Est. reading time\" \/>\n\t<meta name=\"twitter:data1\" content=\"2 minutes\" \/>\n<script type=\"application\/ld+json\" class=\"yoast-schema-graph\">{\"@context\":\"https:\/\/schema.org\",\"@graph\":[{\"@type\":\"WebPage\",\"@id\":\"https:\/\/univet.hu\/konyvtar\/en\/resources\/databases\/\",\"url\":\"https:\/\/univet.hu\/konyvtar\/en\/resources\/databases\/\",\"name\":\"Databases - Hut\u00ffra Ferenc K\u00f6nyvt\u00e1r, Lev\u00e9lt\u00e1r \u00e9s M\u00fazeum\",\"isPartOf\":{\"@id\":\"https:\/\/univet.hu\/konyvtar\/#website\"},\"datePublished\":\"2025-07-10T06:34:48+00:00\",\"dateModified\":\"2026-03-12T18:21:18+00:00\",\"breadcrumb\":{\"@id\":\"https:\/\/univet.hu\/konyvtar\/en\/resources\/databases\/#breadcrumb\"},\"inLanguage\":\"en-US\",\"potentialAction\":[{\"@type\":\"ReadAction\",\"target\":[\"https:\/\/univet.hu\/konyvtar\/en\/resources\/databases\/\"]}]},{\"@type\":\"BreadcrumbList\",\"@id\":\"https:\/\/univet.hu\/konyvtar\/en\/resources\/databases\/#breadcrumb\",\"itemListElement\":[{\"@type\":\"ListItem\",\"position\":1,\"name\":\"Kezd\u0151lap\",\"item\":\"https:\/\/univet.hu\/konyvtar\/\"},{\"@type\":\"ListItem\",\"position\":2,\"name\":\"Resources\",\"item\":\"https:\/\/univet.hu\/konyvtar\/en\/resources\/\"},{\"@type\":\"ListItem\",\"position\":3,\"name\":\"Databases\"}]},{\"@type\":\"WebSite\",\"@id\":\"https:\/\/univet.hu\/konyvtar\/#website\",\"url\":\"https:\/\/univet.hu\/konyvtar\/\",\"name\":\"Hut\u00ffra Ferenc K\u00f6nyvt\u00e1r, Lev\u00e9lt\u00e1r \u00e9s M\u00fazeum\",\"description\":\"\",\"potentialAction\":[{\"@type\":\"SearchAction\",\"target\":{\"@type\":\"EntryPoint\",\"urlTemplate\":\"https:\/\/univet.hu\/konyvtar\/?s={search_term_string}\"},\"query-input\":{\"@type\":\"PropertyValueSpecification\",\"valueRequired\":true,\"valueName\":\"search_term_string\"}}],\"inLanguage\":\"en-US\"}]}<\/script>\n<!-- \/ Yoast SEO plugin. -->","yoast_head_json":{"title":"Databases - Hut\u00ffra Ferenc K\u00f6nyvt\u00e1r, Lev\u00e9lt\u00e1r \u00e9s M\u00fazeum","robots":{"index":"index","follow":"follow","max-snippet":"max-snippet:-1","max-image-preview":"max-image-preview:large","max-video-preview":"max-video-preview:-1"},"canonical":"https:\/\/univet.hu\/konyvtar\/en\/resources\/databases\/","og_locale":"en_US","og_type":"article","og_title":"Databases - Hut\u00ffra Ferenc K\u00f6nyvt\u00e1r, Lev\u00e9lt\u00e1r \u00e9s M\u00fazeum","og_description":"Subscription databases are available to teachers and students from home through VPN access.\u00a0Information for VPN access can be found here. Name Access Link Handouts\/User\u2019s guide Agricola free link Topic(s): agriculture Agris free link Topic(s): agriculture Animal Science Database campus \/ VPN link Topic(s): The complete online animal science information service that covers nutrition, dairy science","og_url":"https:\/\/univet.hu\/konyvtar\/en\/resources\/databases\/","og_site_name":"Hut\u00ffra Ferenc K\u00f6nyvt\u00e1r, Lev\u00e9lt\u00e1r \u00e9s M\u00fazeum","article_modified_time":"2026-03-12T18:21:18+00:00","twitter_card":"summary_large_image","twitter_misc":{"Est. reading time":"2 minutes"},"schema":{"@context":"https:\/\/schema.org","@graph":[{"@type":"WebPage","@id":"https:\/\/univet.hu\/konyvtar\/en\/resources\/databases\/","url":"https:\/\/univet.hu\/konyvtar\/en\/resources\/databases\/","name":"Databases - Hut\u00ffra Ferenc K\u00f6nyvt\u00e1r, Lev\u00e9lt\u00e1r \u00e9s M\u00fazeum","isPartOf":{"@id":"https:\/\/univet.hu\/konyvtar\/#website"},"datePublished":"2025-07-10T06:34:48+00:00","dateModified":"2026-03-12T18:21:18+00:00","breadcrumb":{"@id":"https:\/\/univet.hu\/konyvtar\/en\/resources\/databases\/#breadcrumb"},"inLanguage":"en-US","potentialAction":[{"@type":"ReadAction","target":["https:\/\/univet.hu\/konyvtar\/en\/resources\/databases\/"]}]},{"@type":"BreadcrumbList","@id":"https:\/\/univet.hu\/konyvtar\/en\/resources\/databases\/#breadcrumb","itemListElement":[{"@type":"ListItem","position":1,"name":"Kezd\u0151lap","item":"https:\/\/univet.hu\/konyvtar\/"},{"@type":"ListItem","position":2,"name":"Resources","item":"https:\/\/univet.hu\/konyvtar\/en\/resources\/"},{"@type":"ListItem","position":3,"name":"Databases"}]},{"@type":"WebSite","@id":"https:\/\/univet.hu\/konyvtar\/#website","url":"https:\/\/univet.hu\/konyvtar\/","name":"Hut\u00ffra Ferenc K\u00f6nyvt\u00e1r, Lev\u00e9lt\u00e1r \u00e9s M\u00fazeum","description":"","potentialAction":[{"@type":"SearchAction","target":{"@type":"EntryPoint","urlTemplate":"https:\/\/univet.hu\/konyvtar\/?s={search_term_string}"},"query-input":{"@type":"PropertyValueSpecification","valueRequired":true,"valueName":"search_term_string"}}],"inLanguage":"en-US"}]}},"_links":{"self":[{"href":"https:\/\/univet.hu\/konyvtar\/en\/wp-json\/wp\/v2\/pages\/436","targetHints":{"allow":["GET"]}}],"collection":[{"href":"https:\/\/univet.hu\/konyvtar\/en\/wp-json\/wp\/v2\/pages"}],"about":[{"href":"https:\/\/univet.hu\/konyvtar\/en\/wp-json\/wp\/v2\/types\/page"}],"author":[{"embeddable":true,"href":"https:\/\/univet.hu\/konyvtar\/en\/wp-json\/wp\/v2\/users\/58"}],"replies":[{"embeddable":true,"href":"https:\/\/univet.hu\/konyvtar\/en\/wp-json\/wp\/v2\/comments?post=436"}],"version-history":[{"count":3,"href":"https:\/\/univet.hu\/konyvtar\/en\/wp-json\/wp\/v2\/pages\/436\/revisions"}],"predecessor-version":[{"id":1358,"href":"https:\/\/univet.hu\/konyvtar\/en\/wp-json\/wp\/v2\/pages\/436\/revisions\/1358"}],"up":[{"embeddable":true,"href":"https:\/\/univet.hu\/konyvtar\/en\/wp-json\/wp\/v2\/pages\/553"}],"wp:attachment":[{"href":"https:\/\/univet.hu\/konyvtar\/en\/wp-json\/wp\/v2\/media?parent=436"}],"wp:term":[{"taxonomy":"category","embeddable":true,"href":"https:\/\/univet.hu\/konyvtar\/en\/wp-json\/wp\/v2\/categories?post=436"},{"taxonomy":"post_tag","embeddable":true,"href":"https:\/\/univet.hu\/konyvtar\/en\/wp-json\/wp\/v2\/tags?post=436"}],"curies":[{"name":"wp","href":"https:\/\/api.w.org\/{rel}","templated":true}]}}